{"id":9589,"date":"2015-03-09T16:40:03","date_gmt":"2015-03-09T23:40:03","guid":{"rendered":"http:\/\/anyloadgroup.com\/?post_type=product&#038;p=9589"},"modified":"2025-12-19T13:34:32","modified_gmt":"2025-12-19T21:34:32","slug":"651ksbcun-single-point-load-cell","status":"publish","type":"product","link":"https:\/\/www.anyload.com\/fr\/product\/651ksbcun-single-point-load-cell\/","title":{"rendered":"651KSBCUN Capteur de pesage \u00e0 point unique"},"content":{"rendered":"<p><span style=\"text-decoration: underline;\"><strong>Description :\u00a0<\/strong><\/span><\/p>\n<p>OIML certified C9 for the 100kg rated capacity model, this single point load cell is the highest accuracy legal-for-trade load cell available in the world. With IP68\/69K stainless steel construction, 14\u00b0F to 122\u00b0F temperature compensation, and 150% safe overload, the 651KSBCUN is the ultimate weighing solution suited to an immense variety of lower-capacity applications such as hopper scales and process weighing. The innovative design delivers results in extreme conditions, including in the chemical, agri-food, and pharmaceutical industries.<\/p>\n<p><span style=\"text-decoration: underline;\"><strong>Caract\u00e9ristiques :\u00a0<\/strong><\/span><\/p>\n<ul>\n<li>Mat\u00e9riau : Acier inoxydable<\/li>\n<li>Capacit\u00e9s nominales : 100kg, 250kg<\/li>\n<li>Sortie pleine \u00e9chelle : 2mV\/V \u00b1 0,25%<\/li>\n<li>Surcharge s\u00fbre : 150%<\/li>\n<li>Surcharge de rupture : 300%<\/li>\n<li>IP Rating: IP68\/69K<\/li>\n<\/ul>\n<table border=\"1\" cellspacing=\"0\" cellpadding=\"0\">\n<tbody>\n<tr>\n<td valign=\"top\" width=\"319\"><strong>Fabricant<\/strong><\/td>\n<td valign=\"top\" width=\"319\"><strong>Mod\u00e8le<\/strong><\/td>\n<\/tr>\n<tr>\n<td valign=\"top\" width=\"319\">Flintec<\/td>\n<td valign=\"top\" width=\"319\">PCB (PCBC with imperial thread)<\/td>\n<\/tr>\n<tr>\n<td valign=\"top\" width=\"319\">Lac Rice<\/td>\n<td valign=\"top\" width=\"319\">RLPCBC-60<\/td>\n<\/tr>\n<\/tbody>\n<\/table>\n<table border=\"1\" cellspacing=\"0\" cellpadding=\"0\">\n<tbody>\n<tr>\n<td valign=\"top\" width=\"319\">Capacit\u00e9 nominale<\/td>\n<td valign=\"top\" width=\"319\">100kg, 250kg<\/td>\n<\/tr>\n<tr>\n<td valign=\"top\" width=\"319\">R\u00e9f\u00e9rence Max. Taille de la plate-forme<\/td>\n<td valign=\"top\" width=\"319\">800mm x 800mm<\/td>\n<\/tr>\n<tr>\n<td valign=\"top\" width=\"319\">Sortie pleine \u00e9chelle<\/td>\n<td valign=\"top\" width=\"319\">2mV\/V \u00b1 0,25%<\/td>\n<\/tr>\n<tr>\n<td valign=\"top\" width=\"319\">Solde z\u00e9ro<\/td>\n<td valign=\"top\" width=\"319\">\u00b1 0,02mV\/V<\/td>\n<\/tr>\n<tr>\n<td valign=\"top\" width=\"319\">Non-lin\u00e9arit\u00e9<\/td>\n<td valign=\"top\" width=\"319\">&lt; \u00b1 0.03%<\/td>\n<\/tr>\n<tr>\n<td valign=\"top\" width=\"319\">R\u00e9p\u00e9tabilit\u00e9<\/td>\n<td valign=\"top\" width=\"319\">&lt; \u00b1 0.02%<\/td>\n<\/tr>\n<tr>\n<td valign=\"top\" width=\"319\">Erreur d'hyst\u00e9r\u00e9sis<\/td>\n<td valign=\"top\" width=\"319\">&lt; \u00b1 0.03%<\/td>\n<\/tr>\n<tr>\n<td valign=\"top\" width=\"319\">La reptation en 30 minutes<\/td>\n<td valign=\"top\" width=\"319\">&lt; \u00b1 0.03%<\/td>\n<\/tr>\n<tr>\n<td valign=\"top\" width=\"319\">R\u00e9sistance d'entr\u00e9e<\/td>\n<td valign=\"top\" width=\"319\">1100\u03a9 \u00b1 50\u03a9<\/td>\n<\/tr>\n<tr>\n<td valign=\"top\" width=\"319\">R\u00e9sistance de sortie<\/td>\n<td valign=\"top\" width=\"319\">960\u03a9 \u00b1 50\u03a9<\/td>\n<\/tr>\n<tr>\n<td valign=\"top\" width=\"319\">Excitation recommand\u00e9e<\/td>\n<td valign=\"top\" width=\"319\">10V (15V maximum)<\/td>\n<\/tr>\n<tr>\n<td valign=\"top\" width=\"319\">R\u00e9sistance de l'isolation<\/td>\n<td valign=\"top\" width=\"319\">&gt; 2G\u03a9 (50V DC)<\/td>\n<\/tr>\n<tr>\n<td valign=\"top\" width=\"319\">Effet de la temp\u00e9rature sur la sensibilit\u00e9<\/td>\n<td valign=\"top\" width=\"319\">&lt; \u00b10.0012% of Cn\/k<\/td>\n<\/tr>\n<tr>\n<td valign=\"top\" width=\"319\">Effet de la temp\u00e9rature sur l'\u00e9quilibre du z\u00e9ro<\/td>\n<td valign=\"top\" width=\"319\">&lt; \u00b1 0.0030% of Cn\/k<\/td>\n<\/tr>\n<tr>\n<td valign=\"top\" width=\"319\">Plage de temp\u00e9rature compens\u00e9e<\/td>\n<td valign=\"top\" width=\"319\"><b>-<\/b>10\u00b0C \u00e0 50\u00b0C\/14\u00b0F \u00e0 122\u00b0F<\/td>\n<\/tr>\n<tr>\n<td valign=\"top\" width=\"319\">Plage de temp\u00e9rature de service<\/td>\n<td valign=\"top\" width=\"319\"><b>-<\/b>18\u00b0C \u00e0 65\u00b0C\/0\u00b0F \u00e0 149\u00b0F<\/td>\n<\/tr>\n<tr>\n<td valign=\"top\" width=\"319\">Plage de temp\u00e9rature de stockage<\/td>\n<td valign=\"top\" width=\"319\">De -50\u00b0C \u00e0 85\u00b0C\/-58\u00b0F \u00e0 185\u00b0F<\/td>\n<\/tr>\n<tr>\n<td valign=\"top\" width=\"319\">Surcharge s\u00fbre<\/td>\n<td valign=\"top\" width=\"319\">150% de la pleine \u00e9chelle<\/td>\n<\/tr>\n<tr>\n<td valign=\"top\" width=\"319\">Rompre la surcharge<\/td>\n<td valign=\"top\" width=\"319\">300% de la pleine \u00e9chelle<\/td>\n<\/tr>\n<tr>\n<td valign=\"top\" width=\"319\">Type de joint<\/td>\n<td valign=\"top\" width=\"319\">Joint soud\u00e9<\/td>\n<\/tr>\n<tr>\n<td valign=\"top\" width=\"319\">Indice de protection IP<\/td>\n<td valign=\"top\" width=\"319\">IP68<\/td>\n<\/tr>\n<\/tbody>\n<\/table>\n<p style=\"text-align: justify;\"><img decoding=\"async\" class=\"alignnone size-full wp-image-3944\" src=\"\/wp-content\/uploads\/2014\/04\/pdf-.png\" alt=\"pdf-\" width=\"25\" height=\"25\" \/> <a title=\"ANYLOAD | 651KSBCUN Single Point Load Cell\" href=\"https:\/\/www.anyload.com\/wp-content\/uploads\/2021\/05\/Anyload-651KSBCUN-load-cell-transducer.pdf\" target=\"_blank\" rel=\"noopener noreferrer\">Download data sheet<\/a><\/p>\n<p style=\"text-align: justify;\"><img decoding=\"async\" class=\"alignnone size-full wp-image-3944\" src=\"\/wp-content\/uploads\/2014\/04\/pdf-.png\" alt=\"pdf-\" width=\"25\" height=\"25\" \/> <a title=\"ANYLOAD | 651KSBCUN Single Point Load Cell OIML Approval\" href=\"http:\/\/www.anyload.com\/fr\/approbations\/organisation-internationale-de-meteorologie-legale\/\" target=\"_blank\" rel=\"noopener noreferrer\">Certificat de conformit\u00e9 OIML<\/a><\/p>\n<p style=\"text-align: justify;\"><img decoding=\"async\" class=\"alignnone size-full wp-image-3944\" src=\"\/wp-content\/uploads\/2014\/04\/pdf-.png\" alt=\"pdf-\" width=\"25\" height=\"25\" \/> <a title=\"ANYLOAD | 651KSBCUN Single Point Load Cell OIML Approval\" href=\"http:\/\/www.anyload.com\/fr\/approbations\/conference-nationale-sur-les-poids-et-mesures\/\" target=\"_blank\" rel=\"noopener noreferrer\">NTEP Certificate of Conformity<\/a><\/p>","protected":false},"excerpt":{"rendered":"<p><span style=\"text-decoration: underline;\"><strong>Description :\u00a0<\/strong><\/span><\/p>\n<p>OIML certified C9 for the 100kg rated capacity model, this single point load cell is the highest accuracy legal-for-trade load cell available in the world. With IP68\/69K stainless steel construction, 14\u00b0F to 122\u00b0F temperature compensation, and 150% safe overload, the 651KSBCUN is the ultimate weighing solution suited to an immense variety of lower-capacity applications such as hopper scales and process weighing. The innovative design delivers results in extreme conditions, including in the chemical, agri-food, and pharmaceutical industries.<\/p>\n<p><span style=\"text-decoration: underline;\"><strong>Caract\u00e9ristiques :\u00a0<\/strong><\/span><\/p>\n<ul>\n<li>Mat\u00e9riau : Acier inoxydable<\/li>\n<li>Rated Capacities: 100kg, 250kg, 500kg<\/li>\n<li>Sortie pleine \u00e9chelle : 2mV\/V \u00b1 0,25%<\/li>\n<li>Surcharge s\u00fbre : 150%<\/li>\n<li>Surcharge de rupture : 300%<\/li>\n<li>IP Rating: IP68\/69K<\/li>\n<\/ul>","protected":false},"featured_media":22287,"template":"","meta":{"_acf_changed":false,"site-sidebar-layout":"default","site-content-layout":"default","ast-site-content-layout":"default","site-content-style":"default","site-sidebar-style":"default","ast-global-header-display":"","ast-banner-title-visibility":"","ast-main-header-display":"","ast-hfb-above-header-display":"","ast-hfb-below-header-display":"","ast-hfb-mobile-header-display":"","site-post-title":"","ast-breadcrumbs-content":"","ast-featured-img":"","footer-sml-layout":"","ast-disable-related-posts":"","theme-transparent-header-meta":"default","adv-header-id-meta":"","stick-header-meta":"default","header-above-stick-meta":"","header-main-stick-meta":"","header-below-stick-meta":"","astra-migrate-meta-layouts":"set","ast-page-background-enabled":"default","ast-page-background-meta":{"desktop":{"background-color":"var(--ast-global-color-4)","background-image":"","background-repeat":"repeat","background-position":"center center","background-size":"auto","background-attachment":"scroll","background-type":"","background-media":"","overlay-type":"","overlay-color":"","overlay-opacity":"","overlay-gradient":""},"tablet":{"background-color":"","background-image":"","background-repeat":"repeat","background-position":"center center","background-size":"auto","background-attachment":"scroll","background-type":"","background-media":"","overlay-type":"","overlay-color":"","overlay-opacity":"","overlay-gradient":""},"mobile":{"background-color":"","background-image":"","background-repeat":"repeat","background-position":"center center","background-size":"auto","background-attachment":"scroll","background-type":"","background-media":"","overlay-type":"","overlay-color":"","overlay-opacity":"","overlay-gradient":""}},"ast-content-background-meta":{"desktop":{"background-color":"var(--ast-global-color-5)","background-image":"","background-repeat":"repeat","background-position":"center center","background-size":"auto","background-attachment":"scroll","background-type":"","background-media":"","overlay-type":"","overlay-color":"","overlay-opacity":"","overlay-gradient":""},"tablet":{"background-color":"var(--ast-global-color-5)","background-image":"","background-repeat":"repeat","background-position":"center center","background-size":"auto","background-attachment":"scroll","background-type":"","background-media":"","overlay-type":"","overlay-color":"","overlay-opacity":"","overlay-gradient":""},"mobile":{"background-color":"var(--ast-global-color-5)","background-image":"","background-repeat":"repeat","background-position":"center center","background-size":"auto","background-attachment":"scroll","background-type":"","background-media":"","overlay-type":"","overlay-color":"","overlay-opacity":"","overlay-gradient":""}}},"product_brand":[],"product_cat":[19,33],"product_tag":[2852],"industries_product":[],"application_product":[3326,3327],"class_list":{"0":"post-9589","1":"product","2":"type-product","3":"status-publish","4":"has-post-thumbnail","6":"product_cat-load-cells-categories","7":"product_cat-single-point","8":"product_tag-interchangeable","9":"pa_part-number-651ksbcun-100kg","10":"pa_part-number-651ksbcun-250kg","11":"pa_part-number-651ksbcun-500kg","12":"application_product-application-bench-products","13":"application_product-application-checkweighing-products","14":"desktop-align-center","15":"tablet-align-left","16":"mobile-align-left","17":"ast-product-gallery-layout-horizontal-slider","18":"ast-product-gallery-with-no-image","19":"ast-magnify-disabled","20":"ast-product-single-variable","21":"ast-product-tabs-layout-horizontal","23":"first","24":"instock","25":"shipping-taxable","26":"purchasable","27":"product-type-variable"},"acf":[],"_links":{"self":[{"href":"https:\/\/www.anyload.com\/fr\/wp-json\/wp\/v2\/product\/9589","targetHints":{"allow":["GET"]}}],"collection":[{"href":"https:\/\/www.anyload.com\/fr\/wp-json\/wp\/v2\/product"}],"about":[{"href":"https:\/\/www.anyload.com\/fr\/wp-json\/wp\/v2\/types\/product"}],"wp:featuredmedia":[{"embeddable":true,"href":"https:\/\/www.anyload.com\/fr\/wp-json\/wp\/v2\/media\/22287"}],"wp:attachment":[{"href":"https:\/\/www.anyload.com\/fr\/wp-json\/wp\/v2\/media?parent=9589"}],"wp:term":[{"taxonomy":"product_brand","embeddable":true,"href":"https:\/\/www.anyload.com\/fr\/wp-json\/wp\/v2\/product_brand?post=9589"},{"taxonomy":"product_cat","embeddable":true,"href":"https:\/\/www.anyload.com\/fr\/wp-json\/wp\/v2\/product_cat?post=9589"},{"taxonomy":"product_tag","embeddable":true,"href":"https:\/\/www.anyload.com\/fr\/wp-json\/wp\/v2\/product_tag?post=9589"},{"taxonomy":"industries_product","embeddable":true,"href":"https:\/\/www.anyload.com\/fr\/wp-json\/wp\/v2\/industries_product?post=9589"},{"taxonomy":"application_product","embeddable":true,"href":"https:\/\/www.anyload.com\/fr\/wp-json\/wp\/v2\/application_product?post=9589"}],"curies":[{"name":"wp","href":"https:\/\/api.w.org\/{rel}","templated":true}]}}