{"id":9339,"date":"2015-01-20T09:54:11","date_gmt":"2015-01-20T17:54:11","guid":{"rendered":"http:\/\/anyloadgroup.com\/product\/805hp-hand-held-indicator-copy\/"},"modified":"2026-01-02T10:23:52","modified_gmt":"2026-01-02T18:23:52","slug":"805hp-hand-held-indicator","status":"publish","type":"product","link":"https:\/\/www.anyload.com\/fr\/product\/805hp-hand-held-indicator\/","title":{"rendered":"805HP Hand Held Digital Indicator"},"content":{"rendered":"<p>The ANYLOAD 805HP hand held digital weight indicator is a general purpose durable indicator that provides high accuracy, reliability, and multiple functions. The 805HP can drive up to eight 350\u03a9 or thirty two 1000\u03a9 load cells. \u00a0With an IP65 ABS wash down enclosure, the 805HP digital weighing indicator is ideal for use in Transportation, Entertainment, Aerospace, Military, Food and Agricultural industry.<\/p>","protected":false},"excerpt":{"rendered":"<div class=\"product-desc\">\n<p>The ANYLOAD 805HP hand held digital indicator is a general purpose durable indicator and a force measurement device that provides high accuracy, reliability, and multiple functions. The 805HP can drive up to eight (8) 350\u03a9 or thirty two (32) 1000\u03a9 load cells with a <a style=\"color: #ca0020;\" href=\"http:\/\/www.anyload.com\/en\/product-category\/junction-boxes\/\" target=\"_blank\" rel=\"noopener noreferrer\">Bo\u00eete de jonction<\/a>. \u00a0With an IP65 ABS wash down enclosure, the 805HP digital indicator is ideal for use in Transportation, Entertainment, Aerospace, Military, Food and Agricultural industry.<\/p>\n<div id=\"otter-more\" class=\"see-more-content\">\n<ul>\n<li>Exceptionally long battery life: up to 1,600 hours with 3-AA batteries<\/li>\n<li>LED backlight and panoramic FSTN LCD view angle<\/li>\n<li>Mat\u00e9riau : ABS<\/li>\n<li>Indice de protection IP : IP65<\/li>\n<li>\u00c9cran LCD \u00e0 6 chiffres avec r\u00e9tro-\u00e9clairage LED<\/li>\n<li>M\u00e9moire non volatile pour une sauvegarde fiable des donn\u00e9es<\/li>\n<li>Unit\u00e9s de mesure : kg, g, t, lb, Klb, N, kN, oz, unit\u00e9 d\u00e9finie par l'utilisateur<\/li>\n<li>2 points de consigne configurables pour la pr\u00e9caution et l'avertissement<\/li>\n<li>Intervalle d'affichage s\u00e9lectionnable par l'utilisateur<\/li>\n<li>Surcharge de l'enregistrement<\/li>\n<li>10 fr\u00e9quences de conversion analogique-num\u00e9rique s\u00e9lectionnables par l'utilisateur<\/li>\n<li>\u00c9talonnage du poids et \u00e9talonnage num\u00e9rique<\/li>\n<li>D\u00e9lai d'extinction automatique et d'\u00e9conomie d'\u00e9nergie s\u00e9lectionnable par l'utilisateur<\/li>\n<li>Fonctions : suivi du z\u00e9ro automatique, z\u00e9ro automatique, z\u00e9ro manuel, maintien, maintien de la cr\u00eate, TARE<\/li>\n<\/ul><\/div>\n<p>  <a id=\"otter-toggle\" class=\"see-more-toggle\">See more<\/a><\/p>\n<\/div>\n<div class=\"ds-btn-row\">\n  <a class=\"ds-btn\" href=\"https:\/\/www.anyload.com\/wp-content\/uploads\/2015\/01\/ANYLOAD-805HP-digital-weight-indicator.pdf\" target=\"_blank\" rel=\"noopener\">Fiche technique<\/a>\n<\/div>","protected":false},"featured_media":22282,"template":"","meta":{"_acf_changed":false,"site-sidebar-layout":"default","site-content-layout":"","ast-site-content-layout":"default","site-content-style":"default","site-sidebar-style":"default","ast-global-header-display":"","ast-banner-title-visibility":"","ast-main-header-display":"","ast-hfb-above-header-display":"","ast-hfb-below-header-display":"","ast-hfb-mobile-header-display":"","site-post-title":"","ast-breadcrumbs-content":"","ast-featured-img":"","footer-sml-layout":"","ast-disable-related-posts":"","theme-transparent-header-meta":"default","adv-header-id-meta":"","stick-header-meta":"default","header-above-stick-meta":"","header-main-stick-meta":"","header-below-stick-meta":"","astra-migrate-meta-layouts":"set","ast-page-background-enabled":"default","ast-page-background-meta":{"desktop":{"background-color":"var(--ast-global-color-4)","background-image":"","background-repeat":"repeat","background-position":"center center","background-size":"auto","background-attachment":"scroll","background-type":"","background-media":"","overlay-type":"","overlay-color":"","overlay-opacity":"","overlay-gradient":""},"tablet":{"background-color":"","background-image":"","background-repeat":"repeat","background-position":"center center","background-size":"auto","background-attachment":"scroll","background-type":"","background-media":"","overlay-type":"","overlay-color":"","overlay-opacity":"","overlay-gradient":""},"mobile":{"background-color":"","background-image":"","background-repeat":"repeat","background-position":"center center","background-size":"auto","background-attachment":"scroll","background-type":"","background-media":"","overlay-type":"","overlay-color":"","overlay-opacity":"","overlay-gradient":""}},"ast-content-background-meta":{"desktop":{"background-color":"var(--ast-global-color-5)","background-image":"","background-repeat":"repeat","background-position":"center center","background-size":"auto","background-attachment":"scroll","background-type":"","background-media":"","overlay-type":"","overlay-color":"","overlay-opacity":"","overlay-gradient":""},"tablet":{"background-color":"var(--ast-global-color-5)","background-image":"","background-repeat":"repeat","background-position":"center center","background-size":"auto","background-attachment":"scroll","background-type":"","background-media":"","overlay-type":"","overlay-color":"","overlay-opacity":"","overlay-gradient":""},"mobile":{"background-color":"var(--ast-global-color-5)","background-image":"","background-repeat":"repeat","background-position":"center center","background-size":"auto","background-attachment":"scroll","background-type":"","background-media":"","overlay-type":"","overlay-color":"","overlay-opacity":"","overlay-gradient":""}}},"product_brand":[],"product_cat":[150,2386],"product_tag":[1718,1719],"industries_product":[],"application_product":[],"class_list":{"0":"post-9339","1":"product","2":"type-product","3":"status-publish","4":"has-post-thumbnail","6":"product_cat-indicators","7":"product_cat-instrumentation","8":"product_tag-digital-weight-indicator","9":"product_tag-hand-held-indicator","10":"pa_part-number-805hp-01-no-rs-232-1-connector-for-load-cell","11":"pa_part-number-805hp-01-no-rs232","12":"pa_part-number-805hp-02-with-rs-232","13":"pa_part-number-805hp-02-with-rs-232-1-connector-for-load-cell","14":"pa_part-number-805hp-03-no-rs232-2-connectors-for-load-cells","15":"desktop-align-center","16":"tablet-align-left","17":"mobile-align-left","18":"ast-product-gallery-layout-horizontal-slider","19":"ast-product-gallery-with-no-image","20":"ast-magnify-disabled","21":"ast-product-single-variable","22":"ast-product-tabs-layout-horizontal","24":"first","25":"instock","26":"shipping-taxable","27":"purchasable","28":"product-type-variable"},"acf":[],"_links":{"self":[{"href":"https:\/\/www.anyload.com\/fr\/wp-json\/wp\/v2\/product\/9339","targetHints":{"allow":["GET"]}}],"collection":[{"href":"https:\/\/www.anyload.com\/fr\/wp-json\/wp\/v2\/product"}],"about":[{"href":"https:\/\/www.anyload.com\/fr\/wp-json\/wp\/v2\/types\/product"}],"wp:featuredmedia":[{"embeddable":true,"href":"https:\/\/www.anyload.com\/fr\/wp-json\/wp\/v2\/media\/22282"}],"wp:attachment":[{"href":"https:\/\/www.anyload.com\/fr\/wp-json\/wp\/v2\/media?parent=9339"}],"wp:term":[{"taxonomy":"product_brand","embeddable":true,"href":"https:\/\/www.anyload.com\/fr\/wp-json\/wp\/v2\/product_brand?post=9339"},{"taxonomy":"product_cat","embeddable":true,"href":"https:\/\/www.anyload.com\/fr\/wp-json\/wp\/v2\/product_cat?post=9339"},{"taxonomy":"product_tag","embeddable":true,"href":"https:\/\/www.anyload.com\/fr\/wp-json\/wp\/v2\/product_tag?post=9339"},{"taxonomy":"industries_product","embeddable":true,"href":"https:\/\/www.anyload.com\/fr\/wp-json\/wp\/v2\/industries_product?post=9339"},{"taxonomy":"application_product","embeddable":true,"href":"https:\/\/www.anyload.com\/fr\/wp-json\/wp\/v2\/application_product?post=9339"}],"curies":[{"name":"wp","href":"https:\/\/api.w.org\/{rel}","templated":true}]}}