{"id":9100,"date":"2014-12-20T20:21:09","date_gmt":"2014-12-21T04:21:09","guid":{"rendered":"http:\/\/anyloadgroup.com\/product\/fsp-gi-hot-dip-galvanized-mild-steel-floor-scale\/"},"modified":"2025-12-19T13:35:50","modified_gmt":"2025-12-19T21:35:50","slug":"fsp-gi-hot-dip-galvanized-mild-steel-floor-scale","status":"publish","type":"product","link":"https:\/\/www.anyload.com\/fr\/product\/fsp-gi-hot-dip-galvanized-mild-steel-floor-scale\/","title":{"rendered":"FSP-GI Hot Dip Galvanized Mild Steel Floor Scale"},"content":{"rendered":"<ul>\n<li>hot dip galvanized mild steel construction<\/li>\n<li>5mm thick deck plate with checkered safety tread<\/li>\n<li>Rigid steel channel frame construction<\/li>\n<li>Symmetrical grid channel frame<\/li>\n<li>Factory finished corner error adjustment<\/li>\n<li>Equipped with four high accuracy large envelope IP67 load cells, model 563YH (OIML MAA C4, Y=15000 and NTEP 1:5000 Class III, Multiple Cell)<\/li>\n<li>Equipped with one aluminum junction box and four heavy duty swivel feet (model AMF-F-3\/4 or AMF-F-M18)<\/li>\n<li>Equipped with level bubble<\/li>\n<li>CE, RoHS and ExNepsi certified load cells<\/li>\n<li>Measurement Canada and NTEP certified floor scales<\/li>\n<\/ul>\n<p>ANYLOAD FSP-GI legal for trade hot dip galvanized mild steel floor scales are engineered with a symmetrical grid channel frame and checkered deck plate. The FSP-GI floor scale is ideal for industrial and commercial environments due to the durability provided by the structural support of the channel frame and safety benefits of the slip and skid resistant checkered surface. ANYLOAD floor scales include ANYLOAD alloy steel load cells, adjustable alloy steel feet and a built-in junction box. Additional design features include factory finished corner error adjustments, an integrated level bubble and threaded eyebolt holes on the deck plate for facilities that need to frequently move the location of the floor scale and need to facilitate the scale levelling. ANYLOAD floor scales are covered under warranty for a period of 5 years and are available in standard as well as custom sizes. The FSP-GI is legal for trade and certified by Measurement Canada for the following platform sizes and capacities: 3&#215;3-5Klb, 3&#215;4-5Klb, 4&#215;4-5Klb, 4&#215;5-5Klb.<\/p>\n<p style=\"text-align: justify;\"><img decoding=\"async\" class=\"alignnone size-full wp-image-3944\" src=\"\/wp-content\/uploads\/2014\/04\/pdf-.png\" alt=\"pdf-\" width=\"25\" height=\"25\" \/>\u00a0<a title=\"ANYLOAD | FSP-GI Hot Dip Galvanized Mild Steel Floor Scale\" href=\"https:\/\/www.anyload.com\/wp-content\/uploads\/2022\/07\/ANYLOAD-FSP-GI-floor-scale.pdf\" target=\"_blank\" rel=\"noopener noreferrer\">Download data sheet<\/a><\/p>\n<p style=\"text-align: justify;\"><img decoding=\"async\" class=\"alignnone size-full wp-image-3944\" src=\"\/wp-content\/uploads\/2014\/04\/pdf-.png\" alt=\"pdf-\" width=\"25\" height=\"25\" \/>\u00a0<a title=\"ANYLOAD | FSP-GI Hot Dip Galvanized Mild Steel Floor Scale\" href=\"https:\/\/www.anyload.com\/wp-content\/uploads\/2020\/05\/Anyload-FSP-GI-floor-scale-brochure.pdf\" target=\"_blank\" rel=\"noopener noreferrer\">Download brochure<\/a><\/p>\n<p style=\"text-align: justify;\"><img decoding=\"async\" class=\"alignnone size-full wp-image-3944\" src=\"\/wp-content\/uploads\/2014\/04\/pdf-.png\" alt=\"pdf-\" width=\"25\" height=\"25\" \/>\u00a0<a title=\"ANYLOAD | FSP Series Floor Scale Installation Manual\" href=\"http:\/\/www.anyload.com\/wp-content\/uploads\/2018\/10\/FSP-Floor-Scales-Installation-Guide-V1810.pdf\" target=\"_blank\" rel=\"noopener noreferrer\">Download manual<\/a><\/p>\n<p style=\"text-align: justify;\"><img decoding=\"async\" class=\"alignnone size-full wp-image-3944\" src=\"\/wp-content\/uploads\/2014\/04\/pdf-.png\" alt=\"pdf-\" width=\"25\" height=\"25\" \/>\u00a0<a title=\"ANYLOAD | NTEP Certificate of Conformance\" href=\"http:\/\/www.anyload.com\/en\/approvals\/national-conference-on-weights-and-measures\/\" target=\"_blank\" rel=\"noopener noreferrer\">Certificat de conformit\u00e9 NTEP<\/a><\/p>\n<p style=\"text-align: justify;\"><img decoding=\"async\" class=\"alignnone size-full wp-image-3944\" src=\"\/wp-content\/uploads\/2014\/04\/pdf-.png\" alt=\"pdf-\" width=\"25\" height=\"25\" \/>\u00a0<a title=\"ANYLOAD | Measurement Canada Approval\" href=\"http:\/\/www.anyload.com\/fr\/approbations\/mesure-canada\/\" target=\"_blank\" rel=\"noopener noreferrer\">Approbation de Mesures Canada<\/a><\/p>","protected":false},"excerpt":{"rendered":"<p>ANYLOAD FSP-GI legal for trade hot dip galvanized mild steel floor scales are engineered with a symmetrical grid channel frame and checkered deck plate with rugged diamond safety tread. The FSP-GI floor scale is a heavy-duty industrial design and is ideal for industrial and commercial environments due to the durability provided by the structural support of the channel frame and safety benefits of the slip and skid resistant checkered surface. FSP-GI floor scales include ANYLOAD <a style=\"color: #ca0020;\" href=\"https:\/\/www.anyload.com\/fr\/product\/563yh-23-single-ended-beam-load-cell\/\" target=\"_blank\" rel=\"noopener noreferrer\">capteurs en acier alli\u00e9<\/a>, <a style=\"color: #ca0020;\" href=\"http:\/\/www.anyload.com\/en\/product\/amf-load-cell-feet\/\" target=\"_blank\" rel=\"noopener noreferrer\">pieds r\u00e9glables en acier alli\u00e9<\/a> et un syst\u00e8me int\u00e9gr\u00e9 de <a style=\"color: #ca0020;\" href=\"http:\/\/www.anyload.com\/en\/product\/j04ea-16-j04sa-16-j-boxer\/\" target=\"_blank\" rel=\"noopener noreferrer\">bo\u00eete de jonction<\/a>. Additional design features include factory finished corner error adjustments, an integrated level bubble and threaded eyebolt holes on the deck plate for facilities that need to frequently move the location of the floor scale and need to facilitate the scale leveling. <span data-teams=\"true\">FSP-GI floor scales are covered under warranty for a period of 3 years and are available in standard as well as custom sizes<\/span>. The FSP is legal for trade and certified by Measurement Canada and NTEP:<\/p>\n<ul>\n<li>NTEP 1:6 000 Classe III, Certifi\u00e9 pour cellules multiples de 1Klb-10Klb<\/li>\n<li>NTEP 1:3 500 Classe III, cellule unique certifi\u00e9e de 1Klb-10Klb<\/li>\n<li>Capteurs de pesage certifi\u00e9s OIML MAA, CE, RoHS et ExNepsi<\/li>\n<li>P\u00e8se-personnes certifi\u00e9s NTEP : 3'x3\u2032 \u00e0 5'x5\u2032-1Klb \u00e0 10Klb Classe III<\/li>\n<li>P\u00e8se-personnes certifi\u00e9s par Mesures Canada : 3\u00d73-5Klb, 4\u00d74-5Klb, 5\u00d75-5Klb<\/li>\n<\/ul>\n<p style=\"color: #000000; font-size: 13px;\"><strong>L'ensemble complet comprend<\/strong><\/p>\n<ul>\n<li>Capteurs en acier alli\u00e9 IP67 <a style=\"color: #ca0020;\" href=\"https:\/\/www.anyload.com\/fr\/product\/563yh-23-single-ended-beam-load-cell\/\" target=\"_blank\" rel=\"noopener noreferrer\">563YH-23,<\/a> Certifi\u00e9 OIML MAA et NTEP<\/li>\n<li>4 pieds pivotants en acier doux <a style=\"color: #ca0020;\" href=\"http:\/\/www.anyload.com\/en\/product\/amf-load-cell-feet\/\" target=\"_blank\" rel=\"noopener noreferrer\">AMF<\/a> avec base amovible en caoutchouc<\/li>\n<li>2 boulons \u00e0 \u0153il<\/li>\n<li>1 Bo\u00eete de jonction en aluminium IP67 <a style=\"color: #ca0020;\" href=\"http:\/\/www.anyload.com\/en\/product\/j04ea-16-j04sa-16-j-boxer\/\" target=\"_blank\" rel=\"noopener noreferrer\">J04EA-16<\/a><\/li>\n<li>1 bulle de niveau<\/li>\n<\/ul>","protected":false},"featured_media":38401,"template":"","meta":{"_acf_changed":false,"site-sidebar-layout":"default","site-content-layout":"","ast-site-content-layout":"default","site-content-style":"default","site-sidebar-style":"default","ast-global-header-display":"","ast-banner-title-visibility":"","ast-main-header-display":"","ast-hfb-above-header-display":"","ast-hfb-below-header-display":"","ast-hfb-mobile-header-display":"","site-post-title":"","ast-breadcrumbs-content":"","ast-featured-img":"","footer-sml-layout":"","ast-disable-related-posts":"","theme-transparent-header-meta":"default","adv-header-id-meta":"","stick-header-meta":"default","header-above-stick-meta":"","header-main-stick-meta":"","header-below-stick-meta":"","astra-migrate-meta-layouts":"set","ast-page-background-enabled":"default","ast-page-background-meta":{"desktop":{"background-color":"var(--ast-global-color-4)","background-image":"","background-repeat":"repeat","background-position":"center center","background-size":"auto","background-attachment":"scroll","background-type":"","background-media":"","overlay-type":"","overlay-color":"","overlay-opacity":"","overlay-gradient":""},"tablet":{"background-color":"","background-image":"","background-repeat":"repeat","background-position":"center center","background-size":"auto","background-attachment":"scroll","background-type":"","background-media":"","overlay-type":"","overlay-color":"","overlay-opacity":"","overlay-gradient":""},"mobile":{"background-color":"","background-image":"","background-repeat":"repeat","background-position":"center center","background-size":"auto","background-attachment":"scroll","background-type":"","background-media":"","overlay-type":"","overlay-color":"","overlay-opacity":"","overlay-gradient":""}},"ast-content-background-meta":{"desktop":{"background-color":"var(--ast-global-color-5)","background-image":"","background-repeat":"repeat","background-position":"center center","background-size":"auto","background-attachment":"scroll","background-type":"","background-media":"","overlay-type":"","overlay-color":"","overlay-opacity":"","overlay-gradient":""},"tablet":{"background-color":"var(--ast-global-color-5)","background-image":"","background-repeat":"repeat","background-position":"center center","background-size":"auto","background-attachment":"scroll","background-type":"","background-media":"","overlay-type":"","overlay-color":"","overlay-opacity":"","overlay-gradient":""},"mobile":{"background-color":"var(--ast-global-color-5)","background-image":"","background-repeat":"repeat","background-position":"center center","background-size":"auto","background-attachment":"scroll","background-type":"","background-media":"","overlay-type":"","overlay-color":"","overlay-opacity":"","overlay-gradient":""}}},"product_brand":[],"product_cat":[28,44],"product_tag":[1653,1403,1404,1654,1398,1401,1402,1399,1400],"industries_product":[3312,3320,3315,3319],"application_product":[3324],"class_list":{"0":"post-9100","1":"product","2":"type-product","3":"status-publish","4":"has-post-thumbnail","6":"product_cat-scales","7":"product_cat-floor-scales","8":"product_tag-floor-scale","9":"product_tag-heavy-duty-floor-scale","10":"product_tag-heavy-duty-floor-scales","11":"product_tag-industrial-floor-scale","12":"product_tag-industrial-floor-scales","13":"product_tag-legal-for-trade-floor-scale","14":"product_tag-legal-for-trade-floor-scales","15":"product_tag-low-profile-floor-scale","16":"product_tag-low-profile-floor-scales","17":"pa_part-number-fsp4x4-5klb-gi","18":"industries_product-industry-agriculture-products","19":"industries_product-industry-logistics-products","20":"industries_product-material-handling-products","21":"industries_product-industry-packaging-products","22":"application_product-application-platform-products","23":"desktop-align-center","24":"tablet-align-left","25":"mobile-align-left","26":"ast-product-gallery-layout-horizontal-slider","27":"ast-magnify-disabled","28":"ast-product-single-variable","29":"ast-product-tabs-layout-horizontal","31":"first","32":"instock","33":"shipping-taxable","34":"purchasable","35":"product-type-variable"},"acf":[],"_links":{"self":[{"href":"https:\/\/www.anyload.com\/fr\/wp-json\/wp\/v2\/product\/9100","targetHints":{"allow":["GET"]}}],"collection":[{"href":"https:\/\/www.anyload.com\/fr\/wp-json\/wp\/v2\/product"}],"about":[{"href":"https:\/\/www.anyload.com\/fr\/wp-json\/wp\/v2\/types\/product"}],"wp:featuredmedia":[{"embeddable":true,"href":"https:\/\/www.anyload.com\/fr\/wp-json\/wp\/v2\/media\/38401"}],"wp:attachment":[{"href":"https:\/\/www.anyload.com\/fr\/wp-json\/wp\/v2\/media?parent=9100"}],"wp:term":[{"taxonomy":"product_brand","embeddable":true,"href":"https:\/\/www.anyload.com\/fr\/wp-json\/wp\/v2\/product_brand?post=9100"},{"taxonomy":"product_cat","embeddable":true,"href":"https:\/\/www.anyload.com\/fr\/wp-json\/wp\/v2\/product_cat?post=9100"},{"taxonomy":"product_tag","embeddable":true,"href":"https:\/\/www.anyload.com\/fr\/wp-json\/wp\/v2\/product_tag?post=9100"},{"taxonomy":"industries_product","embeddable":true,"href":"https:\/\/www.anyload.com\/fr\/wp-json\/wp\/v2\/industries_product?post=9100"},{"taxonomy":"application_product","embeddable":true,"href":"https:\/\/www.anyload.com\/fr\/wp-json\/wp\/v2\/application_product?post=9100"}],"curies":[{"name":"wp","href":"https:\/\/api.w.org\/{rel}","templated":true}]}}