{"id":8583,"date":"2014-11-17T15:56:10","date_gmt":"2014-11-17T23:56:10","guid":{"rendered":"http:\/\/anyloadgroup.com\/?post_type=product&#038;p=8583"},"modified":"2025-12-19T13:36:38","modified_gmt":"2025-12-19T21:36:38","slug":"110zhbl-tension-link-load-cell","status":"publish","type":"product","link":"https:\/\/www.anyload.com\/fr\/product\/110zhbl-tension-link-load-cell\/","title":{"rendered":"110ZHBL Tension Link Load Cell"},"content":{"rendered":"<p><span style=\"text-decoration: underline; color: #000000;\"><strong>Description :<\/strong><\/span><\/p>\n<p><span style=\"color: #000000;\">The 110ZHBL is a robust and cost-effective IP67 tension link suited to performing even under rugged conditions against irregular loading. This model replaces a chain link to measure the pulling force of the chain. A common application is in forklift weighing.\u00a0<\/span><\/p>\n<p><span style=\"text-decoration: underline; color: #000000;\"><strong>Caract\u00e9ristiques :\u00a0<\/strong><\/span><\/p>\n<ul>\n<li style=\"list-style-type: none;\">\n<ul>\n<li><span style=\"color: #000000;\">Mat\u00e9riau : Acier alli\u00e9<\/span><\/li>\n<li><span style=\"color: #000000;\">Rated Capacities: 1.5t, 2.5t, 2.5Klb<\/span><\/li>\n<li><span style=\"color: #000000;\">Full Scale Output: 1.5mV\/V \u00b1 0.25%<\/span><\/li>\n<li><span style=\"color: #000000;\">Surcharge s\u00fbre : 150%<\/span><\/li>\n<li><span style=\"color: #000000;\">Surcharge de rupture : 300%<\/span><\/li>\n<li><span style=\"color: #000000;\">Indice de protection IP : IP67<\/span><\/li>\n<li><span style=\"color: #000000;\">Certifi\u00e9 CE et RoHS<\/span><\/li>\n<li><span style=\"color: #000000;\">To go with leaf chain BL534 or BL634 for forklift truck weighing<\/span><\/li>\n<\/ul>\n<\/li>\n<\/ul>\n<table border=\"1\" cellspacing=\"0\" cellpadding=\"0\">\n<tbody>\n<tr>\n<td valign=\"top\" width=\"319\"><span style=\"color: #000000;\">Capacit\u00e9 nominale<\/span><\/td>\n<td valign=\"top\" width=\"319\"><span style=\"color: #000000;\">1.5t, 2.5t, 2.5Klb<\/span><\/td>\n<\/tr>\n<tr>\n<td valign=\"top\" width=\"319\"><span style=\"color: #000000;\">Sortie pleine \u00e9chelle<\/span><\/td>\n<td valign=\"top\" width=\"319\"><span style=\"color: #000000;\">1.5mV\/V \u00b1 0.25%<\/span><\/td>\n<\/tr>\n<tr>\n<td valign=\"top\" width=\"319\"><span style=\"color: #000000;\">Solde z\u00e9ro<\/span><\/td>\n<td valign=\"top\" width=\"319\"><span style=\"color: #000000;\">\u00b1 0,02mV\/V<\/span><\/td>\n<\/tr>\n<tr>\n<td valign=\"top\" width=\"319\"><span style=\"color: #000000;\">Non-lin\u00e9arit\u00e9<\/span><\/td>\n<td valign=\"top\" width=\"319\"><span style=\"color: #000000;\">&lt; \u00b1 0.4%<\/span><\/td>\n<\/tr>\n<tr>\n<td valign=\"top\" width=\"319\"><span style=\"color: #000000;\">R\u00e9p\u00e9tabilit\u00e9<\/span><\/td>\n<td valign=\"top\" width=\"319\"><span style=\"color: #000000;\">&lt; \u00b1 0.05%<\/span><\/td>\n<\/tr>\n<tr>\n<td valign=\"top\" width=\"319\"><span style=\"color: #000000;\">Erreur d'hyst\u00e9r\u00e9sis<\/span><\/td>\n<td valign=\"top\" width=\"319\"><span style=\"color: #000000;\">&lt; \u00b1 0.1%<\/span><\/td>\n<\/tr>\n<tr>\n<td valign=\"top\" width=\"319\"><span style=\"color: #000000;\">La reptation en 30 minutes<\/span><\/td>\n<td valign=\"top\" width=\"319\"><span style=\"color: #000000;\">&lt; \u00b1 0.05%<\/span><\/td>\n<\/tr>\n<tr>\n<td valign=\"top\" width=\"319\"><span style=\"color: #000000;\">R\u00e9sistance d'entr\u00e9e<\/span><\/td>\n<td valign=\"top\" width=\"319\"><span style=\"color: #000000;\">1200\u03a9 \u00b160\u03a9<\/span><\/td>\n<\/tr>\n<tr>\n<td valign=\"top\" width=\"319\"><span style=\"color: #000000;\">R\u00e9sistance de sortie<\/span><\/td>\n<td valign=\"top\" width=\"319\"><span style=\"color: #000000;\">1000\u03a9 \u00b1 5\u03a9<\/span><\/td>\n<\/tr>\n<tr>\n<td valign=\"top\" width=\"319\"><span style=\"color: #000000;\">Excitation recommand\u00e9e<\/span><\/td>\n<td valign=\"top\" width=\"319\"><span style=\"color: #000000;\">10V (15V maximum)<\/span><\/td>\n<\/tr>\n<tr>\n<td valign=\"top\" width=\"319\"><span style=\"color: #000000;\">R\u00e9sistance de l'isolation<\/span><\/td>\n<td valign=\"top\" width=\"319\"><span style=\"color: #000000;\">&gt; 2G\u03a9 (50V DC)<\/span><\/td>\n<\/tr>\n<tr>\n<td valign=\"top\" width=\"319\"><span style=\"color: #000000;\">Effet de la temp\u00e9rature sur la sensibilit\u00e9<\/span><\/td>\n<td valign=\"top\" width=\"319\"><span style=\"color: #000000;\">&lt; \u00b10.02% of Cn\/k<\/span><\/td>\n<\/tr>\n<tr>\n<td valign=\"top\" width=\"319\"><span style=\"color: #000000;\">Effet de la temp\u00e9rature sur l'\u00e9quilibre du z\u00e9ro<\/span><\/td>\n<td valign=\"top\" width=\"319\"><span style=\"color: #000000;\">&lt; \u00b1 0.01% of Cn\/k<\/span><\/td>\n<\/tr>\n<tr>\n<td valign=\"top\" width=\"319\"><span style=\"color: #000000;\">Plage de temp\u00e9rature compens\u00e9e<\/span><\/td>\n<td valign=\"top\" width=\"319\"><span style=\"color: #000000;\"><b>-<\/b>10\u00b0C \u00e0 50\u00b0C\/14\u00b0F \u00e0 122\u00b0F<\/span><\/td>\n<\/tr>\n<tr>\n<td valign=\"top\" width=\"319\"><span style=\"color: #000000;\">Plage de temp\u00e9rature de service<\/span><\/td>\n<td valign=\"top\" width=\"319\"><span style=\"color: #000000;\">De -30\u00b0C \u00e0 70\u00b0C\/-20\u00b0F \u00e0 160\u00b0F<\/span><\/td>\n<\/tr>\n<tr>\n<td valign=\"top\" width=\"319\"><span style=\"color: #000000;\">Plage de temp\u00e9rature de stockage<\/span><\/td>\n<td valign=\"top\" width=\"319\"><span style=\"color: #000000;\">De -50\u00b0C \u00e0 85\u00b0C\/-58\u00b0F \u00e0 185\u00b0F<\/span><\/td>\n<\/tr>\n<tr>\n<td valign=\"top\" width=\"319\"><span style=\"color: #000000;\">Nominal Temperature Range (\u00b0C)<\/span><\/td>\n<td valign=\"top\" width=\"319\"><span style=\"color: #000000;\"><b>-<\/b>10\u00b0C to 40\u00b0C<\/span><\/td>\n<\/tr>\n<tr>\n<td valign=\"top\" width=\"319\"><span style=\"color: #000000;\">Nominal Temperature Range (\u00b0F)<\/span><\/td>\n<td valign=\"top\" width=\"319\"><span style=\"color: #000000;\">14\u00b0F to 104\u00b0F<\/span><\/td>\n<\/tr>\n<tr>\n<td valign=\"top\" width=\"319\"><span style=\"color: #000000;\">Surcharge s\u00fbre<\/span><\/td>\n<td valign=\"top\" width=\"319\"><span style=\"color: #000000;\">150% de la pleine \u00e9chelle<\/span><\/td>\n<\/tr>\n<tr>\n<td valign=\"top\" width=\"319\"><span style=\"color: #000000;\">Rompre la surcharge<\/span><\/td>\n<td valign=\"top\" width=\"319\"><span style=\"color: #000000;\">300% de la pleine \u00e9chelle<\/span><\/td>\n<\/tr>\n<tr>\n<td valign=\"top\" width=\"319\"><span style=\"color: #000000;\">Type de joint<\/span><\/td>\n<td valign=\"top\" width=\"319\"><span style=\"color: #000000;\">\u00c9tanch\u00e9it\u00e9 \u00e0 l'environnement<\/span><\/td>\n<\/tr>\n<tr>\n<td valign=\"top\" width=\"319\"><span style=\"color: #000000;\">Indice de protection IP<\/span><\/td>\n<td valign=\"top\" width=\"319\"><span style=\"color: #000000;\">IP67<\/span><\/td>\n<\/tr>\n<\/tbody>\n<\/table>\n<p style=\"text-align: justify;\"><span style=\"color: #000000;\"><img decoding=\"async\" class=\"alignnone size-full wp-image-3944\" src=\"\/wp-content\/uploads\/2014\/04\/pdf-.png\" alt=\"pdf-\" width=\"25\" height=\"25\" \/>\u00a0<a style=\"color: #000000;\" title=\"ANYLOAD | 110ZHBL Tension Link Load Cell\" href=\"https:\/\/www.anyload.com\/wp-content\/uploads\/2019\/06\/Anyload-110ZHBL-load-cell-transducer.pdf\" target=\"_blank\" rel=\"noopener noreferrer\">Download data sheet<\/a><\/span><\/p>\n<p style=\"text-align: justify;\"><span style=\"color: #000000;\"><img decoding=\"async\" class=\"alignnone size-full wp-image-3944\" src=\"\/wp-content\/uploads\/2014\/04\/pdf-.png\" alt=\"pdf-\" width=\"25\" height=\"25\" \/> <a style=\"color: #000000;\" title=\"ANYLOAD | Load Cell CE certificate\" href=\"http:\/\/www.anyload.com\/fr\/approbations\/conformite-europeenne\/\" target=\"_blank\" rel=\"noopener noreferrer\">Certificat de conformit\u00e9 CE<\/a><\/span><\/p>\n<p style=\"text-align: justify;\"><span style=\"color: #000000;\"><img decoding=\"async\" class=\"alignnone size-full wp-image-3944\" src=\"\/wp-content\/uploads\/2014\/04\/pdf-.png\" alt=\"pdf-\" width=\"25\" height=\"25\" \/> <a style=\"color: #000000;\" title=\"ANYLOAD | Load Cell RoHS certificate\" href=\"http:\/\/www.anyload.com\/fr\/approbations\/directive-sur-la-limitation-des-substances-dangereuses\/\" target=\"_blank\" rel=\"noopener noreferrer\">Certificat de conformit\u00e9 RoHS<\/a><\/span><\/p>","protected":false},"excerpt":{"rendered":"<p><span style=\"text-decoration: underline; color: #000000;\"><strong>Description :<\/strong><\/span><\/p>\n<p><span style=\"color: #000000;\">The 110ZHBL is a robust and cost-effective IP67 tension link suited to performing even under rugged conditions against irregular loading. This model replaces a chain link to measure the pulling force of the chain. A common application is in forklift weighing.\u00a0<\/span><\/p>\n<p><span style=\"text-decoration: underline; color: #000000;\"><strong>Caract\u00e9ristiques :\u00a0<\/strong><\/span><\/p>\n<ul>\n<li><span style=\"color: #000000;\">Mat\u00e9riau : Acier alli\u00e9<\/span><\/li>\n<li><span style=\"color: #000000;\">Rated Capacities: 1.5t, 2.5t, 2.5Klb<\/span><\/li>\n<li><span style=\"color: #000000;\">Full Scale Output: 1.5mV\/V \u00b1 0.25%<\/span><\/li>\n<li><span style=\"color: #000000;\">Surcharge s\u00fbre : 150% de la pleine \u00e9chelle<\/span><\/li>\n<li><span style=\"color: #000000;\">Surcharge de rupture : 400% de la pleine \u00e9chelle<\/span><\/li>\n<li><span style=\"color: #000000;\">Indice de protection IP : IP67<\/span><\/li>\n<li><span style=\"color: #000000;\">Certifi\u00e9 CE et RoHS<\/span><\/li>\n<li><span style=\"color: #000000;\">To go with leaf chain BL534 or BL634 for forklift truck weighing<\/span><\/li>\n<\/ul>","protected":false},"featured_media":40468,"template":"","meta":{"_acf_changed":false,"site-sidebar-layout":"default","site-content-layout":"default","ast-site-content-layout":"default","site-content-style":"default","site-sidebar-style":"default","ast-global-header-display":"","ast-banner-title-visibility":"","ast-main-header-display":"","ast-hfb-above-header-display":"","ast-hfb-below-header-display":"","ast-hfb-mobile-header-display":"","site-post-title":"","ast-breadcrumbs-content":"","ast-featured-img":"","footer-sml-layout":"","ast-disable-related-posts":"","theme-transparent-header-meta":"default","adv-header-id-meta":"","stick-header-meta":"default","header-above-stick-meta":"","header-main-stick-meta":"","header-below-stick-meta":"","astra-migrate-meta-layouts":"set","ast-page-background-enabled":"default","ast-page-background-meta":{"desktop":{"background-color":"var(--ast-global-color-4)","background-image":"","background-repeat":"repeat","background-position":"center center","background-size":"auto","background-attachment":"scroll","background-type":"","background-media":"","overlay-type":"","overlay-color":"","overlay-opacity":"","overlay-gradient":""},"tablet":{"background-color":"","background-image":"","background-repeat":"repeat","background-position":"center center","background-size":"auto","background-attachment":"scroll","background-type":"","background-media":"","overlay-type":"","overlay-color":"","overlay-opacity":"","overlay-gradient":""},"mobile":{"background-color":"","background-image":"","background-repeat":"repeat","background-position":"center center","background-size":"auto","background-attachment":"scroll","background-type":"","background-media":"","overlay-type":"","overlay-color":"","overlay-opacity":"","overlay-gradient":""}},"ast-content-background-meta":{"desktop":{"background-color":"var(--ast-global-color-5)","background-image":"","background-repeat":"repeat","background-position":"center center","background-size":"auto","background-attachment":"scroll","background-type":"","background-media":"","overlay-type":"","overlay-color":"","overlay-opacity":"","overlay-gradient":""},"tablet":{"background-color":"var(--ast-global-color-5)","background-image":"","background-repeat":"repeat","background-position":"center center","background-size":"auto","background-attachment":"scroll","background-type":"","background-media":"","overlay-type":"","overlay-color":"","overlay-opacity":"","overlay-gradient":""},"mobile":{"background-color":"var(--ast-global-color-5)","background-image":"","background-repeat":"repeat","background-position":"center center","background-size":"auto","background-attachment":"scroll","background-type":"","background-media":"","overlay-type":"","overlay-color":"","overlay-opacity":"","overlay-gradient":""}}},"product_brand":[],"product_cat":[30,19,147,38],"product_tag":[],"industries_product":[],"application_product":[],"class_list":{"0":"post-8583","1":"product","2":"type-product","3":"status-publish","4":"has-post-thumbnail","6":"product_cat-force-measurement","7":"product_cat-load-cells-categories","8":"product_cat-tension","9":"product_cat-tension-links","10":"desktop-align-center","11":"tablet-align-left","12":"mobile-align-left","13":"ast-product-gallery-layout-horizontal-slider","14":"ast-product-gallery-with-no-image","15":"ast-magnify-disabled","16":"ast-product-single-variable","17":"ast-product-tabs-layout-horizontal","19":"first","20":"instock","21":"shipping-taxable","22":"purchasable","23":"product-type-variable"},"acf":[],"_links":{"self":[{"href":"https:\/\/www.anyload.com\/fr\/wp-json\/wp\/v2\/product\/8583","targetHints":{"allow":["GET"]}}],"collection":[{"href":"https:\/\/www.anyload.com\/fr\/wp-json\/wp\/v2\/product"}],"about":[{"href":"https:\/\/www.anyload.com\/fr\/wp-json\/wp\/v2\/types\/product"}],"wp:featuredmedia":[{"embeddable":true,"href":"https:\/\/www.anyload.com\/fr\/wp-json\/wp\/v2\/media\/40468"}],"wp:attachment":[{"href":"https:\/\/www.anyload.com\/fr\/wp-json\/wp\/v2\/media?parent=8583"}],"wp:term":[{"taxonomy":"product_brand","embeddable":true,"href":"https:\/\/www.anyload.com\/fr\/wp-json\/wp\/v2\/product_brand?post=8583"},{"taxonomy":"product_cat","embeddable":true,"href":"https:\/\/www.anyload.com\/fr\/wp-json\/wp\/v2\/product_cat?post=8583"},{"taxonomy":"product_tag","embeddable":true,"href":"https:\/\/www.anyload.com\/fr\/wp-json\/wp\/v2\/product_tag?post=8583"},{"taxonomy":"industries_product","embeddable":true,"href":"https:\/\/www.anyload.com\/fr\/wp-json\/wp\/v2\/industries_product?post=8583"},{"taxonomy":"application_product","embeddable":true,"href":"https:\/\/www.anyload.com\/fr\/wp-json\/wp\/v2\/application_product?post=8583"}],"curies":[{"name":"wp","href":"https:\/\/api.w.org\/{rel}","templated":true}]}}