{"id":8510,"date":"2014-07-23T13:19:42","date_gmt":"2014-07-23T20:19:42","guid":{"rendered":"http:\/\/anyloadgroup.com\/?post_type=product&#038;p=8510"},"modified":"2025-12-19T13:40:48","modified_gmt":"2025-12-19T21:40:48","slug":"fsp-hd-legal-for-trade-heavy-duty-floor-scale","status":"publish","type":"product","link":"https:\/\/www.anyload.com\/fr\/product\/fsp-hd-legal-for-trade-heavy-duty-floor-scale\/","title":{"rendered":"FSP-HD P\u00e8se-personne en acier doux pour usage intensif"},"content":{"rendered":"<ul>\n<li>Mild steel construction<\/li>\n<li>6mm thick deck plate with checkered safety tread<\/li>\n<li>6mm thick rigid steel channel frame construction<\/li>\n<li>Symmetrical grid channel frame<\/li>\n<li>Powder coated with high quality industrial paint<\/li>\n<li>Factory finished corner error adjustment<\/li>\n<li>Equipped with four high accuracy large envelope IP67 load cells, model 563YH (OIML MAA C4, Y=15000 and NTEP 1:5000 Class III, Multiple Cell)<\/li>\n<li>Equipped with one aluminum junction box and four heavy duty swivel feet (model AMF-F-3\/4 or AMF-F-M18)<\/li>\n<li>Equipped with level bubble<\/li>\n<li>CE, RoHS and ExNepsi certified load cells<\/li>\n<li>NTEP certified floor scales: 4&#215;4-5Klb, 4&#215;4-10Klb.<\/li>\n<li>Measurement Canada certified floor scale: 4&#215;4-5Klb<\/li>\n<\/ul>\n<p style=\"text-align: justify;\"><img decoding=\"async\" class=\"alignnone size-full wp-image-3944\" src=\"\/wp-content\/uploads\/2014\/04\/pdf-.png\" alt=\"pdf-\" width=\"25\" height=\"25\" \/>\u00a0<a title=\"ANYLOAD | FSP-HD Heavy Duty Floor Scale\" href=\"http:\/\/www.anyload.com\/wp-content\/uploads\/2018\/12\/Anyload-FSP-HD-floor-scale.pdf\" target=\"_blank\" rel=\"noopener noreferrer\">Download data sheet<\/a><\/p>\n<p style=\"text-align: justify;\"><img decoding=\"async\" class=\"alignnone size-full wp-image-3944\" src=\"\/wp-content\/uploads\/2014\/04\/pdf-.png\" alt=\"pdf-\" width=\"25\" height=\"25\" \/>\u00a0<a title=\"ANYLOAD | FSP-HD Heavy Duty Floor Scale\" href=\"https:\/\/www.anyload.com\/wp-content\/uploads\/2020\/05\/Anyload-FSP-HD-floor-scale-brochure.pdf\" target=\"_blank\" rel=\"noopener noreferrer\">Download brochure<\/a><\/p>\n<p style=\"text-align: justify;\"><img decoding=\"async\" class=\"alignnone size-full wp-image-3944\" src=\"\/wp-content\/uploads\/2014\/04\/pdf-.png\" alt=\"pdf-\" width=\"25\" height=\"25\" \/>\u00a0<a title=\"ANYLOAD | FSP Series Floor Scale Installation Manual\" href=\"http:\/\/www.anyload.com\/wp-content\/uploads\/2018\/10\/FSP-Floor-Scales-Installation-Guide-V1810.pdf\" target=\"_blank\" rel=\"noopener noreferrer\">Download manual<\/a><\/p>\n<p style=\"text-align: justify;\"><img decoding=\"async\" class=\"alignnone size-full wp-image-3944\" src=\"\/wp-content\/uploads\/2014\/04\/pdf-.png\" alt=\"pdf-\" width=\"25\" height=\"25\" \/>\u00a0<a title=\"ANYLOAD | NTEP Certificate of Conformance\" href=\"http:\/\/www.anyload.com\/en\/approvals\/national-conference-on-weights-and-measures\/\" target=\"_blank\" rel=\"noopener noreferrer\">Certificat de conformit\u00e9 NTEP<\/a><\/p>\n<p style=\"text-align: justify;\"><img decoding=\"async\" class=\"alignnone size-full wp-image-3944\" src=\"\/wp-content\/uploads\/2014\/04\/pdf-.png\" alt=\"pdf-\" width=\"25\" height=\"25\" \/>\u00a0<a title=\"ANYLOAD | Measurement Canada Approval\" href=\"http:\/\/www.anyload.com\/wp-content\/uploads\/2017\/07\/Anyload-FSP-HD-floor-scale.pdf\" target=\"_blank\" rel=\"noopener noreferrer\">Approbation de Mesures Canada<\/a><\/p>","protected":false},"excerpt":{"rendered":"<p>Les balances au sol en acier doux \u00e0 usage commercial ANYLOAD FSP-HD sont con\u00e7ues avec un cadre sym\u00e9trique en profil\u00e9 d'acier rigide de 6 mm d'\u00e9paisseur et une plaque de pont quadrill\u00e9e de 6 mm d'\u00e9paisseur avec une bande de roulement de s\u00e9curit\u00e9 en diamant robuste. La balance au sol FSP-HD est un mod\u00e8le industriel tr\u00e8s robuste, id\u00e9al pour les environnements industriels et commerciaux en raison de la durabilit\u00e9 assur\u00e9e par le support structurel du ch\u00e2ssis et des avantages en termes de s\u00e9curit\u00e9 de la surface quadrill\u00e9e antid\u00e9rapante et antid\u00e9rapante. Les balances au sol FSP-HD en acier doux pour usage intensif comprennent les \u00e9l\u00e9ments suivants ANYLOAD <a style=\"color: #ca0020;\" href=\"http:\/\/www.anyload.com\/en\/product\/563yh-single-ended-beam-load-cell\/\" target=\"_blank\" rel=\"noopener noreferrer\">capteurs en acier alli\u00e9<\/a>, <a style=\"color: #ca0020;\" href=\"http:\/\/www.anyload.com\/en\/product\/amf-load-cell-feet\/\" target=\"_blank\" rel=\"noopener noreferrer\">pieds r\u00e9glables en acier alli\u00e9<\/a> et un syst\u00e8me int\u00e9gr\u00e9 de <a style=\"color: #ca0020;\" href=\"http:\/\/www.anyload.com\/en\/product\/j04ea-16-j04sa-16-j-boxer\/\" target=\"_blank\" rel=\"noopener noreferrer\">bo\u00eete de jonction<\/a>Les autres caract\u00e9ristiques de conception comprennent des ajustements d'erreur d'angle finis en usine, une bulle de niveau int\u00e9gr\u00e9e et des trous de boulon \u00e0 \u0153il filet\u00e9s sur la plaque de pont pour les installations qui doivent fr\u00e9quemment d\u00e9placer l'emplacement de la balance au sol et qui doivent faciliter la mise \u00e0 niveau de la balance. Les balances au sol ANYLOAD sont couvertes par une garantie de 5 ans et sont disponibles dans des tailles standard ou personnalis\u00e9es. La balance FSP-HD est l\u00e9gale pour le commerce et certifi\u00e9e par Mesures Canada et NTEP :<\/p>\n<ul>\n<li>NTEP 1:6 000 Classe III, Certifi\u00e9 pour cellules multiples de 1Klb-10Klb<\/li>\n<li>NTEP 1:3 500 Classe III, cellule unique certifi\u00e9e de 1Klb-10Klb<\/li>\n<li>Capteurs de pesage certifi\u00e9s OIML MAA, CE, RoHS et ExNepsi<\/li>\n<li>P\u00e8se-personnes certifi\u00e9s NTEP : 3'x3\u2032 \u00e0 5'x5\u2032-1Klb \u00e0 10Klb Classe III<\/li>\n<li>P\u00e8se-personnes certifi\u00e9s par Mesures Canada : 3\u00d73-5Klb, 4\u00d74-5Klb, 5\u00d75-5Klb<\/li>\n<\/ul>\n<p style=\"color: #000000; font-size: 13px;\"><strong>L'ensemble complet comprend<\/strong><\/p>\n<ul>\n<li>Capteurs en acier alli\u00e9 IP67 <a style=\"color: #ca0020;\" href=\"http:\/\/www.anyload.com\/en\/product\/563yh-single-ended-beam-load-cell\/\" target=\"_blank\" rel=\"noopener noreferrer\">563YH,<\/a> Certifi\u00e9 OIML MAA et NTEP<\/li>\n<li>4 pieds pivotants en acier doux tr\u00e8s r\u00e9sistants <a style=\"color: #ca0020;\" href=\"http:\/\/www.anyload.com\/en\/product\/amf-load-cell-feet\/\" target=\"_blank\" rel=\"noopener noreferrer\">AMF-F-3\/4 ou AMF-F-M18<\/a> avec base amovible en caoutchouc<\/li>\n<li>2 boulons \u00e0 \u0153il<\/li>\n<li>1 Bo\u00eete de jonction en aluminium IP67 <a style=\"color: #ca0020;\" href=\"http:\/\/www.anyload.com\/en\/product\/j04ea-16-j04sa-16-j-boxer\/\" target=\"_blank\" rel=\"noopener noreferrer\">J04EA-16<\/a><\/li>\n<li>1 bulle de niveau<\/li>\n<\/ul>","protected":false},"featured_media":22263,"template":"","meta":{"_acf_changed":false,"site-sidebar-layout":"default","site-content-layout":"","ast-site-content-layout":"default","site-content-style":"default","site-sidebar-style":"default","ast-global-header-display":"","ast-banner-title-visibility":"","ast-main-header-display":"","ast-hfb-above-header-display":"","ast-hfb-below-header-display":"","ast-hfb-mobile-header-display":"","site-post-title":"","ast-breadcrumbs-content":"","ast-featured-img":"","footer-sml-layout":"","ast-disable-related-posts":"","theme-transparent-header-meta":"default","adv-header-id-meta":"","stick-header-meta":"default","header-above-stick-meta":"","header-main-stick-meta":"","header-below-stick-meta":"","astra-migrate-meta-layouts":"set","ast-page-background-enabled":"default","ast-page-background-meta":{"desktop":{"background-color":"var(--ast-global-color-4)","background-image":"","background-repeat":"repeat","background-position":"center center","background-size":"auto","background-attachment":"scroll","background-type":"","background-media":"","overlay-type":"","overlay-color":"","overlay-opacity":"","overlay-gradient":""},"tablet":{"background-color":"","background-image":"","background-repeat":"repeat","background-position":"center center","background-size":"auto","background-attachment":"scroll","background-type":"","background-media":"","overlay-type":"","overlay-color":"","overlay-opacity":"","overlay-gradient":""},"mobile":{"background-color":"","background-image":"","background-repeat":"repeat","background-position":"center center","background-size":"auto","background-attachment":"scroll","background-type":"","background-media":"","overlay-type":"","overlay-color":"","overlay-opacity":"","overlay-gradient":""}},"ast-content-background-meta":{"desktop":{"background-color":"var(--ast-global-color-5)","background-image":"","background-repeat":"repeat","background-position":"center center","background-size":"auto","background-attachment":"scroll","background-type":"","background-media":"","overlay-type":"","overlay-color":"","overlay-opacity":"","overlay-gradient":""},"tablet":{"background-color":"var(--ast-global-color-5)","background-image":"","background-repeat":"repeat","background-position":"center center","background-size":"auto","background-attachment":"scroll","background-type":"","background-media":"","overlay-type":"","overlay-color":"","overlay-opacity":"","overlay-gradient":""},"mobile":{"background-color":"var(--ast-global-color-5)","background-image":"","background-repeat":"repeat","background-position":"center center","background-size":"auto","background-attachment":"scroll","background-type":"","background-media":"","overlay-type":"","overlay-color":"","overlay-opacity":"","overlay-gradient":""}}},"product_brand":[],"product_cat":[28,44],"product_tag":[1653,1403,1404,1654,1398,1401,1402,1399,1400],"industries_product":[3312,3317,3320,3315],"application_product":[3324],"class_list":{"0":"post-8510","1":"product","2":"type-product","3":"status-publish","4":"has-post-thumbnail","6":"product_cat-scales","7":"product_cat-floor-scales","8":"product_tag-floor-scale","9":"product_tag-heavy-duty-floor-scale","10":"product_tag-heavy-duty-floor-scales","11":"product_tag-industrial-floor-scale","12":"product_tag-industrial-floor-scales","13":"product_tag-legal-for-trade-floor-scale","14":"product_tag-legal-for-trade-floor-scales","15":"product_tag-low-profile-floor-scale","16":"product_tag-low-profile-floor-scales","17":"pa_part-number-fsp4x4-5klb-hd","18":"pa_part-number-fsp4x4-10klb-hd","19":"pa_part-number-fsp4x4-2-5t-hd","20":"pa_part-number-fsp4x4-5t-hd","21":"industries_product-industry-agriculture-products","22":"industries_product-industry-concrete-products","23":"industries_product-industry-logistics-products","24":"industries_product-material-handling-products","25":"application_product-application-platform-products","26":"desktop-align-center","27":"tablet-align-left","28":"mobile-align-left","29":"ast-product-gallery-layout-horizontal-slider","30":"ast-magnify-disabled","31":"ast-product-single-variable","32":"ast-product-tabs-layout-horizontal","34":"first","35":"instock","36":"shipping-taxable","37":"purchasable","38":"product-type-variable"},"acf":[],"_links":{"self":[{"href":"https:\/\/www.anyload.com\/fr\/wp-json\/wp\/v2\/product\/8510","targetHints":{"allow":["GET"]}}],"collection":[{"href":"https:\/\/www.anyload.com\/fr\/wp-json\/wp\/v2\/product"}],"about":[{"href":"https:\/\/www.anyload.com\/fr\/wp-json\/wp\/v2\/types\/product"}],"wp:featuredmedia":[{"embeddable":true,"href":"https:\/\/www.anyload.com\/fr\/wp-json\/wp\/v2\/media\/22263"}],"wp:attachment":[{"href":"https:\/\/www.anyload.com\/fr\/wp-json\/wp\/v2\/media?parent=8510"}],"wp:term":[{"taxonomy":"product_brand","embeddable":true,"href":"https:\/\/www.anyload.com\/fr\/wp-json\/wp\/v2\/product_brand?post=8510"},{"taxonomy":"product_cat","embeddable":true,"href":"https:\/\/www.anyload.com\/fr\/wp-json\/wp\/v2\/product_cat?post=8510"},{"taxonomy":"product_tag","embeddable":true,"href":"https:\/\/www.anyload.com\/fr\/wp-json\/wp\/v2\/product_tag?post=8510"},{"taxonomy":"industries_product","embeddable":true,"href":"https:\/\/www.anyload.com\/fr\/wp-json\/wp\/v2\/industries_product?post=8510"},{"taxonomy":"application_product","embeddable":true,"href":"https:\/\/www.anyload.com\/fr\/wp-json\/wp\/v2\/application_product?post=8510"}],"curies":[{"name":"wp","href":"https:\/\/api.w.org\/{rel}","templated":true}]}}