{"id":8492,"date":"2014-07-23T11:31:47","date_gmt":"2014-07-23T18:31:47","guid":{"rendered":"http:\/\/anyloadgroup.com\/?post_type=product&#038;p=8492"},"modified":"2025-12-19T13:41:10","modified_gmt":"2025-12-19T21:41:10","slug":"fsp-legal-for-trade-mild-steel-floor-scale","status":"publish","type":"product","link":"https:\/\/www.anyload.com\/fr\/product\/fsp-legal-for-trade-mild-steel-floor-scale\/","title":{"rendered":"P\u00e8se-personne en acier doux FSP"},"content":{"rendered":"<ul>\n<li>Mild steel construction<\/li>\n<li>5mm thick deck plate with checkered safety tread<\/li>\n<li>Steel grid channel frame<\/li>\n<li>Powder coated with high quality industrial paint<\/li>\n<li>Supplied with aluminum junction box and 4 swivel feet<\/li>\n<li>Factory finished corner error adjustment<\/li>\n<li>NTEP 1:6 000 Classe III, Certifi\u00e9 pour cellules multiples de 1Klb-10Klb<\/li>\n<li>NTEP 1:3 500 Classe III, cellule unique certifi\u00e9e de 1Klb-10Klb<\/li>\n<li>CE, RoHS and ExNepsi certified load cells<\/li>\n<li>NTEP certified floor scales: 3&#215;3-5Klb, 4&#215;4-5Klb, 4&#215;4-10Klb<\/li>\n<li>P\u00e8se-personnes certifi\u00e9s par Mesures Canada : 3\u00d73-5Klb, 4\u00d74-5Klb, 5\u00d75-5Klb<\/li>\n<\/ul>\n<p>ANYLOAD FSP mild steel floor scales are engineered with a symmetrical grid channel frame and checkered deck plate. The FSP floor scale is ideal for industrial and commercial environments due to the durability provided by the structural support of the channel frame and safety benefits of the slip and skid resistant checkered surface. ANYLOAD floor scales include ANYLOAD alloy steel load cells, adjustable alloy steel feet and a built-in junction box. Additional design features include factory finished corner error adjustments, an integrated level bubble and threaded eyebolt holes on the deck plate for facilities that need to frequently move the location of the floor scale and need to facilitate the scale levelling. ANYLOAD floor scales are covered under warranty for a period of 3 years and are available in standard as well as custom sizes. The FSP is legal for trade and certified by Measurement Canada and NTEP.<\/p>\n<p style=\"text-align: justify;\"><img decoding=\"async\" class=\"alignnone size-full wp-image-3944\" src=\"\/wp-content\/uploads\/2014\/04\/pdf-.png\" alt=\"pdf-\" width=\"25\" height=\"25\" \/>\u00a0<a title=\"ANYLOAD | FSP Mild Steel Floor Scale\" href=\"https:\/\/www.anyload.com\/wp-content\/uploads\/2022\/07\/ANYLOAD-FSP-floor-scale.pdf\" target=\"_blank\" rel=\"noopener noreferrer\">Download data sheet<\/a><\/p>\n<p style=\"text-align: justify;\"><img decoding=\"async\" class=\"alignnone size-full wp-image-3944\" src=\"\/wp-content\/uploads\/2014\/04\/pdf-.png\" alt=\"pdf-\" width=\"25\" height=\"25\" \/>\u00a0<a title=\"ANYLOAD | FSP Mild Steel Floor Scale\" href=\"https:\/\/www.anyload.com\/wp-content\/uploads\/2020\/05\/Anyload-FSP-floor-scale-brochure.pdf\" target=\"_blank\" rel=\"noopener noreferrer\">Download brochure<\/a><\/p>\n<p style=\"text-align: justify;\"><img decoding=\"async\" class=\"alignnone size-full wp-image-3944\" src=\"\/wp-content\/uploads\/2014\/04\/pdf-.png\" alt=\"pdf-\" width=\"25\" height=\"25\" \/>\u00a0<a title=\"ANYLOAD | FSP Series Floor Scale Installation Manual\" href=\"http:\/\/www.anyload.com\/wp-content\/uploads\/2018\/10\/FSP-Floor-Scales-Installation-Guide-V1810.pdf\" target=\"_blank\" rel=\"noopener noreferrer\">Download manual<\/a><\/p>\n<p style=\"text-align: justify;\"><img decoding=\"async\" class=\"alignnone size-full wp-image-3944\" src=\"\/wp-content\/uploads\/2014\/04\/pdf-.png\" alt=\"pdf-\" width=\"25\" height=\"25\" \/>\u00a0<a title=\"ANYLOAD | NTEP Certificate of Conformance\" href=\"http:\/\/www.anyload.com\/en\/approvals\/national-conference-on-weights-and-measures\/\" target=\"_blank\" rel=\"noopener noreferrer\">Certificat de conformit\u00e9 NTEP<\/a><\/p>\n<p style=\"text-align: justify;\"><img decoding=\"async\" class=\"alignnone size-full wp-image-3944\" src=\"\/wp-content\/uploads\/2014\/04\/pdf-.png\" alt=\"pdf-\" width=\"25\" height=\"25\" \/>\u00a0<a title=\"ANYLOAD | Measurement Canada Approval\" href=\"http:\/\/www.anyload.com\/fr\/approbations\/mesure-canada\/\" target=\"_blank\" rel=\"noopener noreferrer\">Approbation de Mesures Canada<\/a><\/p>","protected":false},"excerpt":{"rendered":"<p>Les balances au sol en acier doux ANYLOAD FSP sont con\u00e7ues avec un cadre sym\u00e9trique en forme de grille et une plaque de pont \u00e0 carreaux avec une bande de roulement de s\u00e9curit\u00e9 robuste en diamant. La balance au sol FSP est de conception industrielle robuste et est id\u00e9ale pour les environnements industriels et commerciaux en raison de la durabilit\u00e9 assur\u00e9e par le support structurel du cadre \u00e0 canaux et des avantages en termes de s\u00e9curit\u00e9 de la surface quadrill\u00e9e antid\u00e9rapante et antid\u00e9rapante. Les balances au sol FSP comprennent ANYLOAD <a style=\"color: #ca0020;\" href=\"https:\/\/www.anyload.com\/fr\/product\/563yh-23-single-ended-beam-load-cell\/\" target=\"_blank\" rel=\"noopener noreferrer\">capteurs en acier alli\u00e9<\/a>, <a style=\"color: #ca0020;\" href=\"http:\/\/www.anyload.com\/en\/product\/amf-load-cell-feet\/\" target=\"_blank\" rel=\"noopener noreferrer\">pieds r\u00e9glables en acier alli\u00e9<\/a> et un syst\u00e8me int\u00e9gr\u00e9 de <a style=\"color: #ca0020;\" href=\"http:\/\/www.anyload.com\/en\/product\/j04ea-16-j04sa-16-j-boxer\/\" target=\"_blank\" rel=\"noopener noreferrer\">bo\u00eete de jonction<\/a>D'autres caract\u00e9ristiques de conception comprennent des ajustements d'erreur d'angle finis en usine, une bulle de niveau int\u00e9gr\u00e9e et des trous de boulon \u00e0 \u0153il filet\u00e9s sur la plaque de pont pour les installations qui doivent fr\u00e9quemment d\u00e9placer l'emplacement de la balance au sol et qui doivent faciliter la mise \u00e0 niveau de la balance. Les balances au sol FSP sont couvertes par une garantie de 3 ans et sont disponibles dans des tailles standard ou personnalis\u00e9es. La balance au sol FSP est l\u00e9gale pour le commerce et certifi\u00e9e par Mesures Canada et NTEP :<\/p>\n<ul>\n<li>NTEP 1:6 000 Classe III, Certifi\u00e9 pour cellules multiples de 1Klb-10Klb<\/li>\n<li>NTEP 1:3 500 Classe III, cellule unique certifi\u00e9e de 1Klb-10Klb<\/li>\n<li>Capteurs de pesage certifi\u00e9s OIML MAA, CE, RoHS et ExNepsi<\/li>\n<li>P\u00e8se-personnes certifi\u00e9s NTEP : 3'x3\u2032 \u00e0 5'x5\u2032-1Klb \u00e0 10Klb Classe III<\/li>\n<li>P\u00e8se-personnes certifi\u00e9s par Mesures Canada : 3\u00d73-5Klb, 4\u00d74-5Klb, 5\u00d75-5Klb<\/li>\n<\/ul>\n<p style=\"color: #000000; font-size: 13px;\"><strong>L'ensemble complet comprend<\/strong><\/p>\n<ul>\n<li>Capteurs en acier alli\u00e9 IP67 <a style=\"color: #ca0020;\" href=\"https:\/\/www.anyload.com\/fr\/product\/563yh-23-single-ended-beam-load-cell\/\" target=\"_blank\" rel=\"noopener noreferrer\">563YH-23,<\/a> Certifi\u00e9 OIML MAA et NTEP<\/li>\n<li>4 pieds pivotants en acier doux <a style=\"color: #ca0020;\" href=\"http:\/\/www.anyload.com\/en\/product\/amf-load-cell-feet\/\" target=\"_blank\" rel=\"noopener noreferrer\">AMF<\/a> avec base amovible en caoutchouc<\/li>\n<li>2 boulons \u00e0 \u0153il<\/li>\n<li>1 Bo\u00eete de jonction en aluminium IP67 <a style=\"color: #ca0020;\" href=\"http:\/\/www.anyload.com\/en\/product\/j04ea-16-j04sa-16-j-boxer\/\" target=\"_blank\" rel=\"noopener noreferrer\">J04EA-16<\/a><\/li>\n<li>1 bulle de niveau<\/li>\n<\/ul>","protected":false},"featured_media":38398,"template":"","meta":{"_acf_changed":false,"site-sidebar-layout":"default","site-content-layout":"","ast-site-content-layout":"default","site-content-style":"default","site-sidebar-style":"default","ast-global-header-display":"","ast-banner-title-visibility":"","ast-main-header-display":"","ast-hfb-above-header-display":"","ast-hfb-below-header-display":"","ast-hfb-mobile-header-display":"","site-post-title":"","ast-breadcrumbs-content":"","ast-featured-img":"","footer-sml-layout":"","ast-disable-related-posts":"","theme-transparent-header-meta":"default","adv-header-id-meta":"","stick-header-meta":"default","header-above-stick-meta":"","header-main-stick-meta":"","header-below-stick-meta":"","astra-migrate-meta-layouts":"set","ast-page-background-enabled":"default","ast-page-background-meta":{"desktop":{"background-color":"var(--ast-global-color-4)","background-image":"","background-repeat":"repeat","background-position":"center center","background-size":"auto","background-attachment":"scroll","background-type":"","background-media":"","overlay-type":"","overlay-color":"","overlay-opacity":"","overlay-gradient":""},"tablet":{"background-color":"","background-image":"","background-repeat":"repeat","background-position":"center center","background-size":"auto","background-attachment":"scroll","background-type":"","background-media":"","overlay-type":"","overlay-color":"","overlay-opacity":"","overlay-gradient":""},"mobile":{"background-color":"","background-image":"","background-repeat":"repeat","background-position":"center center","background-size":"auto","background-attachment":"scroll","background-type":"","background-media":"","overlay-type":"","overlay-color":"","overlay-opacity":"","overlay-gradient":""}},"ast-content-background-meta":{"desktop":{"background-color":"var(--ast-global-color-5)","background-image":"","background-repeat":"repeat","background-position":"center center","background-size":"auto","background-attachment":"scroll","background-type":"","background-media":"","overlay-type":"","overlay-color":"","overlay-opacity":"","overlay-gradient":""},"tablet":{"background-color":"var(--ast-global-color-5)","background-image":"","background-repeat":"repeat","background-position":"center center","background-size":"auto","background-attachment":"scroll","background-type":"","background-media":"","overlay-type":"","overlay-color":"","overlay-opacity":"","overlay-gradient":""},"mobile":{"background-color":"var(--ast-global-color-5)","background-image":"","background-repeat":"repeat","background-position":"center center","background-size":"auto","background-attachment":"scroll","background-type":"","background-media":"","overlay-type":"","overlay-color":"","overlay-opacity":"","overlay-gradient":""}}},"product_brand":[],"product_cat":[44,28],"product_tag":[1653,1654,1398,1401,1402,1399,1400],"industries_product":[3312,3320,3315,3319],"application_product":[3324],"class_list":{"0":"post-8492","1":"product","2":"type-product","3":"status-publish","4":"has-post-thumbnail","6":"product_cat-floor-scales","7":"product_cat-scales","8":"product_tag-floor-scale","9":"product_tag-industrial-floor-scale","10":"product_tag-industrial-floor-scales","11":"product_tag-legal-for-trade-floor-scale","12":"product_tag-legal-for-trade-floor-scales","13":"product_tag-low-profile-floor-scale","14":"product_tag-low-profile-floor-scales","15":"pa_part-number-fsp3x3-1klb","16":"pa_part-number-fsp3x3-1t","17":"pa_part-number-fsp3x3-2-5t","18":"pa_part-number-fsp3x3-2klb","19":"pa_part-number-fsp3x3-500kg","20":"pa_part-number-fsp3x3-5klb","21":"pa_part-number-fsp4x4-10klb","22":"pa_part-number-fsp4x4-1klb","23":"pa_part-number-fsp4x4-1t","24":"pa_part-number-fsp4x4-2-5t","25":"pa_part-number-fsp4x4-2klb","26":"pa_part-number-fsp4x4-500kg","27":"pa_part-number-fsp4x4-5klb","28":"pa_part-number-fsp4x4-5t","29":"pa_part-number-fsp4x6-10klb","30":"pa_part-number-fsp4x6-2-5t","31":"pa_part-number-fsp4x6-5klb","32":"pa_part-number-fsp4x6-5t","33":"pa_part-number-fsp5x5-10klb","34":"pa_part-number-fsp5x5-10klb-le","35":"pa_part-number-fsp5x5-2-5t","36":"pa_part-number-fsp5x5-5klb","37":"pa_part-number-fsp5x5-5t","38":"pa_part-number-fsp5x7-10klb","39":"pa_part-number-fsp5x7-2-5t","40":"pa_part-number-fsp5x7-5klb","41":"pa_part-number-fsp5x7-5t","42":"industries_product-industry-agriculture-products","43":"industries_product-industry-logistics-products","44":"industries_product-material-handling-products","45":"industries_product-industry-packaging-products","46":"application_product-application-platform-products","47":"desktop-align-center","48":"tablet-align-left","49":"mobile-align-left","50":"ast-product-gallery-layout-horizontal-slider","51":"ast-magnify-disabled","52":"ast-product-single-variable","53":"ast-product-tabs-layout-horizontal","55":"first","56":"instock","57":"shipping-taxable","58":"purchasable","59":"product-type-variable"},"acf":[],"_links":{"self":[{"href":"https:\/\/www.anyload.com\/fr\/wp-json\/wp\/v2\/product\/8492","targetHints":{"allow":["GET"]}}],"collection":[{"href":"https:\/\/www.anyload.com\/fr\/wp-json\/wp\/v2\/product"}],"about":[{"href":"https:\/\/www.anyload.com\/fr\/wp-json\/wp\/v2\/types\/product"}],"wp:featuredmedia":[{"embeddable":true,"href":"https:\/\/www.anyload.com\/fr\/wp-json\/wp\/v2\/media\/38398"}],"wp:attachment":[{"href":"https:\/\/www.anyload.com\/fr\/wp-json\/wp\/v2\/media?parent=8492"}],"wp:term":[{"taxonomy":"product_brand","embeddable":true,"href":"https:\/\/www.anyload.com\/fr\/wp-json\/wp\/v2\/product_brand?post=8492"},{"taxonomy":"product_cat","embeddable":true,"href":"https:\/\/www.anyload.com\/fr\/wp-json\/wp\/v2\/product_cat?post=8492"},{"taxonomy":"product_tag","embeddable":true,"href":"https:\/\/www.anyload.com\/fr\/wp-json\/wp\/v2\/product_tag?post=8492"},{"taxonomy":"industries_product","embeddable":true,"href":"https:\/\/www.anyload.com\/fr\/wp-json\/wp\/v2\/industries_product?post=8492"},{"taxonomy":"application_product","embeddable":true,"href":"https:\/\/www.anyload.com\/fr\/wp-json\/wp\/v2\/application_product?post=8492"}],"curies":[{"name":"wp","href":"https:\/\/api.w.org\/{rel}","templated":true}]}}