{"id":704,"date":"2014-03-03T11:23:01","date_gmt":"2014-03-03T19:23:01","guid":{"rendered":"http:\/\/anyloadgroup.com\/?post_type=product&#038;p=704"},"modified":"2026-03-27T17:02:33","modified_gmt":"2026-03-28T00:02:33","slug":"csk-cable-splicing-kit","status":"publish","type":"product","link":"https:\/\/www.anyload.com\/fr\/product\/csk-cable-splicing-kit\/","title":{"rendered":"CSK Kit d'\u00e9pissure de c\u00e2ble"},"content":{"rendered":"<p>Les kits d'\u00e9pissage de c\u00e2bles de capteurs de pesage ANYLOAD offrent des solutions rapides et faciles pour les c\u00e2bles de capteurs de pesage endommag\u00e9s. Le kit d'\u00e9pissage de c\u00e2ble CSK est \u00e9quip\u00e9 de deux connecteurs de c\u00e2ble PG9 pour une installation facile. Le kit d'\u00e9pissage CSK est dot\u00e9 de deux trous de passage pour une installation facile et permet de raccorder le c\u00e2ble endommag\u00e9 tout en prot\u00e9geant le capteur de pesage de l'eau et de l'humidit\u00e9.<\/p>","protected":false},"excerpt":{"rendered":"<div class=\"product-desc\">\n<p>Les kits d'\u00e9pissage de c\u00e2bles de capteurs de pesage ANYLOAD offrent des solutions rapides et faciles pour les c\u00e2bles de capteurs de pesage endommag\u00e9s. Le kit d'\u00e9pissage de c\u00e2ble CSK est \u00e9quip\u00e9 de deux connecteurs de c\u00e2ble PG9 pour une installation facile. Le kit d'\u00e9pissage CSK est dot\u00e9 de deux trous de passage pour une installation facile et permet de raccorder le c\u00e2ble endommag\u00e9 tout en prot\u00e9geant le capteur de pesage de l'eau et de l'humidit\u00e9.<\/p>\n<\/div>\n<div class=\"ds-btn-row\">\n  <a class=\"ds-btn\" href=\"https:\/\/www.anyload.com\/wp-content\/uploads\/2014\/03\/CSK-cable-splicing-kit-1.pdf\" target=\"_blank\" rel=\"noopener\">Fiche technique<\/a><\/p>\n<\/div>","protected":false},"featured_media":22079,"template":"","meta":{"_acf_changed":false,"site-sidebar-layout":"default","site-content-layout":"default","ast-site-content-layout":"default","site-content-style":"default","site-sidebar-style":"default","ast-global-header-display":"","ast-banner-title-visibility":"","ast-main-header-display":"","ast-hfb-above-header-display":"","ast-hfb-below-header-display":"","ast-hfb-mobile-header-display":"","site-post-title":"","ast-breadcrumbs-content":"","ast-featured-img":"","footer-sml-layout":"","ast-disable-related-posts":"","theme-transparent-header-meta":"default","adv-header-id-meta":"","stick-header-meta":"default","header-above-stick-meta":"","header-main-stick-meta":"","header-below-stick-meta":"","astra-migrate-meta-layouts":"set","ast-page-background-enabled":"default","ast-page-background-meta":{"desktop":{"background-color":"var(--ast-global-color-4)","background-image":"","background-repeat":"repeat","background-position":"center center","background-size":"auto","background-attachment":"scroll","background-type":"","background-media":"","overlay-type":"","overlay-color":"","overlay-opacity":"","overlay-gradient":""},"tablet":{"background-color":"","background-image":"","background-repeat":"repeat","background-position":"center center","background-size":"auto","background-attachment":"scroll","background-type":"","background-media":"","overlay-type":"","overlay-color":"","overlay-opacity":"","overlay-gradient":""},"mobile":{"background-color":"","background-image":"","background-repeat":"repeat","background-position":"center center","background-size":"auto","background-attachment":"scroll","background-type":"","background-media":"","overlay-type":"","overlay-color":"","overlay-opacity":"","overlay-gradient":""}},"ast-content-background-meta":{"desktop":{"background-color":"var(--ast-global-color-5)","background-image":"","background-repeat":"repeat","background-position":"center center","background-size":"auto","background-attachment":"scroll","background-type":"","background-media":"","overlay-type":"","overlay-color":"","overlay-opacity":"","overlay-gradient":""},"tablet":{"background-color":"var(--ast-global-color-5)","background-image":"","background-repeat":"repeat","background-position":"center center","background-size":"auto","background-attachment":"scroll","background-type":"","background-media":"","overlay-type":"","overlay-color":"","overlay-opacity":"","overlay-gradient":""},"mobile":{"background-color":"var(--ast-global-color-5)","background-image":"","background-repeat":"repeat","background-position":"center center","background-size":"auto","background-attachment":"scroll","background-type":"","background-media":"","overlay-type":"","overlay-color":"","overlay-opacity":"","overlay-gradient":""}}},"product_brand":[],"product_cat":[1313,26],"product_tag":[],"industries_product":[],"application_product":[],"class_list":{"0":"post-704","1":"product","2":"type-product","3":"status-publish","4":"has-post-thumbnail","6":"product_cat-cable-and-cable-connectors-accessories","7":"product_cat-hardware-and-accessories-categories","8":"pa_part-number-csk","9":"pa_part-number-csk-b","10":"desktop-align-center","11":"tablet-align-left","12":"mobile-align-left","13":"ast-product-gallery-layout-horizontal-slider","14":"ast-product-gallery-with-no-image","15":"ast-magnify-disabled","16":"ast-product-single-variable","17":"ast-product-tabs-layout-horizontal","19":"first","20":"instock","21":"shipping-taxable","22":"purchasable","23":"product-type-variable"},"acf":[],"_links":{"self":[{"href":"https:\/\/www.anyload.com\/fr\/wp-json\/wp\/v2\/product\/704","targetHints":{"allow":["GET"]}}],"collection":[{"href":"https:\/\/www.anyload.com\/fr\/wp-json\/wp\/v2\/product"}],"about":[{"href":"https:\/\/www.anyload.com\/fr\/wp-json\/wp\/v2\/types\/product"}],"wp:featuredmedia":[{"embeddable":true,"href":"https:\/\/www.anyload.com\/fr\/wp-json\/wp\/v2\/media\/22079"}],"wp:attachment":[{"href":"https:\/\/www.anyload.com\/fr\/wp-json\/wp\/v2\/media?parent=704"}],"wp:term":[{"taxonomy":"product_brand","embeddable":true,"href":"https:\/\/www.anyload.com\/fr\/wp-json\/wp\/v2\/product_brand?post=704"},{"taxonomy":"product_cat","embeddable":true,"href":"https:\/\/www.anyload.com\/fr\/wp-json\/wp\/v2\/product_cat?post=704"},{"taxonomy":"product_tag","embeddable":true,"href":"https:\/\/www.anyload.com\/fr\/wp-json\/wp\/v2\/product_tag?post=704"},{"taxonomy":"industries_product","embeddable":true,"href":"https:\/\/www.anyload.com\/fr\/wp-json\/wp\/v2\/industries_product?post=704"},{"taxonomy":"application_product","embeddable":true,"href":"https:\/\/www.anyload.com\/fr\/wp-json\/wp\/v2\/application_product?post=704"}],"curies":[{"name":"wp","href":"https:\/\/api.w.org\/{rel}","templated":true}]}}