{"id":666,"date":"2014-02-28T14:30:51","date_gmt":"2014-02-28T22:30:51","guid":{"rendered":"http:\/\/anyloadgroup.com\/?post_type=product&#038;p=666"},"modified":"2025-12-19T15:39:57","modified_gmt":"2025-12-19T23:39:57","slug":"la2-lightning-arrester-stainless-steel-ip66","status":"publish","type":"product","link":"https:\/\/www.anyload.com\/fr\/product\/la2-lightning-arrester-stainless-steel-ip66\/","title":{"rendered":"Parafoudre LA2"},"content":{"rendered":"<p>Les parafoudres ANYLOAD sont con\u00e7us pour prot\u00e9ger les appareils \u00e9lectriques contre la foudre et les coups de tension en bloquant ou en d\u00e9tournant en toute s\u00e9curit\u00e9 les surtensions transitoires. \u00c9quip\u00e9s de tubes \u00e0 d\u00e9charge, les tubes sont activ\u00e9s si la tension est sup\u00e9rieure \u00e0 90 VAV et prot\u00e8gent les appareils \u00e9lectriques en d\u00e9tournant les pointes de tension vers la terre. Le parafoudre LA2 poss\u00e8de un fil de terre qui est connect\u00e9 au bo\u00eetier en acier inoxydable et doit \u00eatre fermement mis \u00e0 la terre pour que la protection du syst\u00e8me fonctionne.<\/p>\n<table border=\"1\" cellspacing=\"0\" cellpadding=\"0\">\n<tbody>\n<tr>\n<td valign=\"top\" width=\"319\">Energize DC Voltage<\/td>\n<td valign=\"top\" width=\"319\">90V DC<\/td>\n<\/tr>\n<tr>\n<td valign=\"top\" width=\"319\">Energize DC Voltage Tolerance<\/td>\n<td valign=\"top\" width=\"319\">\u00b125%<\/td>\n<\/tr>\n<tr>\n<td valign=\"top\" width=\"319\">Excitation Voltage<\/td>\n<td valign=\"top\" width=\"319\">\u2264 700V DC<\/td>\n<\/tr>\n<tr>\n<td valign=\"top\" width=\"319\">Excitation Current<\/td>\n<td valign=\"top\" width=\"319\">10 KA<\/td>\n<\/tr>\n<tr>\n<td valign=\"top\" width=\"319\">Maximum Current<\/td>\n<td valign=\"top\" width=\"319\">10 A<\/td>\n<\/tr>\n<tr>\n<td valign=\"top\" width=\"319\">R\u00e9sistance de l'isolation<\/td>\n<td valign=\"top\" width=\"319\">\u226510 (50V DC) G\u03a9<\/td>\n<\/tr>\n<tr>\n<td valign=\"top\" width=\"319\">Capacitance<\/td>\n<td valign=\"top\" width=\"319\">\u2264 1 (1KHz) PF<\/td>\n<\/tr>\n<tr>\n<td valign=\"top\" width=\"319\">Surge Voltage Capacity<\/td>\n<td valign=\"top\" width=\"319\">10KV (8\/20\u03bcs)<\/td>\n<\/tr>\n<tr>\n<td valign=\"top\" width=\"319\">Indice de protection IP<\/td>\n<td valign=\"top\" width=\"319\">IP66<\/td>\n<\/tr>\n<\/tbody>\n<\/table>\n<p style=\"text-align: justify;\"><img decoding=\"async\" class=\"alignnone size-full wp-image-3944\" src=\"\/wp-content\/uploads\/2014\/04\/pdf-.png\" alt=\"pdf-\" width=\"25\" height=\"25\" \/>\u00a0<a title=\"ANYLOAD | LA Lightning Arrester\" href=\"https:\/\/www.anyload.com\/wp-content\/uploads\/2021\/03\/Anyload-LA-lightning-arrester.pdf\" target=\"_blank\" rel=\"noopener noreferrer\">Download data sheet<\/a><\/p>","protected":false},"excerpt":{"rendered":"<p>Les parafoudres ANYLOAD sont con\u00e7us pour prot\u00e9ger les appareils \u00e9lectriques contre la foudre et les coups de tension en bloquant ou en d\u00e9tournant en toute s\u00e9curit\u00e9 les surtensions transitoires. \u00c9quip\u00e9s de tubes \u00e0 d\u00e9charge, les tubes sont activ\u00e9s si la tension est sup\u00e9rieure \u00e0 90 VAV et prot\u00e8gent les appareils \u00e9lectriques en d\u00e9tournant les pointes de tension vers la terre. Le parafoudre LA2 poss\u00e8de un fil de terre qui est connect\u00e9 au bo\u00eetier en acier inoxydable et doit \u00eatre fermement mis \u00e0 la terre pour que la protection du syst\u00e8me fonctionne.<\/p>","protected":false},"featured_media":39339,"template":"","meta":{"_acf_changed":false,"site-sidebar-layout":"default","site-content-layout":"default","ast-site-content-layout":"default","site-content-style":"default","site-sidebar-style":"default","ast-global-header-display":"","ast-banner-title-visibility":"","ast-main-header-display":"","ast-hfb-above-header-display":"","ast-hfb-below-header-display":"","ast-hfb-mobile-header-display":"","site-post-title":"","ast-breadcrumbs-content":"","ast-featured-img":"","footer-sml-layout":"","ast-disable-related-posts":"","theme-transparent-header-meta":"default","adv-header-id-meta":"","stick-header-meta":"default","header-above-stick-meta":"","header-main-stick-meta":"","header-below-stick-meta":"","astra-migrate-meta-layouts":"set","ast-page-background-enabled":"default","ast-page-background-meta":{"desktop":{"background-color":"var(--ast-global-color-4)","background-image":"","background-repeat":"repeat","background-position":"center center","background-size":"auto","background-attachment":"scroll","background-type":"","background-media":"","overlay-type":"","overlay-color":"","overlay-opacity":"","overlay-gradient":""},"tablet":{"background-color":"","background-image":"","background-repeat":"repeat","background-position":"center center","background-size":"auto","background-attachment":"scroll","background-type":"","background-media":"","overlay-type":"","overlay-color":"","overlay-opacity":"","overlay-gradient":""},"mobile":{"background-color":"","background-image":"","background-repeat":"repeat","background-position":"center center","background-size":"auto","background-attachment":"scroll","background-type":"","background-media":"","overlay-type":"","overlay-color":"","overlay-opacity":"","overlay-gradient":""}},"ast-content-background-meta":{"desktop":{"background-color":"var(--ast-global-color-5)","background-image":"","background-repeat":"repeat","background-position":"center center","background-size":"auto","background-attachment":"scroll","background-type":"","background-media":"","overlay-type":"","overlay-color":"","overlay-opacity":"","overlay-gradient":""},"tablet":{"background-color":"var(--ast-global-color-5)","background-image":"","background-repeat":"repeat","background-position":"center center","background-size":"auto","background-attachment":"scroll","background-type":"","background-media":"","overlay-type":"","overlay-color":"","overlay-opacity":"","overlay-gradient":""},"mobile":{"background-color":"var(--ast-global-color-5)","background-image":"","background-repeat":"repeat","background-position":"center center","background-size":"auto","background-attachment":"scroll","background-type":"","background-media":"","overlay-type":"","overlay-color":"","overlay-opacity":"","overlay-gradient":""}}},"product_brand":[],"product_cat":[26,3005],"product_tag":[],"industries_product":[],"application_product":[3321],"class_list":{"0":"post-666","1":"product","2":"type-product","3":"status-publish","4":"has-post-thumbnail","6":"product_cat-hardware-and-accessories-categories","7":"product_cat-other-instruments","8":"pa_part-number-la2","9":"application_product-application-truck-scale-products","10":"desktop-align-center","11":"tablet-align-left","12":"mobile-align-left","13":"ast-product-gallery-layout-horizontal-slider","14":"ast-magnify-disabled","15":"ast-product-single-variable","16":"ast-product-tabs-layout-horizontal","18":"first","19":"instock","20":"shipping-taxable","21":"purchasable","22":"product-type-variable"},"acf":[],"_links":{"self":[{"href":"https:\/\/www.anyload.com\/fr\/wp-json\/wp\/v2\/product\/666","targetHints":{"allow":["GET"]}}],"collection":[{"href":"https:\/\/www.anyload.com\/fr\/wp-json\/wp\/v2\/product"}],"about":[{"href":"https:\/\/www.anyload.com\/fr\/wp-json\/wp\/v2\/types\/product"}],"wp:featuredmedia":[{"embeddable":true,"href":"https:\/\/www.anyload.com\/fr\/wp-json\/wp\/v2\/media\/39339"}],"wp:attachment":[{"href":"https:\/\/www.anyload.com\/fr\/wp-json\/wp\/v2\/media?parent=666"}],"wp:term":[{"taxonomy":"product_brand","embeddable":true,"href":"https:\/\/www.anyload.com\/fr\/wp-json\/wp\/v2\/product_brand?post=666"},{"taxonomy":"product_cat","embeddable":true,"href":"https:\/\/www.anyload.com\/fr\/wp-json\/wp\/v2\/product_cat?post=666"},{"taxonomy":"product_tag","embeddable":true,"href":"https:\/\/www.anyload.com\/fr\/wp-json\/wp\/v2\/product_tag?post=666"},{"taxonomy":"industries_product","embeddable":true,"href":"https:\/\/www.anyload.com\/fr\/wp-json\/wp\/v2\/industries_product?post=666"},{"taxonomy":"application_product","embeddable":true,"href":"https:\/\/www.anyload.com\/fr\/wp-json\/wp\/v2\/application_product?post=666"}],"curies":[{"name":"wp","href":"https:\/\/api.w.org\/{rel}","templated":true}]}}