{"id":6059,"date":"2014-05-19T08:56:04","date_gmt":"2014-05-19T15:56:04","guid":{"rendered":"http:\/\/anyloadgroup.com\/?post_type=product&#038;p=6059"},"modified":"2025-12-19T13:41:23","modified_gmt":"2025-12-19T21:41:23","slug":"110rh-dynamometer","status":"publish","type":"product","link":"https:\/\/www.anyload.com\/fr\/product\/110rh-dynamometer\/","title":{"rendered":"110RH, 110RH-ST TENSLINK Tension Link or Dynamometer"},"content":{"rendered":"<ul>\n<li>Material: Alloy steel with PVC Protection<\/li>\n<li>Capacit\u00e9s nominales : 500kg, 1t, 2t, 3t, 5t, 10t, 20t, 30t, 50t, 100t<\/li>\n<li>Sortie pleine \u00e9chelle : 2mV\/V \u00b1 0,25%<\/li>\n<li>Surcharge s\u00fbre : 200% de la pleine \u00e9chelle<\/li>\n<li>Surcharge de rupture : 500% de la pleine \u00e9chelle<\/li>\n<li>Indice de protection IP : IP67<\/li>\n<li>NTEP 1:3000 Class III, Single Cell certified from 500kg-3t<\/li>\n<li>NTEP 1:5000 Class III, Multiple Cell certified from 500kg-3t<\/li>\n<li>NTEP 1:3000, up to 1:6000 Class III, Multiple Cell and Single Cell certified from 5t-50t<\/li>\n<li>OIML MAA C3, Y=15 000 certified from 1t-10t<\/li>\n<li>OIML MAA C3, up to C6, Y=13 5000 certified from 10t-50t<\/li>\n<li>Certifi\u00e9 CE et RoHS<\/li>\n<\/ul>\n<table>\n<tbody>\n<tr>\n<td width=\"319\">Capacit\u00e9 nominale<\/td>\n<td width=\"319\">500kg, 1t, 2t, 3t, 5t, 10t, 20t, 30t, 50t, 100t<\/td>\n<\/tr>\n<tr>\n<td width=\"319\">Sortie pleine \u00e9chelle<\/td>\n<td width=\"319\">2mV\/V \u00b1 0,25%<\/td>\n<\/tr>\n<tr>\n<td width=\"319\">Solde z\u00e9ro<\/td>\n<td width=\"319\">\u00b1 0,02mV\/V<\/td>\n<\/tr>\n<tr>\n<td width=\"319\">Non-lin\u00e9arit\u00e9<\/td>\n<td width=\"319\">&lt; \u00b1 0.03%<\/td>\n<\/tr>\n<tr>\n<td width=\"319\">R\u00e9p\u00e9tabilit\u00e9<\/td>\n<td width=\"319\">&lt; \u00b1 0.03%<\/td>\n<\/tr>\n<tr>\n<td width=\"319\">Erreur d'hyst\u00e9r\u00e9sis<\/td>\n<td width=\"319\">&lt; \u00b1 0.03%<\/td>\n<\/tr>\n<tr>\n<td width=\"319\">La reptation en 30 minutes<\/td>\n<td width=\"319\">&lt; \u00b1 0.03%<\/td>\n<\/tr>\n<tr>\n<td width=\"319\">R\u00e9sistance d'entr\u00e9e<\/td>\n<td width=\"319\">1100\u03a9 \u00b150\u03a9<\/td>\n<\/tr>\n<tr>\n<td width=\"319\">R\u00e9sistance de sortie<\/td>\n<td width=\"319\">1000\u03a9 \u00b1 10\u03a9<\/td>\n<\/tr>\n<tr>\n<td width=\"319\">Excitation recommand\u00e9e<\/td>\n<td width=\"319\">10V (15V maximum)<\/td>\n<\/tr>\n<tr>\n<td width=\"319\">R\u00e9sistance de l'isolation<\/td>\n<td width=\"319\">&gt; 2G\u03a9 (50V DC)<\/td>\n<\/tr>\n<tr>\n<td width=\"319\">Effet de la temp\u00e9rature sur la sensibilit\u00e9<\/td>\n<td width=\"319\">&lt; \u00b10.004% of Cn\/k<\/td>\n<\/tr>\n<tr>\n<td width=\"319\">Effet de la temp\u00e9rature sur l'\u00e9quilibre du z\u00e9ro<\/td>\n<td width=\"319\">&lt; \u00b1 0.005% of Cn\/k<\/td>\n<\/tr>\n<tr>\n<td width=\"319\">Plage de temp\u00e9rature compens\u00e9e<\/td>\n<td width=\"319\"><strong>-<\/strong>10\u00b0C \u00e0 50\u00b0C\/14\u00b0F \u00e0 122\u00b0F<\/td>\n<\/tr>\n<tr>\n<td width=\"319\">Plage de temp\u00e9rature de service<\/td>\n<td width=\"319\"><strong>-<\/strong>30\u00b0C to 70\u00b0C\/-22\u00b0F to 158\u00b0F<\/td>\n<\/tr>\n<tr>\n<td width=\"319\">Plage de temp\u00e9rature de stockage<\/td>\n<td width=\"319\">De -50\u00b0C \u00e0 85\u00b0C\/-58\u00b0F \u00e0 185\u00b0F<\/td>\n<\/tr>\n<tr>\n<td width=\"319\">Surcharge s\u00fbre<\/td>\n<td width=\"319\">200% de la pleine \u00e9chelle<\/td>\n<\/tr>\n<tr>\n<td width=\"319\">Rompre la surcharge<\/td>\n<td width=\"319\">500% de la pleine \u00e9chelle<\/td>\n<\/tr>\n<tr>\n<td width=\"319\">Type de joint<\/td>\n<td width=\"319\">\u00c9tanch\u00e9it\u00e9 \u00e0 l'environnement<\/td>\n<\/tr>\n<tr>\n<td width=\"319\">Indice de protection IP<\/td>\n<td width=\"319\">IP67<\/td>\n<\/tr>\n<\/tbody>\n<\/table>\n<p style=\"text-align: justify;\"><img decoding=\"async\" class=\"alignnone size-full wp-image-3944\" src=\"\/wp-content\/uploads\/2014\/04\/pdf-.png\" alt=\"pdf-\" width=\"25\" height=\"25\" \/><a title=\"ANYLOAD | 110RH Dynamometer and Tension Link Load Cell\" href=\"https:\/\/www.anyload.com\/wp-content\/uploads\/2021\/08\/110RH-ST-load-cell-transducer.pdf\" target=\"_blank\" rel=\"noopener noreferrer\"> Download data sheet<\/a><\/p>\n<p><img decoding=\"async\" class=\"alignnone size-full wp-image-3944\" src=\"\/wp-content\/uploads\/2014\/04\/pdf-.png\" alt=\"pdf-\" width=\"25\" height=\"25\" \/> <a title=\"ANYLOAD | NTEP Certificate of Conformance\" href=\"http:\/\/www.anyload.com\/fr\/approbations\/conference-nationale-sur-les-poids-et-mesures\/\" target=\"_blank\" rel=\"noopener noreferrer\">Certificat de conformit\u00e9 NTEP<\/a><\/p>\n<p><img decoding=\"async\" class=\"alignnone size-full wp-image-3944\" src=\"\/wp-content\/uploads\/2014\/04\/pdf-.png\" alt=\"pdf-\" width=\"25\" height=\"25\" \/> <a title=\"ANYLOAD | OIML Certificate of Conformity\" href=\"http:\/\/www.anyload.com\/fr\/approbations\/organisation-internationale-de-meteorologie-legale\/\" target=\"_blank\" rel=\"noopener noreferrer\">Certificat de conformit\u00e9 OIML<\/a><\/p>\n<p><img decoding=\"async\" class=\"alignnone size-full wp-image-3944\" src=\"\/wp-content\/uploads\/2014\/04\/pdf-.png\" alt=\"pdf-\" width=\"25\" height=\"25\" \/> <a title=\"ANYLOAD | CE Certificate of Conformity\" href=\"http:\/\/www.anyload.com\/fr\/approbations\/conformite-europeenne\/\" target=\"_blank\" rel=\"noopener noreferrer\">Certificat de conformit\u00e9 CE<\/a><\/p>\n<p><img decoding=\"async\" class=\"alignnone size-full wp-image-3944\" src=\"\/wp-content\/uploads\/2014\/04\/pdf-.png\" alt=\"pdf-\" width=\"25\" height=\"25\" \/> <a title=\"ANYLOAD | RoHS Certificate of Conformity\" href=\"http:\/\/www.anyload.com\/fr\/approbations\/directive-sur-la-limitation-des-substances-dangereuses\/\" target=\"_blank\" rel=\"noopener noreferrer\">Certificat de conformit\u00e9 RoHS<\/a><\/p>","protected":false},"excerpt":{"rendered":"<ul>\n<li>Material: Alloy steel with PVC Protection<\/li>\n<li>Capacit\u00e9s nominales : 500kg, 1t, 2t, 3t, 5t, 10t, 20t, 30t, 50t, 100t<\/li>\n<li>Sortie pleine \u00e9chelle : 2mV\/V \u00b1 0,25%<\/li>\n<li>Surcharge s\u00fbre : 200% de la pleine \u00e9chelle<\/li>\n<li>Surcharge de rupture : 500% de la pleine \u00e9chelle<\/li>\n<li>Indice de protection IP : IP67<\/li>\n<li>NTEP 1:3000 Class III, Single Cell certified from 500kg-3t<\/li>\n<li>NTEP 1:5000 Class III, Multiple Cell certified from 500kg-3t<\/li>\n<li>NTEP 1:3000, up to 1:6000 Class III, Multiple Cell and Single Cell certified from 5t-50t<\/li>\n<li>OIML MAA C3, Y=15 000 certified from 1t-10t<\/li>\n<li>OIML MAA C3, up to C6, Y=13 5000 certified from 10t-50t<\/li>\n<li>Certifi\u00e9 CE et RoHS<\/li>\n<\/ul>","protected":false},"featured_media":40042,"template":"","meta":{"_acf_changed":false,"site-sidebar-layout":"default","site-content-layout":"default","ast-site-content-layout":"default","site-content-style":"default","site-sidebar-style":"default","ast-global-header-display":"","ast-banner-title-visibility":"","ast-main-header-display":"","ast-hfb-above-header-display":"","ast-hfb-below-header-display":"","ast-hfb-mobile-header-display":"","site-post-title":"","ast-breadcrumbs-content":"","ast-featured-img":"","footer-sml-layout":"","ast-disable-related-posts":"","theme-transparent-header-meta":"default","adv-header-id-meta":"","stick-header-meta":"default","header-above-stick-meta":"","header-main-stick-meta":"","header-below-stick-meta":"","astra-migrate-meta-layouts":"set","ast-page-background-enabled":"default","ast-page-background-meta":{"desktop":{"background-color":"var(--ast-global-color-4)","background-image":"","background-repeat":"repeat","background-position":"center center","background-size":"auto","background-attachment":"scroll","background-type":"","background-media":"","overlay-type":"","overlay-color":"","overlay-opacity":"","overlay-gradient":""},"tablet":{"background-color":"","background-image":"","background-repeat":"repeat","background-position":"center center","background-size":"auto","background-attachment":"scroll","background-type":"","background-media":"","overlay-type":"","overlay-color":"","overlay-opacity":"","overlay-gradient":""},"mobile":{"background-color":"","background-image":"","background-repeat":"repeat","background-position":"center center","background-size":"auto","background-attachment":"scroll","background-type":"","background-media":"","overlay-type":"","overlay-color":"","overlay-opacity":"","overlay-gradient":""}},"ast-content-background-meta":{"desktop":{"background-color":"var(--ast-global-color-5)","background-image":"","background-repeat":"repeat","background-position":"center center","background-size":"auto","background-attachment":"scroll","background-type":"","background-media":"","overlay-type":"","overlay-color":"","overlay-opacity":"","overlay-gradient":""},"tablet":{"background-color":"var(--ast-global-color-5)","background-image":"","background-repeat":"repeat","background-position":"center center","background-size":"auto","background-attachment":"scroll","background-type":"","background-media":"","overlay-type":"","overlay-color":"","overlay-opacity":"","overlay-gradient":""},"mobile":{"background-color":"var(--ast-global-color-5)","background-image":"","background-repeat":"repeat","background-position":"center center","background-size":"auto","background-attachment":"scroll","background-type":"","background-media":"","overlay-type":"","overlay-color":"","overlay-opacity":"","overlay-gradient":""}}},"product_brand":[],"product_cat":[42,30,19,28,147,38],"product_tag":[1379,1413,1414,1622,1722,1720,1721],"industries_product":[],"application_product":[3325],"class_list":{"0":"post-6059","1":"product","2":"type-product","3":"status-publish","4":"has-post-thumbnail","6":"product_cat-crane-scales","7":"product_cat-force-measurement","8":"product_cat-load-cells-categories","9":"product_cat-scales","10":"product_cat-tension","11":"product_cat-tension-links","12":"product_tag-crane-scale","13":"product_tag-dynamometer","14":"product_tag-dynamometers","15":"product_tag-load-cell","16":"product_tag-load-cells","17":"product_tag-tension-link-load-cell","18":"product_tag-tension-link-load-cells","19":"pa_part-number-110rh-st-t2-10t","20":"pa_part-number-110rh-st-t2-1t","21":"pa_part-number-110rh-st-t2-20t","22":"pa_part-number-110rh-st-t2-2t","23":"pa_part-number-110rh-st-t2-3t","24":"pa_part-number-110rh-st-t2-500kg","25":"pa_part-number-110rh-st-t2-5t","26":"pa_part-number-110rh-t2-100t","27":"pa_part-number-110rh-t2-10t","28":"pa_part-number-110rh-t2-1t","29":"pa_part-number-110rh-t2-20t","30":"pa_part-number-110rh-t2-2t","31":"pa_part-number-110rh-t2-30t","32":"pa_part-number-110rh-t2-3t","33":"pa_part-number-110rh-t2-500kg","34":"pa_part-number-110rh-t2-50t","35":"pa_part-number-110rh-t2-5t","36":"application_product-application-overhead-weighing-products","37":"desktop-align-center","38":"tablet-align-left","39":"mobile-align-left","40":"ast-product-gallery-layout-horizontal-slider","41":"ast-product-gallery-with-no-image","42":"ast-magnify-disabled","43":"ast-product-single-variable","44":"ast-product-tabs-layout-horizontal","46":"first","47":"instock","48":"shipping-taxable","49":"purchasable","50":"product-type-variable"},"acf":[],"_links":{"self":[{"href":"https:\/\/www.anyload.com\/fr\/wp-json\/wp\/v2\/product\/6059","targetHints":{"allow":["GET"]}}],"collection":[{"href":"https:\/\/www.anyload.com\/fr\/wp-json\/wp\/v2\/product"}],"about":[{"href":"https:\/\/www.anyload.com\/fr\/wp-json\/wp\/v2\/types\/product"}],"wp:featuredmedia":[{"embeddable":true,"href":"https:\/\/www.anyload.com\/fr\/wp-json\/wp\/v2\/media\/40042"}],"wp:attachment":[{"href":"https:\/\/www.anyload.com\/fr\/wp-json\/wp\/v2\/media?parent=6059"}],"wp:term":[{"taxonomy":"product_brand","embeddable":true,"href":"https:\/\/www.anyload.com\/fr\/wp-json\/wp\/v2\/product_brand?post=6059"},{"taxonomy":"product_cat","embeddable":true,"href":"https:\/\/www.anyload.com\/fr\/wp-json\/wp\/v2\/product_cat?post=6059"},{"taxonomy":"product_tag","embeddable":true,"href":"https:\/\/www.anyload.com\/fr\/wp-json\/wp\/v2\/product_tag?post=6059"},{"taxonomy":"industries_product","embeddable":true,"href":"https:\/\/www.anyload.com\/fr\/wp-json\/wp\/v2\/industries_product?post=6059"},{"taxonomy":"application_product","embeddable":true,"href":"https:\/\/www.anyload.com\/fr\/wp-json\/wp\/v2\/application_product?post=6059"}],"curies":[{"name":"wp","href":"https:\/\/api.w.org\/{rel}","templated":true}]}}