{"id":43673,"date":"2026-03-18T10:42:33","date_gmt":"2026-03-18T17:42:33","guid":{"rendered":"https:\/\/www.anyload.com\/?post_type=product&#038;p=43673"},"modified":"2026-03-25T11:28:58","modified_gmt":"2026-03-25T18:28:58","slug":"108dstp-single-point-load-cell","status":"publish","type":"product","link":"https:\/\/www.anyload.com\/fr\/product\/108dstp-single-point-load-cell\/","title":{"rendered":"108DSTP Single Point Load Cell"},"content":{"rendered":"<p>Le 108TSUN est un point unique compact en acier inoxydable IP66 qui offre des performances fiables pour les applications de faible capacit\u00e9, m\u00eame dans des conditions difficiles. Ce mod\u00e8le \u00e9conomique est con\u00e7u pour faciliter le montage des plates-formes de pes\u00e9e. Il est id\u00e9al pour une large gamme d'applications, y compris les balances de table, les balances de plate-forme, les balances de vente au d\u00e9tail, les balances d'emballage\/logistique, le pesage de processus\/de contr\u00f4le, et plus encore. Ce mod\u00e8le est interchangeable avec les mod\u00e8les HBM PW15, Rice Lake RL1140, Vishay Tedea-Huntleigh 1140 et autres (voir l'onglet INTERCHANGEABLE).<\/p>","protected":false},"excerpt":{"rendered":"<div class=\"product-desc\">\n<p>The 108DSTP is a compact, stainless steel single point load cell designed for reliable and accurate weighing applications. Available in 500 lb and 1,000 lb capacities, it delivers a full scale output of 2.0 mV\/V with excellent linearity, repeatability, and hysteresis all within \u00b10.05%. Built from 17-4PH stainless steel and rated IP68, it&#8217;s fully sealed for use in harsh or wet environments. With a compensated temperature range of -10\u00b0C to 50\u00b0C and a safe overload capacity of 150%, it&#8217;s a robust and dependable choice for industrial weighing systems. ATEX, FM, and IECEx approved versions are available for hazardous locations.\n<\/p>\n<\/div>\n<div class=\"ds-btn-row\">\n  <a class=\"ds-btn\" href=\"https:\/\/www.anyload.com\/wp-content\/uploads\/2026\/03\/ANYLOAD-108DSTP-Single-Points.pdf\" target=\"_blank\" rel=\"noopener\">Fiche technique<\/a><\/p>\n<p>  <a class=\"ds-btn\" href=\"https:\/\/www.anyload.com\/wp-content\/uploads\/2026\/03\/PN260301-CNV100-Web.pdf\" target=\"_blank\" rel=\"noopener\">Brochure<\/a><\/p>\n<\/div>","protected":false},"featured_media":43686,"template":"","meta":{"_acf_changed":false,"site-sidebar-layout":"default","site-content-layout":"default","ast-site-content-layout":"default","site-content-style":"default","site-sidebar-style":"default","ast-global-header-display":"","ast-banner-title-visibility":"","ast-main-header-display":"","ast-hfb-above-header-display":"","ast-hfb-below-header-display":"","ast-hfb-mobile-header-display":"","site-post-title":"","ast-breadcrumbs-content":"","ast-featured-img":"","footer-sml-layout":"","ast-disable-related-posts":"","theme-transparent-header-meta":"default","adv-header-id-meta":"","stick-header-meta":"default","header-above-stick-meta":"","header-main-stick-meta":"","header-below-stick-meta":"","astra-migrate-meta-layouts":"set","ast-page-background-enabled":"default","ast-page-background-meta":{"desktop":{"background-color":"var(--ast-global-color-4)","background-image":"","background-repeat":"repeat","background-position":"center center","background-size":"auto","background-attachment":"scroll","background-type":"","background-media":"","overlay-type":"","overlay-color":"","overlay-opacity":"","overlay-gradient":""},"tablet":{"background-color":"","background-image":"","background-repeat":"repeat","background-position":"center center","background-size":"auto","background-attachment":"scroll","background-type":"","background-media":"","overlay-type":"","overlay-color":"","overlay-opacity":"","overlay-gradient":""},"mobile":{"background-color":"","background-image":"","background-repeat":"repeat","background-position":"center center","background-size":"auto","background-attachment":"scroll","background-type":"","background-media":"","overlay-type":"","overlay-color":"","overlay-opacity":"","overlay-gradient":""}},"ast-content-background-meta":{"desktop":{"background-color":"var(--ast-global-color-5)","background-image":"","background-repeat":"repeat","background-position":"center center","background-size":"auto","background-attachment":"scroll","background-type":"","background-media":"","overlay-type":"","overlay-color":"","overlay-opacity":"","overlay-gradient":""},"tablet":{"background-color":"var(--ast-global-color-5)","background-image":"","background-repeat":"repeat","background-position":"center center","background-size":"auto","background-attachment":"scroll","background-type":"","background-media":"","overlay-type":"","overlay-color":"","overlay-opacity":"","overlay-gradient":""},"mobile":{"background-color":"var(--ast-global-color-5)","background-image":"","background-repeat":"repeat","background-position":"center center","background-size":"auto","background-attachment":"scroll","background-type":"","background-media":"","overlay-type":"","overlay-color":"","overlay-opacity":"","overlay-gradient":""}}},"product_brand":[],"product_cat":[33],"product_tag":[2852],"industries_product":[],"application_product":[],"class_list":{"0":"post-43673","1":"product","2":"type-product","3":"status-publish","4":"has-post-thumbnail","6":"product_cat-single-point","7":"product_tag-interchangeable","8":"pa_part-number-108dstp-1klb","9":"pa_part-number-108dstp-500lb","10":"desktop-align-center","11":"tablet-align-left","12":"mobile-align-left","13":"ast-product-gallery-layout-horizontal-slider","14":"ast-product-gallery-with-no-image","15":"ast-magnify-disabled","16":"ast-product-single-variable","17":"ast-product-tabs-layout-horizontal","19":"first","20":"instock","21":"shipping-taxable","22":"purchasable","23":"product-type-variable"},"acf":[],"_links":{"self":[{"href":"https:\/\/www.anyload.com\/fr\/wp-json\/wp\/v2\/product\/43673","targetHints":{"allow":["GET"]}}],"collection":[{"href":"https:\/\/www.anyload.com\/fr\/wp-json\/wp\/v2\/product"}],"about":[{"href":"https:\/\/www.anyload.com\/fr\/wp-json\/wp\/v2\/types\/product"}],"wp:featuredmedia":[{"embeddable":true,"href":"https:\/\/www.anyload.com\/fr\/wp-json\/wp\/v2\/media\/43686"}],"wp:attachment":[{"href":"https:\/\/www.anyload.com\/fr\/wp-json\/wp\/v2\/media?parent=43673"}],"wp:term":[{"taxonomy":"product_brand","embeddable":true,"href":"https:\/\/www.anyload.com\/fr\/wp-json\/wp\/v2\/product_brand?post=43673"},{"taxonomy":"product_cat","embeddable":true,"href":"https:\/\/www.anyload.com\/fr\/wp-json\/wp\/v2\/product_cat?post=43673"},{"taxonomy":"product_tag","embeddable":true,"href":"https:\/\/www.anyload.com\/fr\/wp-json\/wp\/v2\/product_tag?post=43673"},{"taxonomy":"industries_product","embeddable":true,"href":"https:\/\/www.anyload.com\/fr\/wp-json\/wp\/v2\/industries_product?post=43673"},{"taxonomy":"application_product","embeddable":true,"href":"https:\/\/www.anyload.com\/fr\/wp-json\/wp\/v2\/application_product?post=43673"}],"curies":[{"name":"wp","href":"https:\/\/api.w.org\/{rel}","templated":true}]}}