{"id":39060,"date":"2025-08-05T15:14:10","date_gmt":"2025-08-05T22:14:10","guid":{"rendered":"https:\/\/www.anyload.com\/?post_type=product&#038;p=39060"},"modified":"2025-12-17T15:43:19","modified_gmt":"2025-12-17T23:43:19","slug":"an560-axle-weighing-indicator","status":"publish","type":"product","link":"https:\/\/www.anyload.com\/fr\/product\/an560-axle-weighing-indicator\/","title":{"rendered":"Indicateur de pesage d'essieux AN560"},"content":{"rendered":"<div class=\"page\" title=\"Page 1\">\n<div class=\"section\">\n<div class=\"layoutArea\">\n<div class=\"column\">\n<div class=\"page\" title=\"Page 1\">\n<div class=\"section\">\n<div class=\"layoutArea\">\n<div class=\"page\" title=\"Page 1\">\n<div class=\"section\">\n<div class=\"layoutArea\">\n<p>L'ANYLOAD AN560 est un indicateur sans fil portable et robuste con\u00e7u pour les applications de pesage d'essieux. Dot\u00e9 d'un \u00e9cran \u00e0 encre \u00e9lectronique de 4,2\u2033, d'une imprimante thermique int\u00e9gr\u00e9e et d'une connectivit\u00e9 sans fil avec jusqu'\u00e0 8 balances, il est id\u00e9al pour une utilisation sur le terrain dans des environnements exigeants. Fonctions de pesage en mouvement et d'\u00e9quilibrage int\u00e9gr\u00e9es (lorsqu'il est associ\u00e9 aux balances correspondantes). S'associe sans fil avec <a id=\"menurbh\" class=\"fui-Link ___1q1shib f2hkw1w f3rmtva f1ewtqcl fyind8e f1k6fduh f1w7gpdv fk6fouc fjoy568 figsok6 f1s184ao f1mk8lai fnbmjn9 f1o700av f13mvf36 f1cmlufx f9n3di6 f1ids18y f1tx3yz7 f1deo86v f1eh06m1 f1iescvh fhgqx19 f1olyrje f1p93eir f1nev41a f1h8hb77 f1lqvz6u f10aw75t fsle3fq f17ae5zn\" title=\"https:\/\/www.anyload.com\/product\/axa-axle-weigh-pads\/\" href=\"https:\/\/www.anyload.com\/fr\/product\/axa-axle-weigh-pads\/\" target=\"_blank\" rel=\"noreferrer noopener\" aria-label=\"Link ANYLOAD AXA Axle Weigh Pads,\">ANYLOAD AXA Axle Weigh Pads,<\/a> Des p\u00e8se-personnes num\u00e9riques compacts con\u00e7us pour les applications de pesage de v\u00e9hicules.<\/p>\n<p><strong>Caract\u00e9ristiques :<\/strong><\/p>\n<ul>\n<li>Batterie rechargeable longue dur\u00e9e (~600 heures de fonctionnement continu par charge)<\/li>\n<li>\u00c9cran E-ink 4,2\u2033 \u00e0 fort contraste avec \u00e9clairage frontal LED pour une excellente visibilit\u00e9 dans toutes les conditions d'\u00e9clairage<\/li>\n<li>Connexion sans fil \u00e0 un maximum de 8 plaques d'essieu ou balances simultan\u00e9ment<\/li>\n<li>Clavier en silicone durable pour une utilisation prolong\u00e9e sur le terrain et un retour d'information tactile<\/li>\n<li>Port USB-A pour la sauvegarde des donn\u00e9es sur des cl\u00e9s USB<\/li>\n<li>Port USB-C pour la recharge et la communication COM virtuelle<\/li>\n<li>Imprimante de tickets int\u00e9gr\u00e9e avec formatage configurable<\/li>\n<li>Bo\u00eetier IP-67 pour les conditions difficiles<\/li>\n<li>Conception compacte et portable (seulement 6 Ib \/ 2,7 kg)<\/li>\n<\/ul>\n<\/div>\n<\/div>\n<\/div>\n<\/div>\n<\/div>\n<\/div>\n<\/div>\n<\/div>\n<\/div>\n<\/div>","protected":false},"excerpt":{"rendered":"<div class=\"page\" title=\"Page 1\">\n<div class=\"section\">\n<div class=\"layoutArea\">\n<p>L'ANYLOAD AN560 est un indicateur sans fil portable et robuste con\u00e7u pour les applications de pesage d'essieux. Dot\u00e9 d'un \u00e9cran \u00e0 encre \u00e9lectronique de 4,2\u2033, d'une imprimante thermique int\u00e9gr\u00e9e et d'une connectivit\u00e9 sans fil avec jusqu'\u00e0 8 balances, il est id\u00e9al pour une utilisation sur le terrain dans des environnements exigeants. Fonctions de pesage en mouvement et d'\u00e9quilibrage int\u00e9gr\u00e9es (lorsqu'il est associ\u00e9 aux balances correspondantes). S'associe sans fil avec <a id=\"menurbh\" class=\"fui-Link ___1q1shib f2hkw1w f3rmtva f1ewtqcl fyind8e f1k6fduh f1w7gpdv fk6fouc fjoy568 figsok6 f1s184ao f1mk8lai fnbmjn9 f1o700av f13mvf36 f1cmlufx f9n3di6 f1ids18y f1tx3yz7 f1deo86v f1eh06m1 f1iescvh fhgqx19 f1olyrje f1p93eir f1nev41a f1h8hb77 f1lqvz6u f10aw75t fsle3fq f17ae5zn\" title=\"https:\/\/www.anyload.com\/product\/axa-axle-weigh-pads\/\" href=\"https:\/\/www.anyload.com\/fr\/product\/axa-axle-weigh-pads\/\" target=\"_blank\" rel=\"noreferrer noopener\" aria-label=\"Link ANYLOAD AXA Axle Weigh Pads,\"><span style=\"color: #3366ff;\">Coussinets de pes\u00e9e d'essieu ANYLOAD AXA<\/span>,<\/a> Des p\u00e8se-personnes num\u00e9riques compacts con\u00e7us pour les applications de pesage de v\u00e9hicules.<\/p>\n<p><strong>Caract\u00e9ristiques :<\/strong><\/p>\n<ul>\n<li>Batterie rechargeable longue dur\u00e9e (~600 heures de fonctionnement continu par charge)<\/li>\n<li>\u00c9cran E-ink 4,2\u2033 \u00e0 fort contraste avec \u00e9clairage frontal LED pour une excellente visibilit\u00e9 dans toutes les conditions d'\u00e9clairage<\/li>\n<li>Connexion sans fil \u00e0 un maximum de 8 plaques d'essieu ou balances simultan\u00e9ment<\/li>\n<li>Clavier en silicone durable pour une utilisation prolong\u00e9e sur le terrain et un retour d'information tactile<\/li>\n<li>Port USB-A pour la sauvegarde des donn\u00e9es sur des cl\u00e9s USB<\/li>\n<li>Port USB-C pour la recharge et la communication COM virtuelle<\/li>\n<li>Imprimante de tickets int\u00e9gr\u00e9e avec formatage configurable<\/li>\n<li>Bo\u00eetier IP-67 pour les conditions difficiles<\/li>\n<li>Conception compacte et portable (seulement 6 Ib \/ 2,7 kg)<\/li>\n<\/ul>\n<\/div>\n<\/div>\n<\/div>","protected":false},"featured_media":39213,"template":"","meta":{"_acf_changed":false,"site-sidebar-layout":"default","site-content-layout":"default","ast-site-content-layout":"default","site-content-style":"default","site-sidebar-style":"default","ast-global-header-display":"","ast-banner-title-visibility":"","ast-main-header-display":"","ast-hfb-above-header-display":"","ast-hfb-below-header-display":"","ast-hfb-mobile-header-display":"","site-post-title":"","ast-breadcrumbs-content":"","ast-featured-img":"","footer-sml-layout":"","ast-disable-related-posts":"","theme-transparent-header-meta":"default","adv-header-id-meta":"","stick-header-meta":"default","header-above-stick-meta":"","header-main-stick-meta":"","header-below-stick-meta":"","astra-migrate-meta-layouts":"set","ast-page-background-enabled":"default","ast-page-background-meta":{"desktop":{"background-color":"var(--ast-global-color-4)","background-image":"","background-repeat":"repeat","background-position":"center center","background-size":"auto","background-attachment":"scroll","background-type":"","background-media":"","overlay-type":"","overlay-color":"","overlay-opacity":"","overlay-gradient":""},"tablet":{"background-color":"","background-image":"","background-repeat":"repeat","background-position":"center center","background-size":"auto","background-attachment":"scroll","background-type":"","background-media":"","overlay-type":"","overlay-color":"","overlay-opacity":"","overlay-gradient":""},"mobile":{"background-color":"","background-image":"","background-repeat":"repeat","background-position":"center center","background-size":"auto","background-attachment":"scroll","background-type":"","background-media":"","overlay-type":"","overlay-color":"","overlay-opacity":"","overlay-gradient":""}},"ast-content-background-meta":{"desktop":{"background-color":"var(--ast-global-color-5)","background-image":"","background-repeat":"repeat","background-position":"center center","background-size":"auto","background-attachment":"scroll","background-type":"","background-media":"","overlay-type":"","overlay-color":"","overlay-opacity":"","overlay-gradient":""},"tablet":{"background-color":"var(--ast-global-color-5)","background-image":"","background-repeat":"repeat","background-position":"center center","background-size":"auto","background-attachment":"scroll","background-type":"","background-media":"","overlay-type":"","overlay-color":"","overlay-opacity":"","overlay-gradient":""},"mobile":{"background-color":"var(--ast-global-color-5)","background-image":"","background-repeat":"repeat","background-position":"center center","background-size":"auto","background-attachment":"scroll","background-type":"","background-media":"","overlay-type":"","overlay-color":"","overlay-opacity":"","overlay-gradient":""}}},"product_brand":[],"product_cat":[150,2386,28,3369],"product_tag":[],"industries_product":[],"application_product":[],"class_list":{"0":"post-39060","1":"product","2":"type-product","3":"status-publish","4":"has-post-thumbnail","6":"product_cat-indicators","7":"product_cat-instrumentation","8":"product_cat-scales","9":"product_cat-vehicle-scales","10":"pa_part-number-an560-25a","11":"desktop-align-center","12":"tablet-align-left","13":"mobile-align-left","14":"ast-product-gallery-layout-horizontal-slider","15":"ast-magnify-disabled","16":"ast-product-single-variable","17":"ast-product-tabs-layout-horizontal","19":"first","20":"instock","21":"shipping-taxable","22":"purchasable","23":"product-type-variable"},"acf":[],"_links":{"self":[{"href":"https:\/\/www.anyload.com\/fr\/wp-json\/wp\/v2\/product\/39060","targetHints":{"allow":["GET"]}}],"collection":[{"href":"https:\/\/www.anyload.com\/fr\/wp-json\/wp\/v2\/product"}],"about":[{"href":"https:\/\/www.anyload.com\/fr\/wp-json\/wp\/v2\/types\/product"}],"wp:featuredmedia":[{"embeddable":true,"href":"https:\/\/www.anyload.com\/fr\/wp-json\/wp\/v2\/media\/39213"}],"wp:attachment":[{"href":"https:\/\/www.anyload.com\/fr\/wp-json\/wp\/v2\/media?parent=39060"}],"wp:term":[{"taxonomy":"product_brand","embeddable":true,"href":"https:\/\/www.anyload.com\/fr\/wp-json\/wp\/v2\/product_brand?post=39060"},{"taxonomy":"product_cat","embeddable":true,"href":"https:\/\/www.anyload.com\/fr\/wp-json\/wp\/v2\/product_cat?post=39060"},{"taxonomy":"product_tag","embeddable":true,"href":"https:\/\/www.anyload.com\/fr\/wp-json\/wp\/v2\/product_tag?post=39060"},{"taxonomy":"industries_product","embeddable":true,"href":"https:\/\/www.anyload.com\/fr\/wp-json\/wp\/v2\/industries_product?post=39060"},{"taxonomy":"application_product","embeddable":true,"href":"https:\/\/www.anyload.com\/fr\/wp-json\/wp\/v2\/application_product?post=39060"}],"curies":[{"name":"wp","href":"https:\/\/api.w.org\/{rel}","templated":true}]}}