{"id":38729,"date":"2025-07-22T11:04:01","date_gmt":"2025-07-22T18:04:01","guid":{"rendered":"https:\/\/www.anyload.com\/?post_type=product&#038;p=38729"},"modified":"2026-03-26T10:29:10","modified_gmt":"2026-03-26T17:29:10","slug":"axa-axle-weigh-pads","status":"publish","type":"product","link":"https:\/\/www.anyload.com\/fr\/product\/axa-axle-weigh-pads\/","title":{"rendered":"Tampons de pes\u00e9e pour essieux AXA"},"content":{"rendered":"<p>AXA Axle Weigh Pads provide fast, convenient vehicle weighing in any location. The rugged, low-profile design is IP68-rated, exceptionally durable, and engineered for long-term field performance. Paired with the <a href=\"https:\/\/www.anyload.com\/fr\/product\/an560-axle-weighing-indicator\/\">ANYLOAD AN560<\/a><strong>,<\/strong> Le syst\u00e8me prend en charge la pes\u00e9e en mouvement, le mode centre de gravit\u00e9 et offre une autonomie de plus de 600 heures. Les professionnels de l'aviation, de l'application de la loi et de la logistique des flottes font confiance \u00e0 ce syst\u00e8me lorsque l'\u00e9chec n'est pas envisageable.<\/p>","protected":false},"excerpt":{"rendered":"<div class=\"product-desc\">\n<p>AXA Axle Weigh Pads provide fast, convenient vehicle weighing in any location. The rugged, low-profile design is IP68-rated, exceptionally durable, and engineered for long-term field performance. Paired with the <a href=\"https:\/\/www.anyload.com\/fr\/product\/an560-axle-weighing-indicator\/\"><span style=\"color: #3366ff;\">ANYLOAD AN560<\/span><\/a><span style=\"color: #3366ff;\"><strong>,<\/strong><\/span> Le syst\u00e8me prend en charge la pes\u00e9e en mouvement, le mode centre de gravit\u00e9 et offre une autonomie de plus de 600 heures. Les professionnels de l'aviation, de l'application de la loi et de la logistique des flottes font confiance \u00e0 ce syst\u00e8me lorsque l'\u00e9chec n'est pas envisageable.<\/p>\n<div id=\"otter-more\" class=\"see-more-content\">\n<ul>\n<li>Batterie rempla\u00e7able et rechargeable avec une longue dur\u00e9e de vie<\/li>\n<li>Prise en charge de la pes\u00e9e en mouvement (WIM) sur le mod\u00e8le AXA-8<\/li>\n<li>Ecran LCD \u00e0 6 chiffres avec r\u00e9tro-\u00e9clairage LED pour un affichage clair du poids<\/li>\n<li>Deux interrupteurs tactiles capacitifs robustes pour une utilisation ais\u00e9e<\/li>\n<li>Communication sans fil Zigbee pour une installation fiable et sans c\u00e2ble<\/li>\n<li>Bo\u00eetier en aluminium de haute durabilit\u00e9, conforme \u00e0 la norme IP68, avec rev\u00eatement en ton martel\u00e9<\/li>\n<li>Jusqu'\u00e0 600 heures d'utilisation continue par charge (selon le mod\u00e8le)<\/li>\n<li>Compact et portable - id\u00e9al pour les applications mobiles de pesage d'essieux<\/li>\n<\/ul>\n<\/div>\n<p>  <a id=\"otter-toggle\" class=\"see-more-toggle\">See more<\/a><\/p>\n<\/div>\n<div class=\"ds-btn-row\"><a class=\"ds-btn\" href=\"https:\/\/www.anyload.com\/wp-content\/uploads\/2025\/07\/ANYLOAD-AXA-Axle-Weigh-Pad.pdf\" target=\"_blank\" rel=\"noopener\">Fiche technique<\/a><br \/>\n<a class=\"ds-btn\" href=\"https:\/\/www.anyload.com\/wp-content\/uploads\/2026\/03\/Anyload-Axle-Weigh-Pad-8PAGE-04.pdf\" target=\"_blank\" rel=\"noopener\">Brochure<\/a><\/div>","protected":false},"featured_media":38737,"template":"","meta":{"_acf_changed":false,"site-sidebar-layout":"default","site-content-layout":"default","ast-site-content-layout":"default","site-content-style":"default","site-sidebar-style":"default","ast-global-header-display":"","ast-banner-title-visibility":"","ast-main-header-display":"","ast-hfb-above-header-display":"","ast-hfb-below-header-display":"","ast-hfb-mobile-header-display":"","site-post-title":"","ast-breadcrumbs-content":"","ast-featured-img":"","footer-sml-layout":"","ast-disable-related-posts":"","theme-transparent-header-meta":"default","adv-header-id-meta":"","stick-header-meta":"default","header-above-stick-meta":"","header-main-stick-meta":"","header-below-stick-meta":"","astra-migrate-meta-layouts":"set","ast-page-background-enabled":"default","ast-page-background-meta":{"desktop":{"background-color":"var(--ast-global-color-4)","background-image":"","background-repeat":"repeat","background-position":"center center","background-size":"auto","background-attachment":"scroll","background-type":"","background-media":"","overlay-type":"","overlay-color":"","overlay-opacity":"","overlay-gradient":""},"tablet":{"background-color":"","background-image":"","background-repeat":"repeat","background-position":"center center","background-size":"auto","background-attachment":"scroll","background-type":"","background-media":"","overlay-type":"","overlay-color":"","overlay-opacity":"","overlay-gradient":""},"mobile":{"background-color":"","background-image":"","background-repeat":"repeat","background-position":"center center","background-size":"auto","background-attachment":"scroll","background-type":"","background-media":"","overlay-type":"","overlay-color":"","overlay-opacity":"","overlay-gradient":""}},"ast-content-background-meta":{"desktop":{"background-color":"var(--ast-global-color-5)","background-image":"","background-repeat":"repeat","background-position":"center center","background-size":"auto","background-attachment":"scroll","background-type":"","background-media":"","overlay-type":"","overlay-color":"","overlay-opacity":"","overlay-gradient":""},"tablet":{"background-color":"var(--ast-global-color-5)","background-image":"","background-repeat":"repeat","background-position":"center center","background-size":"auto","background-attachment":"scroll","background-type":"","background-media":"","overlay-type":"","overlay-color":"","overlay-opacity":"","overlay-gradient":""},"mobile":{"background-color":"var(--ast-global-color-5)","background-image":"","background-repeat":"repeat","background-position":"center center","background-size":"auto","background-attachment":"scroll","background-type":"","background-media":"","overlay-type":"","overlay-color":"","overlay-opacity":"","overlay-gradient":""}}},"product_brand":[],"product_cat":[3369],"product_tag":[],"industries_product":[],"application_product":[],"class_list":{"0":"post-38729","1":"product","2":"type-product","3":"status-publish","4":"has-post-thumbnail","6":"product_cat-vehicle-scales","7":"pa_part-number-axa-3-0-5t-1klb","8":"pa_part-number-axa-3-1t-2klb","9":"pa_part-number-axa-3-2t-4klb","10":"pa_part-number-axa-5-3t-6klb","11":"pa_part-number-axa-5-5t-11klb","12":"pa_part-number-axa-8-10t-22klb","13":"pa_part-number-axa-8-15t-33klb","14":"pa_part-number-axa-8-20t-44klb","15":"desktop-align-center","16":"tablet-align-left","17":"mobile-align-left","18":"ast-product-gallery-layout-horizontal-slider","19":"ast-magnify-disabled","20":"ast-product-single-variable","21":"ast-product-tabs-layout-horizontal","23":"first","24":"instock","25":"shipping-taxable","26":"purchasable","27":"product-type-variable"},"acf":[],"_links":{"self":[{"href":"https:\/\/www.anyload.com\/fr\/wp-json\/wp\/v2\/product\/38729","targetHints":{"allow":["GET"]}}],"collection":[{"href":"https:\/\/www.anyload.com\/fr\/wp-json\/wp\/v2\/product"}],"about":[{"href":"https:\/\/www.anyload.com\/fr\/wp-json\/wp\/v2\/types\/product"}],"wp:featuredmedia":[{"embeddable":true,"href":"https:\/\/www.anyload.com\/fr\/wp-json\/wp\/v2\/media\/38737"}],"wp:attachment":[{"href":"https:\/\/www.anyload.com\/fr\/wp-json\/wp\/v2\/media?parent=38729"}],"wp:term":[{"taxonomy":"product_brand","embeddable":true,"href":"https:\/\/www.anyload.com\/fr\/wp-json\/wp\/v2\/product_brand?post=38729"},{"taxonomy":"product_cat","embeddable":true,"href":"https:\/\/www.anyload.com\/fr\/wp-json\/wp\/v2\/product_cat?post=38729"},{"taxonomy":"product_tag","embeddable":true,"href":"https:\/\/www.anyload.com\/fr\/wp-json\/wp\/v2\/product_tag?post=38729"},{"taxonomy":"industries_product","embeddable":true,"href":"https:\/\/www.anyload.com\/fr\/wp-json\/wp\/v2\/industries_product?post=38729"},{"taxonomy":"application_product","embeddable":true,"href":"https:\/\/www.anyload.com\/fr\/wp-json\/wp\/v2\/application_product?post=38729"}],"curies":[{"name":"wp","href":"https:\/\/api.w.org\/{rel}","templated":true}]}}