{"id":3454,"date":"2014-03-19T14:12:37","date_gmt":"2014-03-19T21:12:37","guid":{"rendered":"http:\/\/anyloadgroup.com\/?post_type=product&#038;p=3454"},"modified":"2025-12-19T13:44:59","modified_gmt":"2025-12-19T21:44:59","slug":"j08es-and-j08ss-junction-box","status":"publish","type":"product","link":"https:\/\/www.anyload.com\/fr\/product\/j08es-and-j08ss-junction-box\/","title":{"rendered":"J08ES, J08SS Bo\u00eete de jonction"},"content":{"rendered":"<p>ANYLOAD J08ES and J08SS junction and summing boxes accept inputs from multiple load cells and sum up the generated signals into a single output to ensure an accurate multi-cell balance adjustment.\u00a0 The J08ES and J08SS are housed in a stainless steel SS304 enclosure and are designed to accommodate two to eight parallel load cell connections.\u00a0 The J08ES and J0SS load cell junction boxes are easy to install with our patented never-lost and integrated screw design. These models have an optional Lightning Protection.<\/p>\n<ul>\n<li>Enclosure Material: Stainless steel SS304<\/li>\n<li>Number of cells: 2-8 single cells<\/li>\n<li>Trimming Options: Section or individual cell trim with excitation or signal trim<\/li>\n<li>Protection Option: Lightning Protection<\/li>\n<li>Equip\u00e9 de potentiom\u00e8tres ind\u00e9pendants<\/li>\n<li>Patented never lost and integrated screw design<\/li>\n<li>Indice de protection IP : IP65<\/li>\n<\/ul>","protected":false},"excerpt":{"rendered":"<p>ANYLOAD J08ES and J08SS junction and summing boxes accept inputs from multiple load cells and sum up the generated signals into a single output to ensure an accurate multi-cell balance adjustment.\u00a0 The J08ES and J08SS are housed in a stainless steel SS304 enclosure and are designed to accommodate two to eight parallel load cell connections.\u00a0 The J08ES and J0SS load cell junction boxes are easy to install with our patented never-lost and integrated screw design. These models have an optional Lightning Protection.<\/p>\n<ul>\n<li>Enclosure Material: Stainless steel SS304<\/li>\n<li>Number of cells: 2-8 single cells<\/li>\n<li>Trimming Options: Section or individual cell trim with excitation or signal trim<\/li>\n<li>Protection Option: Lightning Protection<\/li>\n<li>Equip\u00e9 de potentiom\u00e8tres ind\u00e9pendants<\/li>\n<li>Patented never lost and integrated screw design<\/li>\n<li>Indice de protection IP : IP65<\/li>\n<\/ul>","protected":false},"featured_media":30030,"template":"","meta":{"_acf_changed":false,"site-sidebar-layout":"default","site-content-layout":"default","ast-site-content-layout":"default","site-content-style":"default","site-sidebar-style":"default","ast-global-header-display":"","ast-banner-title-visibility":"","ast-main-header-display":"","ast-hfb-above-header-display":"","ast-hfb-below-header-display":"","ast-hfb-mobile-header-display":"","site-post-title":"","ast-breadcrumbs-content":"","ast-featured-img":"","footer-sml-layout":"","ast-disable-related-posts":"","theme-transparent-header-meta":"default","adv-header-id-meta":"","stick-header-meta":"default","header-above-stick-meta":"","header-main-stick-meta":"","header-below-stick-meta":"","astra-migrate-meta-layouts":"set","ast-page-background-enabled":"default","ast-page-background-meta":{"desktop":{"background-color":"var(--ast-global-color-4)","background-image":"","background-repeat":"repeat","background-position":"center center","background-size":"auto","background-attachment":"scroll","background-type":"","background-media":"","overlay-type":"","overlay-color":"","overlay-opacity":"","overlay-gradient":""},"tablet":{"background-color":"","background-image":"","background-repeat":"repeat","background-position":"center center","background-size":"auto","background-attachment":"scroll","background-type":"","background-media":"","overlay-type":"","overlay-color":"","overlay-opacity":"","overlay-gradient":""},"mobile":{"background-color":"","background-image":"","background-repeat":"repeat","background-position":"center center","background-size":"auto","background-attachment":"scroll","background-type":"","background-media":"","overlay-type":"","overlay-color":"","overlay-opacity":"","overlay-gradient":""}},"ast-content-background-meta":{"desktop":{"background-color":"var(--ast-global-color-5)","background-image":"","background-repeat":"repeat","background-position":"center center","background-size":"auto","background-attachment":"scroll","background-type":"","background-media":"","overlay-type":"","overlay-color":"","overlay-opacity":"","overlay-gradient":""},"tablet":{"background-color":"var(--ast-global-color-5)","background-image":"","background-repeat":"repeat","background-position":"center center","background-size":"auto","background-attachment":"scroll","background-type":"","background-media":"","overlay-type":"","overlay-color":"","overlay-opacity":"","overlay-gradient":""},"mobile":{"background-color":"var(--ast-global-color-5)","background-image":"","background-repeat":"repeat","background-position":"center center","background-size":"auto","background-attachment":"scroll","background-type":"","background-media":"","overlay-type":"","overlay-color":"","overlay-opacity":"","overlay-gradient":""}}},"product_brand":[],"product_cat":[2386,25],"product_tag":[1476,1482,1478,1479,1483,1484,1480,1481],"industries_product":[],"application_product":[3321],"class_list":{"0":"post-3454","1":"product","2":"type-product","3":"status-publish","4":"has-post-thumbnail","6":"product_cat-instrumentation","7":"product_cat-junction-boxes","8":"product_tag-junction-box","9":"product_tag-lightning-protection","10":"product_tag-load-cell-junction-box","11":"product_tag-load-cell-junction-boxes","12":"product_tag-load-cell-summation-box","13":"product_tag-load-cell-summation-boxes","14":"product_tag-load-cell-summing-box","15":"product_tag-load-cell-summing-boxes","16":"pa_part-number-j08es","17":"pa_part-number-j08ss","18":"pa_part-number-j08es-i-no-section-trim-and-no-lightning-protection","19":"pa_part-number-j08ss-i-no-section-trim-and-no-lightning-protection","20":"pa_part-number-j08es-ii-no-section-trim-with-lightning-protection","21":"pa_part-number-j08ss-ii-no-section-trim-with-lightning-protection","22":"pa_part-number-j08es-iii-section-trim-with-lightning-protection","23":"pa_part-number-j08ss-iii-section-trim-with-lightning-protection","24":"application_product-application-truck-scale-products","25":"desktop-align-center","26":"tablet-align-left","27":"mobile-align-left","28":"ast-product-gallery-layout-horizontal-slider","29":"ast-magnify-disabled","30":"ast-product-single-variable","31":"ast-product-tabs-layout-horizontal","33":"first","34":"instock","35":"shipping-taxable","36":"purchasable","37":"product-type-variable"},"acf":[],"_links":{"self":[{"href":"https:\/\/www.anyload.com\/fr\/wp-json\/wp\/v2\/product\/3454","targetHints":{"allow":["GET"]}}],"collection":[{"href":"https:\/\/www.anyload.com\/fr\/wp-json\/wp\/v2\/product"}],"about":[{"href":"https:\/\/www.anyload.com\/fr\/wp-json\/wp\/v2\/types\/product"}],"wp:featuredmedia":[{"embeddable":true,"href":"https:\/\/www.anyload.com\/fr\/wp-json\/wp\/v2\/media\/30030"}],"wp:attachment":[{"href":"https:\/\/www.anyload.com\/fr\/wp-json\/wp\/v2\/media?parent=3454"}],"wp:term":[{"taxonomy":"product_brand","embeddable":true,"href":"https:\/\/www.anyload.com\/fr\/wp-json\/wp\/v2\/product_brand?post=3454"},{"taxonomy":"product_cat","embeddable":true,"href":"https:\/\/www.anyload.com\/fr\/wp-json\/wp\/v2\/product_cat?post=3454"},{"taxonomy":"product_tag","embeddable":true,"href":"https:\/\/www.anyload.com\/fr\/wp-json\/wp\/v2\/product_tag?post=3454"},{"taxonomy":"industries_product","embeddable":true,"href":"https:\/\/www.anyload.com\/fr\/wp-json\/wp\/v2\/industries_product?post=3454"},{"taxonomy":"application_product","embeddable":true,"href":"https:\/\/www.anyload.com\/fr\/wp-json\/wp\/v2\/application_product?post=3454"}],"curies":[{"name":"wp","href":"https:\/\/api.w.org\/{rel}","templated":true}]}}