{"id":34537,"date":"2024-12-03T09:46:38","date_gmt":"2024-12-03T17:46:38","guid":{"rendered":"https:\/\/www.anyload.com\/?post_type=product&#038;p=34537"},"modified":"2026-02-27T16:36:15","modified_gmt":"2026-02-28T00:36:15","slug":"102mhaa-double-ended-beam-load-cell","status":"publish","type":"product","link":"https:\/\/www.anyload.com\/fr\/product\/102mhaa-double-ended-beam-load-cell\/","title":{"rendered":"102MH-AA Capteur de pesage \u00e0 double extr\u00e9mit\u00e9"},"content":{"rendered":"<p>Le 102MH-AA est un capteur \u00e0 facteur de s\u00e9curit\u00e9 \u00e9lev\u00e9 pour les applications de pesage embarqu\u00e9es. Le rev\u00eatement EPD a \u00e9t\u00e9 test\u00e9 sur le terrain pour r\u00e9sister \u00e0 la corrosion des engrais. Il est peu encombrant et con\u00e7u pour s'int\u00e9grer facilement dans les syst\u00e8mes de pesage mobiles, en particulier dans les \u00e9quipements agricoles. Il peut \u00eatre personnalis\u00e9 pour r\u00e9pondre \u00e0 des exigences sp\u00e9cifiques en mati\u00e8re de dimensions et de performances.<\/p>","protected":false},"excerpt":{"rendered":"<div class=\"product-desc\">\n<p>Le 102MH-AA est un capteur \u00e0 facteur de s\u00e9curit\u00e9 \u00e9lev\u00e9 pour les applications de pesage embarqu\u00e9es. Le rev\u00eatement EPD a \u00e9t\u00e9 test\u00e9 sur le terrain pour r\u00e9sister \u00e0 la corrosion des engrais. Il est peu encombrant et con\u00e7u pour s'int\u00e9grer facilement dans les syst\u00e8mes de pesage mobiles, en particulier dans les \u00e9quipements agricoles. Il peut \u00eatre personnalis\u00e9 pour r\u00e9pondre \u00e0 des exigences sp\u00e9cifiques en mati\u00e8re de dimensions et de performances.\n<\/p>\n<\/div>\n<div class=\"ds-btn-row\">\n  <a class=\"ds-btn\" href=\"https:\/\/www.anyload.com\/wp-content\/uploads\/2025\/02\/102MH-AA-load-cell-transducer.pdf\" target=\"_blank\" rel=\"noopener\">Fiche technique<\/a>\n<\/div>","protected":false},"featured_media":34544,"template":"","meta":{"_acf_changed":false,"site-sidebar-layout":"default","site-content-layout":"default","ast-site-content-layout":"default","site-content-style":"default","site-sidebar-style":"default","ast-global-header-display":"","ast-banner-title-visibility":"","ast-main-header-display":"","ast-hfb-above-header-display":"","ast-hfb-below-header-display":"","ast-hfb-mobile-header-display":"","site-post-title":"","ast-breadcrumbs-content":"","ast-featured-img":"","footer-sml-layout":"","ast-disable-related-posts":"","theme-transparent-header-meta":"default","adv-header-id-meta":"","stick-header-meta":"default","header-above-stick-meta":"","header-main-stick-meta":"","header-below-stick-meta":"","astra-migrate-meta-layouts":"set","ast-page-background-enabled":"default","ast-page-background-meta":{"desktop":{"background-color":"var(--ast-global-color-4)","background-image":"","background-repeat":"repeat","background-position":"center center","background-size":"auto","background-attachment":"scroll","background-type":"","background-media":"","overlay-type":"","overlay-color":"","overlay-opacity":"","overlay-gradient":""},"tablet":{"background-color":"","background-image":"","background-repeat":"repeat","background-position":"center center","background-size":"auto","background-attachment":"scroll","background-type":"","background-media":"","overlay-type":"","overlay-color":"","overlay-opacity":"","overlay-gradient":""},"mobile":{"background-color":"","background-image":"","background-repeat":"repeat","background-position":"center center","background-size":"auto","background-attachment":"scroll","background-type":"","background-media":"","overlay-type":"","overlay-color":"","overlay-opacity":"","overlay-gradient":""}},"ast-content-background-meta":{"desktop":{"background-color":"var(--ast-global-color-5)","background-image":"","background-repeat":"repeat","background-position":"center center","background-size":"auto","background-attachment":"scroll","background-type":"","background-media":"","overlay-type":"","overlay-color":"","overlay-opacity":"","overlay-gradient":""},"tablet":{"background-color":"var(--ast-global-color-5)","background-image":"","background-repeat":"repeat","background-position":"center center","background-size":"auto","background-attachment":"scroll","background-type":"","background-media":"","overlay-type":"","overlay-color":"","overlay-opacity":"","overlay-gradient":""},"mobile":{"background-color":"var(--ast-global-color-5)","background-image":"","background-repeat":"repeat","background-position":"center center","background-size":"auto","background-attachment":"scroll","background-type":"","background-media":"","overlay-type":"","overlay-color":"","overlay-opacity":"","overlay-gradient":""}}},"product_brand":[],"product_cat":[31,19],"product_tag":[],"industries_product":[3313,3312],"application_product":[],"class_list":{"0":"post-34537","1":"product","2":"type-product","3":"status-publish","4":"has-post-thumbnail","6":"product_cat-double-ended-shear-beams","7":"product_cat-load-cells-categories","8":"pa_part-number-102mh-aa-22klb-24a","9":"industries_product-agricultural-machinery-products","10":"industries_product-industry-agriculture-products","11":"desktop-align-center","12":"tablet-align-left","13":"mobile-align-left","14":"ast-product-gallery-layout-horizontal-slider","15":"ast-product-gallery-with-no-image","16":"ast-magnify-disabled","17":"ast-product-single-variable","18":"ast-product-tabs-layout-horizontal","20":"first","21":"instock","22":"shipping-taxable","23":"purchasable","24":"product-type-variable"},"acf":[],"_links":{"self":[{"href":"https:\/\/www.anyload.com\/fr\/wp-json\/wp\/v2\/product\/34537","targetHints":{"allow":["GET"]}}],"collection":[{"href":"https:\/\/www.anyload.com\/fr\/wp-json\/wp\/v2\/product"}],"about":[{"href":"https:\/\/www.anyload.com\/fr\/wp-json\/wp\/v2\/types\/product"}],"wp:featuredmedia":[{"embeddable":true,"href":"https:\/\/www.anyload.com\/fr\/wp-json\/wp\/v2\/media\/34544"}],"wp:attachment":[{"href":"https:\/\/www.anyload.com\/fr\/wp-json\/wp\/v2\/media?parent=34537"}],"wp:term":[{"taxonomy":"product_brand","embeddable":true,"href":"https:\/\/www.anyload.com\/fr\/wp-json\/wp\/v2\/product_brand?post=34537"},{"taxonomy":"product_cat","embeddable":true,"href":"https:\/\/www.anyload.com\/fr\/wp-json\/wp\/v2\/product_cat?post=34537"},{"taxonomy":"product_tag","embeddable":true,"href":"https:\/\/www.anyload.com\/fr\/wp-json\/wp\/v2\/product_tag?post=34537"},{"taxonomy":"industries_product","embeddable":true,"href":"https:\/\/www.anyload.com\/fr\/wp-json\/wp\/v2\/industries_product?post=34537"},{"taxonomy":"application_product","embeddable":true,"href":"https:\/\/www.anyload.com\/fr\/wp-json\/wp\/v2\/application_product?post=34537"}],"curies":[{"name":"wp","href":"https:\/\/api.w.org\/{rel}","templated":true}]}}