{"id":3446,"date":"2014-03-19T14:08:28","date_gmt":"2014-03-19T21:08:28","guid":{"rendered":"http:\/\/anyloadgroup.com\/?post_type=product&#038;p=3446"},"modified":"2025-12-19T13:45:10","modified_gmt":"2025-12-19T21:45:10","slug":"j06es-and-j06ss-junction-box","status":"publish","type":"product","link":"https:\/\/www.anyload.com\/fr\/product\/j06es-and-j06ss-junction-box\/","title":{"rendered":"J06ES, J06SS Junction Box"},"content":{"rendered":"<p>ANYLOAD J06ES and J06SS junction and summing boxes accept inputs from multiple load cells and sum up the generated signals into a single output to ensure an accurate multi-cell balance adjustment.\u00a0 The J06ES and J06SS are housed in a stainless steel SS304 enclosure and are designed to accommodate two to six parallel load cell connections.\u00a0 The J06ES and J06SS load cell junction boxes are easy to install with our patented never-lost and integrated screw design. These models have an optional Lightning Protection.<\/p>\n<ul>\n<li>Enclosure Material: Stainless steel SS304<\/li>\n<li>Number of cell connections: 2-6 single cells<\/li>\n<li>Trimming Options: Individual cell with excitation or signal trim<\/li>\n<li>Protection Option: Lightning Protection<\/li>\n<li>Equip\u00e9 de potentiom\u00e8tres ind\u00e9pendants<\/li>\n<li>Patented never lost and integrated screw design<\/li>\n<li>Indice de protection IP : IP65<\/li>\n<\/ul>","protected":false},"excerpt":{"rendered":"<p>ANYLOAD J06ES and J06SS junction and summing boxes accept inputs from multiple load cells and sum up the generated signals into a single output to ensure an accurate multi-cell balance adjustment.\u00a0 The J06ES and J06SS are housed in a stainless steel SS304 enclosure and are designed to accommodate two to six parallel load cell connections.\u00a0 The J06ES and J06SS load cell junction boxes are easy to install with our patented never-lost and integrated screw design. These models have an optional Lightning Protection.<\/p>\n<ul>\n<li>Enclosure Material: Stainless steel SS304<\/li>\n<li>Number of cell connections: 2-6 single cells<\/li>\n<li>Trimming Options: Individual cell with excitation or signal trim<\/li>\n<li>Protection Option: Lightning Protection<\/li>\n<li>Equip\u00e9 de potentiom\u00e8tres ind\u00e9pendants<\/li>\n<li>Patented never lost and integrated screw design<\/li>\n<li>Indice de protection IP : IP65<\/li>\n<\/ul>","protected":false},"featured_media":30029,"template":"","meta":{"_acf_changed":false,"site-sidebar-layout":"default","site-content-layout":"default","ast-site-content-layout":"default","site-content-style":"default","site-sidebar-style":"default","ast-global-header-display":"","ast-banner-title-visibility":"","ast-main-header-display":"","ast-hfb-above-header-display":"","ast-hfb-below-header-display":"","ast-hfb-mobile-header-display":"","site-post-title":"","ast-breadcrumbs-content":"","ast-featured-img":"","footer-sml-layout":"","ast-disable-related-posts":"","theme-transparent-header-meta":"default","adv-header-id-meta":"","stick-header-meta":"default","header-above-stick-meta":"","header-main-stick-meta":"","header-below-stick-meta":"","astra-migrate-meta-layouts":"set","ast-page-background-enabled":"default","ast-page-background-meta":{"desktop":{"background-color":"var(--ast-global-color-4)","background-image":"","background-repeat":"repeat","background-position":"center center","background-size":"auto","background-attachment":"scroll","background-type":"","background-media":"","overlay-type":"","overlay-color":"","overlay-opacity":"","overlay-gradient":""},"tablet":{"background-color":"","background-image":"","background-repeat":"repeat","background-position":"center center","background-size":"auto","background-attachment":"scroll","background-type":"","background-media":"","overlay-type":"","overlay-color":"","overlay-opacity":"","overlay-gradient":""},"mobile":{"background-color":"","background-image":"","background-repeat":"repeat","background-position":"center center","background-size":"auto","background-attachment":"scroll","background-type":"","background-media":"","overlay-type":"","overlay-color":"","overlay-opacity":"","overlay-gradient":""}},"ast-content-background-meta":{"desktop":{"background-color":"var(--ast-global-color-5)","background-image":"","background-repeat":"repeat","background-position":"center center","background-size":"auto","background-attachment":"scroll","background-type":"","background-media":"","overlay-type":"","overlay-color":"","overlay-opacity":"","overlay-gradient":""},"tablet":{"background-color":"var(--ast-global-color-5)","background-image":"","background-repeat":"repeat","background-position":"center center","background-size":"auto","background-attachment":"scroll","background-type":"","background-media":"","overlay-type":"","overlay-color":"","overlay-opacity":"","overlay-gradient":""},"mobile":{"background-color":"var(--ast-global-color-5)","background-image":"","background-repeat":"repeat","background-position":"center center","background-size":"auto","background-attachment":"scroll","background-type":"","background-media":"","overlay-type":"","overlay-color":"","overlay-opacity":"","overlay-gradient":""}}},"product_brand":[],"product_cat":[2386,25],"product_tag":[1476,1482,1478,1479,1483,1484,1480,1481],"industries_product":[],"application_product":[],"class_list":{"0":"post-3446","1":"product","2":"type-product","3":"status-publish","4":"has-post-thumbnail","6":"product_cat-instrumentation","7":"product_cat-junction-boxes","8":"product_tag-junction-box","9":"product_tag-lightning-protection","10":"product_tag-load-cell-junction-box","11":"product_tag-load-cell-junction-boxes","12":"product_tag-load-cell-summation-box","13":"product_tag-load-cell-summation-boxes","14":"product_tag-load-cell-summing-box","15":"product_tag-load-cell-summing-boxes","16":"pa_part-number-j06es","17":"pa_part-number-j06es-ii-excitation-trim-with-lightning-protection","18":"pa_part-number-j06ss","19":"pa_part-number-j06ss-ii-signal-trim-with-lightning-protection","20":"desktop-align-center","21":"tablet-align-left","22":"mobile-align-left","23":"ast-product-gallery-layout-horizontal-slider","24":"ast-magnify-disabled","25":"ast-product-single-variable","26":"ast-product-tabs-layout-horizontal","28":"first","29":"instock","30":"shipping-taxable","31":"purchasable","32":"product-type-variable"},"acf":[],"_links":{"self":[{"href":"https:\/\/www.anyload.com\/fr\/wp-json\/wp\/v2\/product\/3446","targetHints":{"allow":["GET"]}}],"collection":[{"href":"https:\/\/www.anyload.com\/fr\/wp-json\/wp\/v2\/product"}],"about":[{"href":"https:\/\/www.anyload.com\/fr\/wp-json\/wp\/v2\/types\/product"}],"wp:featuredmedia":[{"embeddable":true,"href":"https:\/\/www.anyload.com\/fr\/wp-json\/wp\/v2\/media\/30029"}],"wp:attachment":[{"href":"https:\/\/www.anyload.com\/fr\/wp-json\/wp\/v2\/media?parent=3446"}],"wp:term":[{"taxonomy":"product_brand","embeddable":true,"href":"https:\/\/www.anyload.com\/fr\/wp-json\/wp\/v2\/product_brand?post=3446"},{"taxonomy":"product_cat","embeddable":true,"href":"https:\/\/www.anyload.com\/fr\/wp-json\/wp\/v2\/product_cat?post=3446"},{"taxonomy":"product_tag","embeddable":true,"href":"https:\/\/www.anyload.com\/fr\/wp-json\/wp\/v2\/product_tag?post=3446"},{"taxonomy":"industries_product","embeddable":true,"href":"https:\/\/www.anyload.com\/fr\/wp-json\/wp\/v2\/industries_product?post=3446"},{"taxonomy":"application_product","embeddable":true,"href":"https:\/\/www.anyload.com\/fr\/wp-json\/wp\/v2\/application_product?post=3446"}],"curies":[{"name":"wp","href":"https:\/\/api.w.org\/{rel}","templated":true}]}}