{"id":32085,"date":"2024-06-17T08:50:22","date_gmt":"2024-06-17T15:50:22","guid":{"rendered":"https:\/\/www.anyload.com\/?post_type=product&#038;p=32085"},"modified":"2025-12-18T11:37:39","modified_gmt":"2025-12-18T19:37:39","slug":"j02s-23-mb-junction-box-main-board","status":"publish","type":"product","link":"https:\/\/www.anyload.com\/fr\/product\/j02s-23-mb-junction-box-main-board\/","title":{"rendered":"J02S-23-MB Bo\u00eete de jonction Carte principale"},"content":{"rendered":"<p>La carte principale du bo\u00eetier de jonction et de sommation ANYLOAD J02S-23-MB accepte les entr\u00e9es de plusieurs capteurs de pesage et additionne les signaux g\u00e9n\u00e9r\u00e9s en une seule sortie afin de garantir un r\u00e9glage pr\u00e9cis de l'\u00e9quilibre \u00e0 plusieurs capteurs.  Le J02S-23-MB est con\u00e7u pour accueillir deux connexions de cellules de charge parall\u00e8les avec un port d'extension pour le c\u00e2blage de bo\u00eetes de jonction suppl\u00e9mentaires.  Le J02S-23-MB est facile \u00e0 installer. Ce mod\u00e8le est \u00e9quip\u00e9 d'une protection contre la foudre et la surtension.<\/p>\n<ul>\n<li>Nombre de cellules : 2 cellules individuelles<\/li>\n<li>Cellule de section ou cellule individuelle avec r\u00e9glage du signal<\/li>\n<li>Protection contre la foudre et les surtensions<\/li>\n<li>Connecteurs de cellules de charge rapidement amovibles<\/li>\n<li>Puissance commutable On\/Off par canal<\/li>\n<li>Equip\u00e9 de potentiom\u00e8tres ind\u00e9pendants<\/li>\n<li>Carte de circuit imprim\u00e9 \u00e0 rev\u00eatement conforme<\/li>\n<li>Port d'extension pour J-Box suppl\u00e9mentaire<\/li>\n<li>Indice de protection IP : IP67<\/li>\n<\/ul>","protected":false},"excerpt":{"rendered":"<p>La carte principale du bo\u00eetier de jonction et de sommation ANYLOAD J02S-23-MB accepte les entr\u00e9es de plusieurs capteurs de pesage et additionne les signaux g\u00e9n\u00e9r\u00e9s en une seule sortie afin de garantir un r\u00e9glage pr\u00e9cis de l'\u00e9quilibre \u00e0 plusieurs capteurs.  Le J02S-23-MB est con\u00e7u pour accueillir deux connexions de cellules de charge parall\u00e8les avec un port d'extension pour le c\u00e2blage de bo\u00eetes de jonction suppl\u00e9mentaires.  Le J02S-23-MB est facile \u00e0 installer. Ce mod\u00e8le est \u00e9quip\u00e9 d'une protection contre la foudre et la surtension.<\/p>\n<ul>\n<li>Nombre de cellules : 2 cellules individuelles<\/li>\n<li>Carte de r\u00e9glage du signal analogique \u00e0 2 canaux<\/li>\n<li>Cellule de section ou cellule individuelle avec r\u00e9glage du signal<\/li>\n<li>Protection contre la foudre et les surtensions<\/li>\n<li>Connecteurs de cellules de charge rapidement amovibles<\/li>\n<li>Puissance commutable On\/Off par canal<\/li>\n<li>Equip\u00e9 de potentiom\u00e8tres ind\u00e9pendants<\/li>\n<li>Carte de circuit imprim\u00e9 \u00e0 rev\u00eatement conforme<\/li>\n<li>Port d'extension pour J-Box suppl\u00e9mentaire<\/li>\n<li>Indice de protection IP : IP67<\/li>\n<\/ul>","protected":false},"featured_media":32090,"template":"","meta":{"_acf_changed":false,"site-sidebar-layout":"default","site-content-layout":"default","ast-site-content-layout":"default","site-content-style":"default","site-sidebar-style":"default","ast-global-header-display":"","ast-banner-title-visibility":"","ast-main-header-display":"","ast-hfb-above-header-display":"","ast-hfb-below-header-display":"","ast-hfb-mobile-header-display":"","site-post-title":"","ast-breadcrumbs-content":"","ast-featured-img":"","footer-sml-layout":"","ast-disable-related-posts":"","theme-transparent-header-meta":"default","adv-header-id-meta":"","stick-header-meta":"default","header-above-stick-meta":"","header-main-stick-meta":"","header-below-stick-meta":"","astra-migrate-meta-layouts":"set","ast-page-background-enabled":"default","ast-page-background-meta":{"desktop":{"background-color":"var(--ast-global-color-4)","background-image":"","background-repeat":"repeat","background-position":"center center","background-size":"auto","background-attachment":"scroll","background-type":"","background-media":"","overlay-type":"","overlay-color":"","overlay-opacity":"","overlay-gradient":""},"tablet":{"background-color":"","background-image":"","background-repeat":"repeat","background-position":"center center","background-size":"auto","background-attachment":"scroll","background-type":"","background-media":"","overlay-type":"","overlay-color":"","overlay-opacity":"","overlay-gradient":""},"mobile":{"background-color":"","background-image":"","background-repeat":"repeat","background-position":"center center","background-size":"auto","background-attachment":"scroll","background-type":"","background-media":"","overlay-type":"","overlay-color":"","overlay-opacity":"","overlay-gradient":""}},"ast-content-background-meta":{"desktop":{"background-color":"var(--ast-global-color-5)","background-image":"","background-repeat":"repeat","background-position":"center center","background-size":"auto","background-attachment":"scroll","background-type":"","background-media":"","overlay-type":"","overlay-color":"","overlay-opacity":"","overlay-gradient":""},"tablet":{"background-color":"var(--ast-global-color-5)","background-image":"","background-repeat":"repeat","background-position":"center center","background-size":"auto","background-attachment":"scroll","background-type":"","background-media":"","overlay-type":"","overlay-color":"","overlay-opacity":"","overlay-gradient":""},"mobile":{"background-color":"var(--ast-global-color-5)","background-image":"","background-repeat":"repeat","background-position":"center center","background-size":"auto","background-attachment":"scroll","background-type":"","background-media":"","overlay-type":"","overlay-color":"","overlay-opacity":"","overlay-gradient":""}}},"product_brand":[],"product_cat":[2386,25],"product_tag":[],"industries_product":[],"application_product":[],"class_list":{"0":"post-32085","1":"product","2":"type-product","3":"status-publish","4":"has-post-thumbnail","6":"product_cat-instrumentation","7":"product_cat-junction-boxes","8":"pa_part-number-j02s-23-mb","9":"desktop-align-center","10":"tablet-align-left","11":"mobile-align-left","12":"ast-product-gallery-layout-horizontal-slider","13":"ast-product-gallery-with-no-image","14":"ast-magnify-disabled","15":"ast-product-single-variable","16":"ast-product-tabs-layout-horizontal","18":"first","19":"instock","20":"shipping-taxable","21":"purchasable","22":"product-type-variable"},"acf":[],"_links":{"self":[{"href":"https:\/\/www.anyload.com\/fr\/wp-json\/wp\/v2\/product\/32085","targetHints":{"allow":["GET"]}}],"collection":[{"href":"https:\/\/www.anyload.com\/fr\/wp-json\/wp\/v2\/product"}],"about":[{"href":"https:\/\/www.anyload.com\/fr\/wp-json\/wp\/v2\/types\/product"}],"wp:featuredmedia":[{"embeddable":true,"href":"https:\/\/www.anyload.com\/fr\/wp-json\/wp\/v2\/media\/32090"}],"wp:attachment":[{"href":"https:\/\/www.anyload.com\/fr\/wp-json\/wp\/v2\/media?parent=32085"}],"wp:term":[{"taxonomy":"product_brand","embeddable":true,"href":"https:\/\/www.anyload.com\/fr\/wp-json\/wp\/v2\/product_brand?post=32085"},{"taxonomy":"product_cat","embeddable":true,"href":"https:\/\/www.anyload.com\/fr\/wp-json\/wp\/v2\/product_cat?post=32085"},{"taxonomy":"product_tag","embeddable":true,"href":"https:\/\/www.anyload.com\/fr\/wp-json\/wp\/v2\/product_tag?post=32085"},{"taxonomy":"industries_product","embeddable":true,"href":"https:\/\/www.anyload.com\/fr\/wp-json\/wp\/v2\/industries_product?post=32085"},{"taxonomy":"application_product","embeddable":true,"href":"https:\/\/www.anyload.com\/fr\/wp-json\/wp\/v2\/application_product?post=32085"}],"curies":[{"name":"wp","href":"https:\/\/api.w.org\/{rel}","templated":true}]}}