{"id":31048,"date":"2024-05-27T15:10:15","date_gmt":"2024-05-27T22:10:15","guid":{"rendered":"https:\/\/www.anyload.com\/?post_type=product&#038;p=31048"},"modified":"2024-11-14T11:56:03","modified_gmt":"2024-11-14T19:56:03","slug":"custom-made-s-beam-load-cell","status":"publish","type":"product","link":"https:\/\/www.anyload.com\/fr\/product\/custom-made-s-beam-load-cell\/","title":{"rendered":"Capteur de pesage \u00e0 poutre en S sur mesure"},"content":{"rendered":"","protected":false},"excerpt":{"rendered":"<div>\n<p><!--ScriptorStartFragment--><\/p>\n<div class=\"scriptor-paragraph\">\n<p><!--ScriptorStartFragment--><\/p>\n<div class=\"scriptor-paragraph\">\n<p><!--ScriptorStartFragment--><\/p>\n<div class=\"scriptor-paragraph\">\n<p><!--ScriptorStartFragment--><\/p>\n<div class=\"scriptor-paragraph\">\n<p>Les capteurs de pesage personnalis\u00e9s ANYLOAD de type S, \u00e9galement connus sous le nom de capteurs \u00e0 poutre en S, sont con\u00e7us pour une utilisation polyvalente dans divers secteurs d'activit\u00e9. Ces dispositifs sont id\u00e9aux pour les mesures de tension et de compression, ce qui les rend adapt\u00e9s \u00e0 une large gamme d'applications, y compris les syst\u00e8mes de pesage de pr\u00e9cision en compression et en traction. Leur forme unique en S facilite l'installation et l'int\u00e9gration dans les installations existantes, ce qui permet de prendre en charge toutes les t\u00e2ches, du simple pesage aux processus industriels complexes.<\/p>\n<p>Ces instruments sont fr\u00e9quemment utilis\u00e9s dans les essais de mat\u00e9riaux, les balances de grues et les applications de mesure de force o\u00f9 un contr\u00f4le pr\u00e9cis est essentiel. La flexibilit\u00e9 et la fiabilit\u00e9 des mod\u00e8les de type S en font un choix populaire pour la mesure de charges dynamiques avec une grande sensibilit\u00e9.<\/p>\n<p>ANYLOAD propose ces unit\u00e9s dans diverses capacit\u00e9s et peut les personnaliser pour r\u00e9pondre \u00e0 des exigences sp\u00e9cifiques, y compris diff\u00e9rents indices IP, des mat\u00e9riaux d'\u00e9l\u00e9ments pour la protection de l'environnement et diverses options de connecteurs pour s'adapter \u00e0 tous les types d'instrumentation. Qu'ils soient utilis\u00e9s dans un laboratoire contr\u00f4l\u00e9 ou dans un environnement industriel difficile, les appareils de type S d'ANYLOAD fournissent des mesures fiables et pr\u00e9cises pour r\u00e9pondre \u00e0 vos besoins exigeants.<\/p>\n<\/div>\n<p><!--ScriptorEndFragment--><\/p>\n<\/div>\n<p><!--ScriptorEndFragment--><\/p>\n<\/div>\n<p><!--ScriptorEndFragment--><\/p>\n<\/div>\n<\/div>\n<p>Voir les sp\u00e9cifications standard de nos produits r\u00e9guliers <span style=\"text-decoration: underline;\"><span style=\"color: #3366ff;\"><a style=\"color: #3366ff; text-decoration: underline;\" href=\"https:\/\/www.anyload.com\/fr\/produits\/?swoof=1&amp;product_cat=s-beam\">produits<\/a><\/span><\/span> v\u00e9rifier s'ils r\u00e9pondent \u00e0 vos besoins et \u00e0 vos exigences <em>ou<\/em> Soumettez votre commande pour un capteur de pesage S-Beam personnalis\u00e9<\/p>\n<p><strong>Soumettez votre capteur de force S-Beam sur mesure dans l'onglet ci-dessous ou <span style=\"text-decoration: underline;\"><span style=\"color: #3366ff;\"><a style=\"color: #3366ff; text-decoration: underline;\" href=\"https:\/\/www.anyload.com\/fr\/solutions-sur-mesure\/\">cliquez ici pour en savoir plus sur notre solution personnalis\u00e9e<\/a><\/span><\/span><\/strong><\/p>","protected":false},"featured_media":6715,"template":"","meta":{"_acf_changed":false,"site-sidebar-layout":"default","site-content-layout":"default","ast-site-content-layout":"default","site-content-style":"default","site-sidebar-style":"default","ast-global-header-display":"","ast-banner-title-visibility":"","ast-main-header-display":"","ast-hfb-above-header-display":"","ast-hfb-below-header-display":"","ast-hfb-mobile-header-display":"","site-post-title":"","ast-breadcrumbs-content":"","ast-featured-img":"","footer-sml-layout":"","ast-disable-related-posts":"","theme-transparent-header-meta":"default","adv-header-id-meta":"","stick-header-meta":"default","header-above-stick-meta":"","header-main-stick-meta":"","header-below-stick-meta":"","astra-migrate-meta-layouts":"set","ast-page-background-enabled":"default","ast-page-background-meta":{"desktop":{"background-color":"var(--ast-global-color-4)","background-image":"","background-repeat":"repeat","background-position":"center center","background-size":"auto","background-attachment":"scroll","background-type":"","background-media":"","overlay-type":"","overlay-color":"","overlay-opacity":"","overlay-gradient":""},"tablet":{"background-color":"","background-image":"","background-repeat":"repeat","background-position":"center center","background-size":"auto","background-attachment":"scroll","background-type":"","background-media":"","overlay-type":"","overlay-color":"","overlay-opacity":"","overlay-gradient":""},"mobile":{"background-color":"","background-image":"","background-repeat":"repeat","background-position":"center center","background-size":"auto","background-attachment":"scroll","background-type":"","background-media":"","overlay-type":"","overlay-color":"","overlay-opacity":"","overlay-gradient":""}},"ast-content-background-meta":{"desktop":{"background-color":"var(--ast-global-color-5)","background-image":"","background-repeat":"repeat","background-position":"center center","background-size":"auto","background-attachment":"scroll","background-type":"","background-media":"","overlay-type":"","overlay-color":"","overlay-opacity":"","overlay-gradient":""},"tablet":{"background-color":"var(--ast-global-color-5)","background-image":"","background-repeat":"repeat","background-position":"center center","background-size":"auto","background-attachment":"scroll","background-type":"","background-media":"","overlay-type":"","overlay-color":"","overlay-opacity":"","overlay-gradient":""},"mobile":{"background-color":"var(--ast-global-color-5)","background-image":"","background-repeat":"repeat","background-position":"center center","background-size":"auto","background-attachment":"scroll","background-type":"","background-media":"","overlay-type":"","overlay-color":"","overlay-opacity":"","overlay-gradient":""}}},"product_brand":[],"product_cat":[19,32],"product_tag":[],"industries_product":[],"application_product":[],"class_list":{"0":"post-31048","1":"product","2":"type-product","3":"status-publish","4":"has-post-thumbnail","6":"product_cat-load-cells-categories","7":"product_cat-s-beam","8":"desktop-align-center","9":"tablet-align-left","10":"mobile-align-left","11":"ast-product-gallery-layout-horizontal-slider","12":"ast-product-gallery-with-no-image","13":"ast-magnify-disabled","14":"ast-product-single-variable","15":"ast-product-tabs-layout-horizontal","17":"first","18":"onbackorder","19":"shipping-taxable","20":"product-type-variable"},"acf":[],"_links":{"self":[{"href":"https:\/\/www.anyload.com\/fr\/wp-json\/wp\/v2\/product\/31048","targetHints":{"allow":["GET"]}}],"collection":[{"href":"https:\/\/www.anyload.com\/fr\/wp-json\/wp\/v2\/product"}],"about":[{"href":"https:\/\/www.anyload.com\/fr\/wp-json\/wp\/v2\/types\/product"}],"wp:featuredmedia":[{"embeddable":true,"href":"https:\/\/www.anyload.com\/fr\/wp-json\/wp\/v2\/media\/6715"}],"wp:attachment":[{"href":"https:\/\/www.anyload.com\/fr\/wp-json\/wp\/v2\/media?parent=31048"}],"wp:term":[{"taxonomy":"product_brand","embeddable":true,"href":"https:\/\/www.anyload.com\/fr\/wp-json\/wp\/v2\/product_brand?post=31048"},{"taxonomy":"product_cat","embeddable":true,"href":"https:\/\/www.anyload.com\/fr\/wp-json\/wp\/v2\/product_cat?post=31048"},{"taxonomy":"product_tag","embeddable":true,"href":"https:\/\/www.anyload.com\/fr\/wp-json\/wp\/v2\/product_tag?post=31048"},{"taxonomy":"industries_product","embeddable":true,"href":"https:\/\/www.anyload.com\/fr\/wp-json\/wp\/v2\/industries_product?post=31048"},{"taxonomy":"application_product","embeddable":true,"href":"https:\/\/www.anyload.com\/fr\/wp-json\/wp\/v2\/application_product?post=31048"}],"curies":[{"name":"wp","href":"https:\/\/api.w.org\/{rel}","templated":true}]}}