{"id":31045,"date":"2024-05-27T15:06:14","date_gmt":"2024-05-27T22:06:14","guid":{"rendered":"https:\/\/www.anyload.com\/?post_type=product&#038;p=31045"},"modified":"2024-11-14T11:56:10","modified_gmt":"2024-11-14T19:56:10","slug":"custom-made-load-button","status":"publish","type":"product","link":"https:\/\/www.anyload.com\/fr\/product\/custom-made-load-button\/","title":{"rendered":"Bouton de chargement sur mesure"},"content":{"rendered":"","protected":false},"excerpt":{"rendered":"<div>\n<p><!--ScriptorStartFragment--><\/p>\n<div class=\"scriptor-paragraph\">\n<div>\n<p><!--ScriptorStartFragment--><\/p>\n<div class=\"scriptor-paragraph\">\n<div>\n<p><!--ScriptorStartFragment--><\/p>\n<div class=\"scriptor-paragraph\">Les capteurs \u00e0 bouton de charge personnalis\u00e9s ANYLOAD sont compacts et polyvalents, con\u00e7us pour les applications de tension et de compression, et sont id\u00e9aux pour l'int\u00e9gration dans les dispositifs portables et la robotique. Ces capteurs sont particuli\u00e8rement adapt\u00e9s aux sc\u00e9narios dans lesquels l'espace est restreint, mais o\u00f9 des performances \u00e9lev\u00e9es et une grande polyvalence sont requises.<\/div>\n<div class=\"scriptor-paragraph\">Les capteurs \u00e0 bouton de charge sont tr\u00e8s appr\u00e9ci\u00e9s dans les applications o\u00f9 l'espace d'installation est restreint, comme dans les \u00e9quipements m\u00e9dicaux, les machines d'essai et les syst\u00e8mes industriels compacts. Leur faible encombrement et leurs diverses capacit\u00e9s de mesure de la force en font un choix privil\u00e9gi\u00e9 pour les int\u00e9grateurs de syst\u00e8mes cherchant \u00e0 maintenir la compacit\u00e9 sans acquisition de donn\u00e9es.<\/div>\n<div class=\"scriptor-paragraph\">ANYLOAD est exp\u00e9riment\u00e9 dans la personnalisation de ces capteurs de force pour r\u00e9pondre aux exigences d'applications sp\u00e9cifiques, y compris les diff\u00e9rents indices IP pour une protection accrue contre les facteurs environnementaux. Qu'ils soient utilis\u00e9s dans la robotique de haute technologie, les balances portables ou l'instrumentation de pr\u00e9cision, les capteurs \u00e0 bouton de charge ANYLOAD constituent une solution fiable et pr\u00e9cise pour les t\u00e2ches de mesure de force avanc\u00e9es dans les applications compactes.<\/div>\n<p><!--ScriptorEndFragment--><\/p>\n<\/div>\n<\/div>\n<p><!--ScriptorEndFragment--><\/p>\n<\/div>\n<\/div>\n<\/div>\n<p>Voir les sp\u00e9cifications standard de nos produits r\u00e9guliers <span style=\"text-decoration: underline;\"><span style=\"color: #3366ff;\"><a style=\"color: #3366ff; text-decoration: underline;\" href=\"https:\/\/www.anyload.com\/fr\/produits\/?swoof=1&amp;product_cat=load-buttons\">produits<\/a><\/span><\/span> v\u00e9rifier s'ils r\u00e9pondent \u00e0 vos besoins et \u00e0 vos exigences <em>ou<\/em> soumettre votre commande pour un bouton de charge personnalis\u00e9.<\/p>\n<p><strong>Soumettez votre bouton de charge personnalis\u00e9 dans l'onglet ci-dessous ou <span style=\"text-decoration: underline;\"><span style=\"color: #3366ff;\"><a style=\"color: #3366ff; text-decoration: underline;\" href=\"https:\/\/www.anyload.com\/fr\/solutions-sur-mesure\/\">cliquez ici pour en savoir plus sur notre solution personnalis\u00e9e<\/a><\/span><\/span><\/strong><\/p>","protected":false},"featured_media":10148,"template":"","meta":{"_acf_changed":false,"site-sidebar-layout":"default","site-content-layout":"default","ast-site-content-layout":"default","site-content-style":"default","site-sidebar-style":"default","ast-global-header-display":"","ast-banner-title-visibility":"","ast-main-header-display":"","ast-hfb-above-header-display":"","ast-hfb-below-header-display":"","ast-hfb-mobile-header-display":"","site-post-title":"","ast-breadcrumbs-content":"","ast-featured-img":"","footer-sml-layout":"","ast-disable-related-posts":"","theme-transparent-header-meta":"default","adv-header-id-meta":"","stick-header-meta":"default","header-above-stick-meta":"","header-main-stick-meta":"","header-below-stick-meta":"","astra-migrate-meta-layouts":"set","ast-page-background-enabled":"default","ast-page-background-meta":{"desktop":{"background-color":"var(--ast-global-color-4)","background-image":"","background-repeat":"repeat","background-position":"center center","background-size":"auto","background-attachment":"scroll","background-type":"","background-media":"","overlay-type":"","overlay-color":"","overlay-opacity":"","overlay-gradient":""},"tablet":{"background-color":"","background-image":"","background-repeat":"repeat","background-position":"center center","background-size":"auto","background-attachment":"scroll","background-type":"","background-media":"","overlay-type":"","overlay-color":"","overlay-opacity":"","overlay-gradient":""},"mobile":{"background-color":"","background-image":"","background-repeat":"repeat","background-position":"center center","background-size":"auto","background-attachment":"scroll","background-type":"","background-media":"","overlay-type":"","overlay-color":"","overlay-opacity":"","overlay-gradient":""}},"ast-content-background-meta":{"desktop":{"background-color":"var(--ast-global-color-5)","background-image":"","background-repeat":"repeat","background-position":"center center","background-size":"auto","background-attachment":"scroll","background-type":"","background-media":"","overlay-type":"","overlay-color":"","overlay-opacity":"","overlay-gradient":""},"tablet":{"background-color":"var(--ast-global-color-5)","background-image":"","background-repeat":"repeat","background-position":"center center","background-size":"auto","background-attachment":"scroll","background-type":"","background-media":"","overlay-type":"","overlay-color":"","overlay-opacity":"","overlay-gradient":""},"mobile":{"background-color":"var(--ast-global-color-5)","background-image":"","background-repeat":"repeat","background-position":"center center","background-size":"auto","background-attachment":"scroll","background-type":"","background-media":"","overlay-type":"","overlay-color":"","overlay-opacity":"","overlay-gradient":""}}},"product_brand":[],"product_cat":[37,19],"product_tag":[],"industries_product":[],"application_product":[],"class_list":{"0":"post-31045","1":"product","2":"type-product","3":"status-publish","4":"has-post-thumbnail","6":"product_cat-load-buttons","7":"product_cat-load-cells-categories","8":"desktop-align-center","9":"tablet-align-left","10":"mobile-align-left","11":"ast-product-gallery-layout-horizontal-slider","12":"ast-product-gallery-with-no-image","13":"ast-magnify-disabled","14":"ast-product-single-variable","15":"ast-product-tabs-layout-horizontal","17":"first","18":"onbackorder","19":"shipping-taxable","20":"product-type-variable"},"acf":[],"_links":{"self":[{"href":"https:\/\/www.anyload.com\/fr\/wp-json\/wp\/v2\/product\/31045","targetHints":{"allow":["GET"]}}],"collection":[{"href":"https:\/\/www.anyload.com\/fr\/wp-json\/wp\/v2\/product"}],"about":[{"href":"https:\/\/www.anyload.com\/fr\/wp-json\/wp\/v2\/types\/product"}],"wp:featuredmedia":[{"embeddable":true,"href":"https:\/\/www.anyload.com\/fr\/wp-json\/wp\/v2\/media\/10148"}],"wp:attachment":[{"href":"https:\/\/www.anyload.com\/fr\/wp-json\/wp\/v2\/media?parent=31045"}],"wp:term":[{"taxonomy":"product_brand","embeddable":true,"href":"https:\/\/www.anyload.com\/fr\/wp-json\/wp\/v2\/product_brand?post=31045"},{"taxonomy":"product_cat","embeddable":true,"href":"https:\/\/www.anyload.com\/fr\/wp-json\/wp\/v2\/product_cat?post=31045"},{"taxonomy":"product_tag","embeddable":true,"href":"https:\/\/www.anyload.com\/fr\/wp-json\/wp\/v2\/product_tag?post=31045"},{"taxonomy":"industries_product","embeddable":true,"href":"https:\/\/www.anyload.com\/fr\/wp-json\/wp\/v2\/industries_product?post=31045"},{"taxonomy":"application_product","embeddable":true,"href":"https:\/\/www.anyload.com\/fr\/wp-json\/wp\/v2\/application_product?post=31045"}],"curies":[{"name":"wp","href":"https:\/\/api.w.org\/{rel}","templated":true}]}}