{"id":31032,"date":"2024-05-27T13:45:33","date_gmt":"2024-05-27T20:45:33","guid":{"rendered":"https:\/\/www.anyload.com\/?post_type=product&#038;p=31032"},"modified":"2024-11-14T11:56:29","modified_gmt":"2024-11-14T19:56:29","slug":"custom-made-tension-link-load-cell","status":"publish","type":"product","link":"https:\/\/www.anyload.com\/fr\/product\/custom-made-tension-link-load-cell\/","title":{"rendered":"Capteur de pesage \u00e0 lien de tension sur mesure"},"content":{"rendered":"","protected":false},"excerpt":{"rendered":"<div>\n<p><!--ScriptorStartFragment--><\/p>\n<div class=\"scriptor-paragraph\">Les capteurs de tension et de couple personnalis\u00e9s ANYLOAD sont con\u00e7us de mani\u00e8re experte pour la mesure de la charge et du couple \u00e0 hautes performances dans les applications n\u00e9cessitant une \u00e9valuation dynamique de la tension et une \u00e9valuation de la force de rotation. Id\u00e9ales pour les balances de grues, les op\u00e9rations de levage, la surveillance de la tension des c\u00e2bles et la mesure du couple, ces cellules de charge sont reconnues pour leur robustesse et leurs capacit\u00e9s de mesure pr\u00e9cise de la force.<\/div>\n<div class=\"scriptor-paragraph\">Construits pour r\u00e9pondre aux normes industrielles les plus strictes, les capteurs de pesage \u00e0 lien de tension et de couple ANYLOAD sont r\u00e9put\u00e9s pour leur durabilit\u00e9 et leur fiabilit\u00e9 dans des conditions exigeantes. ANYLOAD d\u00e9tient le record mondial de la certification l\u00e9gale la plus \u00e9lev\u00e9e pour les conceptions de liens de tension \u00e0 l'OIML C6, et nos cellules de pesage ont prouv\u00e9 qu'elles offraient une pr\u00e9cision et des performances sup\u00e9rieures.<\/div>\n<div class=\"scriptor-paragraph\">Dot\u00e9s d'une conception interne brevet\u00e9e aux \u00c9tats-Unis, les capteurs ANYLOAD sont con\u00e7us pour maximiser la pr\u00e9cision des mesures et l'int\u00e9grit\u00e9 structurelle. Cette conception unique garantit des performances et une long\u00e9vit\u00e9 optimales, ce qui en fait un choix fiable pour les t\u00e2ches critiques de levage, de pesage et d'analyse du couple.<\/div>\n<div class=\"scriptor-paragraph\">Les capteurs de tension et de couple ANYLOAD sont disponibles dans une gamme de capacit\u00e9s et sont personnalisables pour inclure diverses caract\u00e9ristiques telles que des options de sortie sans fil, des indices IP pour la r\u00e9sistance aux intemp\u00e9ries et plusieurs types de connecteurs pour r\u00e9pondre \u00e0 des besoins op\u00e9rationnels sp\u00e9cifiques.<\/div>\n<div class=\"scriptor-paragraph\">\n<p>Qu'elles soient utilis\u00e9es dans des environnements industriels, marins ou de construction, les cellules de charge ANYLOAD constituent une solution fiable pour les mesures de charge et de couple \u00e0 enjeux \u00e9lev\u00e9s, garantissant la s\u00e9curit\u00e9 et l'efficacit\u00e9 dans toutes les applications de surveillance.<\/p>\n<p><!--ScriptorEndFragment--><\/p>\n<\/div>\n<\/div>\n<p>Voir les sp\u00e9cifications standard de nos produits r\u00e9guliers <span style=\"text-decoration: underline;\"><span style=\"color: #3366ff;\"><a style=\"color: #3366ff; text-decoration: underline;\" href=\"https:\/\/www.anyload.com\/fr\/produits\/?swoof=1&amp;product_cat=tension-links\">produits<\/a><\/span><\/span> v\u00e9rifier s'ils r\u00e9pondent \u00e0 vos besoins et \u00e0 vos exigences <em>ou<\/em> Soumettez votre commande pour un capteur de force \u00e0 lien de tension personnalis\u00e9.<\/p>\n<p><strong>Soumettez votre capteur de force \u00e0 lien de tension sur mesure dans l'onglet ci-dessous ou <span style=\"text-decoration: underline;\"><span style=\"color: #3366ff;\"><a style=\"color: #3366ff; text-decoration: underline;\" href=\"https:\/\/www.anyload.com\/fr\/solutions-sur-mesure\/\">cliquez ici pour en savoir plus sur notre solution personnalis\u00e9e<\/a><\/span><\/span><\/strong><\/p>","protected":false},"featured_media":11760,"template":"","meta":{"_acf_changed":false,"site-sidebar-layout":"default","site-content-layout":"default","ast-site-content-layout":"default","site-content-style":"default","site-sidebar-style":"default","ast-global-header-display":"","ast-banner-title-visibility":"","ast-main-header-display":"","ast-hfb-above-header-display":"","ast-hfb-below-header-display":"","ast-hfb-mobile-header-display":"","site-post-title":"","ast-breadcrumbs-content":"","ast-featured-img":"","footer-sml-layout":"","ast-disable-related-posts":"","theme-transparent-header-meta":"default","adv-header-id-meta":"","stick-header-meta":"default","header-above-stick-meta":"","header-main-stick-meta":"","header-below-stick-meta":"","astra-migrate-meta-layouts":"set","ast-page-background-enabled":"default","ast-page-background-meta":{"desktop":{"background-color":"var(--ast-global-color-4)","background-image":"","background-repeat":"repeat","background-position":"center center","background-size":"auto","background-attachment":"scroll","background-type":"","background-media":"","overlay-type":"","overlay-color":"","overlay-opacity":"","overlay-gradient":""},"tablet":{"background-color":"","background-image":"","background-repeat":"repeat","background-position":"center center","background-size":"auto","background-attachment":"scroll","background-type":"","background-media":"","overlay-type":"","overlay-color":"","overlay-opacity":"","overlay-gradient":""},"mobile":{"background-color":"","background-image":"","background-repeat":"repeat","background-position":"center center","background-size":"auto","background-attachment":"scroll","background-type":"","background-media":"","overlay-type":"","overlay-color":"","overlay-opacity":"","overlay-gradient":""}},"ast-content-background-meta":{"desktop":{"background-color":"var(--ast-global-color-5)","background-image":"","background-repeat":"repeat","background-position":"center center","background-size":"auto","background-attachment":"scroll","background-type":"","background-media":"","overlay-type":"","overlay-color":"","overlay-opacity":"","overlay-gradient":""},"tablet":{"background-color":"var(--ast-global-color-5)","background-image":"","background-repeat":"repeat","background-position":"center center","background-size":"auto","background-attachment":"scroll","background-type":"","background-media":"","overlay-type":"","overlay-color":"","overlay-opacity":"","overlay-gradient":""},"mobile":{"background-color":"var(--ast-global-color-5)","background-image":"","background-repeat":"repeat","background-position":"center center","background-size":"auto","background-attachment":"scroll","background-type":"","background-media":"","overlay-type":"","overlay-color":"","overlay-opacity":"","overlay-gradient":""}}},"product_brand":[],"product_cat":[19,38],"product_tag":[],"industries_product":[],"application_product":[],"class_list":{"0":"post-31032","1":"product","2":"type-product","3":"status-publish","4":"has-post-thumbnail","6":"product_cat-load-cells-categories","7":"product_cat-tension-links","8":"desktop-align-center","9":"tablet-align-left","10":"mobile-align-left","11":"ast-product-gallery-layout-horizontal-slider","12":"ast-product-gallery-with-no-image","13":"ast-magnify-disabled","14":"ast-product-single-variable","15":"ast-product-tabs-layout-horizontal","17":"first","18":"onbackorder","19":"shipping-taxable","20":"product-type-variable"},"acf":[],"_links":{"self":[{"href":"https:\/\/www.anyload.com\/fr\/wp-json\/wp\/v2\/product\/31032","targetHints":{"allow":["GET"]}}],"collection":[{"href":"https:\/\/www.anyload.com\/fr\/wp-json\/wp\/v2\/product"}],"about":[{"href":"https:\/\/www.anyload.com\/fr\/wp-json\/wp\/v2\/types\/product"}],"wp:featuredmedia":[{"embeddable":true,"href":"https:\/\/www.anyload.com\/fr\/wp-json\/wp\/v2\/media\/11760"}],"wp:attachment":[{"href":"https:\/\/www.anyload.com\/fr\/wp-json\/wp\/v2\/media?parent=31032"}],"wp:term":[{"taxonomy":"product_brand","embeddable":true,"href":"https:\/\/www.anyload.com\/fr\/wp-json\/wp\/v2\/product_brand?post=31032"},{"taxonomy":"product_cat","embeddable":true,"href":"https:\/\/www.anyload.com\/fr\/wp-json\/wp\/v2\/product_cat?post=31032"},{"taxonomy":"product_tag","embeddable":true,"href":"https:\/\/www.anyload.com\/fr\/wp-json\/wp\/v2\/product_tag?post=31032"},{"taxonomy":"industries_product","embeddable":true,"href":"https:\/\/www.anyload.com\/fr\/wp-json\/wp\/v2\/industries_product?post=31032"},{"taxonomy":"application_product","embeddable":true,"href":"https:\/\/www.anyload.com\/fr\/wp-json\/wp\/v2\/application_product?post=31032"}],"curies":[{"name":"wp","href":"https:\/\/api.w.org\/{rel}","templated":true}]}}