{"id":31027,"date":"2024-05-27T13:28:03","date_gmt":"2024-05-27T20:28:03","guid":{"rendered":"https:\/\/www.anyload.com\/?post_type=product&#038;p=31027"},"modified":"2024-11-14T11:56:41","modified_gmt":"2024-11-14T19:56:41","slug":"custom-made-canister-load-cell","status":"publish","type":"product","link":"https:\/\/www.anyload.com\/fr\/product\/custom-made-canister-load-cell\/","title":{"rendered":"Capteur de pesage \u00e0 bidon sur mesure"},"content":{"rendered":"","protected":false},"excerpt":{"rendered":"<div>\n<p><!--ScriptorStartFragment--><\/p>\n<div class=\"scriptor-paragraph\">Les capteurs de pesage \u00e0 bidon et \u00e0 colonne de basculement personnalis\u00e9s ANYLOAD sont con\u00e7us pour offrir des performances et une durabilit\u00e9 exceptionnelles, ce qui les rend id\u00e9aux pour les applications de pesage \u00e0 haute capacit\u00e9 dans des secteurs tels que le p\u00e9trole et le gaz, l'exploitation mini\u00e8re et la construction lourde. Ces capteurs sont sp\u00e9cialement con\u00e7us pour supporter des conditions de charge extr\u00eames et sont couramment utilis\u00e9s dans les bascules pour camions, le pesage de silos et de r\u00e9servoirs et les bascules industrielles \u00e0 usage intensif.<\/div>\n<div class=\"scriptor-paragraph\">Fabriqu\u00e9s \u00e0 partir de mat\u00e9riaux robustes, nos capteurs \u00e0 jauges de contrainte sont con\u00e7us pour r\u00e9sister \u00e0 des conditions environnementales difficiles, notamment \u00e0 des niveaux \u00e9lev\u00e9s de vibrations, \u00e0 des fluctuations de temp\u00e9rature et \u00e0 une exposition potentielle \u00e0 des substances corrosives. Cette conception robuste garantit une fiabilit\u00e9 et une pr\u00e9cision \u00e0 long terme, m\u00eame dans les circonstances les plus exigeantes.<\/p>\n<\/div>\n<\/div>\n<p>Voir les sp\u00e9cifications standard de nos produits r\u00e9guliers <span style=\"text-decoration: underline;\"><span style=\"color: #3366ff;\"><a style=\"color: #3366ff; text-decoration: underline;\" href=\"https:\/\/www.anyload.com\/fr\/produits\/?swoof=1&amp;product_cat=canister-and-disk\">produits<\/a><\/span><\/span> v\u00e9rifier s'ils r\u00e9pondent \u00e0 vos besoins et \u00e0 vos exigences <em>ou<\/em> soumettre votre commande pour un capteur \u00e0 jauges de contrainte sur mesure.<\/p>\n<p><strong>Soumettez votre capteur \u00e0 jauges de contrainte sur mesure dans l'onglet ci-dessous ou <span style=\"text-decoration: underline;\"><span style=\"color: #3366ff;\"><a style=\"color: #3366ff; text-decoration: underline;\" href=\"https:\/\/www.anyload.com\/fr\/solutions-sur-mesure\/\">cliquez ici pour en savoir plus sur notre solution personnalis\u00e9e<\/a><\/span><\/span><\/strong><\/p>","protected":false},"featured_media":6840,"template":"","meta":{"_acf_changed":false,"site-sidebar-layout":"default","site-content-layout":"default","ast-site-content-layout":"default","site-content-style":"default","site-sidebar-style":"default","ast-global-header-display":"","ast-banner-title-visibility":"","ast-main-header-display":"","ast-hfb-above-header-display":"","ast-hfb-below-header-display":"","ast-hfb-mobile-header-display":"","site-post-title":"","ast-breadcrumbs-content":"","ast-featured-img":"","footer-sml-layout":"","ast-disable-related-posts":"","theme-transparent-header-meta":"default","adv-header-id-meta":"","stick-header-meta":"default","header-above-stick-meta":"","header-main-stick-meta":"","header-below-stick-meta":"","astra-migrate-meta-layouts":"set","ast-page-background-enabled":"default","ast-page-background-meta":{"desktop":{"background-color":"var(--ast-global-color-4)","background-image":"","background-repeat":"repeat","background-position":"center center","background-size":"auto","background-attachment":"scroll","background-type":"","background-media":"","overlay-type":"","overlay-color":"","overlay-opacity":"","overlay-gradient":""},"tablet":{"background-color":"","background-image":"","background-repeat":"repeat","background-position":"center center","background-size":"auto","background-attachment":"scroll","background-type":"","background-media":"","overlay-type":"","overlay-color":"","overlay-opacity":"","overlay-gradient":""},"mobile":{"background-color":"","background-image":"","background-repeat":"repeat","background-position":"center center","background-size":"auto","background-attachment":"scroll","background-type":"","background-media":"","overlay-type":"","overlay-color":"","overlay-opacity":"","overlay-gradient":""}},"ast-content-background-meta":{"desktop":{"background-color":"var(--ast-global-color-5)","background-image":"","background-repeat":"repeat","background-position":"center center","background-size":"auto","background-attachment":"scroll","background-type":"","background-media":"","overlay-type":"","overlay-color":"","overlay-opacity":"","overlay-gradient":""},"tablet":{"background-color":"var(--ast-global-color-5)","background-image":"","background-repeat":"repeat","background-position":"center center","background-size":"auto","background-attachment":"scroll","background-type":"","background-media":"","overlay-type":"","overlay-color":"","overlay-opacity":"","overlay-gradient":""},"mobile":{"background-color":"var(--ast-global-color-5)","background-image":"","background-repeat":"repeat","background-position":"center center","background-size":"auto","background-attachment":"scroll","background-type":"","background-media":"","overlay-type":"","overlay-color":"","overlay-opacity":"","overlay-gradient":""}}},"product_brand":[],"product_cat":[19,34],"product_tag":[],"industries_product":[],"application_product":[],"class_list":{"0":"post-31027","1":"product","2":"type-product","3":"status-publish","4":"has-post-thumbnail","6":"product_cat-load-cells-categories","7":"product_cat-canister-and-disk","8":"desktop-align-center","9":"tablet-align-left","10":"mobile-align-left","11":"ast-product-gallery-layout-horizontal-slider","12":"ast-product-gallery-with-no-image","13":"ast-magnify-disabled","14":"ast-product-single-variable","15":"ast-product-tabs-layout-horizontal","17":"first","18":"onbackorder","19":"shipping-taxable","20":"product-type-variable"},"acf":[],"_links":{"self":[{"href":"https:\/\/www.anyload.com\/fr\/wp-json\/wp\/v2\/product\/31027","targetHints":{"allow":["GET"]}}],"collection":[{"href":"https:\/\/www.anyload.com\/fr\/wp-json\/wp\/v2\/product"}],"about":[{"href":"https:\/\/www.anyload.com\/fr\/wp-json\/wp\/v2\/types\/product"}],"wp:featuredmedia":[{"embeddable":true,"href":"https:\/\/www.anyload.com\/fr\/wp-json\/wp\/v2\/media\/6840"}],"wp:attachment":[{"href":"https:\/\/www.anyload.com\/fr\/wp-json\/wp\/v2\/media?parent=31027"}],"wp:term":[{"taxonomy":"product_brand","embeddable":true,"href":"https:\/\/www.anyload.com\/fr\/wp-json\/wp\/v2\/product_brand?post=31027"},{"taxonomy":"product_cat","embeddable":true,"href":"https:\/\/www.anyload.com\/fr\/wp-json\/wp\/v2\/product_cat?post=31027"},{"taxonomy":"product_tag","embeddable":true,"href":"https:\/\/www.anyload.com\/fr\/wp-json\/wp\/v2\/product_tag?post=31027"},{"taxonomy":"industries_product","embeddable":true,"href":"https:\/\/www.anyload.com\/fr\/wp-json\/wp\/v2\/industries_product?post=31027"},{"taxonomy":"application_product","embeddable":true,"href":"https:\/\/www.anyload.com\/fr\/wp-json\/wp\/v2\/application_product?post=31027"}],"curies":[{"name":"wp","href":"https:\/\/api.w.org\/{rel}","templated":true}]}}