{"id":31023,"date":"2024-05-27T13:19:18","date_gmt":"2024-05-27T20:19:18","guid":{"rendered":"https:\/\/www.anyload.com\/?post_type=product&#038;p=31023"},"modified":"2024-11-14T11:56:50","modified_gmt":"2024-11-14T19:56:50","slug":"custom-made-single-point-load-cell","status":"publish","type":"product","link":"https:\/\/www.anyload.com\/fr\/product\/custom-made-single-point-load-cell\/","title":{"rendered":"Capteur de pesage \u00e0 point unique sur mesure"},"content":{"rendered":"","protected":false},"excerpt":{"rendered":"<div>\n<p><!--ScriptorStartFragment--><\/p>\n<div class=\"scriptor-paragraph\">\n<div><!--ScriptorStartFragment--><\/p>\n<div class=\"scriptor-paragraph\">Les capteurs \u00e0 point d'appui unique personnalis\u00e9s ANYLOAD se distinguent par leur pr\u00e9cision et leur adaptabilit\u00e9, et sont con\u00e7us pour r\u00e9pondre \u00e0 des exigences sp\u00e9cifiques dans un large \u00e9ventail de secteurs. Con\u00e7us pour le pesage de processus, les syst\u00e8mes de dosage, les balances de table et les petites balances \u00e0 plate-forme, ces capteurs sont adapt\u00e9s aux applications o\u00f9 la pr\u00e9cision et la stabilit\u00e9 sont primordiales.<\/div>\n<div class=\"scriptor-paragraph\">Fabriqu\u00e9s \u00e0 partir d'une vari\u00e9t\u00e9 de mat\u00e9riaux allant au-del\u00e0 de l'acier inoxydable standard, nos capteurs peuvent \u00eatre personnalis\u00e9s pour r\u00e9pondre \u00e0 des conditions environnementales sp\u00e9cifiques, y compris celles n\u00e9cessitant des indices IP plus \u00e9lev\u00e9s pour la r\u00e9sistance \u00e0 la poussi\u00e8re et \u00e0 l'eau. Avec la possibilit\u00e9 d'ajuster les propri\u00e9t\u00e9s m\u00e9caniques telles que la d\u00e9flexion de la cellule de charge et la concentration des contraintes, les cellules de charge \u00e0 point unique ANYLOAD garantissent des temps de r\u00e9ponse optimaux et des facteurs de s\u00e9curit\u00e9 am\u00e9lior\u00e9s.<\/div>\n<div class=\"scriptor-paragraph\">Disponibles dans des capacit\u00e9s allant de 10 kg \u00e0 1 000 kg, nos capteurs de pesage sont con\u00e7us pour des t\u00e2ches commerciales l\u00e9g\u00e8res et des applications industrielles exigeantes. Nous proposons diff\u00e9rents niveaux de pr\u00e9cision, y compris des mod\u00e8les qui ont atteint la plus haute pr\u00e9cision l\u00e9gale pour la certification commerciale \u00e0 OIML C9 - le record mondial pour les cellules de pesage \u00e0 point unique.<\/div>\n<p><!--ScriptorEndFragment--><\/div>\n<\/div>\n<p><!--ScriptorEndFragment--><\/p>\n<\/div>\n<p>Voir les sp\u00e9cifications standard de nos produits r\u00e9guliers <span style=\"text-decoration: underline;\"><span style=\"color: #3366ff;\"><a style=\"color: #3366ff; text-decoration: underline;\" href=\"https:\/\/www.anyload.com\/fr\/produits\/?swoof=1&amp;product_cat=single-point\">produits<\/a><\/span><\/span> v\u00e9rifier s'ils r\u00e9pondent \u00e0 vos besoins et \u00e0 vos exigences <em>ou<\/em> soumettez votre commande pour un capteur \u00e0 point d'appui unique personnalis\u00e9.<\/p>\n<p><strong>Soumettez votre capteur de force monopoint sur mesure dans l'onglet ci-dessous ou <span style=\"text-decoration: underline;\"><span style=\"color: #3366ff;\"><a style=\"color: #3366ff; text-decoration: underline;\" href=\"https:\/\/www.anyload.com\/fr\/solutions-sur-mesure\/\">cliquez ici pour en savoir plus sur notre solution personnalis\u00e9e<\/a><\/span><\/span><\/strong><\/p>","protected":false},"featured_media":11759,"template":"","meta":{"_acf_changed":false,"site-sidebar-layout":"default","site-content-layout":"default","ast-site-content-layout":"default","site-content-style":"default","site-sidebar-style":"default","ast-global-header-display":"","ast-banner-title-visibility":"","ast-main-header-display":"","ast-hfb-above-header-display":"","ast-hfb-below-header-display":"","ast-hfb-mobile-header-display":"","site-post-title":"","ast-breadcrumbs-content":"","ast-featured-img":"","footer-sml-layout":"","ast-disable-related-posts":"","theme-transparent-header-meta":"default","adv-header-id-meta":"","stick-header-meta":"default","header-above-stick-meta":"","header-main-stick-meta":"","header-below-stick-meta":"","astra-migrate-meta-layouts":"set","ast-page-background-enabled":"default","ast-page-background-meta":{"desktop":{"background-color":"var(--ast-global-color-4)","background-image":"","background-repeat":"repeat","background-position":"center center","background-size":"auto","background-attachment":"scroll","background-type":"","background-media":"","overlay-type":"","overlay-color":"","overlay-opacity":"","overlay-gradient":""},"tablet":{"background-color":"","background-image":"","background-repeat":"repeat","background-position":"center center","background-size":"auto","background-attachment":"scroll","background-type":"","background-media":"","overlay-type":"","overlay-color":"","overlay-opacity":"","overlay-gradient":""},"mobile":{"background-color":"","background-image":"","background-repeat":"repeat","background-position":"center center","background-size":"auto","background-attachment":"scroll","background-type":"","background-media":"","overlay-type":"","overlay-color":"","overlay-opacity":"","overlay-gradient":""}},"ast-content-background-meta":{"desktop":{"background-color":"var(--ast-global-color-5)","background-image":"","background-repeat":"repeat","background-position":"center center","background-size":"auto","background-attachment":"scroll","background-type":"","background-media":"","overlay-type":"","overlay-color":"","overlay-opacity":"","overlay-gradient":""},"tablet":{"background-color":"var(--ast-global-color-5)","background-image":"","background-repeat":"repeat","background-position":"center center","background-size":"auto","background-attachment":"scroll","background-type":"","background-media":"","overlay-type":"","overlay-color":"","overlay-opacity":"","overlay-gradient":""},"mobile":{"background-color":"var(--ast-global-color-5)","background-image":"","background-repeat":"repeat","background-position":"center center","background-size":"auto","background-attachment":"scroll","background-type":"","background-media":"","overlay-type":"","overlay-color":"","overlay-opacity":"","overlay-gradient":""}}},"product_brand":[],"product_cat":[19,33],"product_tag":[],"industries_product":[],"application_product":[],"class_list":{"0":"post-31023","1":"product","2":"type-product","3":"status-publish","4":"has-post-thumbnail","6":"product_cat-load-cells-categories","7":"product_cat-single-point","8":"desktop-align-center","9":"tablet-align-left","10":"mobile-align-left","11":"ast-product-gallery-layout-horizontal-slider","12":"ast-product-gallery-with-no-image","13":"ast-magnify-disabled","14":"ast-product-single-variable","15":"ast-product-tabs-layout-horizontal","17":"first","18":"onbackorder","19":"shipping-taxable","20":"product-type-variable"},"acf":[],"_links":{"self":[{"href":"https:\/\/www.anyload.com\/fr\/wp-json\/wp\/v2\/product\/31023","targetHints":{"allow":["GET"]}}],"collection":[{"href":"https:\/\/www.anyload.com\/fr\/wp-json\/wp\/v2\/product"}],"about":[{"href":"https:\/\/www.anyload.com\/fr\/wp-json\/wp\/v2\/types\/product"}],"wp:featuredmedia":[{"embeddable":true,"href":"https:\/\/www.anyload.com\/fr\/wp-json\/wp\/v2\/media\/11759"}],"wp:attachment":[{"href":"https:\/\/www.anyload.com\/fr\/wp-json\/wp\/v2\/media?parent=31023"}],"wp:term":[{"taxonomy":"product_brand","embeddable":true,"href":"https:\/\/www.anyload.com\/fr\/wp-json\/wp\/v2\/product_brand?post=31023"},{"taxonomy":"product_cat","embeddable":true,"href":"https:\/\/www.anyload.com\/fr\/wp-json\/wp\/v2\/product_cat?post=31023"},{"taxonomy":"product_tag","embeddable":true,"href":"https:\/\/www.anyload.com\/fr\/wp-json\/wp\/v2\/product_tag?post=31023"},{"taxonomy":"industries_product","embeddable":true,"href":"https:\/\/www.anyload.com\/fr\/wp-json\/wp\/v2\/industries_product?post=31023"},{"taxonomy":"application_product","embeddable":true,"href":"https:\/\/www.anyload.com\/fr\/wp-json\/wp\/v2\/application_product?post=31023"}],"curies":[{"name":"wp","href":"https:\/\/api.w.org\/{rel}","templated":true}]}}