{"id":30994,"date":"2024-05-24T10:47:56","date_gmt":"2024-05-24T17:47:56","guid":{"rendered":"https:\/\/www.anyload.com\/?post_type=product&#038;p=30994"},"modified":"2024-11-19T14:19:45","modified_gmt":"2024-11-19T22:19:45","slug":"custom-made-single-ended-beams","status":"publish","type":"product","link":"https:\/\/www.anyload.com\/fr\/product\/custom-made-single-ended-beams\/","title":{"rendered":"Poutres \u00e0 simple embo\u00eetement sur mesure"},"content":{"rendered":"","protected":false},"excerpt":{"rendered":"<div>\n<p><!--ScriptorStartFragment--><\/p>\n<div class=\"scriptor-paragraph\">Les capteurs de pesage \u00e0 faisceau unique personnalis\u00e9s ANYLOAD sont con\u00e7us pour la pr\u00e9cision et la durabilit\u00e9, afin de r\u00e9pondre aux exigences sp\u00e9cifiques d'un large \u00e9ventail d'applications de pesage. Ces capteurs sont particuli\u00e8rement efficaces dans les plates-formes, les balances au sol et divers syst\u00e8mes o\u00f9 les contraintes d'espace exigent une solution de pesage compacte mais robuste.<\/div>\n<div class=\"scriptor-paragraph\">Id\u00e9aux pour le pesage statique et dynamique, les capteurs \u00e0 faisceau unique d'ANYLOAD sont suffisamment polyvalents pour \u00eatre utilis\u00e9s dans des environnements industriels tels que le pesage de petits r\u00e9servoirs et de tr\u00e9mies, ainsi que dans des machines destin\u00e9es aux secteurs de la construction et de l'agriculture. Leur conception robuste garantit des performances fiables, m\u00eame dans des conditions difficiles, ce qui en fait un choix privil\u00e9gi\u00e9 pour les applications exigeant une grande durabilit\u00e9.<\/div>\n<p><!--ScriptorEndFragment--><\/p>\n<\/div>\n<div><\/div>\n<p>Voir les sp\u00e9cifications standard de nos produits r\u00e9guliers <span style=\"text-decoration: underline;\"><span style=\"color: #3366ff;\"><a style=\"color: #3366ff; text-decoration: underline;\" href=\"https:\/\/www.anyload.com\/fr\/produits\/?swoof=1&amp;product_cat=single-ended-shear-beams\">produits<\/a><\/span><\/span> v\u00e9rifier s'ils r\u00e9pondent \u00e0 vos besoins et \u00e0 vos exigences <em>ou<\/em> Soumettez votre commande pour des poutres \u00e0 simple extr\u00e9mit\u00e9 personnalis\u00e9es.<\/p>\n<p><strong>Soumettez vos poutres \u00e0 simple embout sur mesure dans l'onglet ci-dessous ou <span style=\"text-decoration: underline;\"><span style=\"color: #3366ff;\"><a style=\"color: #3366ff; text-decoration: underline;\" href=\"https:\/\/www.anyload.com\/fr\/solutions-sur-mesure\/\">cliquez ici pour en savoir plus sur notre solution personnalis\u00e9e<\/a><\/span><\/span><\/strong><\/p>","protected":false},"featured_media":34252,"template":"","meta":{"_acf_changed":false,"site-sidebar-layout":"default","site-content-layout":"default","ast-site-content-layout":"default","site-content-style":"default","site-sidebar-style":"default","ast-global-header-display":"","ast-banner-title-visibility":"","ast-main-header-display":"","ast-hfb-above-header-display":"","ast-hfb-below-header-display":"","ast-hfb-mobile-header-display":"","site-post-title":"","ast-breadcrumbs-content":"","ast-featured-img":"","footer-sml-layout":"","ast-disable-related-posts":"","theme-transparent-header-meta":"default","adv-header-id-meta":"","stick-header-meta":"default","header-above-stick-meta":"","header-main-stick-meta":"","header-below-stick-meta":"","astra-migrate-meta-layouts":"set","ast-page-background-enabled":"default","ast-page-background-meta":{"desktop":{"background-color":"var(--ast-global-color-4)","background-image":"","background-repeat":"repeat","background-position":"center center","background-size":"auto","background-attachment":"scroll","background-type":"","background-media":"","overlay-type":"","overlay-color":"","overlay-opacity":"","overlay-gradient":""},"tablet":{"background-color":"","background-image":"","background-repeat":"repeat","background-position":"center center","background-size":"auto","background-attachment":"scroll","background-type":"","background-media":"","overlay-type":"","overlay-color":"","overlay-opacity":"","overlay-gradient":""},"mobile":{"background-color":"","background-image":"","background-repeat":"repeat","background-position":"center center","background-size":"auto","background-attachment":"scroll","background-type":"","background-media":"","overlay-type":"","overlay-color":"","overlay-opacity":"","overlay-gradient":""}},"ast-content-background-meta":{"desktop":{"background-color":"var(--ast-global-color-5)","background-image":"","background-repeat":"repeat","background-position":"center center","background-size":"auto","background-attachment":"scroll","background-type":"","background-media":"","overlay-type":"","overlay-color":"","overlay-opacity":"","overlay-gradient":""},"tablet":{"background-color":"var(--ast-global-color-5)","background-image":"","background-repeat":"repeat","background-position":"center center","background-size":"auto","background-attachment":"scroll","background-type":"","background-media":"","overlay-type":"","overlay-color":"","overlay-opacity":"","overlay-gradient":""},"mobile":{"background-color":"var(--ast-global-color-5)","background-image":"","background-repeat":"repeat","background-position":"center center","background-size":"auto","background-attachment":"scroll","background-type":"","background-media":"","overlay-type":"","overlay-color":"","overlay-opacity":"","overlay-gradient":""}}},"product_brand":[],"product_cat":[19,20],"product_tag":[],"industries_product":[],"application_product":[],"class_list":{"0":"post-30994","1":"product","2":"type-product","3":"status-publish","4":"has-post-thumbnail","6":"product_cat-load-cells-categories","7":"product_cat-single-ended-shear-beams","8":"desktop-align-center","9":"tablet-align-left","10":"mobile-align-left","11":"ast-product-gallery-layout-horizontal-slider","12":"ast-product-gallery-with-no-image","13":"ast-magnify-disabled","14":"ast-product-single-variable","15":"ast-product-tabs-layout-horizontal","17":"first","18":"onbackorder","19":"shipping-taxable","20":"product-type-variable"},"acf":[],"_links":{"self":[{"href":"https:\/\/www.anyload.com\/fr\/wp-json\/wp\/v2\/product\/30994","targetHints":{"allow":["GET"]}}],"collection":[{"href":"https:\/\/www.anyload.com\/fr\/wp-json\/wp\/v2\/product"}],"about":[{"href":"https:\/\/www.anyload.com\/fr\/wp-json\/wp\/v2\/types\/product"}],"wp:featuredmedia":[{"embeddable":true,"href":"https:\/\/www.anyload.com\/fr\/wp-json\/wp\/v2\/media\/34252"}],"wp:attachment":[{"href":"https:\/\/www.anyload.com\/fr\/wp-json\/wp\/v2\/media?parent=30994"}],"wp:term":[{"taxonomy":"product_brand","embeddable":true,"href":"https:\/\/www.anyload.com\/fr\/wp-json\/wp\/v2\/product_brand?post=30994"},{"taxonomy":"product_cat","embeddable":true,"href":"https:\/\/www.anyload.com\/fr\/wp-json\/wp\/v2\/product_cat?post=30994"},{"taxonomy":"product_tag","embeddable":true,"href":"https:\/\/www.anyload.com\/fr\/wp-json\/wp\/v2\/product_tag?post=30994"},{"taxonomy":"industries_product","embeddable":true,"href":"https:\/\/www.anyload.com\/fr\/wp-json\/wp\/v2\/industries_product?post=30994"},{"taxonomy":"application_product","embeddable":true,"href":"https:\/\/www.anyload.com\/fr\/wp-json\/wp\/v2\/application_product?post=30994"}],"curies":[{"name":"wp","href":"https:\/\/api.w.org\/{rel}","templated":true}]}}