{"id":2714,"date":"2014-03-13T09:27:09","date_gmt":"2014-03-13T16:27:09","guid":{"rendered":"http:\/\/anyloadgroup.com\/?post_type=product&#038;p=2714"},"modified":"2025-12-19T13:51:46","modified_gmt":"2025-12-19T21:51:46","slug":"qs1-load-cell-kit","status":"publish","type":"product","link":"https:\/\/www.anyload.com\/fr\/product\/qs1-load-cell-kit\/","title":{"rendered":"QS1 Load Cell Kit"},"content":{"rendered":"<ul>\n<li>NTEP certified load cells from 1Klb-10Klb<\/li>\n<li>OIML certified load cells from 500kg-2.5t<\/li>\n<li>CE , RoHS and ExNepsi certified load cells<\/li>\n<li>Junction box is equipped with integrated resistor networks<\/li>\n<li>Cable is coloured in accordance to the ANYLOAD color code<\/li>\n<\/ul>\n<p><strong>Load Cell Kit Includes:<\/strong><\/p>\n<ul>\n<li>4 x <a title=\"563YH Capteur de charge \u00e0 poutre simple extr\u00e9mit\u00e9\" href=\"\/fr\/product\/563yh-single-ended-beam-load-cell\/\" target=\"_blank\" rel=\"noopener\">563YH alloy steel single ended shear beam load cells<\/a><\/li>\n<li>4 x <a title=\"SPACER Load Cell Spacer\" href=\"\/fr\/product\/spacer-and-spacerss-load-cell-spacers\/\" target=\"_blank\" rel=\"noopener\">SPACER nickel plated load cell spacers<\/a><\/li>\n<li>4 x <a title=\"AMF Load Cell Feet\" href=\"\/fr\/product\/amf-load-cell-feet\/\" target=\"_blank\" rel=\"noopener\">AMF alloy steel active mounting feet<\/a><\/li>\n<li>1 x <a title=\"J04EA and J04SA Junction Box\" href=\"\/fr\/product\/j04ea-and-j04sa-junction-box\/\" target=\"_blank\" rel=\"noopener\">J04EA Aluminum junction box<\/a><\/li>\n<li>1 x <a title=\"CB4 Load Cell Cable\" href=\"\/fr\/product\/cb4-load-cell-cable\/\" target=\"_blank\" rel=\"noopener\">CB4 20m PVC cable<\/a><\/li>\n<\/ul>\n<p style=\"text-align: justify;\"><img decoding=\"async\" class=\"alignnone size-full wp-image-3944\" src=\"\/wp-content\/uploads\/2014\/04\/pdf-.png\" alt=\"pdf-\" width=\"25\" height=\"25\" \/>\u00a0<a title=\"ANYLOAD | QS1 Load Cell Kit\" href=\"https:\/\/www.anyload.com\/wp-content\/uploads\/2019\/07\/Anyload-QS1-load-cell-kit.pdf\" target=\"_blank\" rel=\"noopener\">Download data sheet<\/a><\/p>","protected":false},"excerpt":{"rendered":"<p><strong>Caract\u00e9ristiques :<\/strong><\/p>\n<ul>\n<li>NTEP certified load cells from 250lb-20Klb<\/li>\n<li>OIML certified load cells from 500kg-10t<\/li>\n<li>CE , RoHS and ExNepsi certified load cells<\/li>\n<li>Junction box is equipped with integrated resistor networks<\/li>\n<li>Cable is coloured in accordance to the ANYLOAD color code<\/li>\n<\/ul>\n<p><strong>Complete Set:<\/strong><\/p>\n<ul>\n<li>4 pcs x Alloy steel single ended shear beam load cells (<span style=\"color: #3366ff;\"><a style=\"color: #3366ff;\" href=\"https:\/\/www.anyload.com\/fr\/product\/563yh-single-ended-beam-load-cell\/\">563YH<\/a><\/span> ou <span style=\"color: #3366ff;\"><a style=\"color: #3366ff;\" href=\"https:\/\/www.anyload.com\/fr\/product\/563yh-23-single-ended-beam-load-cell\/\">563YH-23<\/a><\/span>)<\/li>\n<li>4 pcs x Alloy steel load cell spacers (<span style=\"color: #3366ff;\"><a style=\"color: #3366ff;\" title=\"SPACER Load Cell Spacer\" href=\"\/fr\/product\/spacer-and-spacerss-load-cell-spacers\/\" target=\"_blank\" rel=\"noopener\">SPACER<\/a><\/span>)<\/li>\n<li>4 pcs x Alloy steel mounting feet (<span style=\"color: #3366ff;\"><a style=\"color: #3366ff;\" title=\"AMF Load Cell Feet\" href=\"\/fr\/product\/amf-load-cell-feet\/\" target=\"_blank\" rel=\"noopener\">AMF-F<\/a><\/span>)<\/li>\n<li>1 pc x Aluminum junction box (<span style=\"color: #3366ff;\"><a style=\"color: #3366ff;\" title=\"J04EA and J04SA Junction Box\" href=\"https:\/\/www.anyload.com\/fr\/product\/j04ea-16-j04sa-16-j-boxer\/\" target=\"_blank\" rel=\"noopener\">J04EA-16<\/a><\/span> ou <span style=\"color: #3366ff;\"><a style=\"color: #3366ff;\" title=\"J04EA and J04SA Junction Box\" href=\"https:\/\/www.anyload.com\/fr\/product\/j04ea-16-j04sa-16-j-boxer\/\" target=\"_blank\" rel=\"noopener\">J04SA-16<\/a><\/span>)<\/li>\n<li>1 pc x 20m (65 feet) PVC cable\u00a0 (<span style=\"color: #3366ff;\"><a style=\"color: #3366ff;\" title=\"CB4 Load Cell Cable\" href=\"\/fr\/product\/cb4-load-cell-cable\/\" target=\"_blank\" rel=\"noopener\">CB4-5.1-20m<\/a><\/span>)<\/li>\n<\/ul>","protected":false},"featured_media":34745,"template":"","meta":{"_acf_changed":false,"site-sidebar-layout":"default","site-content-layout":"default","ast-site-content-layout":"default","site-content-style":"default","site-sidebar-style":"default","ast-global-header-display":"","ast-banner-title-visibility":"","ast-main-header-display":"","ast-hfb-above-header-display":"","ast-hfb-below-header-display":"","ast-hfb-mobile-header-display":"","site-post-title":"","ast-breadcrumbs-content":"","ast-featured-img":"","footer-sml-layout":"","ast-disable-related-posts":"","theme-transparent-header-meta":"default","adv-header-id-meta":"","stick-header-meta":"default","header-above-stick-meta":"","header-main-stick-meta":"","header-below-stick-meta":"","astra-migrate-meta-layouts":"set","ast-page-background-enabled":"default","ast-page-background-meta":{"desktop":{"background-color":"var(--ast-global-color-4)","background-image":"","background-repeat":"repeat","background-position":"center center","background-size":"auto","background-attachment":"scroll","background-type":"","background-media":"","overlay-type":"","overlay-color":"","overlay-opacity":"","overlay-gradient":""},"tablet":{"background-color":"","background-image":"","background-repeat":"repeat","background-position":"center center","background-size":"auto","background-attachment":"scroll","background-type":"","background-media":"","overlay-type":"","overlay-color":"","overlay-opacity":"","overlay-gradient":""},"mobile":{"background-color":"","background-image":"","background-repeat":"repeat","background-position":"center center","background-size":"auto","background-attachment":"scroll","background-type":"","background-media":"","overlay-type":"","overlay-color":"","overlay-opacity":"","overlay-gradient":""}},"ast-content-background-meta":{"desktop":{"background-color":"var(--ast-global-color-5)","background-image":"","background-repeat":"repeat","background-position":"center center","background-size":"auto","background-attachment":"scroll","background-type":"","background-media":"","overlay-type":"","overlay-color":"","overlay-opacity":"","overlay-gradient":""},"tablet":{"background-color":"var(--ast-global-color-5)","background-image":"","background-repeat":"repeat","background-position":"center center","background-size":"auto","background-attachment":"scroll","background-type":"","background-media":"","overlay-type":"","overlay-color":"","overlay-opacity":"","overlay-gradient":""},"mobile":{"background-color":"var(--ast-global-color-5)","background-image":"","background-repeat":"repeat","background-position":"center center","background-size":"auto","background-attachment":"scroll","background-type":"","background-media":"","overlay-type":"","overlay-color":"","overlay-opacity":"","overlay-gradient":""}}},"product_brand":[],"product_cat":[26,65],"product_tag":[],"industries_product":[],"application_product":[3327,3323,3328,3324,3322],"class_list":{"0":"post-2714","1":"product","2":"type-product","3":"status-publish","4":"has-post-thumbnail","6":"product_cat-hardware-and-accessories-categories","7":"product_cat-floor-scale-accessories","8":"pa_part-number-qs1-16-500lb","9":"pa_part-number-qs1-16-1klb","10":"pa_part-number-qs1-16-2-5klb","11":"pa_part-number-qs1-16-4klb","12":"pa_part-number-qs1-16-se5klb","13":"pa_part-number-qs1-16-5klb","14":"pa_part-number-qs1-16-10klb","15":"pa_part-number-qs1-16-500kg","16":"pa_part-number-qs1-16-1t","17":"pa_part-number-qs1-16-1-5t","18":"pa_part-number-qs1-16-2t","19":"pa_part-number-qs1-16-3t","20":"pa_part-number-qs1-16-5t","21":"pa_part-number-qs1-23-500lb","22":"pa_part-number-qs1-23-1klb","23":"pa_part-number-qs1-23-2-5klb","24":"pa_part-number-qs1-23-4klb","25":"pa_part-number-qs1-23-se5klb","26":"pa_part-number-qs1-23-5klb","27":"pa_part-number-qs1-23-10klb","28":"application_product-application-checkweighing-products","29":"application_product-application-low-capacity-hopper-products","30":"application_product-application-onboard-weighing-products","31":"application_product-application-platform-products","32":"application_product-application-tank-silo-products","33":"desktop-align-center","34":"tablet-align-left","35":"mobile-align-left","36":"ast-product-gallery-layout-horizontal-slider","37":"ast-product-gallery-with-no-image","38":"ast-magnify-disabled","39":"ast-product-single-variable","40":"ast-product-tabs-layout-horizontal","42":"first","43":"instock","44":"shipping-taxable","45":"purchasable","46":"product-type-variable"},"acf":[],"_links":{"self":[{"href":"https:\/\/www.anyload.com\/fr\/wp-json\/wp\/v2\/product\/2714","targetHints":{"allow":["GET"]}}],"collection":[{"href":"https:\/\/www.anyload.com\/fr\/wp-json\/wp\/v2\/product"}],"about":[{"href":"https:\/\/www.anyload.com\/fr\/wp-json\/wp\/v2\/types\/product"}],"wp:featuredmedia":[{"embeddable":true,"href":"https:\/\/www.anyload.com\/fr\/wp-json\/wp\/v2\/media\/34745"}],"wp:attachment":[{"href":"https:\/\/www.anyload.com\/fr\/wp-json\/wp\/v2\/media?parent=2714"}],"wp:term":[{"taxonomy":"product_brand","embeddable":true,"href":"https:\/\/www.anyload.com\/fr\/wp-json\/wp\/v2\/product_brand?post=2714"},{"taxonomy":"product_cat","embeddable":true,"href":"https:\/\/www.anyload.com\/fr\/wp-json\/wp\/v2\/product_cat?post=2714"},{"taxonomy":"product_tag","embeddable":true,"href":"https:\/\/www.anyload.com\/fr\/wp-json\/wp\/v2\/product_tag?post=2714"},{"taxonomy":"industries_product","embeddable":true,"href":"https:\/\/www.anyload.com\/fr\/wp-json\/wp\/v2\/industries_product?post=2714"},{"taxonomy":"application_product","embeddable":true,"href":"https:\/\/www.anyload.com\/fr\/wp-json\/wp\/v2\/application_product?post=2714"}],"curies":[{"name":"wp","href":"https:\/\/api.w.org\/{rel}","templated":true}]}}