{"id":2039,"date":"2014-03-10T10:40:16","date_gmt":"2014-03-10T17:40:16","guid":{"rendered":"http:\/\/anyloadgroup.com\/?post_type=product&#038;p=2039"},"modified":"2025-12-19T14:50:17","modified_gmt":"2025-12-19T22:50:17","slug":"ocsm1-light-duty-crane-scale","status":"publish","type":"product","link":"https:\/\/www.anyload.com\/fr\/product\/ocsm1-light-duty-crane-scale\/","title":{"rendered":"OCSM1 Balance pour grues l\u00e9g\u00e8res"},"content":{"rendered":"<ul>\n<li>Capacit\u00e9s : 200lb, 400lb, 600lb, 1Klb, 2Klb<\/li>\n<li>Accuracy Class: Following OIML R76, Class III NOT certified<\/li>\n<li>Surcharge s\u00fbre : 120% de la pleine \u00e9chelle<\/li>\n<li>Surcharge de rupture : 300% de la pleine \u00e9chelle<\/li>\n<li>Bo\u00eetier de la balance en aluminium moul\u00e9 sous pression<\/li>\n<li>R\u00e9cepteur de charge en acier inoxydable<\/li>\n<li>Manille en acier inoxydable<\/li>\n<li>Crochet rotatif<\/li>\n<li>Batterie rechargeable 6V\/5Ah incluse<\/li>\n<li>Adaptateur \u00e9lectrique 9V\/1500mA inclus<\/li>\n<li>Selectable units: kilograms (kg), pounds (lb)<\/li>\n<li>T\u00e9l\u00e9commande infrarouge incluse<\/li>\n<\/ul>\n<p>\u2022 Zero<br \/>\n\u2022 Tare<br \/>\n\u2022 Hold<br \/>\n\u2022 Low battery alarm<br \/>\n\u2022 Battery supervision<br \/>\n\u2022 Overload alarm<br \/>\n\u2022 Auto calibration<br \/>\n\u2022 3-point linearity correction<br \/>\n\u2022 Unit switch: kg\/lb<br \/>\n\u2022 Gravity acceleration<br \/>\n\u2022 Resolution switch<br \/>\n\u2022 Auto-off set<\/p>\n<table border=\"1\" cellspacing=\"0\" cellpadding=\"0\">\n<tbody>\n<tr>\n<td valign=\"top\" width=\"319\">Capacit\u00e9<\/td>\n<td valign=\"top\" width=\"319\">200lb, 400lb, 600lb, 1Klb, 2Klb<\/td>\n<\/tr>\n<tr>\n<td valign=\"top\" width=\"319\">Classe de pr\u00e9cision<\/td>\n<td valign=\"top\" width=\"319\">OIML III<\/td>\n<\/tr>\n<tr>\n<td valign=\"top\" width=\"319\">Mat\u00e9riau du bo\u00eetier<\/td>\n<td valign=\"top\" width=\"319\">Aluminium moul\u00e9 sous pression<\/td>\n<\/tr>\n<tr>\n<td valign=\"top\" width=\"319\">Type d'affichage<\/td>\n<td valign=\"top\" width=\"319\">LED<\/td>\n<\/tr>\n<tr>\n<td valign=\"top\" width=\"319\">Chiffres d'affichage<\/td>\n<td valign=\"top\" width=\"319\">5 chiffres<\/td>\n<\/tr>\n<tr>\n<td valign=\"top\" width=\"319\">Hauteur d'affichage<\/td>\n<td valign=\"top\" width=\"319\">30mm\/1.18in<\/td>\n<\/tr>\n<tr>\n<td valign=\"top\" width=\"319\">Temp\u00e9rature de fonctionnement<\/td>\n<td valign=\"top\" width=\"319\">De -10\u00b0C \u00e0 40\u00b0C\/14\u00b0F \u00e0 104\u00b0F<\/td>\n<\/tr>\n<tr>\n<td valign=\"top\" width=\"319\">Surcharge s\u00fbre<\/td>\n<td valign=\"top\" width=\"319\">120% de la pleine \u00e9chelle<\/td>\n<\/tr>\n<tr>\n<td valign=\"top\" width=\"319\">Rompre la surcharge<\/td>\n<td valign=\"top\" width=\"319\">300% de la pleine \u00e9chelle<\/td>\n<\/tr>\n<tr>\n<td valign=\"top\" width=\"319\">Batterie rechargeable (incluse)<\/td>\n<td valign=\"top\" width=\"319\">6V\/5Ah<\/td>\n<\/tr>\n<tr>\n<td valign=\"top\" width=\"319\">Autonomie de la batterie<\/td>\n<td valign=\"top\" width=\"319\">80 heures<\/td>\n<\/tr>\n<tr>\n<td valign=\"top\" width=\"319\">Adaptateur \u00e9lectrique (inclus)<\/td>\n<td valign=\"top\" width=\"319\">9V\/1500mA<\/td>\n<\/tr>\n<tr>\n<td valign=\"top\" width=\"319\">Distance \u00e0 distance<\/td>\n<td valign=\"top\" width=\"319\">10m\/32.8\u2032<\/td>\n<\/tr>\n<\/tbody>\n<\/table>\n<p style=\"text-align: justify;\"><img decoding=\"async\" class=\"alignnone size-full wp-image-3944\" src=\"\/wp-content\/uploads\/2014\/04\/pdf-.png\" alt=\"pdf-\" width=\"25\" height=\"25\" \/>\u00a0<a title=\"ANYLOAD | OCSM Light Duty Crane Scale with Infrared Remote Control\" href=\"https:\/\/www.anyload.com\/wp-content\/uploads\/2021\/07\/Anyload-OCSM1.pdf\" target=\"_blank\" rel=\"noopener noreferrer\">Download data sheet<\/a><\/p>\n<p style=\"text-align: justify;\"><img decoding=\"async\" class=\"alignnone size-full wp-image-3944\" src=\"\/wp-content\/uploads\/2014\/04\/pdf-.png\" alt=\"pdf-\" width=\"25\" height=\"25\" \/>\u00a0<a title=\"ANYLOAD | OCSM Crane Scale User's Guide\" href=\"http:\/\/www.anyload.com\/wp-content\/uploads\/2019\/03\/OCSM-Series-User-Guide.pdf\" target=\"_blank\" rel=\"noopener noreferrer\">Download\u00a0User&#8217;s Guide<\/a><\/p>\n<p style=\"text-align: justify;\"><img decoding=\"async\" class=\"alignnone size-full wp-image-3944\" src=\"\/wp-content\/uploads\/2014\/04\/pdf-.png\" alt=\"pdf-\" width=\"25\" height=\"25\" \/>\u00a0<a title=\"ANYLOAD | OCS Crane Scale Technical Manual\" href=\"http:\/\/www.anyload.com\/wp-content\/uploads\/2019\/03\/OCS-Series-Technical-Manual.pdf\" target=\"_blank\" rel=\"noopener noreferrer\">Download\u00a0Technical Manual<\/a><\/p>\n<p style=\"text-align: justify;\"><img decoding=\"async\" class=\"alignnone size-full wp-image-3944\" src=\"\/wp-content\/uploads\/2014\/04\/pdf-.png\" alt=\"pdf-\" width=\"25\" height=\"25\" \/>\u00a0<a title=\"ANYLOAD | OCS Crane Scale Password\" href=\"\/wp-content\/uploads\/2014\/03\/OCS-password.pdf\" target=\"_blank\" rel=\"noopener noreferrer\">Download\u00a0password<\/a><\/p>\n<p style=\"text-align: justify;\"><img decoding=\"async\" class=\"alignnone size-full wp-image-3944\" src=\"\/wp-content\/uploads\/2014\/04\/pdf-.png\" alt=\"pdf-\" width=\"25\" height=\"25\" \/>\u00a0<a title=\"ANYLOAD | OCS Crane Scale Comparison\" href=\"https:\/\/www.anyload.com\/wp-content\/uploads\/2019\/08\/OCS-A-B-C-M-L-comparison.pdf\" target=\"_blank\" rel=\"noopener noreferrer\">Download\u00a0crane scale comparison chart<\/a><\/p>\n<p style=\"text-align: justify;\">","protected":false},"excerpt":{"rendered":"<ul>\n<li>Capacit\u00e9s : 200lb, 400lb, 600lb, 1Klb, 2Klb<\/li>\n<li>Conform\u00e9ment \u00e0 la norme OIML R76, classe III NON certifi\u00e9e<\/li>\n<li>Surcharge s\u00fbre : 120% de la pleine \u00e9chelle<\/li>\n<li>Surcharge de rupture : 300% de la pleine \u00e9chelle<\/li>\n<li>Bo\u00eetier de la balance en aluminium moul\u00e9 sous pression<\/li>\n<li>R\u00e9cepteur de charge en acier inoxydable<\/li>\n<li>Manille en acier inoxydable<\/li>\n<li>Crochet rotatif<\/li>\n<li>Batterie rechargeable 6V\/5Ah incluse<\/li>\n<li>Adaptateur \u00e9lectrique 9V\/1500mA inclus<\/li>\n<li>Unit\u00e9s s\u00e9lectionnables : kg et lb (l'annonciateur de l'unit\u00e9 lb s'allume si lb est s\u00e9lectionn\u00e9 et s'\u00e9teint si kg est s\u00e9lectionn\u00e9).<\/li>\n<li>T\u00e9l\u00e9commande infrarouge incluse<\/li>\n<\/ul>","protected":false},"featured_media":33579,"template":"","meta":{"_acf_changed":false,"site-sidebar-layout":"default","site-content-layout":"default","ast-site-content-layout":"default","site-content-style":"default","site-sidebar-style":"default","ast-global-header-display":"","ast-banner-title-visibility":"","ast-main-header-display":"","ast-hfb-above-header-display":"","ast-hfb-below-header-display":"","ast-hfb-mobile-header-display":"","site-post-title":"","ast-breadcrumbs-content":"","ast-featured-img":"","footer-sml-layout":"","ast-disable-related-posts":"","theme-transparent-header-meta":"default","adv-header-id-meta":"","stick-header-meta":"default","header-above-stick-meta":"","header-main-stick-meta":"","header-below-stick-meta":"","astra-migrate-meta-layouts":"set","ast-page-background-enabled":"default","ast-page-background-meta":{"desktop":{"background-color":"var(--ast-global-color-4)","background-image":"","background-repeat":"repeat","background-position":"center center","background-size":"auto","background-attachment":"scroll","background-type":"","background-media":"","overlay-type":"","overlay-color":"","overlay-opacity":"","overlay-gradient":""},"tablet":{"background-color":"","background-image":"","background-repeat":"repeat","background-position":"center center","background-size":"auto","background-attachment":"scroll","background-type":"","background-media":"","overlay-type":"","overlay-color":"","overlay-opacity":"","overlay-gradient":""},"mobile":{"background-color":"","background-image":"","background-repeat":"repeat","background-position":"center center","background-size":"auto","background-attachment":"scroll","background-type":"","background-media":"","overlay-type":"","overlay-color":"","overlay-opacity":"","overlay-gradient":""}},"ast-content-background-meta":{"desktop":{"background-color":"var(--ast-global-color-5)","background-image":"","background-repeat":"repeat","background-position":"center center","background-size":"auto","background-attachment":"scroll","background-type":"","background-media":"","overlay-type":"","overlay-color":"","overlay-opacity":"","overlay-gradient":""},"tablet":{"background-color":"var(--ast-global-color-5)","background-image":"","background-repeat":"repeat","background-position":"center center","background-size":"auto","background-attachment":"scroll","background-type":"","background-media":"","overlay-type":"","overlay-color":"","overlay-opacity":"","overlay-gradient":""},"mobile":{"background-color":"var(--ast-global-color-5)","background-image":"","background-repeat":"repeat","background-position":"center center","background-size":"auto","background-attachment":"scroll","background-type":"","background-media":"","overlay-type":"","overlay-color":"","overlay-opacity":"","overlay-gradient":""}}},"product_brand":[],"product_cat":[42,28],"product_tag":[],"industries_product":[],"application_product":[3325],"class_list":{"0":"post-2039","1":"product","2":"type-product","3":"status-publish","4":"has-post-thumbnail","6":"product_cat-crane-scales","7":"product_cat-scales","8":"pa_part-number-ocsm1-1klb","9":"pa_part-number-ocsm1-200lb","10":"pa_part-number-ocsm1-2klb","11":"pa_part-number-ocsm1-400lb","12":"pa_part-number-ocsm1-600lb","13":"application_product-application-overhead-weighing-products","14":"desktop-align-center","15":"tablet-align-left","16":"mobile-align-left","17":"ast-product-gallery-layout-horizontal-slider","18":"ast-magnify-disabled","19":"ast-product-single-variable","20":"ast-product-tabs-layout-horizontal","22":"first","23":"instock","24":"shipping-taxable","25":"purchasable","26":"product-type-variable"},"acf":[],"_links":{"self":[{"href":"https:\/\/www.anyload.com\/fr\/wp-json\/wp\/v2\/product\/2039","targetHints":{"allow":["GET"]}}],"collection":[{"href":"https:\/\/www.anyload.com\/fr\/wp-json\/wp\/v2\/product"}],"about":[{"href":"https:\/\/www.anyload.com\/fr\/wp-json\/wp\/v2\/types\/product"}],"wp:featuredmedia":[{"embeddable":true,"href":"https:\/\/www.anyload.com\/fr\/wp-json\/wp\/v2\/media\/33579"}],"wp:attachment":[{"href":"https:\/\/www.anyload.com\/fr\/wp-json\/wp\/v2\/media?parent=2039"}],"wp:term":[{"taxonomy":"product_brand","embeddable":true,"href":"https:\/\/www.anyload.com\/fr\/wp-json\/wp\/v2\/product_brand?post=2039"},{"taxonomy":"product_cat","embeddable":true,"href":"https:\/\/www.anyload.com\/fr\/wp-json\/wp\/v2\/product_cat?post=2039"},{"taxonomy":"product_tag","embeddable":true,"href":"https:\/\/www.anyload.com\/fr\/wp-json\/wp\/v2\/product_tag?post=2039"},{"taxonomy":"industries_product","embeddable":true,"href":"https:\/\/www.anyload.com\/fr\/wp-json\/wp\/v2\/industries_product?post=2039"},{"taxonomy":"application_product","embeddable":true,"href":"https:\/\/www.anyload.com\/fr\/wp-json\/wp\/v2\/application_product?post=2039"}],"curies":[{"name":"wp","href":"https:\/\/api.w.org\/{rel}","templated":true}]}}