{"id":19852,"date":"2022-09-01T15:59:11","date_gmt":"2022-09-01T22:59:11","guid":{"rendered":"https:\/\/www.anyload.com\/?post_type=product&#038;p=19852"},"modified":"2025-12-18T11:38:26","modified_gmt":"2025-12-18T19:38:26","slug":"j04ep-e-j04sp-e-junction-box","status":"publish","type":"product","link":"https:\/\/www.anyload.com\/fr\/product\/j04ep-e-j04sp-e-junction-box\/","title":{"rendered":"J04EP-E, J04SP-E Bo\u00eete de jonction"},"content":{"rendered":"<p>ANYLOAD J04EP-E, J04SP-E junction and summing box accepts inputs from multiple load cells and sums up the generated signals into a single output to ensure an accurate multi-cell balance adjustment.\u00a0 The J04EP-E, J04SP-E is housed in a fiberglass reinforced polyester enclosure purpose-built to prevent condensation and saltwater damage. It is designed to accommodate two to eight parallel load cell connections with an expansion port for wiring additional junction boxes.\u00a0 The J04EP-E, J04SP-E load cell junction box is easy to install with quick removable load cell connectors and with our captive screw design securing the cover. This model equips with lightning\/over voltage protection.<\/p>\n<ul>\n<li>Enclosure Material: Fiberglass Reinforced Polyester<\/li>\n<li>Number of cells: 2-4 single cells<\/li>\n<li>Lightning\/Over voltage protection<\/li>\n<li>Preinstalled GORE breather vent<\/li>\n<li>Carte de circuit imprim\u00e9 \u00e0 rev\u00eatement conforme<\/li>\n<li>Port d'extension pour J-Box suppl\u00e9mentaire<\/li>\n<li>IP rating: IP67<\/li>\n<\/ul>\n<table border=\"1\" cellspacing=\"0\" cellpadding=\"0\">\n<tbody>\n<tr>\n<td valign=\"top\" width=\"319\">Nombre de cellules<\/td>\n<td valign=\"top\" width=\"319\">2-4 single cells<\/td>\n<\/tr>\n<tr>\n<td valign=\"top\" width=\"319\">Input Cable Fittings<\/td>\n<td valign=\"top\" width=\"319\">M20: 6mm-12mm diameter cable<\/td>\n<\/tr>\n<tr>\n<td valign=\"top\" width=\"319\">Output Cable Fittings<\/td>\n<td valign=\"top\" width=\"319\">M20: 6mm-12mm diameter cable<\/td>\n<\/tr>\n<tr>\n<td valign=\"top\" width=\"319\">Options d'habillage<\/td>\n<td valign=\"top\" width=\"319\">Signal Trim<\/td>\n<\/tr>\n<tr>\n<td valign=\"top\" width=\"319\">Mat\u00e9riau du bo\u00eetier<\/td>\n<td valign=\"top\" width=\"319\">Fiberglass Reinforced Polyester<\/td>\n<\/tr>\n<tr>\n<td valign=\"top\" width=\"319\">Indice de protection IP<\/td>\n<td valign=\"top\" width=\"319\">IP67<\/td>\n<\/tr>\n<\/tbody>\n<\/table>\n<p style=\"text-align: justify;\"><img decoding=\"async\" class=\"alignnone size-full wp-image-3944\" src=\"\/wp-content\/uploads\/2014\/04\/pdf-.png\" alt=\"pdf-\" width=\"25\" height=\"25\" \/>\u00a0<a title=\"ANYLOAD | J08SP-E Load Cell Junction Box\" href=\"https:\/\/www.anyload.com\/wp-content\/uploads\/2022\/09\/J04SP-E-junction-box.pdf\" target=\"_blank\" rel=\"noopener noreferrer\">Download data sheet<\/a><\/p>","protected":false},"excerpt":{"rendered":"<p>ANYLOAD J04EP-E, J04SP-E junction and summing box accepts inputs from multiple load cells and sums up the generated signals into a single output to ensure an accurate multi-cell balance adjustment.\u00a0 The J04EP-E, J04SP-E is housed in a fiberglass reinforced polyester enclosure purpose-built to prevent condensation and saltwater damage. It is designed to accommodate two to four parallel load cell connections with an expansion port for wiring additional junction boxes.\u00a0 The J04EP-E, J04SP-E load cell junction box is easy to install with quick removable load cell connectors and with our captive screw design securing the cover. This model equips with lightning\/over voltage protection.<\/p>\n<ul>\n<li>Enclosure Material: Fiberglass Reinforced Polyester<\/li>\n<li>Number of cells: 2-4 single cells, <span data-ogsb=\"yellow\">only an even number of load cells ( eg. 2, 4)<\/span><\/li>\n<li>Lightning\/Over voltage protection<\/li>\n<li>Preinstalled GORE breather vent<\/li>\n<li>Carte de circuit imprim\u00e9 \u00e0 rev\u00eatement conforme<\/li>\n<li>Port d'extension pour J-Box suppl\u00e9mentaire<\/li>\n<li>IP rating: IP67<\/li>\n<li>Junction Box Grounding: Connect the external Grounding Stud directly to earth ground for proper surge protection<\/li>\n<li>Cable Shielding: Run load cell shield uninterrupted through the junction box. Ground only at the indicator (instrument power ground) to prevent ground loops<\/li>\n<\/ul>","protected":false},"featured_media":22378,"template":"","meta":{"_acf_changed":false,"site-sidebar-layout":"default","site-content-layout":"default","ast-site-content-layout":"default","site-content-style":"default","site-sidebar-style":"default","ast-global-header-display":"","ast-banner-title-visibility":"","ast-main-header-display":"","ast-hfb-above-header-display":"","ast-hfb-below-header-display":"","ast-hfb-mobile-header-display":"","site-post-title":"","ast-breadcrumbs-content":"","ast-featured-img":"","footer-sml-layout":"","ast-disable-related-posts":"","theme-transparent-header-meta":"default","adv-header-id-meta":"","stick-header-meta":"default","header-above-stick-meta":"","header-main-stick-meta":"","header-below-stick-meta":"","astra-migrate-meta-layouts":"set","ast-page-background-enabled":"default","ast-page-background-meta":{"desktop":{"background-color":"var(--ast-global-color-4)","background-image":"","background-repeat":"repeat","background-position":"center center","background-size":"auto","background-attachment":"scroll","background-type":"","background-media":"","overlay-type":"","overlay-color":"","overlay-opacity":"","overlay-gradient":""},"tablet":{"background-color":"","background-image":"","background-repeat":"repeat","background-position":"center center","background-size":"auto","background-attachment":"scroll","background-type":"","background-media":"","overlay-type":"","overlay-color":"","overlay-opacity":"","overlay-gradient":""},"mobile":{"background-color":"","background-image":"","background-repeat":"repeat","background-position":"center center","background-size":"auto","background-attachment":"scroll","background-type":"","background-media":"","overlay-type":"","overlay-color":"","overlay-opacity":"","overlay-gradient":""}},"ast-content-background-meta":{"desktop":{"background-color":"var(--ast-global-color-5)","background-image":"","background-repeat":"repeat","background-position":"center center","background-size":"auto","background-attachment":"scroll","background-type":"","background-media":"","overlay-type":"","overlay-color":"","overlay-opacity":"","overlay-gradient":""},"tablet":{"background-color":"var(--ast-global-color-5)","background-image":"","background-repeat":"repeat","background-position":"center center","background-size":"auto","background-attachment":"scroll","background-type":"","background-media":"","overlay-type":"","overlay-color":"","overlay-opacity":"","overlay-gradient":""},"mobile":{"background-color":"var(--ast-global-color-5)","background-image":"","background-repeat":"repeat","background-position":"center center","background-size":"auto","background-attachment":"scroll","background-type":"","background-media":"","overlay-type":"","overlay-color":"","overlay-opacity":"","overlay-gradient":""}}},"product_brand":[],"product_cat":[2386,25],"product_tag":[],"industries_product":[],"application_product":[3321],"class_list":{"0":"post-19852","1":"product","2":"type-product","3":"status-publish","4":"has-post-thumbnail","6":"product_cat-instrumentation","7":"product_cat-junction-boxes","8":"pa_part-number-j04ep-e-d2","9":"pa_part-number-j04sp-e-d2","10":"application_product-application-truck-scale-products","11":"desktop-align-center","12":"tablet-align-left","13":"mobile-align-left","14":"ast-product-gallery-layout-horizontal-slider","15":"ast-product-gallery-with-no-image","16":"ast-magnify-disabled","17":"ast-product-single-variable","18":"ast-product-tabs-layout-horizontal","20":"first","21":"instock","22":"shipping-taxable","23":"purchasable","24":"product-type-variable"},"acf":[],"_links":{"self":[{"href":"https:\/\/www.anyload.com\/fr\/wp-json\/wp\/v2\/product\/19852","targetHints":{"allow":["GET"]}}],"collection":[{"href":"https:\/\/www.anyload.com\/fr\/wp-json\/wp\/v2\/product"}],"about":[{"href":"https:\/\/www.anyload.com\/fr\/wp-json\/wp\/v2\/types\/product"}],"wp:featuredmedia":[{"embeddable":true,"href":"https:\/\/www.anyload.com\/fr\/wp-json\/wp\/v2\/media\/22378"}],"wp:attachment":[{"href":"https:\/\/www.anyload.com\/fr\/wp-json\/wp\/v2\/media?parent=19852"}],"wp:term":[{"taxonomy":"product_brand","embeddable":true,"href":"https:\/\/www.anyload.com\/fr\/wp-json\/wp\/v2\/product_brand?post=19852"},{"taxonomy":"product_cat","embeddable":true,"href":"https:\/\/www.anyload.com\/fr\/wp-json\/wp\/v2\/product_cat?post=19852"},{"taxonomy":"product_tag","embeddable":true,"href":"https:\/\/www.anyload.com\/fr\/wp-json\/wp\/v2\/product_tag?post=19852"},{"taxonomy":"industries_product","embeddable":true,"href":"https:\/\/www.anyload.com\/fr\/wp-json\/wp\/v2\/industries_product?post=19852"},{"taxonomy":"application_product","embeddable":true,"href":"https:\/\/www.anyload.com\/fr\/wp-json\/wp\/v2\/application_product?post=19852"}],"curies":[{"name":"wp","href":"https:\/\/api.w.org\/{rel}","templated":true}]}}