{"id":19737,"date":"2022-07-21T15:54:59","date_gmt":"2022-07-21T22:54:59","guid":{"rendered":"https:\/\/www.anyload.com\/?post_type=product&#038;p=19737"},"modified":"2026-03-31T16:48:42","modified_gmt":"2026-03-31T23:48:42","slug":"j06s-e-21-junction-box","status":"publish","type":"product","link":"https:\/\/www.anyload.com\/fr\/product\/j06s-e-21-junction-box\/","title":{"rendered":"J06SS-E-21-MB Junction Box Main Board"},"content":{"rendered":"<p>ANYLOAD J06S-E-21-MB main board of junction and summing box accepts inputs from multiple load cells and sums up the generated signals into a single output to ensure an accurate multi-cell balance adjustment.\u00a0 The J06S-E-21-MB is designed to accommodate two to six parallel load cell connections with an expansion port for wiring additional junction boxes.\u00a0 The J06S-E-21-MB is easy to install. This model equips with lightning\/over voltage protection.<\/p>","protected":false},"excerpt":{"rendered":"<div class=\"product-desc\">\n<p>Le bo\u00eetier de jonction et de sommation ANYLOAD J06S-E-21-MB accepte les entr\u00e9es de plusieurs capteurs de pesage et additionne les signaux g\u00e9n\u00e9r\u00e9s en une seule sortie afin de garantir un r\u00e9glage pr\u00e9cis de l'\u00e9quilibre \u00e0 plusieurs capteurs.  Le J06S-E-21-MB est con\u00e7u pour accueillir deux \u00e0 six connexions de cellules de charge parall\u00e8les, avec un port d'extension pour le c\u00e2blage de bo\u00eetes de jonction suppl\u00e9mentaires.  La carte principale de la bo\u00eete de jonction de cellules de charge J06S-E-21-MB est facile \u00e0 installer. Ce mod\u00e8le est \u00e9quip\u00e9 d'une protection contre la foudre et la surtension.<\/p>\n<p>The product is now merge with the product <a href=\"https:\/\/www.anyload.com\/fr\/product\/j06ss-e-21-junction-box\/\" target=\"_blank\">J06SS-E-21-MB Junction Box<\/a>\n<\/p>\n<\/div>\n<div class=\"ds-btn-row\">\n<a class=\"ds-btn\" href=\"https:\/\/www.anyload.com\/wp-content\/uploads\/2026\/03\/ANYLOAD-J06SS-E-21-MB-Main-Board-Load-Cell-Junction-Box.pdf\" target=\"_blank\" rel=\"noopener\">Fiche technique<\/a>\n<\/div>","protected":false},"featured_media":22377,"template":"","meta":{"_acf_changed":false,"site-sidebar-layout":"default","site-content-layout":"default","ast-site-content-layout":"default","site-content-style":"default","site-sidebar-style":"default","ast-global-header-display":"","ast-banner-title-visibility":"","ast-main-header-display":"","ast-hfb-above-header-display":"","ast-hfb-below-header-display":"","ast-hfb-mobile-header-display":"","site-post-title":"","ast-breadcrumbs-content":"","ast-featured-img":"","footer-sml-layout":"","ast-disable-related-posts":"","theme-transparent-header-meta":"default","adv-header-id-meta":"","stick-header-meta":"default","header-above-stick-meta":"","header-main-stick-meta":"","header-below-stick-meta":"","astra-migrate-meta-layouts":"set","ast-page-background-enabled":"default","ast-page-background-meta":{"desktop":{"background-color":"var(--ast-global-color-4)","background-image":"","background-repeat":"repeat","background-position":"center center","background-size":"auto","background-attachment":"scroll","background-type":"","background-media":"","overlay-type":"","overlay-color":"","overlay-opacity":"","overlay-gradient":""},"tablet":{"background-color":"","background-image":"","background-repeat":"repeat","background-position":"center center","background-size":"auto","background-attachment":"scroll","background-type":"","background-media":"","overlay-type":"","overlay-color":"","overlay-opacity":"","overlay-gradient":""},"mobile":{"background-color":"","background-image":"","background-repeat":"repeat","background-position":"center center","background-size":"auto","background-attachment":"scroll","background-type":"","background-media":"","overlay-type":"","overlay-color":"","overlay-opacity":"","overlay-gradient":""}},"ast-content-background-meta":{"desktop":{"background-color":"var(--ast-global-color-5)","background-image":"","background-repeat":"repeat","background-position":"center center","background-size":"auto","background-attachment":"scroll","background-type":"","background-media":"","overlay-type":"","overlay-color":"","overlay-opacity":"","overlay-gradient":""},"tablet":{"background-color":"var(--ast-global-color-5)","background-image":"","background-repeat":"repeat","background-position":"center center","background-size":"auto","background-attachment":"scroll","background-type":"","background-media":"","overlay-type":"","overlay-color":"","overlay-opacity":"","overlay-gradient":""},"mobile":{"background-color":"var(--ast-global-color-5)","background-image":"","background-repeat":"repeat","background-position":"center center","background-size":"auto","background-attachment":"scroll","background-type":"","background-media":"","overlay-type":"","overlay-color":"","overlay-opacity":"","overlay-gradient":""}}},"product_brand":[],"product_cat":[2386,25],"product_tag":[],"industries_product":[],"application_product":[],"class_list":{"0":"post-19737","1":"product","2":"type-product","3":"status-publish","4":"has-post-thumbnail","6":"product_cat-instrumentation","7":"product_cat-junction-boxes","8":"pa_part-number-j06s-e-21-mb","9":"desktop-align-center","10":"tablet-align-left","11":"mobile-align-left","12":"ast-product-gallery-layout-horizontal-slider","13":"ast-product-gallery-with-no-image","14":"ast-magnify-disabled","15":"ast-product-single-variable","16":"ast-product-tabs-layout-horizontal","18":"first","19":"instock","20":"shipping-taxable","21":"purchasable","22":"product-type-variable"},"acf":[],"_links":{"self":[{"href":"https:\/\/www.anyload.com\/fr\/wp-json\/wp\/v2\/product\/19737","targetHints":{"allow":["GET"]}}],"collection":[{"href":"https:\/\/www.anyload.com\/fr\/wp-json\/wp\/v2\/product"}],"about":[{"href":"https:\/\/www.anyload.com\/fr\/wp-json\/wp\/v2\/types\/product"}],"wp:featuredmedia":[{"embeddable":true,"href":"https:\/\/www.anyload.com\/fr\/wp-json\/wp\/v2\/media\/22377"}],"wp:attachment":[{"href":"https:\/\/www.anyload.com\/fr\/wp-json\/wp\/v2\/media?parent=19737"}],"wp:term":[{"taxonomy":"product_brand","embeddable":true,"href":"https:\/\/www.anyload.com\/fr\/wp-json\/wp\/v2\/product_brand?post=19737"},{"taxonomy":"product_cat","embeddable":true,"href":"https:\/\/www.anyload.com\/fr\/wp-json\/wp\/v2\/product_cat?post=19737"},{"taxonomy":"product_tag","embeddable":true,"href":"https:\/\/www.anyload.com\/fr\/wp-json\/wp\/v2\/product_tag?post=19737"},{"taxonomy":"industries_product","embeddable":true,"href":"https:\/\/www.anyload.com\/fr\/wp-json\/wp\/v2\/industries_product?post=19737"},{"taxonomy":"application_product","embeddable":true,"href":"https:\/\/www.anyload.com\/fr\/wp-json\/wp\/v2\/application_product?post=19737"}],"curies":[{"name":"wp","href":"https:\/\/api.w.org\/{rel}","templated":true}]}}