{"id":18626,"date":"2021-06-08T16:46:07","date_gmt":"2021-06-08T23:46:07","guid":{"rendered":"https:\/\/www.anyload.com\/?post_type=product&#038;p=18626"},"modified":"2026-02-11T11:23:10","modified_gmt":"2026-02-11T19:23:10","slug":"mk4-563yhm4-weigh-module-kit","status":"publish","type":"product","link":"https:\/\/www.anyload.com\/fr\/product\/mk4-563yhm4-weigh-module-kit\/","title":{"rendered":"MK4-563YHM4 Kit de module de pesage"},"content":{"rendered":"<p>The MK4-563YHM4 weigh module kit features four best-selling 563YH true shear beam load cells and weigh modules, including home run cable and junction box. Our rocker pin-loading design provides ideal freedom for proper alignment and thermal expansion. Each weigh module is fully protected from both overload and uplift. This adaptable low-profile kit is ideal for saving installation time with four additional bolt holes in the bottom plate, thus matching the typical tank leg bolt pattern in the floor, for ease of installation. The weigh module kit is ideal for a wide range of weighing applications, including most outdoor tank and vessel weighing needs. Each kit comes with an IP67 water-resistant junction box and a 65ft cable.<\/p>","protected":false},"excerpt":{"rendered":"<div class=\"page\" title=\"Page 1\">\n<div class=\"layoutArea\">\n<div class=\"column\">\n<div class=\"page\" title=\"Page 1\">\n<div class=\"layoutArea\">\n<div class=\"column\">\n<p>The MK4-563YHM4 weigh module kit features four best-selling 563YH true shear beam load cells and weigh modules, including home run cable and junction box. Our rocker pin-loading design provides ideal freedom for proper alignment and thermal expansion. Each weigh module is fully protected from both overload and uplift. This adaptable low-profile kit is ideal for saving installation time with four additional bolt holes in the bottom plate, thus matching the typical tank leg bolt pattern in the floor, for ease of installation. The weigh module kit is ideal for a wide range of weighing applications, including most outdoor tank and vessel weighing needs. Each kit comes with an IP67 water-resistant junction box and a 65ft cable.<\/p>\n<\/div>\n<\/div>\n<\/div>\n<\/div>\n<\/div>\n<\/div>\n<p><span style=\"color: #000000;\"><strong><span style=\"text-decoration: underline;\">Caract\u00e9ristiques :<\/span><\/strong><\/span><\/p>\n<ul>\n<li>NTEP certified true shear beam load cells (from 250lb-20Klb &amp; 200kg-5t)<\/li>\n<li>OIML certified true shear beam load cells (from 1Klb-20Klb &amp; 500kg-10t)<\/li>\n<li>Capteurs de pesage certifi\u00e9s CE, RoHS et ExNepsi<\/li>\n<li>Uplift and overload protection<\/li>\n<li>Prise en compte de la dilatation thermique<\/li>\n<li>Top plate mounts directly to vessel\/tank leg<\/li>\n<li>C\u00e2blage conventionnel et code couleur<\/li>\n<\/ul>\n<p><span style=\"text-decoration: underline;\"><strong>L'ensemble complet comprend <\/strong><\/span><\/p>\n<ul>\n<li>(4 pi\u00e8ces) Quatre <span style=\"text-decoration: underline; color: #3366ff;\"><a style=\"color: #3366ff; text-decoration: underline;\" href=\"https:\/\/www.anyload.com\/fr\/product\/563yh-23-single-ended-beam-load-cell\/\">563YH-23 Alloy Steel single-ended beam load cells<\/a><\/span><\/li>\n<li>(4 pi\u00e8ces) Quatre ensembles <span style=\"color: #3366ff;\"><a style=\"color: #3366ff;\" href=\"https:\/\/www.anyload.com\/fr\/product\/563yhm4-02-compression-weigh-module\/\"><span style=\"text-decoration: underline;\">563YHM4-02 Alloy Steel compression weigh modules<\/span><\/a><\/span><\/li>\n<li>(1 pi\u00e8ce) Un <span style=\"text-decoration: underline; color: #3366ff;\"><a style=\"color: #3366ff; text-decoration: underline;\" href=\"https:\/\/www.anyload.com\/fr\/product\/j04ea-16-j04sa-16-j-boxer\/\">J04SA-16 bo\u00eete de jonction r\u00e9sistante \u00e0 l'eau <\/a><\/span><\/li>\n<li>(1 roll) 65ft (20m) cable, 4-wire PVC cable with both copper braid &amp; foil shielding (CB4-5.1-20m)<\/li>\n<\/ul>","protected":false},"featured_media":22363,"template":"","meta":{"_acf_changed":false,"site-sidebar-layout":"default","site-content-layout":"default","ast-site-content-layout":"default","site-content-style":"default","site-sidebar-style":"default","ast-global-header-display":"","ast-banner-title-visibility":"","ast-main-header-display":"","ast-hfb-above-header-display":"","ast-hfb-below-header-display":"","ast-hfb-mobile-header-display":"","site-post-title":"","ast-breadcrumbs-content":"","ast-featured-img":"","footer-sml-layout":"","ast-disable-related-posts":"","theme-transparent-header-meta":"default","adv-header-id-meta":"","stick-header-meta":"default","header-above-stick-meta":"","header-main-stick-meta":"","header-below-stick-meta":"","astra-migrate-meta-layouts":"set","ast-page-background-enabled":"default","ast-page-background-meta":{"desktop":{"background-color":"var(--ast-global-color-4)","background-image":"","background-repeat":"repeat","background-position":"center center","background-size":"auto","background-attachment":"scroll","background-type":"","background-media":"","overlay-type":"","overlay-color":"","overlay-opacity":"","overlay-gradient":""},"tablet":{"background-color":"","background-image":"","background-repeat":"repeat","background-position":"center center","background-size":"auto","background-attachment":"scroll","background-type":"","background-media":"","overlay-type":"","overlay-color":"","overlay-opacity":"","overlay-gradient":""},"mobile":{"background-color":"","background-image":"","background-repeat":"repeat","background-position":"center center","background-size":"auto","background-attachment":"scroll","background-type":"","background-media":"","overlay-type":"","overlay-color":"","overlay-opacity":"","overlay-gradient":""}},"ast-content-background-meta":{"desktop":{"background-color":"var(--ast-global-color-5)","background-image":"","background-repeat":"repeat","background-position":"center center","background-size":"auto","background-attachment":"scroll","background-type":"","background-media":"","overlay-type":"","overlay-color":"","overlay-opacity":"","overlay-gradient":""},"tablet":{"background-color":"var(--ast-global-color-5)","background-image":"","background-repeat":"repeat","background-position":"center center","background-size":"auto","background-attachment":"scroll","background-type":"","background-media":"","overlay-type":"","overlay-color":"","overlay-opacity":"","overlay-gradient":""},"mobile":{"background-color":"var(--ast-global-color-5)","background-image":"","background-repeat":"repeat","background-position":"center center","background-size":"auto","background-attachment":"scroll","background-type":"","background-media":"","overlay-type":"","overlay-color":"","overlay-opacity":"","overlay-gradient":""}}},"product_brand":[],"product_cat":[146,2848,22],"product_tag":[2815,2817],"industries_product":[],"application_product":[3324,3322],"class_list":{"0":"post-18626","1":"product","2":"type-product","3":"status-publish","4":"has-post-thumbnail","6":"product_cat-compression-weigh-modules","7":"product_cat-module-kits","8":"product_cat-weigh-modules","9":"product_tag-compression-weigh-modules","10":"product_tag-load-cell-kits","11":"pa_part-number-mk4-563yhm4-100lb-s","12":"pa_part-number-mk4-563yhm4-10klb-s","13":"pa_part-number-mk4-563yhm4-1klb-s","14":"pa_part-number-mk4-563yhm4-2-5klb-s","15":"pa_part-number-mk4-563yhm4-250lb-s","16":"pa_part-number-mk4-563yhm4-2klb-s","17":"pa_part-number-mk4-563yhm4-4klb-s","18":"pa_part-number-mk4-563yhm4-500lb-s","19":"pa_part-number-mk4-563yhm4-5klb-s","20":"pa_part-number-mk4-563yhm4-se5klb-s","21":"application_product-application-platform-products","22":"application_product-application-tank-silo-products","23":"desktop-align-center","24":"tablet-align-left","25":"mobile-align-left","26":"ast-product-gallery-layout-horizontal-slider","27":"ast-product-gallery-with-no-image","28":"ast-magnify-disabled","29":"ast-product-single-variable","30":"ast-product-tabs-layout-horizontal","32":"first","33":"instock","34":"shipping-taxable","35":"purchasable","36":"product-type-variable"},"acf":[],"_links":{"self":[{"href":"https:\/\/www.anyload.com\/fr\/wp-json\/wp\/v2\/product\/18626","targetHints":{"allow":["GET"]}}],"collection":[{"href":"https:\/\/www.anyload.com\/fr\/wp-json\/wp\/v2\/product"}],"about":[{"href":"https:\/\/www.anyload.com\/fr\/wp-json\/wp\/v2\/types\/product"}],"wp:featuredmedia":[{"embeddable":true,"href":"https:\/\/www.anyload.com\/fr\/wp-json\/wp\/v2\/media\/22363"}],"wp:attachment":[{"href":"https:\/\/www.anyload.com\/fr\/wp-json\/wp\/v2\/media?parent=18626"}],"wp:term":[{"taxonomy":"product_brand","embeddable":true,"href":"https:\/\/www.anyload.com\/fr\/wp-json\/wp\/v2\/product_brand?post=18626"},{"taxonomy":"product_cat","embeddable":true,"href":"https:\/\/www.anyload.com\/fr\/wp-json\/wp\/v2\/product_cat?post=18626"},{"taxonomy":"product_tag","embeddable":true,"href":"https:\/\/www.anyload.com\/fr\/wp-json\/wp\/v2\/product_tag?post=18626"},{"taxonomy":"industries_product","embeddable":true,"href":"https:\/\/www.anyload.com\/fr\/wp-json\/wp\/v2\/industries_product?post=18626"},{"taxonomy":"application_product","embeddable":true,"href":"https:\/\/www.anyload.com\/fr\/wp-json\/wp\/v2\/application_product?post=18626"}],"curies":[{"name":"wp","href":"https:\/\/api.w.org\/{rel}","templated":true}]}}