{"id":17214,"date":"2020-05-19T13:19:12","date_gmt":"2020-05-19T20:19:12","guid":{"rendered":"https:\/\/www.anyload.com\/?post_type=product&#038;p=17214"},"modified":"2025-12-18T11:57:29","modified_gmt":"2025-12-18T19:57:29","slug":"247aslhun-load-button","status":"publish","type":"product","link":"https:\/\/www.anyload.com\/fr\/product\/247aslhun-load-button\/","title":{"rendered":"247ASLHUN Load Button"},"content":{"rendered":"<p><span style=\"text-decoration: underline; color: #000000;\"><strong>Description :<\/strong><\/span><\/p>\n<p><span style=\"color: #000000;\">The 247ASLHUN is a resilient stainless steel load button, providing versatile and reliable performance for applications where space and weight may be limiting factors. The compact design is ideal for compression weighing and force measurement applications wherever space and weight are limited.<\/span><\/p>\n<p><span style=\"text-decoration: underline; color: #000000;\"><strong>Caract\u00e9ristiques :<\/strong><\/span><\/p>\n<ul>\n<li><span style=\"color: #000000;\">Mat\u00e9riau : Acier inoxydable<\/span><\/li>\n<li><span style=\"color: #000000;\">Rated Capacities: 250kg, 500kg, 1t, 2t, 5t, 10t<\/span><\/li>\n<li><span style=\"color: #000000;\">Full Scale Output: 2.0mV\/V \u00b1 20%<\/span><\/li>\n<li><span style=\"color: #000000;\">Surcharge s\u00fbre : 150% de la pleine \u00e9chelle<\/span><\/li>\n<li><span style=\"color: #000000;\">Surcharge de rupture : 300% de la pleine \u00e9chelle<\/span><\/li>\n<li><span style=\"color: #000000;\">Indice de protection IP : IP66<\/span><\/li>\n<\/ul>\n<table border=\"1\" cellspacing=\"0\" cellpadding=\"0\">\n<tbody>\n<tr>\n<td valign=\"top\" width=\"319\">Capacit\u00e9 nominale<\/td>\n<td valign=\"top\" width=\"319\"><span style=\"color: #000000;\">250kg, 500kg, 1t, 2t, 5t, 10t<\/span><\/td>\n<\/tr>\n<tr>\n<td valign=\"top\" width=\"319\">Sortie pleine \u00e9chelle<\/td>\n<td valign=\"top\" width=\"319\">2,0mV\/V \u00b1 20%<\/td>\n<\/tr>\n<tr>\n<td valign=\"top\" width=\"319\">Solde z\u00e9ro<\/td>\n<td valign=\"top\" width=\"319\">\u00b1 0,04mV\/V<\/td>\n<\/tr>\n<tr>\n<td valign=\"top\" width=\"319\">Non-lin\u00e9arit\u00e9<\/td>\n<td valign=\"top\" width=\"319\">&lt; \u00b1 0.5%<\/td>\n<\/tr>\n<tr>\n<td valign=\"top\" width=\"319\">R\u00e9p\u00e9tabilit\u00e9<\/td>\n<td valign=\"top\" width=\"319\">&lt; \u00b1 0.3%<\/td>\n<\/tr>\n<tr>\n<td valign=\"top\" width=\"319\">Erreur d'hyst\u00e9r\u00e9sis<\/td>\n<td valign=\"top\" width=\"319\">&lt; \u00b1 0.5%<\/td>\n<\/tr>\n<tr>\n<td valign=\"top\" width=\"319\">La reptation en 30 minutes<\/td>\n<td valign=\"top\" width=\"319\">&lt; \u00b1 0.5%<\/td>\n<\/tr>\n<tr>\n<td valign=\"top\" width=\"319\">R\u00e9sistance d'entr\u00e9e<\/td>\n<td valign=\"top\" width=\"319\">375\u03a9 \u00b125\u03a9<\/td>\n<\/tr>\n<tr>\n<td valign=\"top\" width=\"319\">R\u00e9sistance de sortie<\/td>\n<td valign=\"top\" width=\"319\">350\u03a9 \u00b1 3\u03a9<\/td>\n<\/tr>\n<tr>\n<td valign=\"top\" width=\"319\">Excitation recommand\u00e9e<\/td>\n<td valign=\"top\" width=\"319\">10V (15V maximum)<\/td>\n<\/tr>\n<tr>\n<td valign=\"top\" width=\"319\">R\u00e9sistance de l'isolation<\/td>\n<td valign=\"top\" width=\"319\">&gt; 2G\u03a9 (50V DC)<\/td>\n<\/tr>\n<tr>\n<td valign=\"top\" width=\"319\">Effet de la temp\u00e9rature sur la sensibilit\u00e9<\/td>\n<td valign=\"top\" width=\"319\">&lt; \u00b10.020% of Cn\/k<\/td>\n<\/tr>\n<tr>\n<td valign=\"top\" width=\"319\">Effet de la temp\u00e9rature sur l'\u00e9quilibre du z\u00e9ro<\/td>\n<td valign=\"top\" width=\"319\">&lt; \u00b1 0.020% of Cn\/k<\/td>\n<\/tr>\n<tr>\n<td valign=\"top\" width=\"319\">Plage de temp\u00e9rature compens\u00e9e<\/td>\n<td valign=\"top\" width=\"319\"><b>-<\/b>10\u00b0C \u00e0 50\u00b0C\/14\u00b0F \u00e0 122\u00b0F<\/td>\n<\/tr>\n<tr>\n<td valign=\"top\" width=\"319\">Plage de temp\u00e9rature de service<\/td>\n<td valign=\"top\" width=\"319\"><b>-<\/b>30\u00b0C \u00e0 70\u00b0C\/-20\u00b0F \u00e0 160\u00b0F<\/td>\n<\/tr>\n<tr>\n<td valign=\"top\" width=\"319\">Plage de temp\u00e9rature de stockage<\/td>\n<td valign=\"top\" width=\"319\">De -50\u00b0C \u00e0 85\u00b0C\/-58\u00b0F \u00e0 185\u00b0F<\/td>\n<\/tr>\n<tr>\n<td valign=\"top\" width=\"319\">Surcharge s\u00fbre<\/td>\n<td valign=\"top\" width=\"319\">150% de la pleine \u00e9chelle<\/td>\n<\/tr>\n<tr>\n<td valign=\"top\" width=\"319\">Rompre la surcharge<\/td>\n<td valign=\"top\" width=\"319\">300% de la pleine \u00e9chelle<\/td>\n<\/tr>\n<tr>\n<td valign=\"top\" width=\"319\">Type de joint<\/td>\n<td valign=\"top\" width=\"319\">\u00c9tanch\u00e9it\u00e9 \u00e0 l'environnement<\/td>\n<\/tr>\n<tr>\n<td valign=\"top\" width=\"319\">Indice de protection IP<\/td>\n<td valign=\"top\" width=\"319\">IP66<\/td>\n<\/tr>\n<\/tbody>\n<\/table>\n<p style=\"text-align: justify;\"><img decoding=\"async\" class=\"alignnone size-full wp-image-3944\" src=\"\/wp-content\/uploads\/2014\/04\/pdf-.png\" alt=\"pdf-\" width=\"25\" height=\"25\" \/>\u00a0<a title=\"ANYLOAD | 247ASLHUN Load Button\" href=\"https:\/\/www.anyload.com\/wp-content\/uploads\/2022\/06\/ANYLOAD-247ASLHUN-load-cell-transducer-2.pdf\" target=\"_blank\" rel=\"noopener noreferrer\">Download data sheet<\/a><\/p>","protected":false},"excerpt":{"rendered":"<p><span style=\"text-decoration: underline; color: #000000;\"><strong>Description :<\/strong><\/span><\/p>\n<p><span style=\"color: #000000;\">The 247ASLHUN is a resilient stainless steel load button, providing versatile and reliable performance for applications where space and weight may be limiting factors. The compact design is ideal for compression weighing and force measurement applications wherever space and weight are limited.<\/span><\/p>\n<p><span style=\"text-decoration: underline; color: #000000;\"><strong>Caract\u00e9ristiques :<\/strong><\/span><\/p>\n<ul>\n<li><span style=\"color: #000000;\">Mat\u00e9riau : Acier inoxydable<\/span><\/li>\n<li><span style=\"color: #000000;\">Rated Capacities: 250kg, 500kg, 1t, 2t, 5t, 10t<\/span><\/li>\n<li><span style=\"color: #000000;\">Full Scale Output: 2.0mV\/V \u00b1 20%<\/span><\/li>\n<li><span style=\"color: #000000;\">Surcharge s\u00fbre : 150% de la pleine \u00e9chelle<\/span><\/li>\n<li><span style=\"color: #000000;\">Surcharge de rupture : 300% de la pleine \u00e9chelle<\/span><\/li>\n<li><span style=\"color: #000000;\">Indice de protection IP : IP66<\/span><\/li>\n<\/ul>","protected":false},"featured_media":39983,"template":"","meta":{"_acf_changed":false,"site-sidebar-layout":"default","site-content-layout":"default","ast-site-content-layout":"default","site-content-style":"default","site-sidebar-style":"default","ast-global-header-display":"","ast-banner-title-visibility":"","ast-main-header-display":"","ast-hfb-above-header-display":"","ast-hfb-below-header-display":"","ast-hfb-mobile-header-display":"","site-post-title":"","ast-breadcrumbs-content":"","ast-featured-img":"","footer-sml-layout":"","ast-disable-related-posts":"","theme-transparent-header-meta":"default","adv-header-id-meta":"","stick-header-meta":"default","header-above-stick-meta":"","header-main-stick-meta":"","header-below-stick-meta":"","astra-migrate-meta-layouts":"set","ast-page-background-enabled":"default","ast-page-background-meta":{"desktop":{"background-color":"var(--ast-global-color-4)","background-image":"","background-repeat":"repeat","background-position":"center center","background-size":"auto","background-attachment":"scroll","background-type":"","background-media":"","overlay-type":"","overlay-color":"","overlay-opacity":"","overlay-gradient":""},"tablet":{"background-color":"","background-image":"","background-repeat":"repeat","background-position":"center center","background-size":"auto","background-attachment":"scroll","background-type":"","background-media":"","overlay-type":"","overlay-color":"","overlay-opacity":"","overlay-gradient":""},"mobile":{"background-color":"","background-image":"","background-repeat":"repeat","background-position":"center center","background-size":"auto","background-attachment":"scroll","background-type":"","background-media":"","overlay-type":"","overlay-color":"","overlay-opacity":"","overlay-gradient":""}},"ast-content-background-meta":{"desktop":{"background-color":"var(--ast-global-color-5)","background-image":"","background-repeat":"repeat","background-position":"center center","background-size":"auto","background-attachment":"scroll","background-type":"","background-media":"","overlay-type":"","overlay-color":"","overlay-opacity":"","overlay-gradient":""},"tablet":{"background-color":"var(--ast-global-color-5)","background-image":"","background-repeat":"repeat","background-position":"center center","background-size":"auto","background-attachment":"scroll","background-type":"","background-media":"","overlay-type":"","overlay-color":"","overlay-opacity":"","overlay-gradient":""},"mobile":{"background-color":"var(--ast-global-color-5)","background-image":"","background-repeat":"repeat","background-position":"center center","background-size":"auto","background-attachment":"scroll","background-type":"","background-media":"","overlay-type":"","overlay-color":"","overlay-opacity":"","overlay-gradient":""}}},"product_brand":[],"product_cat":[148,30,37,19],"product_tag":[],"industries_product":[],"application_product":[],"class_list":{"0":"post-17214","1":"product","2":"type-product","3":"status-publish","4":"has-post-thumbnail","6":"product_cat-compression","7":"product_cat-force-measurement","8":"product_cat-load-buttons","9":"product_cat-load-cells-categories","10":"pa_part-number-247aslhun-10t","11":"pa_part-number-247aslhun-1t","12":"pa_part-number-247aslhun-250kg","13":"pa_part-number-247aslhun-2t","14":"pa_part-number-247aslhun-500kg","15":"pa_part-number-247aslhun-5t","16":"desktop-align-center","17":"tablet-align-left","18":"mobile-align-left","19":"ast-product-gallery-layout-horizontal-slider","20":"ast-product-gallery-with-no-image","21":"ast-magnify-disabled","22":"ast-product-single-variable","23":"ast-product-tabs-layout-horizontal","25":"first","26":"instock","27":"shipping-taxable","28":"purchasable","29":"product-type-variable","30":"has-default-attributes"},"acf":[],"_links":{"self":[{"href":"https:\/\/www.anyload.com\/fr\/wp-json\/wp\/v2\/product\/17214","targetHints":{"allow":["GET"]}}],"collection":[{"href":"https:\/\/www.anyload.com\/fr\/wp-json\/wp\/v2\/product"}],"about":[{"href":"https:\/\/www.anyload.com\/fr\/wp-json\/wp\/v2\/types\/product"}],"wp:featuredmedia":[{"embeddable":true,"href":"https:\/\/www.anyload.com\/fr\/wp-json\/wp\/v2\/media\/39983"}],"wp:attachment":[{"href":"https:\/\/www.anyload.com\/fr\/wp-json\/wp\/v2\/media?parent=17214"}],"wp:term":[{"taxonomy":"product_brand","embeddable":true,"href":"https:\/\/www.anyload.com\/fr\/wp-json\/wp\/v2\/product_brand?post=17214"},{"taxonomy":"product_cat","embeddable":true,"href":"https:\/\/www.anyload.com\/fr\/wp-json\/wp\/v2\/product_cat?post=17214"},{"taxonomy":"product_tag","embeddable":true,"href":"https:\/\/www.anyload.com\/fr\/wp-json\/wp\/v2\/product_tag?post=17214"},{"taxonomy":"industries_product","embeddable":true,"href":"https:\/\/www.anyload.com\/fr\/wp-json\/wp\/v2\/industries_product?post=17214"},{"taxonomy":"application_product","embeddable":true,"href":"https:\/\/www.anyload.com\/fr\/wp-json\/wp\/v2\/application_product?post=17214"}],"curies":[{"name":"wp","href":"https:\/\/api.w.org\/{rel}","templated":true}]}}