{"id":17048,"date":"2020-05-05T14:11:23","date_gmt":"2020-05-05T21:11:23","guid":{"rendered":"https:\/\/www.anyload.com\/?post_type=product&#038;p=17048"},"modified":"2025-12-18T11:57:48","modified_gmt":"2025-12-18T19:57:48","slug":"808ch-remote-display","status":"publish","type":"product","link":"https:\/\/www.anyload.com\/fr\/product\/808ch-remote-display\/","title":{"rendered":"808CH T\u00e9l\u00e9affichage Mod\u00e8le compact de 2,5 pouces"},"content":{"rendered":"<p>The ANYLOAD 808CH are the newest generation industrial remote displays designed to be versatile, rugged, durable, and easy to install:<\/p>\n<p><strong>Grande visibilit\u00e9 :<\/strong><\/p>\n<ul>\n<li>LED discr\u00e8te \u00e0 une rang\u00e9e<\/li>\n<li>6 chiffres, hauteur 2.5\", 7 segments<\/li>\n<li>Grand angle de vision de 120<\/li>\n<li>Deux niveaux de r\u00e9glage de la luminosit\u00e9<\/li>\n<li>Affichage du miroir<\/li>\n<li>Verre de s\u00e9curit\u00e9 avant gris<\/li>\n<\/ul>\n<p><strong>Technologie d'auto-apprentissage :<\/strong><\/p>\n<ul>\n<li>D\u00e9tection automatique des protocoles de cha\u00eenes d'indicateurs<\/li>\n<li>Automatically set communication baud rates<\/li>\n<\/ul>\n<p><strong>Communication multiport :<\/strong><\/p>\n<ul>\n<li>Entr\u00e9e : RS232, RS422, RS485 ind\u00e9pendants, boucle de courant 20mA (active ou passive)<\/li>\n<li>Sortie : Sortie \u00e9cho et configuration multi-\u00e9crans adressable<\/li>\n<li>Entr\u00e9es de commutation et sorties de relais pour contr\u00f4ler les feux de circulation<\/li>\n<li>Protection ESD contre la foudre pour les lignes de communication<\/li>\n<\/ul>\n<p><strong>Service amical :<\/strong><\/p>\n<ul>\n<li>Conception modulaire<\/li>\n<li>Clavier \u00e0 membrane externe<\/li>\n<li>Hinged front cover<\/li>\n<li>Voyants de diagnostic embarqu\u00e9s pour le d\u00e9pannage<\/li>\n<li>Alimentation interne encapsul\u00e9e UL\/CSA 100~240VAC<\/li>\n<\/ul>\n<p><strong>La cl\u00f4ture :<\/strong><\/p>\n<ul>\n<li>Bo\u00eetier en acier doux rev\u00eatu par poudre et r\u00e9sistant aux intemp\u00e9ries<\/li>\n<li>Visi\u00e8re pour prot\u00e9ger du soleil ou de la pluie<\/li>\n<li>Fixation murale \u00e0 l'arri\u00e8re<\/li>\n<li>Ventilation GORE<\/li>\n<\/ul>\n<p style=\"text-align: justify;\"><img decoding=\"async\" class=\"alignnone size-full wp-image-3944\" src=\"\/wp-content\/uploads\/2014\/04\/pdf-.png\" alt=\"pdf-\" width=\"25\" height=\"25\" \/>\u00a0<a title=\"ANYLOAD | 808CH Affichage \u00e0 distance\" href=\"https:\/\/www.anyload.com\/wp-content\/uploads\/2020\/05\/Anyload-808CH-Remote-display.pdf\" target=\"_blank\" rel=\"noopener noreferrer\">Download data sheet<\/a><\/p>\n<p style=\"text-align: justify;\"><img decoding=\"async\" class=\"alignnone size-full wp-image-3944\" src=\"\/wp-content\/uploads\/2014\/04\/pdf-.png\" alt=\"pdf-\" width=\"25\" height=\"25\" \/>\u00a0<a title=\"ANYLOAD | 808CH Technical Manual\" href=\"https:\/\/www.anyload.com\/wp-content\/uploads\/2024\/06\/Anyload-808ABCH-Technical-Manual-V20-07.pdf\" target=\"_blank\" rel=\"noopener noreferrer\">Download\u00a0Technical Manual<\/a><\/p>","protected":false},"excerpt":{"rendered":"<p>The ANYLOAD 808CH are newest generation industrial remote displays designed to be versatile, rugged, durable, and easy to install:<\/p>\n<p><strong>Grande visibilit\u00e9 :<\/strong><\/p>\n<ul>\n<li>LED discr\u00e8te \u00e0 une rang\u00e9e<\/li>\n<li>6 chiffres, hauteur 2.5\", 7 segments<\/li>\n<li>Grand angle de vision de 120<\/li>\n<li>Deux niveaux de r\u00e9glage de la luminosit\u00e9<\/li>\n<li>Affichage du miroir<\/li>\n<li>Verre de s\u00e9curit\u00e9 avant gris<\/li>\n<\/ul>\n<p><strong>Technologie d'auto-apprentissage :<\/strong><\/p>\n<ul>\n<li>D\u00e9tection automatique des protocoles de cha\u00eenes d'indicateurs<\/li>\n<li>Automatically set communication baud rates<\/li>\n<\/ul>\n<p><strong>Communication multiport :<\/strong><\/p>\n<ul>\n<li>Entr\u00e9e : RS232, RS422, RS485 ind\u00e9pendants, boucle de courant 20mA (active ou passive)<\/li>\n<li>Sortie : Sortie \u00e9cho et configuration multi-\u00e9crans adressable<\/li>\n<li>Entr\u00e9es de commutation et sorties de relais pour contr\u00f4ler les feux de circulation<\/li>\n<li>Protection ESD contre la foudre pour les lignes de communication<\/li>\n<\/ul>\n<p><strong>Service amical :<\/strong><\/p>\n<ul>\n<li>Conception modulaire<\/li>\n<li>Clavier \u00e0 membrane externe<\/li>\n<li>Hinged front cover<\/li>\n<li>Voyants de diagnostic embarqu\u00e9s pour le d\u00e9pannage<\/li>\n<li>Alimentation interne encapsul\u00e9e UL\/CSA 100~240VAC<\/li>\n<li>Option sans fil avec <a style=\"color: #ca0020;\" href=\"https:\/\/www.anyload.com\/fr\/product\/wl900-wireless-rf-transmitter-receiver\/\" target=\"_blank\" rel=\"noopener noreferrer\">\u00c9metteur-r\u00e9cepteur sans fil WL900<\/a><\/li>\n<\/ul>\n<p><strong>La cl\u00f4ture :<\/strong><\/p>\n<ul>\n<li>Bo\u00eetier en acier doux rev\u00eatu par poudre et r\u00e9sistant aux intemp\u00e9ries<\/li>\n<li>Visi\u00e8re pour prot\u00e9ger du soleil ou de la pluie<\/li>\n<li>Fixation murale \u00e0 l'arri\u00e8re<\/li>\n<li>Ventilation GORE<\/li>\n<\/ul>","protected":false},"featured_media":22348,"template":"","meta":{"_acf_changed":false,"site-sidebar-layout":"default","site-content-layout":"default","ast-site-content-layout":"default","site-content-style":"default","site-sidebar-style":"default","ast-global-header-display":"","ast-banner-title-visibility":"","ast-main-header-display":"","ast-hfb-above-header-display":"","ast-hfb-below-header-display":"","ast-hfb-mobile-header-display":"","site-post-title":"","ast-breadcrumbs-content":"","ast-featured-img":"","footer-sml-layout":"","ast-disable-related-posts":"","theme-transparent-header-meta":"default","adv-header-id-meta":"","stick-header-meta":"default","header-above-stick-meta":"","header-main-stick-meta":"","header-below-stick-meta":"","astra-migrate-meta-layouts":"set","ast-page-background-enabled":"default","ast-page-background-meta":{"desktop":{"background-color":"var(--ast-global-color-4)","background-image":"","background-repeat":"repeat","background-position":"center center","background-size":"auto","background-attachment":"scroll","background-type":"","background-media":"","overlay-type":"","overlay-color":"","overlay-opacity":"","overlay-gradient":""},"tablet":{"background-color":"","background-image":"","background-repeat":"repeat","background-position":"center center","background-size":"auto","background-attachment":"scroll","background-type":"","background-media":"","overlay-type":"","overlay-color":"","overlay-opacity":"","overlay-gradient":""},"mobile":{"background-color":"","background-image":"","background-repeat":"repeat","background-position":"center center","background-size":"auto","background-attachment":"scroll","background-type":"","background-media":"","overlay-type":"","overlay-color":"","overlay-opacity":"","overlay-gradient":""}},"ast-content-background-meta":{"desktop":{"background-color":"var(--ast-global-color-5)","background-image":"","background-repeat":"repeat","background-position":"center center","background-size":"auto","background-attachment":"scroll","background-type":"","background-media":"","overlay-type":"","overlay-color":"","overlay-opacity":"","overlay-gradient":""},"tablet":{"background-color":"var(--ast-global-color-5)","background-image":"","background-repeat":"repeat","background-position":"center center","background-size":"auto","background-attachment":"scroll","background-type":"","background-media":"","overlay-type":"","overlay-color":"","overlay-opacity":"","overlay-gradient":""},"mobile":{"background-color":"var(--ast-global-color-5)","background-image":"","background-repeat":"repeat","background-position":"center center","background-size":"auto","background-attachment":"scroll","background-type":"","background-media":"","overlay-type":"","overlay-color":"","overlay-opacity":"","overlay-gradient":""}}},"product_brand":[],"product_cat":[2386,151],"product_tag":[],"industries_product":[],"application_product":[3321],"class_list":{"0":"post-17048","1":"product","2":"type-product","3":"status-publish","4":"has-post-thumbnail","6":"product_cat-instrumentation","7":"product_cat-remote-displays","8":"pa_part-number-808ch631-02","9":"application_product-application-truck-scale-products","10":"desktop-align-center","11":"tablet-align-left","12":"mobile-align-left","13":"ast-product-gallery-layout-horizontal-slider","14":"ast-product-gallery-with-no-image","15":"ast-magnify-disabled","16":"ast-product-single-variable","17":"ast-product-tabs-layout-horizontal","19":"first","20":"instock","21":"shipping-taxable","22":"purchasable","23":"product-type-variable"},"acf":[],"_links":{"self":[{"href":"https:\/\/www.anyload.com\/fr\/wp-json\/wp\/v2\/product\/17048","targetHints":{"allow":["GET"]}}],"collection":[{"href":"https:\/\/www.anyload.com\/fr\/wp-json\/wp\/v2\/product"}],"about":[{"href":"https:\/\/www.anyload.com\/fr\/wp-json\/wp\/v2\/types\/product"}],"wp:featuredmedia":[{"embeddable":true,"href":"https:\/\/www.anyload.com\/fr\/wp-json\/wp\/v2\/media\/22348"}],"wp:attachment":[{"href":"https:\/\/www.anyload.com\/fr\/wp-json\/wp\/v2\/media?parent=17048"}],"wp:term":[{"taxonomy":"product_brand","embeddable":true,"href":"https:\/\/www.anyload.com\/fr\/wp-json\/wp\/v2\/product_brand?post=17048"},{"taxonomy":"product_cat","embeddable":true,"href":"https:\/\/www.anyload.com\/fr\/wp-json\/wp\/v2\/product_cat?post=17048"},{"taxonomy":"product_tag","embeddable":true,"href":"https:\/\/www.anyload.com\/fr\/wp-json\/wp\/v2\/product_tag?post=17048"},{"taxonomy":"industries_product","embeddable":true,"href":"https:\/\/www.anyload.com\/fr\/wp-json\/wp\/v2\/industries_product?post=17048"},{"taxonomy":"application_product","embeddable":true,"href":"https:\/\/www.anyload.com\/fr\/wp-json\/wp\/v2\/application_product?post=17048"}],"curies":[{"name":"wp","href":"https:\/\/api.w.org\/{rel}","templated":true}]}}