{"id":16771,"date":"2020-01-22T16:43:26","date_gmt":"2020-01-23T00:43:26","guid":{"rendered":"https:\/\/www.anyload.com\/?post_type=product&#038;p=16771"},"modified":"2025-12-18T11:57:58","modified_gmt":"2025-12-18T19:57:58","slug":"808bh-remote-display-with-traffic-light","status":"publish","type":"product","link":"https:\/\/www.anyload.com\/fr\/product\/808bh-remote-display-with-traffic-light\/","title":{"rendered":"808BH Afficheur \u00e0 distance 5\u201d avec feu de signalisation int\u00e9gr\u00e9"},"content":{"rendered":"<p>The ANYLOAD 808BH are newest generation industrial remote displays designed to be versatile, rugged, durable, and easy to install:<\/p>\n<p>Grande visibilit\u00e9 :<\/p>\n<p>Lumi\u00e8re rouge et verte int\u00e9gr\u00e9e<br \/>\nDouble-row discrete LED<br \/>\n6 digits, 5\u201d height, 7 segment<br \/>\nGrand angle de vision de 120<br \/>\nAuto brightness adjustment<br \/>\nAffichage du miroir<\/p>\n<p>RED \/ GREEN Lane Control:<\/p>\n<p>Utilisation de deux interrupteurs manuels en mode fixe ou clignotant<br \/>\nUtilisation de plusieurs logiciels utilitaires pr\u00e9install\u00e9s<br \/>\nUtilisation des commandes s\u00e9rie ASCII envoy\u00e9es par les indicateurs programmables<br \/>\nUsing special custom ordered software protocols<\/p>\n<p>Technologie intelligente d'auto-apprentissage :<\/p>\n<p>D\u00e9tection automatique des protocoles de cha\u00eenes d'indicateurs<br \/>\nAutomatically set communication baud rates<\/p>\n<p>Communication :<\/p>\n<p>Entr\u00e9e : RS232, RS422, RS485 ind\u00e9pendants, boucle de courant 20mA (active ou passive)<br \/>\nSortie : Sortie \u00e9cho et configuration multi-\u00e9crans adressable<\/p>\n<p>Service amical :<\/p>\n<p>Modular design<br \/>\nClavier \u00e0 membrane externe<br \/>\nHinged front cover<br \/>\nPivoting internal electronics plates<\/p>\n<p>La cl\u00f4ture :<\/p>\n<p>Weather proof design<br \/>\nVisi\u00e8re pour prot\u00e9ger du soleil ou de la pluie<br \/>\nWall &amp; Pole mount kit<br \/>\nBreather vent<\/p>\n<p style=\"text-align: justify;\"><img decoding=\"async\" class=\"alignnone size-full wp-image-3944\" src=\"\/wp-content\/uploads\/2014\/04\/pdf-.png\" alt=\"pdf-\" width=\"25\" height=\"25\" \/>\u00a0<a title=\"ANYLOAD | 808BH Remote Display\" href=\"https:\/\/www.anyload.com\/wp-content\/uploads\/2020\/05\/Anyload-808BH-Remote-display.pdf\" target=\"_blank\" rel=\"noopener noreferrer\">Download data sheet<\/a><\/p>\n<p style=\"text-align: justify;\"><img decoding=\"async\" class=\"alignnone size-full wp-image-3944\" src=\"\/wp-content\/uploads\/2014\/04\/pdf-.png\" alt=\"pdf-\" width=\"25\" height=\"25\" \/>\u00a0<a title=\"ANYLOAD | 808BH Technical Manual\" href=\"https:\/\/www.anyload.com\/wp-content\/uploads\/2024\/06\/Anyload-808ABCH-Technical-Manual-V20-07.pdf\" target=\"_blank\" rel=\"noopener noreferrer\">Download\u00a0Technical Manual<\/a><\/p>","protected":false},"excerpt":{"rendered":"<p>The ANYLOAD 808BH are newest generation industrial remote displays designed to be versatile, rugged, durable, and easy to install:<\/p>\n<p><strong>Grande visibilit\u00e9 :<\/strong><\/p>\n<ul>\n<li>Lumi\u00e8re rouge et verte int\u00e9gr\u00e9e<\/li>\n<li>Double-row discrete LED<\/li>\n<li>6 digits, 5\u201d height, 7 segment<\/li>\n<li>Grand angle de vision de 120<\/li>\n<li>Auto brightness adjustment<\/li>\n<li>Affichage du miroir<\/li>\n<\/ul>\n<p><strong>RED \/ GREEN Lane Control:<\/strong><\/p>\n<ul>\n<li>Utilisation de deux interrupteurs manuels en mode fixe ou clignotant<\/li>\n<li>Utilisation de plusieurs logiciels utilitaires pr\u00e9install\u00e9s<\/li>\n<li>Utilisation des commandes s\u00e9rie ASCII envoy\u00e9es par les indicateurs programmables<\/li>\n<li>Using special custom ordered software protocols<\/li>\n<\/ul>\n<p><strong>Technologie intelligente d'auto-apprentissage :<\/strong><\/p>\n<ul>\n<li>D\u00e9tection automatique des protocoles de cha\u00eenes d'indicateurs<\/li>\n<li>Automatically set communication baud rates<\/li>\n<\/ul>\n<p><strong>Communication :<\/strong><\/p>\n<ul>\n<li>Entr\u00e9e : RS232, RS422, RS485 ind\u00e9pendants, boucle de courant 20mA (active ou passive)<\/li>\n<li>Sortie : Sortie \u00e9cho et configuration multi-\u00e9crans adressable<\/li>\n<\/ul>\n<p><strong>Service amical :<\/strong><\/p>\n<ul>\n<li>Modular design<\/li>\n<li>Clavier \u00e0 membrane externe<\/li>\n<li>Hinged front cover<\/li>\n<li>Pivoting internal electronics plates<\/li>\n<li>Option sans fil avec <a style=\"color: #ca0020;\" href=\"https:\/\/www.anyload.com\/fr\/product\/wl900-wireless-rf-transmitter-receiver\/\" target=\"_blank\" rel=\"noopener noreferrer\">\u00c9metteur-r\u00e9cepteur sans fil WL900<\/a><\/li>\n<\/ul>\n<p><strong>La cl\u00f4ture :<\/strong><\/p>\n<ul>\n<li>Weather proof design<\/li>\n<li>Visi\u00e8re pour prot\u00e9ger du soleil ou de la pluie<\/li>\n<li>Wall &amp; Pole mount kit<\/li>\n<li>Breather vent<\/li>\n<\/ul>","protected":false},"featured_media":32223,"template":"","meta":{"_acf_changed":false,"site-sidebar-layout":"default","site-content-layout":"default","ast-site-content-layout":"default","site-content-style":"default","site-sidebar-style":"default","ast-global-header-display":"","ast-banner-title-visibility":"","ast-main-header-display":"","ast-hfb-above-header-display":"","ast-hfb-below-header-display":"","ast-hfb-mobile-header-display":"","site-post-title":"","ast-breadcrumbs-content":"","ast-featured-img":"","footer-sml-layout":"","ast-disable-related-posts":"","theme-transparent-header-meta":"default","adv-header-id-meta":"","stick-header-meta":"default","header-above-stick-meta":"","header-main-stick-meta":"","header-below-stick-meta":"","astra-migrate-meta-layouts":"set","ast-page-background-enabled":"default","ast-page-background-meta":{"desktop":{"background-color":"var(--ast-global-color-4)","background-image":"","background-repeat":"repeat","background-position":"center center","background-size":"auto","background-attachment":"scroll","background-type":"","background-media":"","overlay-type":"","overlay-color":"","overlay-opacity":"","overlay-gradient":""},"tablet":{"background-color":"","background-image":"","background-repeat":"repeat","background-position":"center center","background-size":"auto","background-attachment":"scroll","background-type":"","background-media":"","overlay-type":"","overlay-color":"","overlay-opacity":"","overlay-gradient":""},"mobile":{"background-color":"","background-image":"","background-repeat":"repeat","background-position":"center center","background-size":"auto","background-attachment":"scroll","background-type":"","background-media":"","overlay-type":"","overlay-color":"","overlay-opacity":"","overlay-gradient":""}},"ast-content-background-meta":{"desktop":{"background-color":"var(--ast-global-color-5)","background-image":"","background-repeat":"repeat","background-position":"center center","background-size":"auto","background-attachment":"scroll","background-type":"","background-media":"","overlay-type":"","overlay-color":"","overlay-opacity":"","overlay-gradient":""},"tablet":{"background-color":"var(--ast-global-color-5)","background-image":"","background-repeat":"repeat","background-position":"center center","background-size":"auto","background-attachment":"scroll","background-type":"","background-media":"","overlay-type":"","overlay-color":"","overlay-opacity":"","overlay-gradient":""},"mobile":{"background-color":"var(--ast-global-color-5)","background-image":"","background-repeat":"repeat","background-position":"center center","background-size":"auto","background-attachment":"scroll","background-type":"","background-media":"","overlay-type":"","overlay-color":"","overlay-opacity":"","overlay-gradient":""}}},"product_brand":[],"product_cat":[2386,151],"product_tag":[],"industries_product":[],"application_product":[3321],"class_list":{"0":"post-16771","1":"product","2":"type-product","3":"status-publish","4":"has-post-thumbnail","6":"product_cat-instrumentation","7":"product_cat-remote-displays","8":"pa_part-number-808bh651-02","9":"application_product-application-truck-scale-products","10":"desktop-align-center","11":"tablet-align-left","12":"mobile-align-left","13":"ast-product-gallery-layout-horizontal-slider","14":"ast-product-gallery-with-no-image","15":"ast-magnify-disabled","16":"ast-product-single-variable","17":"ast-product-tabs-layout-horizontal","19":"first","20":"instock","21":"shipping-taxable","22":"purchasable","23":"product-type-variable"},"acf":[],"_links":{"self":[{"href":"https:\/\/www.anyload.com\/fr\/wp-json\/wp\/v2\/product\/16771","targetHints":{"allow":["GET"]}}],"collection":[{"href":"https:\/\/www.anyload.com\/fr\/wp-json\/wp\/v2\/product"}],"about":[{"href":"https:\/\/www.anyload.com\/fr\/wp-json\/wp\/v2\/types\/product"}],"wp:featuredmedia":[{"embeddable":true,"href":"https:\/\/www.anyload.com\/fr\/wp-json\/wp\/v2\/media\/32223"}],"wp:attachment":[{"href":"https:\/\/www.anyload.com\/fr\/wp-json\/wp\/v2\/media?parent=16771"}],"wp:term":[{"taxonomy":"product_brand","embeddable":true,"href":"https:\/\/www.anyload.com\/fr\/wp-json\/wp\/v2\/product_brand?post=16771"},{"taxonomy":"product_cat","embeddable":true,"href":"https:\/\/www.anyload.com\/fr\/wp-json\/wp\/v2\/product_cat?post=16771"},{"taxonomy":"product_tag","embeddable":true,"href":"https:\/\/www.anyload.com\/fr\/wp-json\/wp\/v2\/product_tag?post=16771"},{"taxonomy":"industries_product","embeddable":true,"href":"https:\/\/www.anyload.com\/fr\/wp-json\/wp\/v2\/industries_product?post=16771"},{"taxonomy":"application_product","embeddable":true,"href":"https:\/\/www.anyload.com\/fr\/wp-json\/wp\/v2\/application_product?post=16771"}],"curies":[{"name":"wp","href":"https:\/\/api.w.org\/{rel}","templated":true}]}}