{"id":16531,"date":"2019-10-28T16:39:13","date_gmt":"2019-10-28T23:39:13","guid":{"rendered":"https:\/\/www.anyload.com\/?post_type=product&#038;p=16531"},"modified":"2025-12-18T11:58:28","modified_gmt":"2025-12-18T19:58:28","slug":"twcm1-500kg-cast-iron","status":"publish","type":"product","link":"https:\/\/www.anyload.com\/fr\/product\/twcm1-500kg-cast-iron\/","title":{"rendered":"TWCM1 500kg Cast Iron"},"content":{"rendered":"<ul>\n<li>Moulage en une seule pi\u00e8ce (la poign\u00e9e et le corps en une seule pi\u00e8ce), s\u00fbr et solide<\/li>\n<li>Embedded adjusting cavity for sealing, reliable and convenient<\/li>\n<li>Valeur nominale indiqu\u00e9e sur la surface<\/li>\n<li>Dessus plat pour un empilage facile et s\u00fbr, espace en pente pour \u00e9viter l'accumulation d'eau de pluie et de poussi\u00e8re.<\/li>\n<li>Large espace de fente pour s'adapter \u00e0 la plupart des chariots \u00e9l\u00e9vateurs \u00e0 fourche<\/li>\n<li>Smooth surface, durable coat of paint to protect from weather<\/li>\n<li>Valeur nominale indiqu\u00e9e sur la surface<\/li>\n<li>Marquage en relief, facile \u00e0 nettoyer et \u00e0 entretenir<\/li>\n<\/ul>\n<p style=\"text-align: justify;\"><a href=\"https:\/\/www.anyload.com\/wp-content\/uploads\/2019\/10\/Anyload-TWCM1-500kg-cast-iron-test-weights.pdf\" target=\"_blank\" rel=\"noopener noreferrer\"><img decoding=\"async\" class=\"alignnone size-full wp-image-3944\" src=\"\/wp-content\/uploads\/2014\/04\/pdf-.png\" alt=\"pdf-\" width=\"25\" height=\"25\" \/>\u00a0Download data sheet<\/a><\/p>","protected":false},"excerpt":{"rendered":"<ul>\n<li>Moulage en une seule pi\u00e8ce (la poign\u00e9e et le corps en une seule pi\u00e8ce), s\u00fbr et solide<\/li>\n<li>Embedded adjusting cavity for sealing, reliable and convenient<\/li>\n<li>Valeur nominale indiqu\u00e9e sur la surface<\/li>\n<li>Dessus plat pour un empilage facile et s\u00fbr, espace en pente pour \u00e9viter l'accumulation d'eau de pluie et de poussi\u00e8re.<\/li>\n<li>Large espace de fente pour s'adapter \u00e0 la plupart des chariots \u00e9l\u00e9vateurs \u00e0 fourche<\/li>\n<li>Smooth surface, durable coat of paint to protect from weather<\/li>\n<li>Valeur nominale indiqu\u00e9e sur la surface<\/li>\n<li>Marquage en relief, facile \u00e0 nettoyer et \u00e0 entretenir<\/li>\n<\/ul>","protected":false},"featured_media":22342,"template":"","meta":{"_acf_changed":false,"site-sidebar-layout":"default","site-content-layout":"","ast-site-content-layout":"default","site-content-style":"default","site-sidebar-style":"default","ast-global-header-display":"","ast-banner-title-visibility":"","ast-main-header-display":"","ast-hfb-above-header-display":"","ast-hfb-below-header-display":"","ast-hfb-mobile-header-display":"","site-post-title":"","ast-breadcrumbs-content":"","ast-featured-img":"","footer-sml-layout":"","ast-disable-related-posts":"","theme-transparent-header-meta":"default","adv-header-id-meta":"","stick-header-meta":"default","header-above-stick-meta":"","header-main-stick-meta":"","header-below-stick-meta":"","astra-migrate-meta-layouts":"set","ast-page-background-enabled":"default","ast-page-background-meta":{"desktop":{"background-color":"var(--ast-global-color-4)","background-image":"","background-repeat":"repeat","background-position":"center center","background-size":"auto","background-attachment":"scroll","background-type":"","background-media":"","overlay-type":"","overlay-color":"","overlay-opacity":"","overlay-gradient":""},"tablet":{"background-color":"","background-image":"","background-repeat":"repeat","background-position":"center center","background-size":"auto","background-attachment":"scroll","background-type":"","background-media":"","overlay-type":"","overlay-color":"","overlay-opacity":"","overlay-gradient":""},"mobile":{"background-color":"","background-image":"","background-repeat":"repeat","background-position":"center center","background-size":"auto","background-attachment":"scroll","background-type":"","background-media":"","overlay-type":"","overlay-color":"","overlay-opacity":"","overlay-gradient":""}},"ast-content-background-meta":{"desktop":{"background-color":"var(--ast-global-color-5)","background-image":"","background-repeat":"repeat","background-position":"center center","background-size":"auto","background-attachment":"scroll","background-type":"","background-media":"","overlay-type":"","overlay-color":"","overlay-opacity":"","overlay-gradient":""},"tablet":{"background-color":"var(--ast-global-color-5)","background-image":"","background-repeat":"repeat","background-position":"center center","background-size":"auto","background-attachment":"scroll","background-type":"","background-media":"","overlay-type":"","overlay-color":"","overlay-opacity":"","overlay-gradient":""},"mobile":{"background-color":"var(--ast-global-color-5)","background-image":"","background-repeat":"repeat","background-position":"center center","background-size":"auto","background-attachment":"scroll","background-type":"","background-media":"","overlay-type":"","overlay-color":"","overlay-opacity":"","overlay-gradient":""}}},"product_brand":[],"product_cat":[27],"product_tag":[],"industries_product":[],"application_product":[3326],"class_list":{"0":"post-16531","1":"product","2":"type-product","3":"status-publish","4":"has-post-thumbnail","6":"product_cat-test-weights","7":"pa_part-number-twcm1-500kg-mc","8":"application_product-application-bench-products","9":"desktop-align-center","10":"tablet-align-left","11":"mobile-align-left","12":"ast-product-gallery-layout-horizontal-slider","13":"ast-product-gallery-with-no-image","14":"ast-magnify-disabled","15":"ast-product-single-variable","16":"ast-product-tabs-layout-horizontal","18":"first","19":"instock","20":"shipping-taxable","21":"purchasable","22":"product-type-variable"},"acf":[],"_links":{"self":[{"href":"https:\/\/www.anyload.com\/fr\/wp-json\/wp\/v2\/product\/16531","targetHints":{"allow":["GET"]}}],"collection":[{"href":"https:\/\/www.anyload.com\/fr\/wp-json\/wp\/v2\/product"}],"about":[{"href":"https:\/\/www.anyload.com\/fr\/wp-json\/wp\/v2\/types\/product"}],"wp:featuredmedia":[{"embeddable":true,"href":"https:\/\/www.anyload.com\/fr\/wp-json\/wp\/v2\/media\/22342"}],"wp:attachment":[{"href":"https:\/\/www.anyload.com\/fr\/wp-json\/wp\/v2\/media?parent=16531"}],"wp:term":[{"taxonomy":"product_brand","embeddable":true,"href":"https:\/\/www.anyload.com\/fr\/wp-json\/wp\/v2\/product_brand?post=16531"},{"taxonomy":"product_cat","embeddable":true,"href":"https:\/\/www.anyload.com\/fr\/wp-json\/wp\/v2\/product_cat?post=16531"},{"taxonomy":"product_tag","embeddable":true,"href":"https:\/\/www.anyload.com\/fr\/wp-json\/wp\/v2\/product_tag?post=16531"},{"taxonomy":"industries_product","embeddable":true,"href":"https:\/\/www.anyload.com\/fr\/wp-json\/wp\/v2\/industries_product?post=16531"},{"taxonomy":"application_product","embeddable":true,"href":"https:\/\/www.anyload.com\/fr\/wp-json\/wp\/v2\/application_product?post=16531"}],"curies":[{"name":"wp","href":"https:\/\/api.w.org\/{rel}","templated":true}]}}