{"id":1628,"date":"2014-03-06T14:57:32","date_gmt":"2014-03-06T22:57:32","guid":{"rendered":"http:\/\/anyloadgroup.com\/?post_type=product&#038;p=1628"},"modified":"2025-12-19T14:36:28","modified_gmt":"2025-12-19T22:36:28","slug":"651ksgs-single-point-load-cell","status":"publish","type":"product","link":"https:\/\/www.anyload.com\/fr\/product\/651ksgs-single-point-load-cell\/","title":{"rendered":"651KSGS Capteur de pesage \u00e0 point unique"},"content":{"rendered":"<p><span style=\"text-decoration: underline;\"><strong>Description :<\/strong><\/span><\/p>\n<p>Certifi\u00e9 C9 par l'OIML de 50 \u00e0 100 kg, ce capteur \u00e0 point d'appui unique est le capteur \u00e0 usage commercial le plus pr\u00e9cis au monde. Avec une construction en acier inoxydable IP68, une compensation de temp\u00e9rature de 14\u00b0F \u00e0 122\u00b0F et une surcharge de s\u00e9curit\u00e9 150%, le 651KSGS est la solution de pesage ultime adapt\u00e9e \u00e0 une immense vari\u00e9t\u00e9 d'applications. Le 651KSGS est interchangeable avec les appareils Mettler Toledo et autres (voir l'onglet INTERCHANGEABLE).<\/p>\n<p style=\"text-align: right;\">*Le 651KSGS sera supprim\u00e9 et remplac\u00e9 par <a href=\"https:\/\/www.anyload.com\/fr\/product\/651hs-single-point-load-cell\/\"><span style=\"text-decoration: underline;\"><span style=\"color: #3366ff; text-decoration: underline;\">651H1<\/span><\/span><\/a>.<\/p>\n<p><span style=\"text-decoration: underline;\"><strong>Caract\u00e9ristiques :\u00a0<\/strong><\/span><\/p>\n<ul>\n<li>Mat\u00e9riau : Acier inoxydable<\/li>\n<li>Capacit\u00e9s nominales : 100kg, 250kg<\/li>\n<li>Sortie pleine \u00e9chelle : 2mV\/V \u00b1 10%<\/li>\n<li>Surcharge s\u00fbre : 150%<\/li>\n<li>Surcharge de rupture : 300%<\/li>\n<li>Indice de protection IP : IP66<\/li>\n<\/ul>\n<table border=\"1\" cellspacing=\"0\" cellpadding=\"0\">\n<tbody>\n<tr>\n<td valign=\"top\" width=\"319\">Capacit\u00e9 nominale<\/td>\n<td valign=\"top\" width=\"319\">100kg, 250kg<\/td>\n<\/tr>\n<tr>\n<td valign=\"top\" width=\"319\">R\u00e9f\u00e9rence Max. Taille de la plate-forme<\/td>\n<td valign=\"top\" width=\"319\">600mm x 600mm<\/td>\n<\/tr>\n<tr>\n<td valign=\"top\" width=\"319\">Sortie pleine \u00e9chelle<\/td>\n<td valign=\"top\" width=\"319\">2mV\/V \u00b1 10%<\/td>\n<\/tr>\n<tr>\n<td valign=\"top\" width=\"319\">Solde z\u00e9ro<\/td>\n<td valign=\"top\" width=\"319\">\u00b1 0,02mV\/V<\/td>\n<\/tr>\n<tr>\n<td valign=\"top\" width=\"319\">Non-lin\u00e9arit\u00e9<\/td>\n<td valign=\"top\" width=\"319\">&lt; \u00b1 0.05%<\/td>\n<\/tr>\n<tr>\n<td valign=\"top\" width=\"319\">R\u00e9p\u00e9tabilit\u00e9<\/td>\n<td valign=\"top\" width=\"319\">&lt; \u00b1 0.02%<\/td>\n<\/tr>\n<tr>\n<td valign=\"top\" width=\"319\">Erreur d'hyst\u00e9r\u00e9sis<\/td>\n<td valign=\"top\" width=\"319\">&lt; \u00b1 0.05%<\/td>\n<\/tr>\n<tr>\n<td valign=\"top\" width=\"319\">La reptation en 30 minutes<\/td>\n<td valign=\"top\" width=\"319\">&lt; \u00b1 0.03%<\/td>\n<\/tr>\n<tr>\n<td valign=\"top\" width=\"319\">R\u00e9sistance d'entr\u00e9e<\/td>\n<td valign=\"top\" width=\"319\">385\u03a9 \u00b1 15\u03a9<\/td>\n<\/tr>\n<tr>\n<td valign=\"top\" width=\"319\">R\u00e9sistance de sortie<\/td>\n<td valign=\"top\" width=\"319\">350\u03a9 \u00b1 3\u03a9<\/td>\n<\/tr>\n<tr>\n<td valign=\"top\" width=\"319\">Excitation recommand\u00e9e<\/td>\n<td valign=\"top\" width=\"319\">10V (15V maximum)<\/td>\n<\/tr>\n<tr>\n<td valign=\"top\" width=\"319\">R\u00e9sistance de l'isolation<\/td>\n<td valign=\"top\" width=\"319\">&gt; 2G\u03a9 (50V DC)<\/td>\n<\/tr>\n<tr>\n<td valign=\"top\" width=\"319\">Effet de la temp\u00e9rature sur la sensibilit\u00e9<\/td>\n<td valign=\"top\" width=\"319\">&lt; \u00b10.0012% of Cn\/k<\/td>\n<\/tr>\n<tr>\n<td valign=\"top\" width=\"319\">Effet de la temp\u00e9rature sur l'\u00e9quilibre du z\u00e9ro<\/td>\n<td valign=\"top\" width=\"319\">&lt; \u00b1 0.0040% of Cn\/k<\/td>\n<\/tr>\n<tr>\n<td valign=\"top\" width=\"319\">Plage de temp\u00e9rature compens\u00e9e<\/td>\n<td valign=\"top\" width=\"319\"><b>-<\/b>10\u00b0C \u00e0 50\u00b0C\/14\u00b0F \u00e0 122\u00b0F<\/td>\n<\/tr>\n<tr>\n<td valign=\"top\" width=\"319\">Plage de temp\u00e9rature de service<\/td>\n<td valign=\"top\" width=\"319\"><b>-<\/b>30\u00b0C \u00e0 70\u00b0C\/-20\u00b0F \u00e0 160\u00b0F<\/td>\n<\/tr>\n<tr>\n<td valign=\"top\" width=\"319\">Plage de temp\u00e9rature de stockage<\/td>\n<td valign=\"top\" width=\"319\">De -50\u00b0C \u00e0 85\u00b0C\/-58\u00b0F \u00e0 185\u00b0F<\/td>\n<\/tr>\n<tr>\n<td valign=\"top\" width=\"319\">Surcharge s\u00fbre<\/td>\n<td valign=\"top\" width=\"319\">150% de la pleine \u00e9chelle<\/td>\n<\/tr>\n<tr>\n<td valign=\"top\" width=\"319\">Rompre la surcharge<\/td>\n<td valign=\"top\" width=\"319\">300% de la pleine \u00e9chelle<\/td>\n<\/tr>\n<tr>\n<td valign=\"top\" width=\"319\">Type de joint<\/td>\n<td valign=\"top\" width=\"319\">\u00c9tanch\u00e9it\u00e9 \u00e0 l'environnement<\/td>\n<\/tr>\n<tr>\n<td valign=\"top\" width=\"319\">Indice de protection IP<\/td>\n<td valign=\"top\" width=\"319\">IP66<\/td>\n<\/tr>\n<\/tbody>\n<\/table>\n<p style=\"text-align: justify;\"><img decoding=\"async\" class=\"alignnone size-full wp-image-3944\" src=\"\/wp-content\/uploads\/2014\/04\/pdf-.png\" alt=\"pdf-\" width=\"25\" height=\"25\" \/>\u00a0<a title=\"ANYLOAD | 651KSGS Single Point Load Cell\" href=\"https:\/\/www.anyload.com\/wp-content\/uploads\/2020\/06\/Anyload-651KSGS-load-cell-transducer.pdf\" target=\"_blank\" rel=\"noopener noreferrer\">Download data sheet<\/a><\/p>\n<p style=\"text-align: justify;\"><img decoding=\"async\" class=\"alignnone size-full wp-image-3944\" src=\"\/wp-content\/uploads\/2014\/04\/pdf-.png\" alt=\"pdf-\" width=\"25\" height=\"25\" \/> <a title=\"ANYLOAD | Measurement Ukraine Certificate\" href=\"http:\/\/www.anyload.com\/fr\/approbations\/measurement-ukraine\/\" target=\"_blank\" rel=\"noopener noreferrer\">Certificat de mesure de l'Ukraine<\/a><\/p>","protected":false},"excerpt":{"rendered":"<p><span style=\"text-decoration: underline;\"><strong>Description :<\/strong><\/span><\/p>\n<p>Certifi\u00e9 C9 par l'OIML de 50 \u00e0 100 kg, ce capteur \u00e0 point d'appui unique est le capteur \u00e0 usage commercial le plus pr\u00e9cis au monde. Avec une construction en acier inoxydable IP68, une compensation de temp\u00e9rature de 14\u00b0F \u00e0 122\u00b0F et une surcharge de s\u00e9curit\u00e9 150%, le 651KSGS est la solution de pesage ultime adapt\u00e9e \u00e0 une immense vari\u00e9t\u00e9 d'applications. Le 651KSGS est interchangeable avec les appareils Mettler Toledo et autres (voir l'onglet INTERCHANGEABLE).<\/p>\n<p style=\"text-align: right;\">*Le 651KSGS sera supprim\u00e9 et remplac\u00e9 par <a href=\"https:\/\/www.anyload.com\/fr\/product\/651hs-single-point-load-cell\/\"><span style=\"text-decoration: underline;\"><span style=\"color: #3366ff; text-decoration: underline;\">651H1<\/span><\/span><\/a>.<\/p>\n<p><span style=\"text-decoration: underline;\"><strong>Caract\u00e9ristiques :\u00a0<\/strong><\/span><\/p>\n<ul>\n<li>Mat\u00e9riau : Acier inoxydable<\/li>\n<li>Capacit\u00e9s nominales : 100kg, 250kg<\/li>\n<li>Sortie pleine \u00e9chelle : 2mV\/V \u00b1 10%<\/li>\n<li>Surcharge s\u00fbre : 150%<\/li>\n<li>Surcharge de rupture : 300%<\/li>\n<li>Indice de protection IP : IP66<\/li>\n<\/ul>","protected":false},"featured_media":22192,"template":"","meta":{"_acf_changed":false,"site-sidebar-layout":"default","site-content-layout":"default","ast-site-content-layout":"default","site-content-style":"default","site-sidebar-style":"default","ast-global-header-display":"","ast-banner-title-visibility":"","ast-main-header-display":"","ast-hfb-above-header-display":"","ast-hfb-below-header-display":"","ast-hfb-mobile-header-display":"","site-post-title":"","ast-breadcrumbs-content":"","ast-featured-img":"","footer-sml-layout":"","ast-disable-related-posts":"","theme-transparent-header-meta":"default","adv-header-id-meta":"","stick-header-meta":"default","header-above-stick-meta":"","header-main-stick-meta":"","header-below-stick-meta":"","astra-migrate-meta-layouts":"set","ast-page-background-enabled":"default","ast-page-background-meta":{"desktop":{"background-color":"var(--ast-global-color-4)","background-image":"","background-repeat":"repeat","background-position":"center center","background-size":"auto","background-attachment":"scroll","background-type":"","background-media":"","overlay-type":"","overlay-color":"","overlay-opacity":"","overlay-gradient":""},"tablet":{"background-color":"","background-image":"","background-repeat":"repeat","background-position":"center center","background-size":"auto","background-attachment":"scroll","background-type":"","background-media":"","overlay-type":"","overlay-color":"","overlay-opacity":"","overlay-gradient":""},"mobile":{"background-color":"","background-image":"","background-repeat":"repeat","background-position":"center center","background-size":"auto","background-attachment":"scroll","background-type":"","background-media":"","overlay-type":"","overlay-color":"","overlay-opacity":"","overlay-gradient":""}},"ast-content-background-meta":{"desktop":{"background-color":"var(--ast-global-color-5)","background-image":"","background-repeat":"repeat","background-position":"center center","background-size":"auto","background-attachment":"scroll","background-type":"","background-media":"","overlay-type":"","overlay-color":"","overlay-opacity":"","overlay-gradient":""},"tablet":{"background-color":"var(--ast-global-color-5)","background-image":"","background-repeat":"repeat","background-position":"center center","background-size":"auto","background-attachment":"scroll","background-type":"","background-media":"","overlay-type":"","overlay-color":"","overlay-opacity":"","overlay-gradient":""},"mobile":{"background-color":"var(--ast-global-color-5)","background-image":"","background-repeat":"repeat","background-position":"center center","background-size":"auto","background-attachment":"scroll","background-type":"","background-media":"","overlay-type":"","overlay-color":"","overlay-opacity":"","overlay-gradient":""}}},"product_brand":[],"product_cat":[33],"product_tag":[2852],"industries_product":[],"application_product":[3326,3327],"class_list":{"0":"post-1628","1":"product","2":"type-product","3":"status-publish","4":"has-post-thumbnail","6":"product_cat-single-point","7":"product_tag-interchangeable","8":"pa_part-number-651ksgs-100kg","9":"pa_part-number-651ksgs-250kg","10":"application_product-application-bench-products","11":"application_product-application-checkweighing-products","12":"desktop-align-center","13":"tablet-align-left","14":"mobile-align-left","15":"ast-product-gallery-layout-horizontal-slider","16":"ast-product-gallery-with-no-image","17":"ast-magnify-disabled","18":"ast-product-single-variable","19":"ast-product-tabs-layout-horizontal","21":"first","22":"instock","23":"shipping-taxable","24":"purchasable","25":"product-type-variable"},"acf":[],"_links":{"self":[{"href":"https:\/\/www.anyload.com\/fr\/wp-json\/wp\/v2\/product\/1628","targetHints":{"allow":["GET"]}}],"collection":[{"href":"https:\/\/www.anyload.com\/fr\/wp-json\/wp\/v2\/product"}],"about":[{"href":"https:\/\/www.anyload.com\/fr\/wp-json\/wp\/v2\/types\/product"}],"wp:featuredmedia":[{"embeddable":true,"href":"https:\/\/www.anyload.com\/fr\/wp-json\/wp\/v2\/media\/22192"}],"wp:attachment":[{"href":"https:\/\/www.anyload.com\/fr\/wp-json\/wp\/v2\/media?parent=1628"}],"wp:term":[{"taxonomy":"product_brand","embeddable":true,"href":"https:\/\/www.anyload.com\/fr\/wp-json\/wp\/v2\/product_brand?post=1628"},{"taxonomy":"product_cat","embeddable":true,"href":"https:\/\/www.anyload.com\/fr\/wp-json\/wp\/v2\/product_cat?post=1628"},{"taxonomy":"product_tag","embeddable":true,"href":"https:\/\/www.anyload.com\/fr\/wp-json\/wp\/v2\/product_tag?post=1628"},{"taxonomy":"industries_product","embeddable":true,"href":"https:\/\/www.anyload.com\/fr\/wp-json\/wp\/v2\/industries_product?post=1628"},{"taxonomy":"application_product","embeddable":true,"href":"https:\/\/www.anyload.com\/fr\/wp-json\/wp\/v2\/application_product?post=1628"}],"curies":[{"name":"wp","href":"https:\/\/api.w.org\/{rel}","templated":true}]}}