{"id":1618,"date":"2014-03-06T14:33:24","date_gmt":"2014-03-06T22:33:24","guid":{"rendered":"http:\/\/anyloadgroup.com\/?post_type=product&#038;p=1618"},"modified":"2025-12-19T14:36:18","modified_gmt":"2025-12-19T22:36:18","slug":"651ks22-single-point-load-cell","status":"publish","type":"product","link":"https:\/\/www.anyload.com\/fr\/product\/651ks22-single-point-load-cell\/","title":{"rendered":"651KS22 Capteur de pesage \u00e0 point unique"},"content":{"rendered":"<p><span style=\"text-decoration: underline;\"><strong>Description :\u00a0<\/strong><\/span><\/p>\n<p>OIML certified C9 from 10kg-100kg, this single point load cell is the highest accuracy legal-for-trade load cell available in the world. With IP68 stainless steel construction, 14\u00b0F to 122\u00b0F temperature compensation, and 150% safe overload, the 651KS22 is the ultimate weighing solution suited to an immense variety of lower-capacity applications such as hopper scales and process weighing. The innovative design delivers results in extreme conditions, including in the chemical, pharmaceutical, food processing, farming, and fishing industries.<\/p>\n<p><span style=\"text-decoration: underline;\"><strong>Caract\u00e9ristiques :\u00a0<\/strong><\/span><\/p>\n<ul>\n<li>Mat\u00e9riau : Acier inoxydable<\/li>\n<li>Rated Capacities: 50kg, 100kg, 250kg, 500kg<\/li>\n<li>Sortie pleine \u00e9chelle : 2mV\/V \u00b1 10%<\/li>\n<li>Surcharge s\u00fbre : 150%<\/li>\n<li>Surcharge de rupture : 300%<\/li>\n<li>IP Rating: IP68\/69K<\/li>\n<\/ul>\n<table border=\"1\" cellspacing=\"0\" cellpadding=\"0\">\n<tbody>\n<tr>\n<td valign=\"top\" width=\"319\"><strong>Fabricant<\/strong><\/td>\n<td valign=\"top\" width=\"319\"><strong>Mod\u00e8le<\/strong><\/td>\n<\/tr>\n<tr>\n<td valign=\"top\" width=\"319\">Vishay Tedea-Huntleigh<\/td>\n<td valign=\"top\" width=\"319\">1510<\/td>\n<\/tr>\n<tr>\n<td valign=\"top\" width=\"319\">Mettler-Toledo<\/td>\n<td valign=\"top\" width=\"319\">SSH<\/td>\n<\/tr>\n<\/tbody>\n<\/table>\n<table border=\"1\" cellspacing=\"0\" cellpadding=\"0\">\n<tbody>\n<tr>\n<td valign=\"top\" width=\"319\">Capacit\u00e9 nominale<\/td>\n<td valign=\"top\" width=\"319\">50kg, 100kg, 250kg, 500kg<\/td>\n<\/tr>\n<tr>\n<td valign=\"top\" width=\"319\">R\u00e9f\u00e9rence Max. Taille de la plate-forme<\/td>\n<td valign=\"top\" width=\"319\">600mm x 600mm<\/td>\n<\/tr>\n<tr>\n<td valign=\"top\" width=\"319\">Sortie pleine \u00e9chelle<\/td>\n<td valign=\"top\" width=\"319\">2mV\/V \u00b1 10%<\/td>\n<\/tr>\n<tr>\n<td valign=\"top\" width=\"319\">Solde z\u00e9ro<\/td>\n<td valign=\"top\" width=\"319\">\u00b1 0,02mV\/V<\/td>\n<\/tr>\n<tr>\n<td valign=\"top\" width=\"319\">Non-lin\u00e9arit\u00e9<\/td>\n<td valign=\"top\" width=\"319\">&lt; \u00b1 0.03%<\/td>\n<\/tr>\n<tr>\n<td valign=\"top\" width=\"319\">R\u00e9p\u00e9tabilit\u00e9<\/td>\n<td valign=\"top\" width=\"319\">&lt; \u00b1 0.02%<\/td>\n<\/tr>\n<tr>\n<td valign=\"top\" width=\"319\">Erreur d'hyst\u00e9r\u00e9sis<\/td>\n<td valign=\"top\" width=\"319\">&lt; \u00b1 0.03%<\/td>\n<\/tr>\n<tr>\n<td valign=\"top\" width=\"319\">La reptation en 30 minutes<\/td>\n<td valign=\"top\" width=\"319\">&lt; \u00b1 0.03%<\/td>\n<\/tr>\n<tr>\n<td valign=\"top\" width=\"319\">R\u00e9sistance d'entr\u00e9e<\/td>\n<td valign=\"top\" width=\"319\">385\u03a9 \u00b1 15\u03a9<\/td>\n<\/tr>\n<tr>\n<td valign=\"top\" width=\"319\">R\u00e9sistance de sortie<\/td>\n<td valign=\"top\" width=\"319\">350\u03a9 \u00b1 3\u03a9<\/td>\n<\/tr>\n<tr>\n<td valign=\"top\" width=\"319\">Excitation recommand\u00e9e<\/td>\n<td valign=\"top\" width=\"319\">10V (15V maximum)<\/td>\n<\/tr>\n<tr>\n<td valign=\"top\" width=\"319\">R\u00e9sistance de l'isolation<\/td>\n<td valign=\"top\" width=\"319\">&gt; 2G\u03a9 (50V DC)<\/td>\n<\/tr>\n<tr>\n<td valign=\"top\" width=\"319\">Effet de la temp\u00e9rature sur la sensibilit\u00e9<\/td>\n<td valign=\"top\" width=\"319\">&lt; \u00b10.0012% of Cn\/k<\/td>\n<\/tr>\n<tr>\n<td valign=\"top\" width=\"319\">Effet de la temp\u00e9rature sur l'\u00e9quilibre du z\u00e9ro<\/td>\n<td valign=\"top\" width=\"319\">&lt; \u00b1 0.0040% of Cn\/k<\/td>\n<\/tr>\n<tr>\n<td valign=\"top\" width=\"319\">Plage de temp\u00e9rature compens\u00e9e<\/td>\n<td valign=\"top\" width=\"319\"><b>-<\/b>10\u00b0C \u00e0 50\u00b0C\/14\u00b0F \u00e0 122\u00b0F<\/td>\n<\/tr>\n<tr>\n<td valign=\"top\" width=\"319\">Plage de temp\u00e9rature de service<\/td>\n<td valign=\"top\" width=\"319\"><b>-<\/b>30\u00b0C \u00e0 70\u00b0C\/-20\u00b0F \u00e0 160\u00b0F<\/td>\n<\/tr>\n<tr>\n<td valign=\"top\" width=\"319\">Plage de temp\u00e9rature de stockage<\/td>\n<td valign=\"top\" width=\"319\">De -50\u00b0C \u00e0 85\u00b0C\/-58\u00b0F \u00e0 185\u00b0F<\/td>\n<\/tr>\n<tr>\n<td valign=\"top\" width=\"319\">Surcharge s\u00fbre<\/td>\n<td valign=\"top\" width=\"319\">150% de la pleine \u00e9chelle<\/td>\n<\/tr>\n<tr>\n<td valign=\"top\" width=\"319\">Rompre la surcharge<\/td>\n<td valign=\"top\" width=\"319\">300% de la pleine \u00e9chelle<\/td>\n<\/tr>\n<tr>\n<td valign=\"top\" width=\"319\">Type de joint<\/td>\n<td valign=\"top\" width=\"319\">Joint soud\u00e9<\/td>\n<\/tr>\n<tr>\n<td valign=\"top\" width=\"319\">Indice de protection IP<\/td>\n<td valign=\"top\" width=\"319\">IP68<\/td>\n<\/tr>\n<\/tbody>\n<\/table>\n<p style=\"text-align: justify;\"><img decoding=\"async\" class=\"alignnone size-full wp-image-3944\" src=\"\/wp-content\/uploads\/2014\/04\/pdf-.png\" alt=\"pdf-\" width=\"25\" height=\"25\" \/>\u00a0<a title=\"ANYLOAD | 651KS22 Single Point Load Cell\" href=\"https:\/\/www.anyload.com\/wp-content\/uploads\/2020\/06\/Anyload-651KS22-load-cell-transducer.pdf\" target=\"_blank\" rel=\"noopener noreferrer\">Download data sheet<\/a><\/p>\n<p style=\"text-align: justify;\"><img decoding=\"async\" class=\"alignnone size-full wp-image-3944\" src=\"\/wp-content\/uploads\/2014\/04\/pdf-.png\" alt=\"pdf-\" width=\"25\" height=\"25\" \/> <a title=\"ANYLOAD | 651KS22 Single Point Load Cell OIML Approval\" href=\"http:\/\/www.anyload.com\/fr\/approbations\/organisation-internationale-de-meteorologie-legale\/\" target=\"_blank\" rel=\"noopener noreferrer\">Certificat de conformit\u00e9 OIML<\/a><\/p>\n<p style=\"text-align: justify;\"><img decoding=\"async\" class=\"alignnone size-full wp-image-3944\" src=\"\/wp-content\/uploads\/2014\/04\/pdf-.png\" alt=\"pdf-\" width=\"25\" height=\"25\" \/> <a title=\"ANYLOAD | 651KS22 Single Point Load Cell OIML Approval\" href=\"http:\/\/www.anyload.com\/fr\/approbations\/conference-nationale-sur-les-poids-et-mesures\/\" target=\"_blank\" rel=\"noopener noreferrer\">NTEP Certificate of Conformity<\/a><\/p>","protected":false},"excerpt":{"rendered":"<p><span style=\"text-decoration: underline;\"><strong>Description :\u00a0<\/strong><\/span><\/p>\n<p>OIML certified C9 from 10kg-100kg, this single point load cell is the highest accuracy legal-for-trade load cell available in the world. With IP68 stainless steel construction, 14\u00b0F to 122\u00b0F temperature compensation, and 150% safe overload, the 651KS22 is the ultimate weighing solution suited to an immense variety of lower-capacity applications such as hopper scales and process weighing. The innovative design delivers results in extreme conditions, including in the chemical, pharmaceutical, food processing, farming, and fishing industries.<\/p>\n<p><span style=\"text-decoration: underline;\"><strong>Caract\u00e9ristiques :\u00a0<\/strong><\/span><\/p>\n<ul>\n<li>Mat\u00e9riau : Acier inoxydable<\/li>\n<li>Rated Capacities: 50kg, 100kg, 250kg, 500kg<\/li>\n<li>Sortie pleine \u00e9chelle : 2mV\/V \u00b1 10%<\/li>\n<li>Surcharge s\u00fbre : 150%<\/li>\n<li>Surcharge de rupture : 300%<\/li>\n<li>IP Rating: IP68\/69K<\/li>\n<li>NTEP: <em>651KS22-50kg: NTEP 1:10000 Class III, Single Cell; 651KS22-100kg, 250kg &amp; 500kg: NTEP 1:5000 Class III, Single Cell\u00a0<\/em><\/li>\n<li>OIML: <em>651KS22-50kg &amp; 100kg: OIML MAA C9, Y=18000; 651KS22-250kg &amp; 500kg: OIML MAA C4, Y=26000<\/em><\/li>\n<li>Certifi\u00e9 CE, RoHS et Ex(NEPSI)<\/li>\n<li>ATEX, FM, and IECEx available upon request<\/li>\n<\/ul>","protected":false},"featured_media":39973,"template":"","meta":{"_acf_changed":false,"site-sidebar-layout":"default","site-content-layout":"default","ast-site-content-layout":"default","site-content-style":"default","site-sidebar-style":"default","ast-global-header-display":"","ast-banner-title-visibility":"","ast-main-header-display":"","ast-hfb-above-header-display":"","ast-hfb-below-header-display":"","ast-hfb-mobile-header-display":"","site-post-title":"","ast-breadcrumbs-content":"","ast-featured-img":"","footer-sml-layout":"","ast-disable-related-posts":"","theme-transparent-header-meta":"default","adv-header-id-meta":"","stick-header-meta":"default","header-above-stick-meta":"","header-main-stick-meta":"","header-below-stick-meta":"","astra-migrate-meta-layouts":"set","ast-page-background-enabled":"default","ast-page-background-meta":{"desktop":{"background-color":"var(--ast-global-color-4)","background-image":"","background-repeat":"repeat","background-position":"center center","background-size":"auto","background-attachment":"scroll","background-type":"","background-media":"","overlay-type":"","overlay-color":"","overlay-opacity":"","overlay-gradient":""},"tablet":{"background-color":"","background-image":"","background-repeat":"repeat","background-position":"center center","background-size":"auto","background-attachment":"scroll","background-type":"","background-media":"","overlay-type":"","overlay-color":"","overlay-opacity":"","overlay-gradient":""},"mobile":{"background-color":"","background-image":"","background-repeat":"repeat","background-position":"center center","background-size":"auto","background-attachment":"scroll","background-type":"","background-media":"","overlay-type":"","overlay-color":"","overlay-opacity":"","overlay-gradient":""}},"ast-content-background-meta":{"desktop":{"background-color":"var(--ast-global-color-5)","background-image":"","background-repeat":"repeat","background-position":"center center","background-size":"auto","background-attachment":"scroll","background-type":"","background-media":"","overlay-type":"","overlay-color":"","overlay-opacity":"","overlay-gradient":""},"tablet":{"background-color":"var(--ast-global-color-5)","background-image":"","background-repeat":"repeat","background-position":"center center","background-size":"auto","background-attachment":"scroll","background-type":"","background-media":"","overlay-type":"","overlay-color":"","overlay-opacity":"","overlay-gradient":""},"mobile":{"background-color":"var(--ast-global-color-5)","background-image":"","background-repeat":"repeat","background-position":"center center","background-size":"auto","background-attachment":"scroll","background-type":"","background-media":"","overlay-type":"","overlay-color":"","overlay-opacity":"","overlay-gradient":""}}},"product_brand":[],"product_cat":[33],"product_tag":[],"industries_product":[],"application_product":[3326,3327],"class_list":{"0":"post-1618","1":"product","2":"type-product","3":"status-publish","4":"has-post-thumbnail","6":"product_cat-single-point","7":"pa_part-number-651ks22-50kg","8":"pa_part-number-651ks22-100kg","9":"pa_part-number-651ks22-250kg","10":"pa_part-number-651ks22-500kg","11":"application_product-application-bench-products","12":"application_product-application-checkweighing-products","13":"desktop-align-center","14":"tablet-align-left","15":"mobile-align-left","16":"ast-product-gallery-layout-horizontal-slider","17":"ast-product-gallery-with-no-image","18":"ast-magnify-disabled","19":"ast-product-single-variable","20":"ast-product-tabs-layout-horizontal","22":"first","23":"instock","24":"shipping-taxable","25":"purchasable","26":"product-type-variable"},"acf":[],"_links":{"self":[{"href":"https:\/\/www.anyload.com\/fr\/wp-json\/wp\/v2\/product\/1618","targetHints":{"allow":["GET"]}}],"collection":[{"href":"https:\/\/www.anyload.com\/fr\/wp-json\/wp\/v2\/product"}],"about":[{"href":"https:\/\/www.anyload.com\/fr\/wp-json\/wp\/v2\/types\/product"}],"wp:featuredmedia":[{"embeddable":true,"href":"https:\/\/www.anyload.com\/fr\/wp-json\/wp\/v2\/media\/39973"}],"wp:attachment":[{"href":"https:\/\/www.anyload.com\/fr\/wp-json\/wp\/v2\/media?parent=1618"}],"wp:term":[{"taxonomy":"product_brand","embeddable":true,"href":"https:\/\/www.anyload.com\/fr\/wp-json\/wp\/v2\/product_brand?post=1618"},{"taxonomy":"product_cat","embeddable":true,"href":"https:\/\/www.anyload.com\/fr\/wp-json\/wp\/v2\/product_cat?post=1618"},{"taxonomy":"product_tag","embeddable":true,"href":"https:\/\/www.anyload.com\/fr\/wp-json\/wp\/v2\/product_tag?post=1618"},{"taxonomy":"industries_product","embeddable":true,"href":"https:\/\/www.anyload.com\/fr\/wp-json\/wp\/v2\/industries_product?post=1618"},{"taxonomy":"application_product","embeddable":true,"href":"https:\/\/www.anyload.com\/fr\/wp-json\/wp\/v2\/application_product?post=1618"}],"curies":[{"name":"wp","href":"https:\/\/api.w.org\/{rel}","templated":true}]}}