{"id":15927,"date":"2019-06-26T12:41:16","date_gmt":"2019-06-26T19:41:16","guid":{"rendered":"http:\/\/www.anyload.com\/?post_type=product&#038;p=15927"},"modified":"2025-12-18T14:39:07","modified_gmt":"2025-12-18T22:39:07","slug":"808ah-remote-display","status":"publish","type":"product","link":"https:\/\/www.anyload.com\/fr\/product\/808ah-remote-display\/","title":{"rendered":"808AH T\u00e9l\u00e9affichage 5\" Mod\u00e8le standard"},"content":{"rendered":"<p>Les ANYLOAD 808AH sont des t\u00e9l\u00e9affichages industriels de derni\u00e8re g\u00e9n\u00e9ration con\u00e7us pour \u00eatre polyvalents, robustes, durables et faciles \u00e0 installer. Ils sont dot\u00e9s d'une fonction de communication et de protocole \u00e0 apprentissage automatique pour une compatibilit\u00e9 avec une large gamme d'indicateurs et d'instruments de pesage.<\/p>\n<ul>\n<li>Six chiffres de 5\" (125 mm) de hauteur, affichage \u00e0 distance industriel par LED<\/li>\n<li>LED discr\u00e8tes \u00e0 haute intensit\u00e9 et \u00e0 grand angle de vision<\/li>\n<li>Standard sept segments<\/li>\n<li>Mode d'apprentissage automatique pour d\u00e9finir les d\u00e9bits en bauds de communication<\/li>\n<li>Mode d'apprentissage automatique pour d\u00e9tecter le format des cha\u00eenes entrantes<\/li>\n<li>Capteur de lumi\u00e8re ambiante pour le contr\u00f4le de la luminosit\u00e9 de jour comme de nuit<\/li>\n<li>Luminosit\u00e9 r\u00e9glable pour le jour et la nuit<\/li>\n<li>Configuration du logiciel pour les formats de cha\u00eenes personnalis\u00e9s<\/li>\n<li>Fonction de configuration pilot\u00e9e par menu \u00e0 l'aide d'un clavier \u00e0 membrane<\/li>\n<li>Entr\u00e9es de commutation et module de sortie de relais pour contr\u00f4ler les feux de circulation<\/li>\n<li>Programmes utilitaires personnalis\u00e9s<\/li>\n<li>Configuration adressable personnalis\u00e9e<\/li>\n<li>Jusqu'\u00e0 deux d\u00e9cimales avec choix du point ou de la virgule<\/li>\n<li>Mode de num\u00e9risation en marche arri\u00e8re pour une meilleure visibilit\u00e9 dans les r\u00e9troviseurs<\/li>\n<li>Kits standard de montage mural et sur poteau<\/li>\n<li>Pare-soleil et pare-pluie de s\u00e9rie<\/li>\n<li>Indication de l'\u00e9tat BRUT (GR) ou NET (NT) par des annonciateurs<\/li>\n<li>Indication des unit\u00e9s KG (kg) ou LB (lb) par des annonciateurs<\/li>\n<li>RS232, RS422\/RS485 et 20mA ind\u00e9pendants et prot\u00e9g\u00e9s contre les d\u00e9charges \u00e9lectrostatiques (ESD)<\/li>\n<li>Port de sortie de l'\u00e9cho pour RS-232 et RS-422\/RS-485<\/li>\n<li>Bo\u00eetier m\u00e9tallique avec couvercle frontal \u00e0 charni\u00e8re pour faciliter l'entretien<\/li>\n<li>Verre de s\u00e9curit\u00e9 avant gris<\/li>\n<li>Bo\u00eetier en acier doux r\u00e9sistant aux intemp\u00e9ries et recouvert d'une couche de poudre<\/li>\n<li>Plaque \u00e9lectronique interne rabattable pour faciliter le c\u00e2blage<\/li>\n<li>Alimentation encapsul\u00e9e \u00e0 d\u00e9tection multiple approuv\u00e9e par UL\/CSA<\/li>\n<li>Ventilation par reniflard pour \u00e9viter la condensation \u00e0 l'int\u00e9rieur de l'enceinte<\/li>\n<\/ul>\n<p style=\"text-align: justify;\"><img decoding=\"async\" class=\"alignnone size-full wp-image-3944\" src=\"\/wp-content\/uploads\/2014\/04\/pdf-.png\" alt=\"pdf-\" width=\"25\" height=\"25\" \/>\u00a0<a title=\"ANYLOAD | 808AH Remote Display\" href=\"https:\/\/www.anyload.com\/wp-content\/uploads\/2020\/05\/Anyload-808AH-Remote-display.pdf\" target=\"_blank\" rel=\"noopener noreferrer\">Download data sheet<\/a><\/p>\n<p style=\"text-align: justify;\"><img decoding=\"async\" class=\"alignnone size-full wp-image-3944\" src=\"\/wp-content\/uploads\/2014\/04\/pdf-.png\" alt=\"pdf-\" width=\"25\" height=\"25\" \/>\u00a0<a title=\"ANYLOAD | 808AH Technical Manual\" href=\"https:\/\/www.anyload.com\/wp-content\/uploads\/2024\/06\/Anyload-808ABCH-Technical-Manual-V20-07.pdf\" target=\"_blank\" rel=\"noopener noreferrer\">Download\u00a0Technical Manual<\/a><\/p>","protected":false},"excerpt":{"rendered":"<p>Les ANYLOAD 808AH sont des t\u00e9l\u00e9affichages industriels de derni\u00e8re g\u00e9n\u00e9ration con\u00e7us pour \u00eatre polyvalents, robustes, durables et faciles \u00e0 installer. Ils sont dot\u00e9s d'une fonction de communication et de protocole \u00e0 apprentissage automatique pour une compatibilit\u00e9 avec une large gamme d'indicateurs et d'instruments de pesage.<\/p>\n<ul>\n<li>Six chiffres de 5\" (125 mm) de hauteur, affichage \u00e0 distance industriel par LED<\/li>\n<li>LED discr\u00e8tes \u00e0 haute intensit\u00e9 et \u00e0 grand angle de vision<\/li>\n<li>Standard sept segments<\/li>\n<li>Mode d'apprentissage automatique pour d\u00e9finir les d\u00e9bits en bauds de communication<\/li>\n<li>Mode d'apprentissage automatique pour d\u00e9tecter le format des cha\u00eenes entrantes<\/li>\n<li>Capteur de lumi\u00e8re ambiante pour le contr\u00f4le de la luminosit\u00e9 de jour comme de nuit<\/li>\n<li>Luminosit\u00e9 r\u00e9glable pour le jour et la nuit<\/li>\n<li>Configuration du logiciel pour les formats de cha\u00eenes personnalis\u00e9s<\/li>\n<li>Fonction de configuration pilot\u00e9e par menu \u00e0 l'aide d'un clavier \u00e0 membrane<\/li>\n<li>Entr\u00e9es de commutation et module de sortie de relais pour contr\u00f4ler les feux de circulation<\/li>\n<li>Programmes utilitaires personnalis\u00e9s<\/li>\n<li>Configuration adressable personnalis\u00e9e<\/li>\n<li>Jusqu'\u00e0 deux d\u00e9cimales avec choix du point ou de la virgule<\/li>\n<li>Mode de num\u00e9risation en marche arri\u00e8re pour une meilleure visibilit\u00e9 dans les r\u00e9troviseurs<\/li>\n<li>Kits standard de montage mural et sur poteau<\/li>\n<li>Pare-soleil et pare-pluie de s\u00e9rie<\/li>\n<li>Indication de l'\u00e9tat BRUT (GR) ou NET (NT) par des annonciateurs<\/li>\n<li>Indication des unit\u00e9s KG (kg) ou LB (lb) par des annonciateurs<\/li>\n<li>RS232, RS422\/RS485 et 20mA ind\u00e9pendants et prot\u00e9g\u00e9s contre les d\u00e9charges \u00e9lectrostatiques (ESD)<\/li>\n<li>Port de sortie de l'\u00e9cho pour RS-232 et RS-422\/RS-485<\/li>\n<li>Bo\u00eetier m\u00e9tallique avec couvercle frontal \u00e0 charni\u00e8re pour faciliter l'entretien<\/li>\n<li>Verre de s\u00e9curit\u00e9 avant gris<\/li>\n<li>Bo\u00eetier en acier doux r\u00e9sistant aux intemp\u00e9ries et recouvert d'une couche de poudre<\/li>\n<li>Plaque \u00e9lectronique interne rabattable pour faciliter le c\u00e2blage<\/li>\n<li>Marquage CE, conformit\u00e9 aux directives CEM et LVD<\/li>\n<li>Alimentation encapsul\u00e9e \u00e0 d\u00e9tection multiple approuv\u00e9e par UL\/CSA<\/li>\n<li>Ventilation par reniflard pour \u00e9viter la condensation \u00e0 l'int\u00e9rieur de l'enceinte<\/li>\n<li>Option sans fil avec <a style=\"color: #ca0020;\" href=\"https:\/\/www.anyload.com\/fr\/product\/wl900-wireless-rf-transmitter-receiver\/\" target=\"_blank\" rel=\"noopener noreferrer\">\u00c9metteur-r\u00e9cepteur sans fil WL900<\/a><\/li>\n<\/ul>","protected":false},"featured_media":32224,"template":"","meta":{"_acf_changed":false,"site-sidebar-layout":"default","site-content-layout":"default","ast-site-content-layout":"default","site-content-style":"default","site-sidebar-style":"default","ast-global-header-display":"","ast-banner-title-visibility":"","ast-main-header-display":"","ast-hfb-above-header-display":"","ast-hfb-below-header-display":"","ast-hfb-mobile-header-display":"","site-post-title":"","ast-breadcrumbs-content":"","ast-featured-img":"","footer-sml-layout":"","ast-disable-related-posts":"","theme-transparent-header-meta":"default","adv-header-id-meta":"","stick-header-meta":"default","header-above-stick-meta":"","header-main-stick-meta":"","header-below-stick-meta":"","astra-migrate-meta-layouts":"set","ast-page-background-enabled":"default","ast-page-background-meta":{"desktop":{"background-color":"var(--ast-global-color-4)","background-image":"","background-repeat":"repeat","background-position":"center center","background-size":"auto","background-attachment":"scroll","background-type":"","background-media":"","overlay-type":"","overlay-color":"","overlay-opacity":"","overlay-gradient":""},"tablet":{"background-color":"","background-image":"","background-repeat":"repeat","background-position":"center center","background-size":"auto","background-attachment":"scroll","background-type":"","background-media":"","overlay-type":"","overlay-color":"","overlay-opacity":"","overlay-gradient":""},"mobile":{"background-color":"","background-image":"","background-repeat":"repeat","background-position":"center center","background-size":"auto","background-attachment":"scroll","background-type":"","background-media":"","overlay-type":"","overlay-color":"","overlay-opacity":"","overlay-gradient":""}},"ast-content-background-meta":{"desktop":{"background-color":"var(--ast-global-color-5)","background-image":"","background-repeat":"repeat","background-position":"center center","background-size":"auto","background-attachment":"scroll","background-type":"","background-media":"","overlay-type":"","overlay-color":"","overlay-opacity":"","overlay-gradient":""},"tablet":{"background-color":"var(--ast-global-color-5)","background-image":"","background-repeat":"repeat","background-position":"center center","background-size":"auto","background-attachment":"scroll","background-type":"","background-media":"","overlay-type":"","overlay-color":"","overlay-opacity":"","overlay-gradient":""},"mobile":{"background-color":"var(--ast-global-color-5)","background-image":"","background-repeat":"repeat","background-position":"center center","background-size":"auto","background-attachment":"scroll","background-type":"","background-media":"","overlay-type":"","overlay-color":"","overlay-opacity":"","overlay-gradient":""}}},"product_brand":[],"product_cat":[2386,151],"product_tag":[],"industries_product":[],"application_product":[3321],"class_list":{"0":"post-15927","1":"product","2":"type-product","3":"status-publish","4":"has-post-thumbnail","6":"product_cat-instrumentation","7":"product_cat-remote-displays","8":"pa_part-number-808ah651-02","9":"application_product-application-truck-scale-products","10":"desktop-align-center","11":"tablet-align-left","12":"mobile-align-left","13":"ast-product-gallery-layout-horizontal-slider","14":"ast-product-gallery-with-no-image","15":"ast-magnify-disabled","16":"ast-product-single-variable","17":"ast-product-tabs-layout-horizontal","19":"first","20":"instock","21":"shipping-taxable","22":"purchasable","23":"product-type-variable"},"acf":[],"_links":{"self":[{"href":"https:\/\/www.anyload.com\/fr\/wp-json\/wp\/v2\/product\/15927","targetHints":{"allow":["GET"]}}],"collection":[{"href":"https:\/\/www.anyload.com\/fr\/wp-json\/wp\/v2\/product"}],"about":[{"href":"https:\/\/www.anyload.com\/fr\/wp-json\/wp\/v2\/types\/product"}],"wp:featuredmedia":[{"embeddable":true,"href":"https:\/\/www.anyload.com\/fr\/wp-json\/wp\/v2\/media\/32224"}],"wp:attachment":[{"href":"https:\/\/www.anyload.com\/fr\/wp-json\/wp\/v2\/media?parent=15927"}],"wp:term":[{"taxonomy":"product_brand","embeddable":true,"href":"https:\/\/www.anyload.com\/fr\/wp-json\/wp\/v2\/product_brand?post=15927"},{"taxonomy":"product_cat","embeddable":true,"href":"https:\/\/www.anyload.com\/fr\/wp-json\/wp\/v2\/product_cat?post=15927"},{"taxonomy":"product_tag","embeddable":true,"href":"https:\/\/www.anyload.com\/fr\/wp-json\/wp\/v2\/product_tag?post=15927"},{"taxonomy":"industries_product","embeddable":true,"href":"https:\/\/www.anyload.com\/fr\/wp-json\/wp\/v2\/industries_product?post=15927"},{"taxonomy":"application_product","embeddable":true,"href":"https:\/\/www.anyload.com\/fr\/wp-json\/wp\/v2\/application_product?post=15927"}],"curies":[{"name":"wp","href":"https:\/\/api.w.org\/{rel}","templated":true}]}}