{"id":1566,"date":"2014-03-06T13:08:36","date_gmt":"2014-03-06T21:08:36","guid":{"rendered":"http:\/\/anyloadgroup.com\/?post_type=product&#038;p=1566"},"modified":"2026-03-11T16:50:55","modified_gmt":"2026-03-11T23:50:55","slug":"108tsvs-single-point-load-cell","status":"publish","type":"product","link":"https:\/\/www.anyload.com\/fr\/product\/108tsvs-single-point-load-cell\/","title":{"rendered":"108TSVS Capteur de pesage \u00e0 point unique"},"content":{"rendered":"<p>Le 108TSVS est un capteur \u00e0 point d'appui unique en acier inoxydable r\u00e9sistant \u00e0 l'eau et \u00e0 la corrosion. Sa conception polyvalente lui permet de r\u00e9pondre \u00e0 un large \u00e9ventail de besoins de pesage, en offrant d'excellentes performances contre les charges excentriques et les environnements difficiles. Les applications courantes comprennent les bascules de tr\u00e9mie, les bascules \u00e0 bande, les bascules de convoyeur, le pesage de processus, etc. Le 108TSVS est interchangeable avec le Vishay Sensortronics 60048.<\/p>","protected":false},"excerpt":{"rendered":"<div class=\"product-desc\">\n<p>Le 108TSVS est un capteur \u00e0 point d'appui unique en acier inoxydable r\u00e9sistant \u00e0 l'eau et \u00e0 la corrosion. Sa conception polyvalente lui permet de r\u00e9pondre \u00e0 un large \u00e9ventail de besoins de pesage, en offrant d'excellentes performances contre les charges excentriques et les environnements difficiles. Les applications courantes comprennent les bascules de tr\u00e9mie, les bascules \u00e0 bande, les bascules de convoyeur, le pesage de processus, etc. Le 108TSVS est interchangeable avec le Vishay Sensortronics 60048.<\/p>\n<\/div>\n<div class=\"ds-btn-row\">\n  <a class=\"ds-btn\" href=\"https:\/\/www.anyload.com\/wp-content\/uploads\/2014\/03\/ANYLOAD-108TSVS-load-cell-transducer.pdf\" target=\"_blank\" rel=\"noopener\">Fiche technique<\/a><\/p>\n<\/div>","protected":false},"featured_media":33412,"template":"","meta":{"_acf_changed":false,"site-sidebar-layout":"default","site-content-layout":"default","ast-site-content-layout":"default","site-content-style":"default","site-sidebar-style":"default","ast-global-header-display":"","ast-banner-title-visibility":"","ast-main-header-display":"","ast-hfb-above-header-display":"","ast-hfb-below-header-display":"","ast-hfb-mobile-header-display":"","site-post-title":"","ast-breadcrumbs-content":"","ast-featured-img":"","footer-sml-layout":"","ast-disable-related-posts":"","theme-transparent-header-meta":"default","adv-header-id-meta":"","stick-header-meta":"default","header-above-stick-meta":"","header-main-stick-meta":"","header-below-stick-meta":"","astra-migrate-meta-layouts":"set","ast-page-background-enabled":"default","ast-page-background-meta":{"desktop":{"background-color":"var(--ast-global-color-4)","background-image":"","background-repeat":"repeat","background-position":"center center","background-size":"auto","background-attachment":"scroll","background-type":"","background-media":"","overlay-type":"","overlay-color":"","overlay-opacity":"","overlay-gradient":""},"tablet":{"background-color":"","background-image":"","background-repeat":"repeat","background-position":"center center","background-size":"auto","background-attachment":"scroll","background-type":"","background-media":"","overlay-type":"","overlay-color":"","overlay-opacity":"","overlay-gradient":""},"mobile":{"background-color":"","background-image":"","background-repeat":"repeat","background-position":"center center","background-size":"auto","background-attachment":"scroll","background-type":"","background-media":"","overlay-type":"","overlay-color":"","overlay-opacity":"","overlay-gradient":""}},"ast-content-background-meta":{"desktop":{"background-color":"var(--ast-global-color-5)","background-image":"","background-repeat":"repeat","background-position":"center center","background-size":"auto","background-attachment":"scroll","background-type":"","background-media":"","overlay-type":"","overlay-color":"","overlay-opacity":"","overlay-gradient":""},"tablet":{"background-color":"var(--ast-global-color-5)","background-image":"","background-repeat":"repeat","background-position":"center center","background-size":"auto","background-attachment":"scroll","background-type":"","background-media":"","overlay-type":"","overlay-color":"","overlay-opacity":"","overlay-gradient":""},"mobile":{"background-color":"var(--ast-global-color-5)","background-image":"","background-repeat":"repeat","background-position":"center center","background-size":"auto","background-attachment":"scroll","background-type":"","background-media":"","overlay-type":"","overlay-color":"","overlay-opacity":"","overlay-gradient":""}}},"product_brand":[],"product_cat":[33],"product_tag":[2852],"industries_product":[],"application_product":[3326,3327,3323,3324],"class_list":{"0":"post-1566","1":"product","2":"type-product","3":"status-publish","4":"has-post-thumbnail","6":"product_cat-single-point","7":"product_tag-interchangeable","8":"pa_part-number-108tsvs-100lb-yz","9":"pa_part-number-108tsvs-1klb-yz","10":"pa_part-number-108tsvs-200lb-yz","11":"pa_part-number-108tsvs-400lb-yz","12":"pa_part-number-108tsvs-500lb-yz","13":"pa_part-number-108tsvs-50lb","14":"application_product-application-bench-products","15":"application_product-application-checkweighing-products","16":"application_product-application-low-capacity-hopper-products","17":"application_product-application-platform-products","18":"desktop-align-center","19":"tablet-align-left","20":"mobile-align-left","21":"ast-product-gallery-layout-horizontal-slider","22":"ast-magnify-disabled","23":"ast-product-single-variable","24":"ast-product-tabs-layout-horizontal","26":"first","27":"instock","28":"shipping-taxable","29":"purchasable","30":"product-type-variable"},"acf":[],"_links":{"self":[{"href":"https:\/\/www.anyload.com\/fr\/wp-json\/wp\/v2\/product\/1566","targetHints":{"allow":["GET"]}}],"collection":[{"href":"https:\/\/www.anyload.com\/fr\/wp-json\/wp\/v2\/product"}],"about":[{"href":"https:\/\/www.anyload.com\/fr\/wp-json\/wp\/v2\/types\/product"}],"wp:featuredmedia":[{"embeddable":true,"href":"https:\/\/www.anyload.com\/fr\/wp-json\/wp\/v2\/media\/33412"}],"wp:attachment":[{"href":"https:\/\/www.anyload.com\/fr\/wp-json\/wp\/v2\/media?parent=1566"}],"wp:term":[{"taxonomy":"product_brand","embeddable":true,"href":"https:\/\/www.anyload.com\/fr\/wp-json\/wp\/v2\/product_brand?post=1566"},{"taxonomy":"product_cat","embeddable":true,"href":"https:\/\/www.anyload.com\/fr\/wp-json\/wp\/v2\/product_cat?post=1566"},{"taxonomy":"product_tag","embeddable":true,"href":"https:\/\/www.anyload.com\/fr\/wp-json\/wp\/v2\/product_tag?post=1566"},{"taxonomy":"industries_product","embeddable":true,"href":"https:\/\/www.anyload.com\/fr\/wp-json\/wp\/v2\/industries_product?post=1566"},{"taxonomy":"application_product","embeddable":true,"href":"https:\/\/www.anyload.com\/fr\/wp-json\/wp\/v2\/application_product?post=1566"}],"curies":[{"name":"wp","href":"https:\/\/api.w.org\/{rel}","templated":true}]}}