{"id":1501,"date":"2014-03-06T12:37:07","date_gmt":"2014-03-06T20:37:07","guid":{"rendered":"http:\/\/anyloadgroup.com\/?post_type=product&#038;p=1501"},"modified":"2026-03-17T15:31:11","modified_gmt":"2026-03-17T22:31:11","slug":"108qs-single-point-load-cell","status":"publish","type":"product","link":"https:\/\/www.anyload.com\/fr\/product\/108qs-single-point-load-cell\/","title":{"rendered":"108QS Capteur de pesage \u00e0 point unique"},"content":{"rendered":"<p>Le 108QS est un capteur \u00e0 point d'appui unique en acier inoxydable r\u00e9sistant, offrant une large gamme de capacit\u00e9s nominales allant jusqu'\u00e0 1Klb. Ce mod\u00e8le simple, facile \u00e0 installer et abordable r\u00e9siste aux charges irr\u00e9guli\u00e8res et est \u00e9galement interchangeable avec le Cardinal SP6lb-100lb. Les applications courantes comprennent les balances \u00e0 plate-forme, les balances d'\u00e9tabli, le pesage de contr\u00f4le, etc.<\/p>","protected":false},"excerpt":{"rendered":"<div class=\"product-desc\">\n<p>Le 108QS est un capteur \u00e0 point d'appui unique en acier inoxydable r\u00e9sistant, offrant une large gamme de capacit\u00e9s nominales allant jusqu'\u00e0 1Klb. Ce mod\u00e8le simple, facile \u00e0 installer et abordable r\u00e9siste aux charges irr\u00e9guli\u00e8res et est \u00e9galement interchangeable avec le Cardinal SP6lb-100lb. Les applications courantes comprennent les balances \u00e0 plate-forme, les balances d'\u00e9tabli, le pesage de contr\u00f4le, etc.<\/p>\n<\/div>\n<div class=\"ds-btn-row\">\n  <a class=\"ds-btn\" href=\"https:\/\/www.anyload.com\/wp-content\/uploads\/2014\/03\/ANYLOAD-108QS-load-cell-transducer.pdf\" target=\"_blank\" rel=\"noopener\">Fiche technique<\/a><\/p>\n<\/div>","protected":false},"featured_media":22176,"template":"","meta":{"_acf_changed":false,"site-sidebar-layout":"default","site-content-layout":"","ast-site-content-layout":"default","site-content-style":"default","site-sidebar-style":"default","ast-global-header-display":"","ast-banner-title-visibility":"","ast-main-header-display":"","ast-hfb-above-header-display":"","ast-hfb-below-header-display":"","ast-hfb-mobile-header-display":"","site-post-title":"","ast-breadcrumbs-content":"","ast-featured-img":"","footer-sml-layout":"","ast-disable-related-posts":"","theme-transparent-header-meta":"default","adv-header-id-meta":"","stick-header-meta":"default","header-above-stick-meta":"","header-main-stick-meta":"","header-below-stick-meta":"","astra-migrate-meta-layouts":"set","ast-page-background-enabled":"default","ast-page-background-meta":{"desktop":{"background-color":"var(--ast-global-color-4)","background-image":"","background-repeat":"repeat","background-position":"center center","background-size":"auto","background-attachment":"scroll","background-type":"","background-media":"","overlay-type":"","overlay-color":"","overlay-opacity":"","overlay-gradient":""},"tablet":{"background-color":"","background-image":"","background-repeat":"repeat","background-position":"center center","background-size":"auto","background-attachment":"scroll","background-type":"","background-media":"","overlay-type":"","overlay-color":"","overlay-opacity":"","overlay-gradient":""},"mobile":{"background-color":"","background-image":"","background-repeat":"repeat","background-position":"center center","background-size":"auto","background-attachment":"scroll","background-type":"","background-media":"","overlay-type":"","overlay-color":"","overlay-opacity":"","overlay-gradient":""}},"ast-content-background-meta":{"desktop":{"background-color":"var(--ast-global-color-5)","background-image":"","background-repeat":"repeat","background-position":"center center","background-size":"auto","background-attachment":"scroll","background-type":"","background-media":"","overlay-type":"","overlay-color":"","overlay-opacity":"","overlay-gradient":""},"tablet":{"background-color":"var(--ast-global-color-5)","background-image":"","background-repeat":"repeat","background-position":"center center","background-size":"auto","background-attachment":"scroll","background-type":"","background-media":"","overlay-type":"","overlay-color":"","overlay-opacity":"","overlay-gradient":""},"mobile":{"background-color":"var(--ast-global-color-5)","background-image":"","background-repeat":"repeat","background-position":"center center","background-size":"auto","background-attachment":"scroll","background-type":"","background-media":"","overlay-type":"","overlay-color":"","overlay-opacity":"","overlay-gradient":""}}},"product_brand":[],"product_cat":[19,33],"product_tag":[2852],"industries_product":[],"application_product":[3326,3327,3323,3324],"class_list":{"0":"post-1501","1":"product","2":"type-product","3":"status-publish","4":"has-post-thumbnail","6":"product_cat-load-cells-categories","7":"product_cat-single-point","8":"product_tag-interchangeable","9":"pa_part-number-108qs-6lb-yz","10":"pa_part-number-108qs-10lb-yz","11":"pa_part-number-108qs-15lb-yz","12":"pa_part-number-108qs-25lb-yz","13":"pa_part-number-108qs-50lb-yz","14":"pa_part-number-108qs-100lb-yz","15":"pa_part-number-108qs-200lb-yz","16":"pa_part-number-108qs-500lb-yz","17":"pa_part-number-108qs-1klb-yz","18":"application_product-application-bench-products","19":"application_product-application-checkweighing-products","20":"application_product-application-low-capacity-hopper-products","21":"application_product-application-platform-products","22":"desktop-align-center","23":"tablet-align-left","24":"mobile-align-left","25":"ast-product-gallery-layout-horizontal-slider","26":"ast-product-gallery-with-no-image","27":"ast-magnify-disabled","28":"ast-product-single-variable","29":"ast-product-tabs-layout-horizontal","31":"first","32":"instock","33":"shipping-taxable","34":"purchasable","35":"product-type-variable"},"acf":[],"_links":{"self":[{"href":"https:\/\/www.anyload.com\/fr\/wp-json\/wp\/v2\/product\/1501","targetHints":{"allow":["GET"]}}],"collection":[{"href":"https:\/\/www.anyload.com\/fr\/wp-json\/wp\/v2\/product"}],"about":[{"href":"https:\/\/www.anyload.com\/fr\/wp-json\/wp\/v2\/types\/product"}],"wp:featuredmedia":[{"embeddable":true,"href":"https:\/\/www.anyload.com\/fr\/wp-json\/wp\/v2\/media\/22176"}],"wp:attachment":[{"href":"https:\/\/www.anyload.com\/fr\/wp-json\/wp\/v2\/media?parent=1501"}],"wp:term":[{"taxonomy":"product_brand","embeddable":true,"href":"https:\/\/www.anyload.com\/fr\/wp-json\/wp\/v2\/product_brand?post=1501"},{"taxonomy":"product_cat","embeddable":true,"href":"https:\/\/www.anyload.com\/fr\/wp-json\/wp\/v2\/product_cat?post=1501"},{"taxonomy":"product_tag","embeddable":true,"href":"https:\/\/www.anyload.com\/fr\/wp-json\/wp\/v2\/product_tag?post=1501"},{"taxonomy":"industries_product","embeddable":true,"href":"https:\/\/www.anyload.com\/fr\/wp-json\/wp\/v2\/industries_product?post=1501"},{"taxonomy":"application_product","embeddable":true,"href":"https:\/\/www.anyload.com\/fr\/wp-json\/wp\/v2\/application_product?post=1501"}],"curies":[{"name":"wp","href":"https:\/\/api.w.org\/{rel}","templated":true}]}}