{"id":1347,"date":"2014-03-05T16:34:08","date_gmt":"2014-03-06T00:34:08","guid":{"rendered":"http:\/\/anyloadgroup.com\/?post_type=product&#038;p=1347"},"modified":"2026-03-25T11:11:14","modified_gmt":"2026-03-25T18:11:14","slug":"108da-single-point-load-cell","status":"publish","type":"product","link":"https:\/\/www.anyload.com\/fr\/product\/108da-single-point-load-cell\/","title":{"rendered":"108DA Capteur de pesage \u00e0 point unique"},"content":{"rendered":"<p>Le 108DA est un point de charge unique tr\u00e8s robuste qui offre des performances fiables pour les applications de moyenne et grande capacit\u00e9. Chaque cellule de charge est r\u00e9gl\u00e9e individuellement pour \u00e9viter les erreurs d'angle. Ce mod\u00e8le est une solution simple et facile \u00e0 installer et les applications courantes comprennent les balances \u00e0 plate-forme, les balances au sol, les balances de table, le pesage de contr\u00f4le, le pesage de processus, les balances suspendues, etc. Le 108DA est interchangeable avec le Vishay Tedea-Huntleigh 1320, le Celtron HOC et le Flintec PC81.<\/p>","protected":false},"excerpt":{"rendered":"<div class=\"product-desc\">\n<p>\nLe 108DA est un point de charge unique tr\u00e8s robuste qui offre des performances fiables pour les applications de moyenne et grande capacit\u00e9. Chaque cellule de charge est r\u00e9gl\u00e9e individuellement pour \u00e9viter les erreurs d'angle. Ce mod\u00e8le est une solution simple et facile \u00e0 installer et les applications courantes comprennent les balances \u00e0 plate-forme, les balances au sol, les balances de table, le pesage de contr\u00f4le, le pesage de processus, les balances suspendues, etc. Le 108DA est interchangeable avec le Vishay Tedea-Huntleigh 1320, le Celtron HOC et le Flintec PC81.\n<\/p>\n<\/div>\n<div class=\"ds-btn-row\">\n  <a class=\"ds-btn\" href=\"https:\/\/www.anyload.com\/wp-content\/uploads\/2014\/03\/ANYLOAD-108DA-load-cell-transducer.pdf\" target=\"_blank\" rel=\"noopener\">Fiche technique<\/a><\/p>\n<\/div>","protected":false},"featured_media":22156,"template":"","meta":{"_acf_changed":false,"site-sidebar-layout":"default","site-content-layout":"default","ast-site-content-layout":"default","site-content-style":"default","site-sidebar-style":"default","ast-global-header-display":"","ast-banner-title-visibility":"","ast-main-header-display":"","ast-hfb-above-header-display":"","ast-hfb-below-header-display":"","ast-hfb-mobile-header-display":"","site-post-title":"","ast-breadcrumbs-content":"","ast-featured-img":"","footer-sml-layout":"","ast-disable-related-posts":"","theme-transparent-header-meta":"default","adv-header-id-meta":"","stick-header-meta":"default","header-above-stick-meta":"","header-main-stick-meta":"","header-below-stick-meta":"","astra-migrate-meta-layouts":"set","ast-page-background-enabled":"default","ast-page-background-meta":{"desktop":{"background-color":"var(--ast-global-color-4)","background-image":"","background-repeat":"repeat","background-position":"center center","background-size":"auto","background-attachment":"scroll","background-type":"","background-media":"","overlay-type":"","overlay-color":"","overlay-opacity":"","overlay-gradient":""},"tablet":{"background-color":"","background-image":"","background-repeat":"repeat","background-position":"center center","background-size":"auto","background-attachment":"scroll","background-type":"","background-media":"","overlay-type":"","overlay-color":"","overlay-opacity":"","overlay-gradient":""},"mobile":{"background-color":"","background-image":"","background-repeat":"repeat","background-position":"center center","background-size":"auto","background-attachment":"scroll","background-type":"","background-media":"","overlay-type":"","overlay-color":"","overlay-opacity":"","overlay-gradient":""}},"ast-content-background-meta":{"desktop":{"background-color":"var(--ast-global-color-5)","background-image":"","background-repeat":"repeat","background-position":"center center","background-size":"auto","background-attachment":"scroll","background-type":"","background-media":"","overlay-type":"","overlay-color":"","overlay-opacity":"","overlay-gradient":""},"tablet":{"background-color":"var(--ast-global-color-5)","background-image":"","background-repeat":"repeat","background-position":"center center","background-size":"auto","background-attachment":"scroll","background-type":"","background-media":"","overlay-type":"","overlay-color":"","overlay-opacity":"","overlay-gradient":""},"mobile":{"background-color":"var(--ast-global-color-5)","background-image":"","background-repeat":"repeat","background-position":"center center","background-size":"auto","background-attachment":"scroll","background-type":"","background-media":"","overlay-type":"","overlay-color":"","overlay-opacity":"","overlay-gradient":""}}},"product_brand":[],"product_cat":[19,33],"product_tag":[2852],"industries_product":[3312,3315,3318],"application_product":[3326,3327,3323],"class_list":{"0":"post-1347","1":"product","2":"type-product","3":"status-publish","4":"has-post-thumbnail","6":"product_cat-load-cells-categories","7":"product_cat-single-point","8":"product_tag-interchangeable","9":"pa_part-number-108da-1-5t","10":"pa_part-number-108da-1t","11":"pa_part-number-108da-2t","12":"pa_part-number-108da-500kg","13":"pa_part-number-108da-800kg","14":"industries_product-industry-agriculture-products","15":"industries_product-material-handling-products","16":"industries_product-industry-medical-products","17":"application_product-application-bench-products","18":"application_product-application-checkweighing-products","19":"application_product-application-low-capacity-hopper-products","20":"desktop-align-center","21":"tablet-align-left","22":"mobile-align-left","23":"ast-product-gallery-layout-horizontal-slider","24":"ast-product-gallery-with-no-image","25":"ast-magnify-disabled","26":"ast-product-single-variable","27":"ast-product-tabs-layout-horizontal","29":"first","30":"instock","31":"shipping-taxable","32":"purchasable","33":"product-type-variable"},"acf":[],"_links":{"self":[{"href":"https:\/\/www.anyload.com\/fr\/wp-json\/wp\/v2\/product\/1347","targetHints":{"allow":["GET"]}}],"collection":[{"href":"https:\/\/www.anyload.com\/fr\/wp-json\/wp\/v2\/product"}],"about":[{"href":"https:\/\/www.anyload.com\/fr\/wp-json\/wp\/v2\/types\/product"}],"wp:featuredmedia":[{"embeddable":true,"href":"https:\/\/www.anyload.com\/fr\/wp-json\/wp\/v2\/media\/22156"}],"wp:attachment":[{"href":"https:\/\/www.anyload.com\/fr\/wp-json\/wp\/v2\/media?parent=1347"}],"wp:term":[{"taxonomy":"product_brand","embeddable":true,"href":"https:\/\/www.anyload.com\/fr\/wp-json\/wp\/v2\/product_brand?post=1347"},{"taxonomy":"product_cat","embeddable":true,"href":"https:\/\/www.anyload.com\/fr\/wp-json\/wp\/v2\/product_cat?post=1347"},{"taxonomy":"product_tag","embeddable":true,"href":"https:\/\/www.anyload.com\/fr\/wp-json\/wp\/v2\/product_tag?post=1347"},{"taxonomy":"industries_product","embeddable":true,"href":"https:\/\/www.anyload.com\/fr\/wp-json\/wp\/v2\/industries_product?post=1347"},{"taxonomy":"application_product","embeddable":true,"href":"https:\/\/www.anyload.com\/fr\/wp-json\/wp\/v2\/application_product?post=1347"}],"curies":[{"name":"wp","href":"https:\/\/api.w.org\/{rel}","templated":true}]}}