{"id":12226,"date":"2016-12-07T12:08:03","date_gmt":"2016-12-07T20:08:03","guid":{"rendered":"http:\/\/www.anyload.com\/?post_type=product&#038;p=12226"},"modified":"2026-01-02T10:11:40","modified_gmt":"2026-01-02T18:11:40","slug":"805hp-hand-held-wireless-digital-weight-indicator","status":"publish","type":"product","link":"https:\/\/www.anyload.com\/fr\/product\/805hp-hand-held-wireless-digital-weight-indicator\/","title":{"rendered":"805HP-WL Indicateur num\u00e9rique sans fil tenu \u00e0 la main"},"content":{"rendered":"<p>L'indicateur num\u00e9rique sans fil portable ANYLOAD 805HP-WL est un indicateur durable \u00e0 usage g\u00e9n\u00e9ral et un dispositif de mesure de la force qui offre une grande pr\u00e9cision, une grande fiabilit\u00e9 et de multiples fonctions. Le 805HP-WL peut piloter jusqu'\u00e0 huit (8) cellules de charge de 350\u03a9 ou trente-deux (32) cellules de charge de 1000\u03a9 avec un <a style=\"color: #ca0020;\" href=\"http:\/\/www.anyload.com\/en\/product\/wl-rf-17-external-wireless-transmission-module\/\" target=\"_blank\" rel=\"noopener noreferrer\">Module de transmission sans fil<\/a> et <a style=\"color: #ca0020;\" href=\"http:\/\/www.anyload.com\/en\/product-category\/junction-boxes\/\" target=\"_blank\" rel=\"noopener noreferrer\">Bo\u00eete de jonction<\/a>.  Avec un bo\u00eetier ABS IP65 lavable, l'indicateur num\u00e9rique sans fil 805HP-WL est id\u00e9al pour une utilisation dans les secteurs du transport, du divertissement, de l'a\u00e9rospatiale, de l'arm\u00e9e, de l'alimentation et de l'agriculture.<\/p>","protected":false},"excerpt":{"rendered":"<div class=\"product-desc\">\n<p>L'indicateur num\u00e9rique sans fil portable ANYLOAD 805HP-WL est un indicateur durable \u00e0 usage g\u00e9n\u00e9ral et un dispositif de mesure de la force qui offre une grande pr\u00e9cision, une grande fiabilit\u00e9 et de multiples fonctions. Le 805HP-WL peut piloter jusqu'\u00e0 huit (8) cellules de charge de 350\u03a9 ou trente-deux (32) cellules de charge de 1000\u03a9 avec un <a style=\"color: #ca0020;\" href=\"http:\/\/www.anyload.com\/en\/product\/wl-rf-17-external-wireless-transmission-module\/\" target=\"_blank\" rel=\"noopener noreferrer\">Module de transmission sans fil<\/a> et <a style=\"color: #ca0020;\" href=\"http:\/\/www.anyload.com\/en\/product-category\/junction-boxes\/\" target=\"_blank\" rel=\"noopener noreferrer\">Bo\u00eete de jonction<\/a>.  Avec un bo\u00eetier ABS IP65 lavable, l'indicateur num\u00e9rique sans fil 805HP-WL est id\u00e9al pour une utilisation dans les secteurs du transport, du divertissement, de l'a\u00e9rospatiale, de l'arm\u00e9e, de l'alimentation et de l'agriculture.<\/p>\n<div id=\"otter-more\" class=\"see-more-content\">\n<ul>\n<li>Les piles alcalines 3xAA fonctionnent jusqu'\u00e0 100 heures \u00e0 20\u00b0C \u00e0 la puissance la plus faible.<\/li>\n<li>Distance sans fil : Jusqu'\u00e0 75 m sans obstacle<\/li>\n<li>Mat\u00e9riau : ABS<\/li>\n<li>Indice de protection IP : IP65<\/li>\n<li>\u00c9cran LCD \u00e0 6 chiffres avec r\u00e9tro-\u00e9clairage LED<\/li>\n<li>M\u00e9moire non volatile pour une sauvegarde fiable des donn\u00e9es<\/li>\n<li>Unit\u00e9s de mesure : kg, g, t, lb, Klb, N, kN, oz, unit\u00e9 d\u00e9finie par l'utilisateur<\/li>\n<li>2 points de consigne configurables pour la pr\u00e9caution et l'avertissement<\/li>\n<li>Intervalle d'affichage s\u00e9lectionnable par l'utilisateur<\/li>\n<li>Surcharge de l'enregistrement<\/li>\n<li>10 fr\u00e9quences de conversion analogique-num\u00e9rique s\u00e9lectionnables par l'utilisateur<\/li>\n<li>\u00c9talonnage du poids et \u00e9talonnage num\u00e9rique<\/li>\n<li>D\u00e9lai d'extinction automatique et d'\u00e9conomie d'\u00e9nergie s\u00e9lectionnable par l'utilisateur<\/li>\n<li>Fonctions : suivi du z\u00e9ro automatique, z\u00e9ro automatique, z\u00e9ro manuel, maintien, maintien de la cr\u00eate, TARE<\/li>\n<\/ul><\/div>\n<p>  <a id=\"otter-toggle\" class=\"see-more-toggle\">See more<\/a><\/p>\n<\/div>\n<div class=\"ds-btn-row\">\n  <a class=\"ds-btn\" href=\"https:\/\/www.anyload.com\/wp-content\/uploads\/2016\/12\/ANYLOAD-805HP-WL-digital-weight-indicator-1.pdf\" target=\"_blank\" rel=\"noopener\">Fiche technique<\/a>\n<\/div>","protected":false},"featured_media":22309,"template":"","meta":{"_acf_changed":false,"site-sidebar-layout":"default","site-content-layout":"default","ast-site-content-layout":"default","site-content-style":"default","site-sidebar-style":"default","ast-global-header-display":"","ast-banner-title-visibility":"","ast-main-header-display":"","ast-hfb-above-header-display":"","ast-hfb-below-header-display":"","ast-hfb-mobile-header-display":"","site-post-title":"","ast-breadcrumbs-content":"","ast-featured-img":"","footer-sml-layout":"","ast-disable-related-posts":"","theme-transparent-header-meta":"default","adv-header-id-meta":"","stick-header-meta":"default","header-above-stick-meta":"","header-main-stick-meta":"","header-below-stick-meta":"","astra-migrate-meta-layouts":"set","ast-page-background-enabled":"default","ast-page-background-meta":{"desktop":{"background-color":"var(--ast-global-color-4)","background-image":"","background-repeat":"repeat","background-position":"center center","background-size":"auto","background-attachment":"scroll","background-type":"","background-media":"","overlay-type":"","overlay-color":"","overlay-opacity":"","overlay-gradient":""},"tablet":{"background-color":"","background-image":"","background-repeat":"repeat","background-position":"center center","background-size":"auto","background-attachment":"scroll","background-type":"","background-media":"","overlay-type":"","overlay-color":"","overlay-opacity":"","overlay-gradient":""},"mobile":{"background-color":"","background-image":"","background-repeat":"repeat","background-position":"center center","background-size":"auto","background-attachment":"scroll","background-type":"","background-media":"","overlay-type":"","overlay-color":"","overlay-opacity":"","overlay-gradient":""}},"ast-content-background-meta":{"desktop":{"background-color":"var(--ast-global-color-5)","background-image":"","background-repeat":"repeat","background-position":"center center","background-size":"auto","background-attachment":"scroll","background-type":"","background-media":"","overlay-type":"","overlay-color":"","overlay-opacity":"","overlay-gradient":""},"tablet":{"background-color":"var(--ast-global-color-5)","background-image":"","background-repeat":"repeat","background-position":"center center","background-size":"auto","background-attachment":"scroll","background-type":"","background-media":"","overlay-type":"","overlay-color":"","overlay-opacity":"","overlay-gradient":""},"mobile":{"background-color":"var(--ast-global-color-5)","background-image":"","background-repeat":"repeat","background-position":"center center","background-size":"auto","background-attachment":"scroll","background-type":"","background-media":"","overlay-type":"","overlay-color":"","overlay-opacity":"","overlay-gradient":""}}},"product_brand":[],"product_cat":[150,2386,2388],"product_tag":[1718,1719],"industries_product":[],"application_product":[],"class_list":{"0":"post-12226","1":"product","2":"type-product","3":"status-publish","4":"has-post-thumbnail","6":"product_cat-indicators","7":"product_cat-instrumentation","8":"product_cat-wireless","9":"product_tag-digital-weight-indicator","10":"product_tag-hand-held-indicator","11":"pa_part-number-805hp-01-wl01-no-rs232-433mhz","12":"pa_part-number-805hp-01-wl02-no-rs232-915mhz","13":"pa_part-number-805hp-wl01-433mhz-2","14":"pa_part-number-805hp-wl01-433mhz-no-rs232","15":"pa_part-number-805hp-wl01-no-rs232-433mhz","16":"pa_part-number-805hp-wl02-915mhz-3","17":"pa_part-number-805hp-wl02-915mhz-no-rs232","18":"pa_part-number-805hp-wl02-no-rs232-915mhz","19":"desktop-align-center","20":"tablet-align-left","21":"mobile-align-left","22":"ast-product-gallery-layout-horizontal-slider","23":"ast-product-gallery-with-no-image","24":"ast-magnify-disabled","25":"ast-product-single-variable","26":"ast-product-tabs-layout-horizontal","28":"first","29":"instock","30":"shipping-taxable","31":"purchasable","32":"product-type-variable"},"acf":[],"_links":{"self":[{"href":"https:\/\/www.anyload.com\/fr\/wp-json\/wp\/v2\/product\/12226","targetHints":{"allow":["GET"]}}],"collection":[{"href":"https:\/\/www.anyload.com\/fr\/wp-json\/wp\/v2\/product"}],"about":[{"href":"https:\/\/www.anyload.com\/fr\/wp-json\/wp\/v2\/types\/product"}],"wp:featuredmedia":[{"embeddable":true,"href":"https:\/\/www.anyload.com\/fr\/wp-json\/wp\/v2\/media\/22309"}],"wp:attachment":[{"href":"https:\/\/www.anyload.com\/fr\/wp-json\/wp\/v2\/media?parent=12226"}],"wp:term":[{"taxonomy":"product_brand","embeddable":true,"href":"https:\/\/www.anyload.com\/fr\/wp-json\/wp\/v2\/product_brand?post=12226"},{"taxonomy":"product_cat","embeddable":true,"href":"https:\/\/www.anyload.com\/fr\/wp-json\/wp\/v2\/product_cat?post=12226"},{"taxonomy":"product_tag","embeddable":true,"href":"https:\/\/www.anyload.com\/fr\/wp-json\/wp\/v2\/product_tag?post=12226"},{"taxonomy":"industries_product","embeddable":true,"href":"https:\/\/www.anyload.com\/fr\/wp-json\/wp\/v2\/industries_product?post=12226"},{"taxonomy":"application_product","embeddable":true,"href":"https:\/\/www.anyload.com\/fr\/wp-json\/wp\/v2\/application_product?post=12226"}],"curies":[{"name":"wp","href":"https:\/\/api.w.org\/{rel}","templated":true}]}}