{"id":12068,"date":"2016-10-14T15:57:27","date_gmt":"2016-10-14T22:57:27","guid":{"rendered":"http:\/\/www.anyload.com\/?post_type=product&#038;p=12068"},"modified":"2025-12-19T12:12:43","modified_gmt":"2025-12-19T20:12:43","slug":"110ah-tension-link-load-cell","status":"publish","type":"product","link":"https:\/\/www.anyload.com\/fr\/product\/110ah-tension-link-load-cell\/","title":{"rendered":"Capteur de force \u00e0 lien de tension 110AH"},"content":{"rendered":"<p><span style=\"text-decoration: underline;\"><strong>Description :<\/strong><\/span><\/p>\n<p>Leader de l'industrie en mati\u00e8re d'innovation dans le domaine des liens de tension, le 110AH offre une pr\u00e9cision sup\u00e9rieure et une fiabilit\u00e9 \u00e0 toute \u00e9preuve. La construction en acier alli\u00e9 IP67 avec une surcharge de rupture de 400% offre un excellent facteur de s\u00e9curit\u00e9 et des ann\u00e9es de service sans probl\u00e8me. Couramment utilis\u00e9 pour les balances de grues et les applications OEM, le 110AH est souvent utilis\u00e9 dans les secteurs de la p\u00eache, de l'agriculture, de la construction et de la fabrication.<\/p>\n<p><span style=\"text-decoration: underline;\"><strong>Caract\u00e9ristiques :\u00a0<\/strong><\/span><\/p>\n<ul>\n<li>Mat\u00e9riau : Acier alli\u00e9<\/li>\n<li>Capacit\u00e9s nominales : 5t, 20t, 50t<\/li>\n<li>Sortie pleine \u00e9chelle : 2mV\/V \u00b1 10%<\/li>\n<li>Surcharge s\u00fbre : 200%<\/li>\n<li>Surcharge de rupture : 400%<\/li>\n<li>Indice de protection IP : IP67<\/li>\n<li>Certifi\u00e9 CE et RoHS<\/li>\n<\/ul>\n<p style=\"text-align: justify;\"><img decoding=\"async\" class=\"alignnone size-full wp-image-3944\" src=\"\/wp-content\/uploads\/2014\/04\/pdf-.png\" alt=\"pdf-\" width=\"25\" height=\"25\" \/>\u00a0<a title=\"ANYLOAD | 110BH Tension Link Load Cell\" href=\"https:\/\/www.anyload.com\/wp-content\/uploads\/2021\/08\/110AH-load-cell-transducer.pdf\" target=\"_blank\" rel=\"noopener noreferrer\">Download data sheet<\/a><\/p>\n<p style=\"text-align: justify;\"><img decoding=\"async\" class=\"alignnone size-full wp-image-3944\" src=\"\/wp-content\/uploads\/2014\/04\/pdf-.png\" alt=\"pdf-\" width=\"25\" height=\"25\" \/> <a title=\"ANYLOAD | Load Cell CE certificate\" href=\"http:\/\/www.anyload.com\/fr\/approbations\/conformite-europeenne\/\" target=\"_blank\" rel=\"noopener noreferrer\">Certificat de conformit\u00e9 CE<\/a><\/p>\n<p style=\"text-align: justify;\"><img decoding=\"async\" class=\"alignnone size-full wp-image-3944\" src=\"\/wp-content\/uploads\/2014\/04\/pdf-.png\" alt=\"pdf-\" width=\"25\" height=\"25\" \/> <a title=\"ANYLOAD | Load Cell RoHS certificate\" href=\"http:\/\/www.anyload.com\/fr\/approbations\/directive-sur-la-limitation-des-substances-dangereuses\/\" target=\"_blank\" rel=\"noopener noreferrer\">Certificat de conformit\u00e9 RoHS<\/a><\/p>","protected":false},"excerpt":{"rendered":"<p><span style=\"text-decoration: underline;\"><strong>Description :<\/strong><\/span><\/p>\n<p>Leader de l'industrie en mati\u00e8re d'innovation dans le domaine des liens de tension, le 110AH offre une pr\u00e9cision sup\u00e9rieure et une fiabilit\u00e9 \u00e0 toute \u00e9preuve. La construction en acier alli\u00e9 IP67 avec une surcharge de rupture de 400% offre un excellent facteur de s\u00e9curit\u00e9 et des ann\u00e9es de service sans probl\u00e8me. Couramment utilis\u00e9 pour les balances de grues et les applications OEM, le 110AH est souvent utilis\u00e9 dans les secteurs de la p\u00eache, de l'agriculture, de la construction et de la fabrication.<\/p>\n<p><span style=\"text-decoration: underline;\"><strong>Caract\u00e9ristiques :\u00a0<\/strong><\/span><\/p>\n<ul>\n<li>Mat\u00e9riau : Acier alli\u00e9<\/li>\n<li>Capacit\u00e9s nominales : 5t, 20t, 50t<\/li>\n<li>Sortie pleine \u00e9chelle : 2mV\/V \u00b1 10%<\/li>\n<li>Surcharge s\u00fbre : 200%<\/li>\n<li>Surcharge de rupture : 400%<\/li>\n<li>Indice de protection IP : IP67<\/li>\n<li>Certifi\u00e9 CE et RoHS<\/li>\n<\/ul>","protected":false},"featured_media":34740,"template":"","meta":{"_acf_changed":false,"site-sidebar-layout":"default","site-content-layout":"default","ast-site-content-layout":"default","site-content-style":"default","site-sidebar-style":"default","ast-global-header-display":"","ast-banner-title-visibility":"","ast-main-header-display":"","ast-hfb-above-header-display":"","ast-hfb-below-header-display":"","ast-hfb-mobile-header-display":"","site-post-title":"","ast-breadcrumbs-content":"","ast-featured-img":"","footer-sml-layout":"","ast-disable-related-posts":"","theme-transparent-header-meta":"default","adv-header-id-meta":"","stick-header-meta":"default","header-above-stick-meta":"","header-main-stick-meta":"","header-below-stick-meta":"","astra-migrate-meta-layouts":"set","ast-page-background-enabled":"default","ast-page-background-meta":{"desktop":{"background-color":"var(--ast-global-color-4)","background-image":"","background-repeat":"repeat","background-position":"center center","background-size":"auto","background-attachment":"scroll","background-type":"","background-media":"","overlay-type":"","overlay-color":"","overlay-opacity":"","overlay-gradient":""},"tablet":{"background-color":"","background-image":"","background-repeat":"repeat","background-position":"center center","background-size":"auto","background-attachment":"scroll","background-type":"","background-media":"","overlay-type":"","overlay-color":"","overlay-opacity":"","overlay-gradient":""},"mobile":{"background-color":"","background-image":"","background-repeat":"repeat","background-position":"center center","background-size":"auto","background-attachment":"scroll","background-type":"","background-media":"","overlay-type":"","overlay-color":"","overlay-opacity":"","overlay-gradient":""}},"ast-content-background-meta":{"desktop":{"background-color":"var(--ast-global-color-5)","background-image":"","background-repeat":"repeat","background-position":"center center","background-size":"auto","background-attachment":"scroll","background-type":"","background-media":"","overlay-type":"","overlay-color":"","overlay-opacity":"","overlay-gradient":""},"tablet":{"background-color":"var(--ast-global-color-5)","background-image":"","background-repeat":"repeat","background-position":"center center","background-size":"auto","background-attachment":"scroll","background-type":"","background-media":"","overlay-type":"","overlay-color":"","overlay-opacity":"","overlay-gradient":""},"mobile":{"background-color":"var(--ast-global-color-5)","background-image":"","background-repeat":"repeat","background-position":"center center","background-size":"auto","background-attachment":"scroll","background-type":"","background-media":"","overlay-type":"","overlay-color":"","overlay-opacity":"","overlay-gradient":""}}},"product_brand":[],"product_cat":[30,147,38],"product_tag":[2850],"industries_product":[],"application_product":[],"class_list":{"0":"post-12068","1":"product","2":"type-product","3":"status-publish","4":"has-post-thumbnail","6":"product_cat-force-measurement","7":"product_cat-tension","8":"product_cat-tension-links","9":"product_tag-patented","10":"pa_part-number-110ah-20t","11":"pa_part-number-110ah-50t","12":"pa_part-number-110ah-5t","13":"desktop-align-center","14":"tablet-align-left","15":"mobile-align-left","16":"ast-product-gallery-layout-horizontal-slider","17":"ast-product-gallery-with-no-image","18":"ast-magnify-disabled","19":"ast-product-single-variable","20":"ast-product-tabs-layout-horizontal","22":"first","23":"instock","24":"shipping-taxable","25":"purchasable","26":"product-type-variable"},"acf":[],"_links":{"self":[{"href":"https:\/\/www.anyload.com\/fr\/wp-json\/wp\/v2\/product\/12068","targetHints":{"allow":["GET"]}}],"collection":[{"href":"https:\/\/www.anyload.com\/fr\/wp-json\/wp\/v2\/product"}],"about":[{"href":"https:\/\/www.anyload.com\/fr\/wp-json\/wp\/v2\/types\/product"}],"wp:featuredmedia":[{"embeddable":true,"href":"https:\/\/www.anyload.com\/fr\/wp-json\/wp\/v2\/media\/34740"}],"wp:attachment":[{"href":"https:\/\/www.anyload.com\/fr\/wp-json\/wp\/v2\/media?parent=12068"}],"wp:term":[{"taxonomy":"product_brand","embeddable":true,"href":"https:\/\/www.anyload.com\/fr\/wp-json\/wp\/v2\/product_brand?post=12068"},{"taxonomy":"product_cat","embeddable":true,"href":"https:\/\/www.anyload.com\/fr\/wp-json\/wp\/v2\/product_cat?post=12068"},{"taxonomy":"product_tag","embeddable":true,"href":"https:\/\/www.anyload.com\/fr\/wp-json\/wp\/v2\/product_tag?post=12068"},{"taxonomy":"industries_product","embeddable":true,"href":"https:\/\/www.anyload.com\/fr\/wp-json\/wp\/v2\/industries_product?post=12068"},{"taxonomy":"application_product","embeddable":true,"href":"https:\/\/www.anyload.com\/fr\/wp-json\/wp\/v2\/application_product?post=12068"}],"curies":[{"name":"wp","href":"https:\/\/api.w.org\/{rel}","templated":true}]}}