{"id":1187,"date":"2014-03-05T11:25:52","date_gmt":"2014-03-05T19:25:52","guid":{"rendered":"http:\/\/anyloadgroup.com\/?post_type=product&#038;p=1187"},"modified":"2026-02-27T16:38:51","modified_gmt":"2026-02-28T00:38:51","slug":"102th-double-ended-beam-load-cell","status":"publish","type":"product","link":"https:\/\/www.anyload.com\/fr\/product\/102th-double-ended-beam-load-cell\/","title":{"rendered":"102TH Capteur de pesage \u00e0 double extr\u00e9mit\u00e9"},"content":{"rendered":"<p>Ce capteur de pesage \u00e0 double extr\u00e9mit\u00e9, r\u00e9sistant \u00e0 l'eau et certifi\u00e9 IP67 par le NTEP et l'OIML, est une solution de pesage par compression compacte et rentable pour les applications de plus grande capacit\u00e9. La conception de ce mod\u00e8le est sup\u00e9rieure \u00e0 celle des autres mod\u00e8les interchangeables gr\u00e2ce \u00e0 la construction d'un \u00e9l\u00e9ment en une seule pi\u00e8ce avec un fond de nez r\u00e9sistant au cisaillement et aux chocs. Couramment utilis\u00e9 dans les applications de pesage de camions, le 102TH est interchangeable avec le Rice Lake RL 75040, le Vishay Revere 9323, le Sensortronics 65040, et d'autres encore (voir l'onglet INTERCHANGEABLE).<\/p>\n<p>A lightning protection version resistant to electrical surges caused by lightning is available (102TH-75Klb-02).\u00a0A compression weigh module is also available from Anyload that, shields the load cell, minimizes off-center loading, protects from lifting, and compensates for thermal expansion all to provide the ideal weighing environment.<\/p>","protected":false},"excerpt":{"rendered":"<div class=\"product-desc\">\n<p>\nCe capteur de pesage \u00e0 double extr\u00e9mit\u00e9, r\u00e9sistant \u00e0 l'eau et certifi\u00e9 IP67 par le NTEP et l'OIML, est une solution de pesage par compression compacte et rentable pour les applications de plus grande capacit\u00e9. La conception de ce mod\u00e8le est sup\u00e9rieure \u00e0 celle des autres mod\u00e8les interchangeables gr\u00e2ce \u00e0 la construction d'un \u00e9l\u00e9ment en une seule pi\u00e8ce avec un fond de nez r\u00e9sistant au cisaillement et aux chocs. Couramment utilis\u00e9 dans les applications de pesage de camions, le 102TH est interchangeable avec le Rice Lake RL 75040, le Vishay Revere 9323, le Sensortronics 65040, et d'autres encore (voir l'onglet INTERCHANGEABLE).<\/p>\n<p>A lightning protection version resistant to electrical surges caused by lightning is available (102TH-75Klb-02).\u00a0A compression weigh module is also available from Anyload that, shields the load cell, minimizes off-center loading, protects from lifting, and compensates for thermal expansion all to provide the ideal weighing environment.<\/p>\n<\/div>\n<div class=\"ds-btn-row\">\n  <a class=\"ds-btn\" href=\"https:\/\/www.anyload.com\/wp-content\/uploads\/2014\/03\/ANYLOAD-102TH-load-cell-transducer.pdf\" target=\"_blank\" rel=\"noopener\">Fiche technique<\/a><br \/>\n  <a class=\"ds-btn\" href=\"https:\/\/www.anyload.com\/wp-content\/uploads\/2025\/02\/102THM5-Module-Kit.pdf\" target=\"_blank\" rel=\"noopener\">Brochure<\/a><\/p>\n<\/div>","protected":false},"featured_media":34425,"template":"","meta":{"_acf_changed":false,"site-sidebar-layout":"default","site-content-layout":"default","ast-site-content-layout":"default","site-content-style":"default","site-sidebar-style":"default","ast-global-header-display":"","ast-banner-title-visibility":"","ast-main-header-display":"","ast-hfb-above-header-display":"","ast-hfb-below-header-display":"","ast-hfb-mobile-header-display":"","site-post-title":"","ast-breadcrumbs-content":"","ast-featured-img":"","footer-sml-layout":"","ast-disable-related-posts":"","theme-transparent-header-meta":"default","adv-header-id-meta":"","stick-header-meta":"default","header-above-stick-meta":"","header-main-stick-meta":"","header-below-stick-meta":"","astra-migrate-meta-layouts":"set","ast-page-background-enabled":"default","ast-page-background-meta":{"desktop":{"background-color":"var(--ast-global-color-4)","background-image":"","background-repeat":"repeat","background-position":"center center","background-size":"auto","background-attachment":"scroll","background-type":"","background-media":"","overlay-type":"","overlay-color":"","overlay-opacity":"","overlay-gradient":""},"tablet":{"background-color":"","background-image":"","background-repeat":"repeat","background-position":"center center","background-size":"auto","background-attachment":"scroll","background-type":"","background-media":"","overlay-type":"","overlay-color":"","overlay-opacity":"","overlay-gradient":""},"mobile":{"background-color":"","background-image":"","background-repeat":"repeat","background-position":"center center","background-size":"auto","background-attachment":"scroll","background-type":"","background-media":"","overlay-type":"","overlay-color":"","overlay-opacity":"","overlay-gradient":""}},"ast-content-background-meta":{"desktop":{"background-color":"var(--ast-global-color-5)","background-image":"","background-repeat":"repeat","background-position":"center center","background-size":"auto","background-attachment":"scroll","background-type":"","background-media":"","overlay-type":"","overlay-color":"","overlay-opacity":"","overlay-gradient":""},"tablet":{"background-color":"var(--ast-global-color-5)","background-image":"","background-repeat":"repeat","background-position":"center center","background-size":"auto","background-attachment":"scroll","background-type":"","background-media":"","overlay-type":"","overlay-color":"","overlay-opacity":"","overlay-gradient":""},"mobile":{"background-color":"var(--ast-global-color-5)","background-image":"","background-repeat":"repeat","background-position":"center center","background-size":"auto","background-attachment":"scroll","background-type":"","background-media":"","overlay-type":"","overlay-color":"","overlay-opacity":"","overlay-gradient":""}}},"product_brand":[],"product_cat":[19,31],"product_tag":[2852],"industries_product":[],"application_product":[3321],"class_list":{"0":"post-1187","1":"product","2":"type-product","3":"status-publish","4":"has-post-thumbnail","6":"product_cat-load-cells-categories","7":"product_cat-double-ended-shear-beams","8":"product_tag-interchangeable","9":"pa_part-number-102th-25klb","10":"pa_part-number-102th-40klb","11":"pa_part-number-102th-se50klb","12":"pa_part-number-102th-50klb","13":"pa_part-number-102th-60klb","14":"pa_part-number-102th-se60klb","15":"pa_part-number-102th-60klb-rp50ft","16":"pa_part-number-102th-se75klb","17":"pa_part-number-102th-75klb","18":"pa_part-number-102th-75klb-02","19":"pa_part-number-102th-100klb","20":"pa_part-number-102th-125klb","21":"application_product-application-truck-scale-products","22":"desktop-align-center","23":"tablet-align-left","24":"mobile-align-left","25":"ast-product-gallery-layout-horizontal-slider","26":"ast-magnify-disabled","27":"ast-product-single-variable","28":"ast-product-tabs-layout-horizontal","30":"first","31":"instock","32":"shipping-taxable","33":"purchasable","34":"product-type-variable"},"acf":[],"_links":{"self":[{"href":"https:\/\/www.anyload.com\/fr\/wp-json\/wp\/v2\/product\/1187","targetHints":{"allow":["GET"]}}],"collection":[{"href":"https:\/\/www.anyload.com\/fr\/wp-json\/wp\/v2\/product"}],"about":[{"href":"https:\/\/www.anyload.com\/fr\/wp-json\/wp\/v2\/types\/product"}],"wp:featuredmedia":[{"embeddable":true,"href":"https:\/\/www.anyload.com\/fr\/wp-json\/wp\/v2\/media\/34425"}],"wp:attachment":[{"href":"https:\/\/www.anyload.com\/fr\/wp-json\/wp\/v2\/media?parent=1187"}],"wp:term":[{"taxonomy":"product_brand","embeddable":true,"href":"https:\/\/www.anyload.com\/fr\/wp-json\/wp\/v2\/product_brand?post=1187"},{"taxonomy":"product_cat","embeddable":true,"href":"https:\/\/www.anyload.com\/fr\/wp-json\/wp\/v2\/product_cat?post=1187"},{"taxonomy":"product_tag","embeddable":true,"href":"https:\/\/www.anyload.com\/fr\/wp-json\/wp\/v2\/product_tag?post=1187"},{"taxonomy":"industries_product","embeddable":true,"href":"https:\/\/www.anyload.com\/fr\/wp-json\/wp\/v2\/industries_product?post=1187"},{"taxonomy":"application_product","embeddable":true,"href":"https:\/\/www.anyload.com\/fr\/wp-json\/wp\/v2\/application_product?post=1187"}],"curies":[{"name":"wp","href":"https:\/\/api.w.org\/{rel}","templated":true}]}}