{"id":11659,"date":"2016-06-09T10:50:59","date_gmt":"2016-06-09T17:50:59","guid":{"rendered":"http:\/\/www.anyload.com\/?post_type=product&#038;p=11659"},"modified":"2026-02-27T10:12:00","modified_gmt":"2026-02-27T18:12:00","slug":"110rh-wl-805hp-wl-tension-link-dynamometer","status":"publish","type":"product","link":"https:\/\/www.anyload.com\/fr\/product\/110rh-wl-805hp-wl-tension-link-dynamometer\/","title":{"rendered":"110RH-WL, 805HP-WL TENSLINK Wireless Tension Link or Dynamometer"},"content":{"rendered":"<p><span style=\"text-decoration: underline;\"><strong>Description :<\/strong><\/span><\/p>\n<p>Le Tenslink\u2122 d'Anyload est une cellule de charge \u00e0 lien de tension robuste qui offre une fiabilit\u00e9 et une commodit\u00e9 in\u00e9gal\u00e9es dans une vari\u00e9t\u00e9 de besoins. Compl\u00e9t\u00e9 par un indicateur portatif r\u00e9sistant \u00e0 l'humidit\u00e9, le Tenslink\u2122 est une solution fiable pour de nombreux dynamom\u00e8tres, ponts roulants et autres applications de pesage sous tension. Le design \u00e9l\u00e9gant, la r\u00e9sistance \u00e0 l'eau de classe IP67, la tol\u00e9rance de surcharge \u00e9lev\u00e9e et la facilit\u00e9 d'utilisation g\u00e9n\u00e9rale font de ce mod\u00e8le un favori dans les secteurs de l'agroalimentaire, de l'agriculture, de la p\u00eache et de la construction.<\/p>\n<p><span style=\"text-decoration: underline;\"><strong>Fonctionnalit\u00e9 :\u00a0<\/strong><\/span><\/p>\n<ul>\n<li>Mat\u00e9riau : Acier alli\u00e9, rev\u00eatement en poudre<\/li>\n<li>Capacit\u00e9s nominales : 500kg, 1t, 2t, 3t, 5t, 10t, 20t, 30t, 50t, 100t<\/li>\n<li>Surcharge de rupture : 500% de la pleine \u00e9chelle<\/li>\n<li>Surcharge s\u00fbre : 200% de la pleine \u00e9chelle<\/li>\n<li>Wireless Distance (adjustible): Up to 30m (Power 1.26mW), Up to 40m (Power 1.56mW), Up to 55m (Power 3.13mW), Up to 75m(Power 6.25mW) \u2014 All distances stated without factoring for obstructions<\/li>\n<li>Operation Time: Up to 100 hours (at 20\u00b0C\/68\u00baF at the lowest power setting)<\/li>\n<li>Indice de protection IP : IP67<\/li>\n<li>Tare Range: 100% Full Scale<\/li>\n<li>Indicator Enclosure Material: ABS<\/li>\n<li>Units of Measurement: kg, g, t, lb, Klb, N, kN, oz, or a custom<br \/>\nunit\u00e9 d\u00e9finie par l'utilisateur<\/li>\n<li>Display Type: LCD with backlight<\/li>\n<li>Indice de protection IP de l'indicateur : IP65<\/li>\n<\/ul>\n<p style=\"text-align: justify;\"><img decoding=\"async\" class=\"alignnone size-full wp-image-3944\" src=\"\/wp-content\/uploads\/2014\/04\/pdf-.png\" alt=\"pdf-\" width=\"25\" height=\"25\" \/><a title=\"ANYLOAD | 110RH-WL Wireless Dynamometer and Tension Link Load Cell\" href=\"https:\/\/www.anyload.com\/wp-content\/uploads\/2021\/08\/110RH-WL-TENSLINK-load-cell-transducer.pdf\" target=\"_blank\" rel=\"noopener noreferrer\"> Download data sheet<\/a><\/p>\n<p style=\"text-align: justify;\"><img decoding=\"async\" class=\"alignnone size-full wp-image-3944\" src=\"\/wp-content\/uploads\/2014\/04\/pdf-.png\" alt=\"pdf-\" width=\"25\" height=\"25\" \/><a title=\"ANYLOAD | 110RH-WL Wireless Dynamometer and Tension Link Manual\" href=\"http:\/\/www.anyload.com\/wp-content\/uploads\/2017\/04\/110RH-TENSLINK-manual-v1703.pdf\" target=\"_blank\" rel=\"noopener noreferrer\"> Download manual<\/a><\/p>","protected":false},"excerpt":{"rendered":"<div class=\"product-desc\">\n<p>Le Tenslink\u2122 d'Anyload est une cellule de charge \u00e0 lien de tension robuste qui offre une fiabilit\u00e9 et une commodit\u00e9 in\u00e9gal\u00e9es dans une vari\u00e9t\u00e9 de besoins. Compl\u00e9t\u00e9 par un indicateur portatif r\u00e9sistant \u00e0 l'humidit\u00e9, le Tenslink\u2122 est une solution fiable pour de nombreux dynamom\u00e8tres, ponts roulants et autres applications de pesage sous tension. Le design \u00e9l\u00e9gant, la r\u00e9sistance \u00e0 l'eau de classe IP67, la tol\u00e9rance de surcharge \u00e9lev\u00e9e et la facilit\u00e9 d'utilisation g\u00e9n\u00e9rale font de ce mod\u00e8le un favori dans les secteurs de l'agroalimentaire, de l'agriculture, de la p\u00eache et de la construction.\n<\/p>\n<div id=\"otter-more\" class=\"see-more-content\">\n<ul>\n<li>Mat\u00e9riau : Acier alli\u00e9, rev\u00eatement en poudre<\/li>\n<li>Capacit\u00e9s nominales : 500kg, 1t, 2t, 3t, 5t, 10t, 20t, 30t, 50t, 100t<\/li>\n<li>Surcharge de rupture : 500% de la pleine \u00e9chelle<\/li>\n<li>Surcharge s\u00fbre : 200% de la pleine \u00e9chelle<\/li>\n<li>Distance sans fil (r\u00e9glable) : Jusqu'\u00e0 30 m (puissance 1,26 mW), jusqu'\u00e0 40 m (puissance 1,56 mW), jusqu'\u00e0 55 m (puissance 3,13 mW), jusqu'\u00e0 75 m (puissance 6,25 mW) - Toutes les distances sont indiqu\u00e9es en l'absence d'obstacle.<\/li>\n<li>Dur\u00e9e de fonctionnement : jusqu'\u00e0 100 heures \u00e0 20\u00b0C \u00e0 la puissance la plus faible.<\/li>\n<li>Indice de protection IP : IP67<\/li>\n<li>Plage de tare : 100% Pleine \u00e9chelle<\/li>\n<li>Mat\u00e9riau du bo\u00eetier de l'indicateur : ABS<\/li>\n<li>Unit\u00e9s de mesure : kg, g, t, lb, Klb, N, kN, oz,<br \/>\nunit\u00e9 d\u00e9finie par l'utilisateur<\/li>\n<li>Type d'affichage:LCD avec r\u00e9tro-\u00e9clairage<\/li>\n<li>Indice de protection IP de l'indicateur : IP65<\/li>\n<\/ul><\/div>\n<p>  <a id=\"otter-toggle\" class=\"see-more-toggle\">See more<\/a><\/p>\n<\/div>\n<div class=\"ds-btn-row\">\n  <a class=\"ds-btn\" href=\"https:\/\/www.anyload.com\/wp-content\/uploads\/2016\/06\/ANYLOAD-110RH-WL-TENSLINK-load-cell-transducer.pdf\" target=\"_blank\" rel=\"noopener\">Fiche technique<\/a>\n<\/div>","protected":false},"featured_media":34742,"template":"","meta":{"_acf_changed":false,"site-sidebar-layout":"default","site-content-layout":"default","ast-site-content-layout":"default","site-content-style":"default","site-sidebar-style":"default","ast-global-header-display":"","ast-banner-title-visibility":"","ast-main-header-display":"","ast-hfb-above-header-display":"","ast-hfb-below-header-display":"","ast-hfb-mobile-header-display":"","site-post-title":"","ast-breadcrumbs-content":"","ast-featured-img":"","footer-sml-layout":"","ast-disable-related-posts":"","theme-transparent-header-meta":"default","adv-header-id-meta":"","stick-header-meta":"default","header-above-stick-meta":"","header-main-stick-meta":"","header-below-stick-meta":"","astra-migrate-meta-layouts":"set","ast-page-background-enabled":"default","ast-page-background-meta":{"desktop":{"background-color":"var(--ast-global-color-4)","background-image":"","background-repeat":"repeat","background-position":"center center","background-size":"auto","background-attachment":"scroll","background-type":"","background-media":"","overlay-type":"","overlay-color":"","overlay-opacity":"","overlay-gradient":""},"tablet":{"background-color":"","background-image":"","background-repeat":"repeat","background-position":"center center","background-size":"auto","background-attachment":"scroll","background-type":"","background-media":"","overlay-type":"","overlay-color":"","overlay-opacity":"","overlay-gradient":""},"mobile":{"background-color":"","background-image":"","background-repeat":"repeat","background-position":"center center","background-size":"auto","background-attachment":"scroll","background-type":"","background-media":"","overlay-type":"","overlay-color":"","overlay-opacity":"","overlay-gradient":""}},"ast-content-background-meta":{"desktop":{"background-color":"var(--ast-global-color-5)","background-image":"","background-repeat":"repeat","background-position":"center center","background-size":"auto","background-attachment":"scroll","background-type":"","background-media":"","overlay-type":"","overlay-color":"","overlay-opacity":"","overlay-gradient":""},"tablet":{"background-color":"var(--ast-global-color-5)","background-image":"","background-repeat":"repeat","background-position":"center center","background-size":"auto","background-attachment":"scroll","background-type":"","background-media":"","overlay-type":"","overlay-color":"","overlay-opacity":"","overlay-gradient":""},"mobile":{"background-color":"var(--ast-global-color-5)","background-image":"","background-repeat":"repeat","background-position":"center center","background-size":"auto","background-attachment":"scroll","background-type":"","background-media":"","overlay-type":"","overlay-color":"","overlay-opacity":"","overlay-gradient":""}}},"product_brand":[],"product_cat":[42,30,19,28,147,38],"product_tag":[1379,1413,1414,1622,1722,1720,1721],"industries_product":[],"application_product":[3325],"class_list":{"0":"post-11659","1":"product","2":"type-product","3":"status-publish","4":"has-post-thumbnail","6":"product_cat-crane-scales","7":"product_cat-force-measurement","8":"product_cat-load-cells-categories","9":"product_cat-scales","10":"product_cat-tension","11":"product_cat-tension-links","12":"product_tag-crane-scale","13":"product_tag-dynamometer","14":"product_tag-dynamometers","15":"product_tag-load-cell","16":"product_tag-load-cells","17":"product_tag-tension-link-load-cell","18":"product_tag-tension-link-load-cells","19":"pa_part-number-110rh-100t-wl01-433mhz","20":"pa_part-number-110rh-100t-wl02-915mhz","21":"pa_part-number-110rh-30t-wl01-433mhz","22":"pa_part-number-110rh-30t-wl02-915mhz","23":"pa_part-number-110rh-50t-wl01-433mhz","24":"pa_part-number-110rh-50t-wl02-915mhz","25":"pa_part-number-110rh-st-10t-wl01-433mhz","26":"pa_part-number-110rh-st-10t-wl02-915mhz","27":"pa_part-number-110rh-st-1t-wl01-433mhz","28":"pa_part-number-110rh-st-1t-wl02-915mhz","29":"pa_part-number-110rh-st-20t-wl01-433mhz","30":"pa_part-number-110rh-st-20t-wl02-915mhz","31":"pa_part-number-110rh-st-2t-wl01-433mhz","32":"pa_part-number-110rh-st-2t-wl02-915mhz","33":"pa_part-number-110rh-st-3t-wl01-433mhz","34":"pa_part-number-110rh-st-3t-wl02-915mhz","35":"pa_part-number-110rh-st-500kg-wl01-433mhz","36":"pa_part-number-110rh-st-500kg-wl02-915mhz","37":"pa_part-number-110rh-st-5t-wl01-433mhz","38":"pa_part-number-110rh-st-5t-wl02-915mhz","39":"application_product-application-overhead-weighing-products","40":"desktop-align-center","41":"tablet-align-left","42":"mobile-align-left","43":"ast-product-gallery-layout-horizontal-slider","44":"ast-product-gallery-with-no-image","45":"ast-magnify-disabled","46":"ast-product-single-variable","47":"ast-product-tabs-layout-horizontal","49":"first","50":"instock","51":"shipping-taxable","52":"purchasable","53":"product-type-variable","54":"has-default-attributes"},"acf":[],"_links":{"self":[{"href":"https:\/\/www.anyload.com\/fr\/wp-json\/wp\/v2\/product\/11659","targetHints":{"allow":["GET"]}}],"collection":[{"href":"https:\/\/www.anyload.com\/fr\/wp-json\/wp\/v2\/product"}],"about":[{"href":"https:\/\/www.anyload.com\/fr\/wp-json\/wp\/v2\/types\/product"}],"wp:featuredmedia":[{"embeddable":true,"href":"https:\/\/www.anyload.com\/fr\/wp-json\/wp\/v2\/media\/34742"}],"wp:attachment":[{"href":"https:\/\/www.anyload.com\/fr\/wp-json\/wp\/v2\/media?parent=11659"}],"wp:term":[{"taxonomy":"product_brand","embeddable":true,"href":"https:\/\/www.anyload.com\/fr\/wp-json\/wp\/v2\/product_brand?post=11659"},{"taxonomy":"product_cat","embeddable":true,"href":"https:\/\/www.anyload.com\/fr\/wp-json\/wp\/v2\/product_cat?post=11659"},{"taxonomy":"product_tag","embeddable":true,"href":"https:\/\/www.anyload.com\/fr\/wp-json\/wp\/v2\/product_tag?post=11659"},{"taxonomy":"industries_product","embeddable":true,"href":"https:\/\/www.anyload.com\/fr\/wp-json\/wp\/v2\/industries_product?post=11659"},{"taxonomy":"application_product","embeddable":true,"href":"https:\/\/www.anyload.com\/fr\/wp-json\/wp\/v2\/application_product?post=11659"}],"curies":[{"name":"wp","href":"https:\/\/api.w.org\/{rel}","templated":true}]}}