{"id":11305,"date":"2016-04-08T10:53:20","date_gmt":"2016-04-08T17:53:20","guid":{"rendered":"http:\/\/www.anyload.com\/product\/fsp-ss-s4-stainless-steel-floor-scale\/"},"modified":"2025-12-19T12:13:55","modified_gmt":"2025-12-19T20:13:55","slug":"fsp-ss-s4-stainless-steel-floor-scale","status":"publish","type":"product","link":"https:\/\/www.anyload.com\/fr\/product\/fsp-ss-s4-stainless-steel-floor-scale\/","title":{"rendered":"FSP-SS-S4 Stainless Steel Floor Scale"},"content":{"rendered":"<p>ANYLOAD FSP-SS-S4 stainless steel floor scales are engineered with a symmetrical grid channel frame and checkered deck plate. The FSP-SS-S4 floor scale is ideal for industrial and commercial environments due to the durability provided by the structural support of the channel frame and safety benefits of the slip and skid resistant checkered surface. ANYLOAD floor scales include ANYLOAD stainless steel load cells, adjustable stainless steel feet and a built-in stainless steel junction box. Additional design features include factory finished corner error adjustments, an integrated level bubble and threaded eyebolt holes on the deck plate for facilities that need to frequently move the location of the floor scale and need to facilitate the scale levelling. ANYLOAD floor scales are covered under warranty for a period of 3 years and are available in standard as well as custom sizes. The FSP-SS-S4 is legal for trade and certified by Measurement Canada and NTEP.<\/p>\n<p><span style=\"text-decoration: underline;\"><strong>Caract\u00e9ristiques<\/strong><\/span><\/p>\n<ul>\n<li>Stainless steel heavy-duty industrial design<\/li>\n<li>4mm thick deck plate with rugged diamond safety tread<\/li>\n<li>Rigid steel grid channel frame<\/li>\n<li>Supplied with stainless steel junction box (<a href=\"http:\/\/www.anyload.com\/fr\/product\/j04es-fs\/\" target=\"_blank\" rel=\"noopener noreferrer\">J04ES-FS<\/a>) and 4 stainless steel swivel feet (<a href=\"http:\/\/www.anyload.com\/fr\/product\/amfs4-load-cell-feet\/\" target=\"_blank\" rel=\"noopener noreferrer\">AMFS4<\/a>)<\/li>\n<li>Factory finished corner error adjustment<\/li>\n<li>4 high accuracy IP69 load cells, model 563YS (OIML MAA C6, Y=85 000 and NTEP 1:6 000 Class III, Multiple Cell)<\/li>\n<li>CE, RoHS and ExNepsi certified load cells<\/li>\n<li>NTEP certified floor Scale: 4&#215;4-5Klb<\/li>\n<li>Measurement Canada certified floor Scales: 4&#215;4-5Klb, 5X5-5Klb<\/li>\n<\/ul>\n<p style=\"text-align: justify;\"><img decoding=\"async\" class=\"alignnone size-full wp-image-3944\" src=\"\/wp-content\/uploads\/2014\/04\/pdf-.png\" alt=\"pdf-\" width=\"25\" height=\"25\" \/>\u00a0<a title=\"ANYLOAD | FSP-SS-S4 Stainless Steel Floor Scale\" href=\"https:\/\/www.anyload.com\/wp-content\/uploads\/2022\/07\/ANYLOAD-FSP-SS-S4-floor-scale.pdf\" target=\"_blank\" rel=\"noopener noreferrer\">Download data sheet<\/a><\/p>\n<p style=\"text-align: justify;\"><img decoding=\"async\" class=\"alignnone size-full wp-image-3944\" src=\"\/wp-content\/uploads\/2014\/04\/pdf-.png\" alt=\"pdf-\" width=\"25\" height=\"25\" \/>\u00a0<a title=\"ANYLOAD | FSP-SS-S4 Stainless Steel Floor Scale\" href=\"https:\/\/www.anyload.com\/wp-content\/uploads\/2020\/05\/Anyload-FSP-SS-S4-floor-scale-brochure.pdf\" target=\"_blank\" rel=\"noopener noreferrer\">Download brochure<\/a><\/p>\n<p style=\"text-align: justify;\"><img decoding=\"async\" class=\"alignnone size-full wp-image-3944\" src=\"\/wp-content\/uploads\/2014\/04\/pdf-.png\" alt=\"pdf-\" width=\"25\" height=\"25\" \/>\u00a0<a title=\"ANYLOAD | NTEP Certificate of Conformance\" href=\"http:\/\/www.anyload.com\/en\/approvals\/national-conference-on-weights-and-measures\/\" target=\"_blank\" rel=\"noopener noreferrer\">Certificat de conformit\u00e9 NTEP<\/a><\/p>\n<p style=\"text-align: justify;\"><img decoding=\"async\" class=\"alignnone size-full wp-image-3944\" src=\"\/wp-content\/uploads\/2014\/04\/pdf-.png\" alt=\"pdf-\" width=\"25\" height=\"25\" \/>\u00a0<a title=\"ANYLOAD | Measurement Canada Approval\" href=\"\/wp-content\/uploads\/2014\/02\/FSP-measurement-canada.pdf\" target=\"_blank\" rel=\"noopener noreferrer\">Approbation de Mesures Canada<\/a><\/p>","protected":false},"excerpt":{"rendered":"<p>ANYLOAD FSP-SS-S4 stainless steel floor scales are engineered with a symmetrical grid rigid steel channel frame and checkered 4mm thick deck plate with rugged diamond safety tread. The FSP-SS-S4 floor scale is a 17-4PH and 304 Stainless steel heavy duty design and is ideal for industrial and commercial environments due to the durability provided by the structural support of the channel frame and safety benefits of the slip and skid resistant checkered surface. FSP-SS-S4 floor scales include ANYLOAD <a style=\"color: #ca0020;\" href=\"http:\/\/www.anyload.com\/en\/product\/563ys-single-ended-beam-load-cell\/\" target=\"_blank\" rel=\"noopener noreferrer\">stainless steel load cells<\/a>, <a style=\"color: #ca0020;\" href=\"http:\/\/www.anyload.com\/en\/product\/amfs4-load-cell-feet\/\" target=\"_blank\" rel=\"noopener noreferrer\">adjustable stainless steel feet<\/a> et un syst\u00e8me int\u00e9gr\u00e9 de <a style=\"color: #ca0020;\" href=\"http:\/\/www.anyload.com\/en\/product\/j04es-fs\/\" target=\"_blank\" rel=\"noopener noreferrer\">stainless steel junction box<\/a>. Additional design features include factory finished corner error adjustments, an integrated level bubble and threaded eyebolt holes on the deck plate for facilities that need to frequently move the location of the floor scale and need to facilitate the scale levelling. ANYLOAD floor scales are covered under warranty for a period of 3 years and are available in standard as well as custom sizes. The FSP-SS-S4 is legal for trade and certified by Measurement Canada and NTEP:<\/p>\n<ul>\n<li>NTEP 1:6 000 Classe III, Certifi\u00e9 pour cellules multiples de 1Klb-10Klb<\/li>\n<li>NTEP 1:3 500 Classe III, cellule unique certifi\u00e9e de 1Klb-10Klb<\/li>\n<li>Capteurs de pesage certifi\u00e9s OIML MAA, CE, RoHS et ExNepsi<\/li>\n<li>NTEP certified floor scales: 3&#215;3-5Klb, 4&#215;4-5Klb, 4&#215;4-10Klb<\/li>\n<li>P\u00e8se-personnes certifi\u00e9s par Mesures Canada : 3\u00d73-5Klb, 4\u00d74-5Klb, 5\u00d75-5Klb<\/li>\n<\/ul>\n<p style=\"color: #000000; font-size: 13px;\"><strong>L'ensemble complet comprend<\/strong><\/p>\n<ul>\n<li>IP68 stainless steel load cells <a style=\"color: #ca0020;\" href=\"http:\/\/www.anyload.com\/en\/product\/563ys-single-ended-beam-load-cell\/\" target=\"_blank\" rel=\"noopener noreferrer\">563YS,<\/a> Certifi\u00e9 OIML MAA et NTEP<\/li>\n<li>4 swivel stainless steel feet <a style=\"color: #ca0020;\" href=\"http:\/\/www.anyload.com\/en\/product\/amfs4-load-cell-feet\/\" target=\"_blank\" rel=\"noopener noreferrer\">AMFS4<\/a> avec base amovible en caoutchouc<\/li>\n<li>2 boulons \u00e0 \u0153il<\/li>\n<li>1 IP65 stainless steel junction box <a style=\"color: #ca0020;\" href=\"http:\/\/www.anyload.com\/en\/product\/j04es-fs\/\" target=\"_blank\" rel=\"noopener noreferrer\">J04ES-FS<\/a><\/li>\n<li>1 bulle de niveau<\/li>\n<\/ul>","protected":false},"featured_media":27844,"template":"","meta":{"_acf_changed":false,"site-sidebar-layout":"default","site-content-layout":"default","ast-site-content-layout":"default","site-content-style":"default","site-sidebar-style":"default","ast-global-header-display":"","ast-banner-title-visibility":"","ast-main-header-display":"","ast-hfb-above-header-display":"","ast-hfb-below-header-display":"","ast-hfb-mobile-header-display":"","site-post-title":"","ast-breadcrumbs-content":"","ast-featured-img":"","footer-sml-layout":"","ast-disable-related-posts":"","theme-transparent-header-meta":"default","adv-header-id-meta":"","stick-header-meta":"default","header-above-stick-meta":"","header-main-stick-meta":"","header-below-stick-meta":"","astra-migrate-meta-layouts":"set","ast-page-background-enabled":"default","ast-page-background-meta":{"desktop":{"background-color":"var(--ast-global-color-4)","background-image":"","background-repeat":"repeat","background-position":"center center","background-size":"auto","background-attachment":"scroll","background-type":"","background-media":"","overlay-type":"","overlay-color":"","overlay-opacity":"","overlay-gradient":""},"tablet":{"background-color":"","background-image":"","background-repeat":"repeat","background-position":"center center","background-size":"auto","background-attachment":"scroll","background-type":"","background-media":"","overlay-type":"","overlay-color":"","overlay-opacity":"","overlay-gradient":""},"mobile":{"background-color":"","background-image":"","background-repeat":"repeat","background-position":"center center","background-size":"auto","background-attachment":"scroll","background-type":"","background-media":"","overlay-type":"","overlay-color":"","overlay-opacity":"","overlay-gradient":""}},"ast-content-background-meta":{"desktop":{"background-color":"var(--ast-global-color-5)","background-image":"","background-repeat":"repeat","background-position":"center center","background-size":"auto","background-attachment":"scroll","background-type":"","background-media":"","overlay-type":"","overlay-color":"","overlay-opacity":"","overlay-gradient":""},"tablet":{"background-color":"var(--ast-global-color-5)","background-image":"","background-repeat":"repeat","background-position":"center center","background-size":"auto","background-attachment":"scroll","background-type":"","background-media":"","overlay-type":"","overlay-color":"","overlay-opacity":"","overlay-gradient":""},"mobile":{"background-color":"var(--ast-global-color-5)","background-image":"","background-repeat":"repeat","background-position":"center center","background-size":"auto","background-attachment":"scroll","background-type":"","background-media":"","overlay-type":"","overlay-color":"","overlay-opacity":"","overlay-gradient":""}}},"product_brand":[],"product_cat":[28,44],"product_tag":[1653,1654,1398,1401,1402,1399,1400,1802],"industries_product":[3312,3320,3315,3319],"application_product":[3324],"class_list":{"0":"post-11305","1":"product","2":"type-product","3":"status-publish","4":"has-post-thumbnail","6":"product_cat-scales","7":"product_cat-floor-scales","8":"product_tag-floor-scale","9":"product_tag-industrial-floor-scale","10":"product_tag-industrial-floor-scales","11":"product_tag-legal-for-trade-floor-scale","12":"product_tag-legal-for-trade-floor-scales","13":"product_tag-low-profile-floor-scale","14":"product_tag-low-profile-floor-scales","15":"product_tag-stainless-steel-floor-scale","16":"pa_part-number-fsp3x3-500kg-ss-s4","17":"pa_part-number-fsp3x3-1t-ss-s4","18":"pa_part-number-fsp3x3-2-5t-ss-s4","19":"pa_part-number-fsp3x3-1klb-ss-s4","20":"pa_part-number-fsp3x3-2klb-ss-s4","21":"pa_part-number-fsp3x3-5klb-ss-s4","22":"pa_part-number-fsp4x4-500kg-ss-s4","23":"pa_part-number-fsp4x4-1t-ss-s4","24":"pa_part-number-fsp4x4-2-5t-ss-s4","25":"pa_part-number-fsp4x4-5t-ss-s4","26":"pa_part-number-fsp4x4-1klb-ss-s4","27":"pa_part-number-fsp4x4-2klb-ss-s4","28":"pa_part-number-fsp4x4-5klb-ss-s4","29":"pa_part-number-fsp4x4-10klb-ss-s4","30":"pa_part-number-fsp5x5-2-5t-ss-s4","31":"pa_part-number-fsp5x5-5t-ss-s4","32":"pa_part-number-fsp5x5-5klb-ss-s4","33":"pa_part-number-fsp5x5-10klb-ss-s4","34":"pa_part-number-fsp4x6-5klb-ss-s4","35":"pa_part-number-fsp4x6-2-5t-ss-s4","36":"pa_part-number-fsp4x6-5t-ss-s4","37":"pa_part-number-fsp5x7-2-5t-ss-s4","38":"pa_part-number-fsp5x7-5t-ss-s4","39":"pa_part-number-fsp5x7-5klb-ss-s4","40":"pa_part-number-fsp4x6-10klb-ss-s4","41":"pa_part-number-fsp5x7-10klb-ss-s4","42":"industries_product-industry-agriculture-products","43":"industries_product-industry-logistics-products","44":"industries_product-material-handling-products","45":"industries_product-industry-packaging-products","46":"application_product-application-platform-products","47":"desktop-align-center","48":"tablet-align-left","49":"mobile-align-left","50":"ast-product-gallery-layout-horizontal-slider","51":"ast-magnify-disabled","52":"ast-product-single-variable","53":"ast-product-tabs-layout-horizontal","55":"first","56":"instock","57":"shipping-taxable","58":"purchasable","59":"product-type-variable"},"acf":[],"_links":{"self":[{"href":"https:\/\/www.anyload.com\/fr\/wp-json\/wp\/v2\/product\/11305","targetHints":{"allow":["GET"]}}],"collection":[{"href":"https:\/\/www.anyload.com\/fr\/wp-json\/wp\/v2\/product"}],"about":[{"href":"https:\/\/www.anyload.com\/fr\/wp-json\/wp\/v2\/types\/product"}],"wp:featuredmedia":[{"embeddable":true,"href":"https:\/\/www.anyload.com\/fr\/wp-json\/wp\/v2\/media\/27844"}],"wp:attachment":[{"href":"https:\/\/www.anyload.com\/fr\/wp-json\/wp\/v2\/media?parent=11305"}],"wp:term":[{"taxonomy":"product_brand","embeddable":true,"href":"https:\/\/www.anyload.com\/fr\/wp-json\/wp\/v2\/product_brand?post=11305"},{"taxonomy":"product_cat","embeddable":true,"href":"https:\/\/www.anyload.com\/fr\/wp-json\/wp\/v2\/product_cat?post=11305"},{"taxonomy":"product_tag","embeddable":true,"href":"https:\/\/www.anyload.com\/fr\/wp-json\/wp\/v2\/product_tag?post=11305"},{"taxonomy":"industries_product","embeddable":true,"href":"https:\/\/www.anyload.com\/fr\/wp-json\/wp\/v2\/industries_product?post=11305"},{"taxonomy":"application_product","embeddable":true,"href":"https:\/\/www.anyload.com\/fr\/wp-json\/wp\/v2\/application_product?post=11305"}],"curies":[{"name":"wp","href":"https:\/\/api.w.org\/{rel}","templated":true}]}}