{"id":1125,"date":"2014-03-05T10:59:26","date_gmt":"2014-03-05T18:59:26","guid":{"rendered":"http:\/\/anyloadgroup.com\/?post_type=product&#038;p=1125"},"modified":"2026-02-27T16:43:28","modified_gmt":"2026-02-28T00:43:28","slug":"102ah-double-ended-beam-load-cell","status":"publish","type":"product","link":"https:\/\/www.anyload.com\/fr\/product\/102ah-double-ended-beam-load-cell\/","title":{"rendered":"102AH Capteur de pesage \u00e0 double extr\u00e9mit\u00e9"},"content":{"rendered":"<p>The Anyload 102AH Double Ended Beam Load Cell is a heavy-duty shear beam sensor designed for high-capacity industrial weighing applications such as tank, hopper, platform, and structural weighing systems. Constructed from rugged alloy steel and sealed to IP67 for protection against dust and moisture, the 102AH delivers stable, linear output over a wide range of capacities from 5 t to 50 t.<\/p>","protected":false},"excerpt":{"rendered":"<div class=\"product-desc\">\n<p>The Anyload 102AH Double Ended Beam Load Cell is a heavy-duty shear beam sensor designed for high-capacity industrial weighing applications such as tank, hopper, platform, and structural weighing systems. Constructed from rugged alloy steel and sealed to IP67 for protection against dust and moisture, the 102AH delivers stable, linear output over a wide range of capacities from 5 t to 50 t.\n<\/p>\n<\/div>\n<div class=\"ds-btn-row\">\n  <a class=\"ds-btn\" href=\"https:\/\/www.anyload.com\/wp-content\/uploads\/2014\/03\/ANYLOAD-102AH-load-cell-transducer.pdf\" target=\"_blank\" rel=\"noopener\">Fiche technique<\/a>\n<\/div>","protected":false},"featured_media":34404,"template":"","meta":{"_acf_changed":false,"site-sidebar-layout":"default","site-content-layout":"default","ast-site-content-layout":"default","site-content-style":"default","site-sidebar-style":"default","ast-global-header-display":"","ast-banner-title-visibility":"","ast-main-header-display":"","ast-hfb-above-header-display":"","ast-hfb-below-header-display":"","ast-hfb-mobile-header-display":"","site-post-title":"","ast-breadcrumbs-content":"","ast-featured-img":"","footer-sml-layout":"","ast-disable-related-posts":"","theme-transparent-header-meta":"default","adv-header-id-meta":"","stick-header-meta":"default","header-above-stick-meta":"","header-main-stick-meta":"","header-below-stick-meta":"","astra-migrate-meta-layouts":"set","ast-page-background-enabled":"default","ast-page-background-meta":{"desktop":{"background-color":"var(--ast-global-color-4)","background-image":"","background-repeat":"repeat","background-position":"center center","background-size":"auto","background-attachment":"scroll","background-type":"","background-media":"","overlay-type":"","overlay-color":"","overlay-opacity":"","overlay-gradient":""},"tablet":{"background-color":"","background-image":"","background-repeat":"repeat","background-position":"center center","background-size":"auto","background-attachment":"scroll","background-type":"","background-media":"","overlay-type":"","overlay-color":"","overlay-opacity":"","overlay-gradient":""},"mobile":{"background-color":"","background-image":"","background-repeat":"repeat","background-position":"center center","background-size":"auto","background-attachment":"scroll","background-type":"","background-media":"","overlay-type":"","overlay-color":"","overlay-opacity":"","overlay-gradient":""}},"ast-content-background-meta":{"desktop":{"background-color":"var(--ast-global-color-5)","background-image":"","background-repeat":"repeat","background-position":"center center","background-size":"auto","background-attachment":"scroll","background-type":"","background-media":"","overlay-type":"","overlay-color":"","overlay-opacity":"","overlay-gradient":""},"tablet":{"background-color":"var(--ast-global-color-5)","background-image":"","background-repeat":"repeat","background-position":"center center","background-size":"auto","background-attachment":"scroll","background-type":"","background-media":"","overlay-type":"","overlay-color":"","overlay-opacity":"","overlay-gradient":""},"mobile":{"background-color":"var(--ast-global-color-5)","background-image":"","background-repeat":"repeat","background-position":"center center","background-size":"auto","background-attachment":"scroll","background-type":"","background-media":"","overlay-type":"","overlay-color":"","overlay-opacity":"","overlay-gradient":""}}},"product_brand":[],"product_cat":[31,19],"product_tag":[],"industries_product":[],"application_product":[3321],"class_list":{"0":"post-1125","1":"product","2":"type-product","3":"status-publish","4":"has-post-thumbnail","6":"product_cat-double-ended-shear-beams","7":"product_cat-load-cells-categories","8":"pa_part-number-102ah-25-30t-ball","9":"pa_part-number-102ah-25-30t-cap","10":"pa_part-number-102ah-10t","11":"pa_part-number-102ah-15t","12":"pa_part-number-102ah-20t","13":"pa_part-number-102ah-25t","14":"pa_part-number-102ah-30t","15":"pa_part-number-102ah-50t","16":"pa_part-number-102ah-5t","17":"application_product-application-truck-scale-products","18":"desktop-align-center","19":"tablet-align-left","20":"mobile-align-left","21":"ast-product-gallery-layout-horizontal-slider","22":"ast-product-gallery-with-no-image","23":"ast-magnify-disabled","24":"ast-product-single-variable","25":"ast-product-tabs-layout-horizontal","27":"first","28":"instock","29":"shipping-taxable","30":"purchasable","31":"product-type-variable"},"acf":[],"_links":{"self":[{"href":"https:\/\/www.anyload.com\/fr\/wp-json\/wp\/v2\/product\/1125","targetHints":{"allow":["GET"]}}],"collection":[{"href":"https:\/\/www.anyload.com\/fr\/wp-json\/wp\/v2\/product"}],"about":[{"href":"https:\/\/www.anyload.com\/fr\/wp-json\/wp\/v2\/types\/product"}],"wp:featuredmedia":[{"embeddable":true,"href":"https:\/\/www.anyload.com\/fr\/wp-json\/wp\/v2\/media\/34404"}],"wp:attachment":[{"href":"https:\/\/www.anyload.com\/fr\/wp-json\/wp\/v2\/media?parent=1125"}],"wp:term":[{"taxonomy":"product_brand","embeddable":true,"href":"https:\/\/www.anyload.com\/fr\/wp-json\/wp\/v2\/product_brand?post=1125"},{"taxonomy":"product_cat","embeddable":true,"href":"https:\/\/www.anyload.com\/fr\/wp-json\/wp\/v2\/product_cat?post=1125"},{"taxonomy":"product_tag","embeddable":true,"href":"https:\/\/www.anyload.com\/fr\/wp-json\/wp\/v2\/product_tag?post=1125"},{"taxonomy":"industries_product","embeddable":true,"href":"https:\/\/www.anyload.com\/fr\/wp-json\/wp\/v2\/industries_product?post=1125"},{"taxonomy":"application_product","embeddable":true,"href":"https:\/\/www.anyload.com\/fr\/wp-json\/wp\/v2\/application_product?post=1125"}],"curies":[{"name":"wp","href":"https:\/\/api.w.org\/{rel}","templated":true}]}}