{"id":1119,"date":"2014-03-05T10:57:26","date_gmt":"2014-03-05T18:57:26","guid":{"rendered":"http:\/\/anyloadgroup.com\/?post_type=product&#038;p=1119"},"modified":"2025-12-19T15:15:22","modified_gmt":"2025-12-19T23:15:22","slug":"563yssb-single-ended-beam-load-cell","status":"publish","type":"product","link":"https:\/\/www.anyload.com\/fr\/product\/563yssb-single-ended-beam-load-cell\/","title":{"rendered":"563YSSB Capteur de charge \u00e0 poutre simple extr\u00e9mit\u00e9"},"content":{"rendered":"<p><span style=\"text-decoration: underline;\"><strong>Description :<\/strong><\/span><\/p>\n<p>The IP68 stainless steel construction of this single-ended beam load cell makes it a heavy-duty solution for medium-capacity weighing needs. The robust design provides reliable performance while maintaining affordability. Common applications include bench scales, process weighing, platform scales, check weighing, hopper scales, and more. The 563YSSB is interchangeable with Cardinal SB2500S, Rice Lake RLSB50, and more (see: INTERCHANGEABLE tab).<\/p>\n<p><span style=\"text-decoration: underline;\"><strong>Caract\u00e9ristiques :<\/strong><\/span><\/p>\n<ul>\n<li>Mat\u00e9riau : Acier inoxydable<\/li>\n<li>Rated Capacities: 2.5Klb, 5Klb, 10Klb, 20Klb<\/li>\n<li>Sortie pleine \u00e9chelle : 2mV\/V \u00b1 0,25%<\/li>\n<li>Surcharge s\u00fbre : 150%<\/li>\n<li>Surcharge de rupture : 300%<\/li>\n<li>Indice de protection IP : IP68<\/li>\n<li>2.5Klb: up to NTEP 1:5000 Class III, Single Cell;\u00a0 NTEP 1:9500 Class III, Multiple Cell<br \/>\n5Klb-20Klb: up to NTEP 1:6000 Class III, Single Cell; NTEP 1:10000 Class III, Multiple Cell<\/li>\n<li>2.5Klb-5Klb: up to OIML MAA C5, Y=26000<br \/>\n10K-20Klb: up to OIML MAA C6, Y=8500<\/li>\n<li>Certifi\u00e9 CE, RoHS et Ex(NEPSI)<\/li>\n<li>ATEX, FM, IECEx disponibles sur demande<\/li>\n<\/ul>","protected":false},"excerpt":{"rendered":"<p><span style=\"text-decoration: underline;\"><strong>Description :<\/strong><\/span><\/p>\n<p>The IP68 stainless steel construction of this single-ended beam load cell makes it a heavy-duty solution for medium-capacity weighing needs. The robust design provides reliable performance while maintaining affordability. Common applications include bench scales, process weighing, platform scales, check weighing, hopper scales, and more. The 563YSSB is interchangeable with Cardinal SB2500S, Rice Lake RLSB50, and more (see: INTERCHANGEABLE tab).<\/p>\n<p><span style=\"text-decoration: underline;\"><strong>Caract\u00e9ristiques :<\/strong><\/span><\/p>\n<ul>\n<li>Mat\u00e9riau : Acier inoxydable<\/li>\n<li>Rated Capacities: 2.5Klb, 5Klb, 10Klb, 20Klb<\/li>\n<li>Sortie pleine \u00e9chelle : 2mV\/V \u00b1 0,25%<\/li>\n<li>Surcharge s\u00fbre : 150%<\/li>\n<li>Surcharge de rupture : 300%<\/li>\n<li>Indice de protection IP : IP68<\/li>\n<li>2.5Klb: up to NTEP 1:5000 Class III, Single Cell;\u00a0 NTEP 1:9500 Class III, Multiple Cell<br \/>\n5Klb-20Klb: up to NTEP 1:6000 Class III, Single Cell; NTEP 1:10000 Class III, Multiple Cell<\/li>\n<li>2.5Klb-5Klb: up to OIML MAA C5, Y=26000<br \/>\n10K-20Klb: up to OIML MAA C6, Y=8500<\/li>\n<li>Certifi\u00e9 CE, RoHS et Ex(NEPSI)<\/li>\n<li>ATEX, FM, IECEx disponibles sur demande<\/li>\n<\/ul>","protected":false},"featured_media":34246,"template":"","meta":{"_acf_changed":false,"site-sidebar-layout":"default","site-content-layout":"default","ast-site-content-layout":"default","site-content-style":"default","site-sidebar-style":"default","ast-global-header-display":"","ast-banner-title-visibility":"","ast-main-header-display":"","ast-hfb-above-header-display":"","ast-hfb-below-header-display":"","ast-hfb-mobile-header-display":"","site-post-title":"","ast-breadcrumbs-content":"","ast-featured-img":"","footer-sml-layout":"","ast-disable-related-posts":"","theme-transparent-header-meta":"default","adv-header-id-meta":"","stick-header-meta":"default","header-above-stick-meta":"","header-main-stick-meta":"","header-below-stick-meta":"","astra-migrate-meta-layouts":"set","ast-page-background-enabled":"default","ast-page-background-meta":{"desktop":{"background-color":"var(--ast-global-color-4)","background-image":"","background-repeat":"repeat","background-position":"center center","background-size":"auto","background-attachment":"scroll","background-type":"","background-media":"","overlay-type":"","overlay-color":"","overlay-opacity":"","overlay-gradient":""},"tablet":{"background-color":"","background-image":"","background-repeat":"repeat","background-position":"center center","background-size":"auto","background-attachment":"scroll","background-type":"","background-media":"","overlay-type":"","overlay-color":"","overlay-opacity":"","overlay-gradient":""},"mobile":{"background-color":"","background-image":"","background-repeat":"repeat","background-position":"center center","background-size":"auto","background-attachment":"scroll","background-type":"","background-media":"","overlay-type":"","overlay-color":"","overlay-opacity":"","overlay-gradient":""}},"ast-content-background-meta":{"desktop":{"background-color":"var(--ast-global-color-5)","background-image":"","background-repeat":"repeat","background-position":"center center","background-size":"auto","background-attachment":"scroll","background-type":"","background-media":"","overlay-type":"","overlay-color":"","overlay-opacity":"","overlay-gradient":""},"tablet":{"background-color":"var(--ast-global-color-5)","background-image":"","background-repeat":"repeat","background-position":"center center","background-size":"auto","background-attachment":"scroll","background-type":"","background-media":"","overlay-type":"","overlay-color":"","overlay-opacity":"","overlay-gradient":""},"mobile":{"background-color":"var(--ast-global-color-5)","background-image":"","background-repeat":"repeat","background-position":"center center","background-size":"auto","background-attachment":"scroll","background-type":"","background-media":"","overlay-type":"","overlay-color":"","overlay-opacity":"","overlay-gradient":""}}},"product_brand":[],"product_cat":[20],"product_tag":[2852],"industries_product":[],"application_product":[3327,3324],"class_list":{"0":"post-1119","1":"product","2":"type-product","3":"status-publish","4":"has-post-thumbnail","6":"product_cat-single-ended-shear-beams","7":"product_tag-interchangeable","8":"pa_part-number-563yssb-10klb","9":"pa_part-number-563yssb-2-5klb","10":"pa_part-number-563yssb-20klb","11":"pa_part-number-563yssb-5klb","12":"pa_part-number-f563yssb-12-5-20klb-insert","13":"pa_part-number-f563yssb-22-5-20klb-rocker-pin","14":"application_product-application-checkweighing-products","15":"application_product-application-platform-products","16":"desktop-align-center","17":"tablet-align-left","18":"mobile-align-left","19":"ast-product-gallery-layout-horizontal-slider","20":"ast-product-gallery-with-no-image","21":"ast-magnify-disabled","22":"ast-product-single-variable","23":"ast-product-tabs-layout-horizontal","25":"first","26":"instock","27":"shipping-taxable","28":"purchasable","29":"product-type-variable"},"acf":[],"_links":{"self":[{"href":"https:\/\/www.anyload.com\/fr\/wp-json\/wp\/v2\/product\/1119","targetHints":{"allow":["GET"]}}],"collection":[{"href":"https:\/\/www.anyload.com\/fr\/wp-json\/wp\/v2\/product"}],"about":[{"href":"https:\/\/www.anyload.com\/fr\/wp-json\/wp\/v2\/types\/product"}],"wp:featuredmedia":[{"embeddable":true,"href":"https:\/\/www.anyload.com\/fr\/wp-json\/wp\/v2\/media\/34246"}],"wp:attachment":[{"href":"https:\/\/www.anyload.com\/fr\/wp-json\/wp\/v2\/media?parent=1119"}],"wp:term":[{"taxonomy":"product_brand","embeddable":true,"href":"https:\/\/www.anyload.com\/fr\/wp-json\/wp\/v2\/product_brand?post=1119"},{"taxonomy":"product_cat","embeddable":true,"href":"https:\/\/www.anyload.com\/fr\/wp-json\/wp\/v2\/product_cat?post=1119"},{"taxonomy":"product_tag","embeddable":true,"href":"https:\/\/www.anyload.com\/fr\/wp-json\/wp\/v2\/product_tag?post=1119"},{"taxonomy":"industries_product","embeddable":true,"href":"https:\/\/www.anyload.com\/fr\/wp-json\/wp\/v2\/industries_product?post=1119"},{"taxonomy":"application_product","embeddable":true,"href":"https:\/\/www.anyload.com\/fr\/wp-json\/wp\/v2\/application_product?post=1119"}],"curies":[{"name":"wp","href":"https:\/\/api.w.org\/{rel}","templated":true}]}}