{"id":1091,"date":"2014-03-05T10:47:20","date_gmt":"2014-03-05T18:47:20","guid":{"rendered":"http:\/\/anyloadgroup.com\/?post_type=product&#038;p=1091"},"modified":"2025-12-19T15:18:53","modified_gmt":"2025-12-19T23:18:53","slug":"563ysbk-and-563ysbkun-single-ended-beam-load-cell","status":"publish","type":"product","link":"https:\/\/www.anyload.com\/fr\/product\/563ysbk-and-563ysbkun-single-ended-beam-load-cell\/","title":{"rendered":"563YSBK Capteur de charge \u00e0 poutre simple extr\u00e9mit\u00e9"},"content":{"rendered":"<ul>\n<li>Mat\u00e9riau : Acier inoxydable<\/li>\n<li>Thread: Metric<\/li>\n<li>Rated Capacities: 200kg, 500kg, 1t, 2t<\/li>\n<li>Sortie pleine \u00e9chelle : 2mV\/V \u00b1 0,1%<\/li>\n<li>Surcharge s\u00fbre : 150%<\/li>\n<li>Surcharge de rupture : 300%<\/li>\n<li>Indice de protection IP : IP67<\/li>\n<li>CE, RoHS and ExNepsi certified<\/li>\n<li>Measurement Ukraine certified<\/li>\n<\/ul>\n<table border=\"1\" cellspacing=\"0\" cellpadding=\"0\">\n<tbody>\n<tr>\n<td valign=\"top\" width=\"319\"><strong>Fabricant<\/strong><\/td>\n<td valign=\"top\" width=\"319\"><strong>Mod\u00e8le<\/strong><\/td>\n<\/tr>\n<tr>\n<td valign=\"top\" width=\"319\">Flintec<\/td>\n<td valign=\"top\" width=\"319\">BK2<\/td>\n<\/tr>\n<\/tbody>\n<\/table>\n<table border=\"1\" cellspacing=\"0\" cellpadding=\"0\">\n<tbody>\n<tr>\n<td valign=\"top\" width=\"319\">Capacit\u00e9 nominale<\/td>\n<td valign=\"top\" width=\"319\">200kg, 500kg, 1t, 2t<\/td>\n<\/tr>\n<tr>\n<td valign=\"top\" width=\"319\">Sortie pleine \u00e9chelle<\/td>\n<td valign=\"top\" width=\"319\">2mV\/V \u00b1 0,1%<\/td>\n<\/tr>\n<tr>\n<td valign=\"top\" width=\"319\">Solde z\u00e9ro<\/td>\n<td valign=\"top\" width=\"319\">\u00b1 0,02mV\/V<\/td>\n<\/tr>\n<tr>\n<td valign=\"top\" width=\"319\">Non-lin\u00e9arit\u00e9<\/td>\n<td valign=\"top\" width=\"319\">&lt; \u00b1 0.023%<\/td>\n<\/tr>\n<tr>\n<td valign=\"top\" width=\"319\">R\u00e9p\u00e9tabilit\u00e9<\/td>\n<td valign=\"top\" width=\"319\">&lt; \u00b1 0.017%<\/td>\n<\/tr>\n<tr>\n<td valign=\"top\" width=\"319\">Erreur d'hyst\u00e9r\u00e9sis<\/td>\n<td valign=\"top\" width=\"319\">&lt; \u00b1 0.023%<\/td>\n<\/tr>\n<tr>\n<td valign=\"top\" width=\"319\">La reptation en 30 minutes<\/td>\n<td valign=\"top\" width=\"319\">&lt; \u00b1 0.023%<\/td>\n<\/tr>\n<tr>\n<td valign=\"top\" width=\"319\">Bridge Resistance<\/td>\n<td valign=\"top\" width=\"319\">1100\u03a9 \u00b1 50\u03a9<\/td>\n<\/tr>\n<tr>\n<td valign=\"top\" width=\"319\">R\u00e9sistance de sortie<\/td>\n<td valign=\"top\" width=\"319\">1000\u03a9 \u00b1 5\u03a9<\/td>\n<\/tr>\n<tr>\n<td valign=\"top\" width=\"319\">Excitation recommand\u00e9e<\/td>\n<td valign=\"top\" width=\"319\">10V (15V maximum)<\/td>\n<\/tr>\n<tr>\n<td valign=\"top\" width=\"319\">R\u00e9sistance de l'isolation<\/td>\n<td valign=\"top\" width=\"319\">&gt; 2G\u03a9 (50V DC)<\/td>\n<\/tr>\n<tr>\n<td valign=\"top\" width=\"319\">Effet de la temp\u00e9rature sur la sensibilit\u00e9<\/td>\n<td valign=\"top\" width=\"319\">&lt; \u00b10.0012% of Cn\/k<\/td>\n<\/tr>\n<tr>\n<td valign=\"top\" width=\"319\">Effet de la temp\u00e9rature sur l'\u00e9quilibre du z\u00e9ro<\/td>\n<td valign=\"top\" width=\"319\">&lt; \u00b1 0.0040% of Cn\/k<\/td>\n<\/tr>\n<tr>\n<td valign=\"top\" width=\"319\">Plage de temp\u00e9rature compens\u00e9e<\/td>\n<td valign=\"top\" width=\"319\"><b>-<\/b>10\u00b0C \u00e0 50\u00b0C\/14\u00b0F \u00e0 122\u00b0F<\/td>\n<\/tr>\n<tr>\n<td valign=\"top\" width=\"319\">Plage de temp\u00e9rature de service<\/td>\n<td valign=\"top\" width=\"319\"><b>-<\/b>30\u00b0C \u00e0 70\u00b0C\/-20\u00b0F \u00e0 160\u00b0F<\/td>\n<\/tr>\n<tr>\n<td valign=\"top\" width=\"319\">Plage de temp\u00e9rature de stockage<\/td>\n<td valign=\"top\" width=\"319\">De -50\u00b0C \u00e0 85\u00b0C\/-58\u00b0F \u00e0 185\u00b0F<\/td>\n<\/tr>\n<tr>\n<td valign=\"top\" width=\"319\">Surcharge s\u00fbre<\/td>\n<td valign=\"top\" width=\"319\">150% de la pleine \u00e9chelle<\/td>\n<\/tr>\n<tr>\n<td valign=\"top\" width=\"319\">Rompre la surcharge<\/td>\n<td valign=\"top\" width=\"319\">300% de la pleine \u00e9chelle<\/td>\n<\/tr>\n<tr>\n<td valign=\"top\" width=\"319\">Type de joint<\/td>\n<td valign=\"top\" width=\"319\">\u00c9tanch\u00e9it\u00e9 \u00e0 l'environnement<\/td>\n<\/tr>\n<tr>\n<td valign=\"top\" width=\"319\">Indice de protection IP<\/td>\n<td valign=\"top\" width=\"319\">IP67<\/td>\n<\/tr>\n<\/tbody>\n<\/table>\n<p style=\"text-align: justify;\"><img decoding=\"async\" class=\"alignnone size-full wp-image-3944\" src=\"\/wp-content\/uploads\/2014\/04\/pdf-.png\" alt=\"pdf-\" width=\"25\" height=\"25\" \/>\u00a0<a title=\"ANYLOAD | 563YSBK Single Ended Beam Load Cell\" href=\"https:\/\/www.anyload.com\/wp-content\/uploads\/2020\/06\/Anyload-563YSBK-load-cell-transducer.pdf\" target=\"_blank\" rel=\"noopener noreferrer\">Download data sheet<\/a><\/p>\n<p style=\"text-align: justify;\"><img decoding=\"async\" class=\"alignnone size-full wp-image-3944\" src=\"\/wp-content\/uploads\/2014\/04\/pdf-.png\" alt=\"pdf-\" width=\"25\" height=\"25\" \/> <a title=\"ANYLOAD | NTEP Certificate of Conformance\" href=\"http:\/\/www.anyload.com\/fr\/approbations\/conference-nationale-sur-les-poids-et-mesures\/\" target=\"_blank\" rel=\"noopener noreferrer\">Certificat de conformit\u00e9 NTEP<\/a><\/p>\n<p style=\"text-align: justify;\"><img decoding=\"async\" class=\"alignnone size-full wp-image-3944\" src=\"\/wp-content\/uploads\/2014\/04\/pdf-.png\" alt=\"pdf-\" width=\"25\" height=\"25\" \/> <a title=\"ANYLOAD | CE Certificate of Conformity\" href=\"http:\/\/www.anyload.com\/fr\/approbations\/conformite-europeenne\/\" target=\"_blank\" rel=\"noopener noreferrer\">Certificat de conformit\u00e9 CE<\/a><\/p>\n<p style=\"text-align: justify;\"><img decoding=\"async\" class=\"alignnone size-full wp-image-3944\" src=\"\/wp-content\/uploads\/2014\/04\/pdf-.png\" alt=\"pdf-\" width=\"25\" height=\"25\" \/> <a title=\"ANYLOAD | RoHS Certificate of Conformity\" href=\"http:\/\/www.anyload.com\/fr\/approbations\/directive-sur-la-limitation-des-substances-dangereuses\/\" target=\"_blank\" rel=\"noopener noreferrer\">Certificat de conformit\u00e9 RoHS<\/a><\/p>\n<p style=\"text-align: justify;\"><img decoding=\"async\" class=\"alignnone size-full wp-image-3944\" src=\"\/wp-content\/uploads\/2014\/04\/pdf-.png\" alt=\"pdf-\" width=\"25\" height=\"25\" \/> <a title=\"ANYLOAD | Explosion Protection Certificate of Conformity\" href=\"http:\/\/www.anyload.com\/fr\/approbations\/initiative-nationale-de-gestion-des-produits-electroniques\/\" target=\"_blank\" rel=\"noopener noreferrer\">Protection contre les explosions Certificat de conformit\u00e9<\/a><\/p>","protected":false},"excerpt":{"rendered":"<ul>\n<li>Mat\u00e9riau : Acier inoxydable<\/li>\n<li>Thread: Metric<\/li>\n<li>Rated Capacities: 200kg, 500kg, 1t, 2t<\/li>\n<li>Sortie pleine \u00e9chelle : 2mV\/V \u00b1 0,1%<\/li>\n<li>Surcharge s\u00fbre : 150%<\/li>\n<li>Surcharge de rupture : 300%<\/li>\n<li>Indice de protection IP : IP67<\/li>\n<li>Certifi\u00e9 CE, RoHS et Ex(NEPSI)<\/li>\n<li>ATEX, FM, IECEx disponibles sur demande<\/li>\n<\/ul>","protected":false},"featured_media":22108,"template":"","meta":{"_acf_changed":false,"site-sidebar-layout":"default","site-content-layout":"default","ast-site-content-layout":"default","site-content-style":"default","site-sidebar-style":"default","ast-global-header-display":"","ast-banner-title-visibility":"","ast-main-header-display":"","ast-hfb-above-header-display":"","ast-hfb-below-header-display":"","ast-hfb-mobile-header-display":"","site-post-title":"","ast-breadcrumbs-content":"","ast-featured-img":"","footer-sml-layout":"","ast-disable-related-posts":"","theme-transparent-header-meta":"default","adv-header-id-meta":"","stick-header-meta":"default","header-above-stick-meta":"","header-main-stick-meta":"","header-below-stick-meta":"","astra-migrate-meta-layouts":"set","ast-page-background-enabled":"default","ast-page-background-meta":{"desktop":{"background-color":"var(--ast-global-color-4)","background-image":"","background-repeat":"repeat","background-position":"center center","background-size":"auto","background-attachment":"scroll","background-type":"","background-media":"","overlay-type":"","overlay-color":"","overlay-opacity":"","overlay-gradient":""},"tablet":{"background-color":"","background-image":"","background-repeat":"repeat","background-position":"center center","background-size":"auto","background-attachment":"scroll","background-type":"","background-media":"","overlay-type":"","overlay-color":"","overlay-opacity":"","overlay-gradient":""},"mobile":{"background-color":"","background-image":"","background-repeat":"repeat","background-position":"center center","background-size":"auto","background-attachment":"scroll","background-type":"","background-media":"","overlay-type":"","overlay-color":"","overlay-opacity":"","overlay-gradient":""}},"ast-content-background-meta":{"desktop":{"background-color":"var(--ast-global-color-5)","background-image":"","background-repeat":"repeat","background-position":"center center","background-size":"auto","background-attachment":"scroll","background-type":"","background-media":"","overlay-type":"","overlay-color":"","overlay-opacity":"","overlay-gradient":""},"tablet":{"background-color":"var(--ast-global-color-5)","background-image":"","background-repeat":"repeat","background-position":"center center","background-size":"auto","background-attachment":"scroll","background-type":"","background-media":"","overlay-type":"","overlay-color":"","overlay-opacity":"","overlay-gradient":""},"mobile":{"background-color":"var(--ast-global-color-5)","background-image":"","background-repeat":"repeat","background-position":"center center","background-size":"auto","background-attachment":"scroll","background-type":"","background-media":"","overlay-type":"","overlay-color":"","overlay-opacity":"","overlay-gradient":""}}},"product_brand":[],"product_cat":[19,20],"product_tag":[],"industries_product":[],"application_product":[3327,3328,3324],"class_list":{"0":"post-1091","1":"product","2":"type-product","3":"status-publish","4":"has-post-thumbnail","6":"product_cat-load-cells-categories","7":"product_cat-single-ended-shear-beams","8":"pa_part-number-563ysbk-1t","9":"pa_part-number-563ysbk-200kg","10":"pa_part-number-563ysbk-2t","11":"pa_part-number-563ysbk-500kg","12":"application_product-application-checkweighing-products","13":"application_product-application-onboard-weighing-products","14":"application_product-application-platform-products","15":"desktop-align-center","16":"tablet-align-left","17":"mobile-align-left","18":"ast-product-gallery-layout-horizontal-slider","19":"ast-product-gallery-with-no-image","20":"ast-magnify-disabled","21":"ast-product-single-variable","22":"ast-product-tabs-layout-horizontal","24":"first","25":"instock","26":"shipping-taxable","27":"purchasable","28":"product-type-variable"},"acf":[],"_links":{"self":[{"href":"https:\/\/www.anyload.com\/fr\/wp-json\/wp\/v2\/product\/1091","targetHints":{"allow":["GET"]}}],"collection":[{"href":"https:\/\/www.anyload.com\/fr\/wp-json\/wp\/v2\/product"}],"about":[{"href":"https:\/\/www.anyload.com\/fr\/wp-json\/wp\/v2\/types\/product"}],"wp:featuredmedia":[{"embeddable":true,"href":"https:\/\/www.anyload.com\/fr\/wp-json\/wp\/v2\/media\/22108"}],"wp:attachment":[{"href":"https:\/\/www.anyload.com\/fr\/wp-json\/wp\/v2\/media?parent=1091"}],"wp:term":[{"taxonomy":"product_brand","embeddable":true,"href":"https:\/\/www.anyload.com\/fr\/wp-json\/wp\/v2\/product_brand?post=1091"},{"taxonomy":"product_cat","embeddable":true,"href":"https:\/\/www.anyload.com\/fr\/wp-json\/wp\/v2\/product_cat?post=1091"},{"taxonomy":"product_tag","embeddable":true,"href":"https:\/\/www.anyload.com\/fr\/wp-json\/wp\/v2\/product_tag?post=1091"},{"taxonomy":"industries_product","embeddable":true,"href":"https:\/\/www.anyload.com\/fr\/wp-json\/wp\/v2\/industries_product?post=1091"},{"taxonomy":"application_product","embeddable":true,"href":"https:\/\/www.anyload.com\/fr\/wp-json\/wp\/v2\/application_product?post=1091"}],"curies":[{"name":"wp","href":"https:\/\/api.w.org\/{rel}","templated":true}]}}