{"id":1085,"date":"2014-03-05T10:43:40","date_gmt":"2014-03-05T18:43:40","guid":{"rendered":"http:\/\/anyloadgroup.com\/?post_type=product&#038;p=1085"},"modified":"2026-03-31T12:02:26","modified_gmt":"2026-03-31T19:02:26","slug":"563ys30-single-ended-beam-load-cell","status":"publish","type":"product","link":"https:\/\/www.anyload.com\/fr\/product\/563ys30-single-ended-beam-load-cell\/","title":{"rendered":"563YS30 Capteur de charge \u00e0 poutre simple extr\u00e9mit\u00e9"},"content":{"rendered":"<p>The 563YS30 is a medium to high-capacity single-ended beam load cell with stainless steel welded sealed IP68-class water and corrosion resistance. This is the 3mV\/V iteration of the 563YS. The reliable, low-profile design is easy to install and is interchangeable with VPG, Rice Lake, HBM, and Coti Global models (see: INTERCHANGEABLE tab). Common applications include platform scales, hopper scales, tank scales, and process weighing. This cost-effective product is also frequently used in OEM applications.<\/p>\n<p>A compression weigh module 563YSM3-02 is available to facilitate installation for ideal loading, with easy-to-install mounting options, allowance for thermal expansion, and protection from irregular loading and lifting.<\/p>","protected":false},"excerpt":{"rendered":"<div class=\"product-desc\">\n<p>The 563YS30 is a medium to high-capacity single-ended beam load cell with stainless steel welded sealed IP68-class water and corrosion resistance. This is the 3mV\/V iteration of the 563YS. The reliable, low-profile design is easy to install and is interchangeable with VPG, Rice Lake, HBM, and Coti Global models (see: INTERCHANGEABLE tab). Common applications include platform scales, hopper scales, tank scales, and process weighing. This cost-effective product is also frequently used in OEM applications. A compression weigh module (<a href=\"https:\/\/www.anyload.com\/fr\/product\/563ysm3-02-compression-weigh-module\/\"><span style=\"text-decoration: underline; color: #3366ff;\">563YSM3-02<\/span><\/a>) est disponible pour faciliter l'installation en vue d'un chargement id\u00e9al, avec des options de montage faciles \u00e0 installer, une tol\u00e9rance \u00e0 la dilatation thermique et une protection contre le chargement et le levage irr\u00e9guliers.\n<\/p>\n<\/div>\n<div class=\"ds-btn-row\">\n  <a class=\"ds-btn\" href=\"https:\/\/www.anyload.com\/wp-content\/uploads\/2014\/03\/ANYLOAD-563YS563YS30-load-cell-transducer.pdf\" target=\"_blank\" rel=\"noopener\">Fiche technique<\/a>\n<\/div>","protected":false},"featured_media":34238,"template":"","meta":{"_acf_changed":false,"site-sidebar-layout":"default","site-content-layout":"default","ast-site-content-layout":"default","site-content-style":"default","site-sidebar-style":"default","ast-global-header-display":"","ast-banner-title-visibility":"","ast-main-header-display":"","ast-hfb-above-header-display":"","ast-hfb-below-header-display":"","ast-hfb-mobile-header-display":"","site-post-title":"","ast-breadcrumbs-content":"","ast-featured-img":"","footer-sml-layout":"","ast-disable-related-posts":"","theme-transparent-header-meta":"default","adv-header-id-meta":"","stick-header-meta":"default","header-above-stick-meta":"","header-main-stick-meta":"","header-below-stick-meta":"","astra-migrate-meta-layouts":"set","ast-page-background-enabled":"default","ast-page-background-meta":{"desktop":{"background-color":"var(--ast-global-color-4)","background-image":"","background-repeat":"repeat","background-position":"center center","background-size":"auto","background-attachment":"scroll","background-type":"","background-media":"","overlay-type":"","overlay-color":"","overlay-opacity":"","overlay-gradient":""},"tablet":{"background-color":"","background-image":"","background-repeat":"repeat","background-position":"center center","background-size":"auto","background-attachment":"scroll","background-type":"","background-media":"","overlay-type":"","overlay-color":"","overlay-opacity":"","overlay-gradient":""},"mobile":{"background-color":"","background-image":"","background-repeat":"repeat","background-position":"center center","background-size":"auto","background-attachment":"scroll","background-type":"","background-media":"","overlay-type":"","overlay-color":"","overlay-opacity":"","overlay-gradient":""}},"ast-content-background-meta":{"desktop":{"background-color":"var(--ast-global-color-5)","background-image":"","background-repeat":"repeat","background-position":"center center","background-size":"auto","background-attachment":"scroll","background-type":"","background-media":"","overlay-type":"","overlay-color":"","overlay-opacity":"","overlay-gradient":""},"tablet":{"background-color":"var(--ast-global-color-5)","background-image":"","background-repeat":"repeat","background-position":"center center","background-size":"auto","background-attachment":"scroll","background-type":"","background-media":"","overlay-type":"","overlay-color":"","overlay-opacity":"","overlay-gradient":""},"mobile":{"background-color":"var(--ast-global-color-5)","background-image":"","background-repeat":"repeat","background-position":"center center","background-size":"auto","background-attachment":"scroll","background-type":"","background-media":"","overlay-type":"","overlay-color":"","overlay-opacity":"","overlay-gradient":""}}},"product_brand":[],"product_cat":[20],"product_tag":[2852],"industries_product":[],"application_product":[3327,3323,3328,3324,3322],"class_list":{"0":"post-1085","1":"product","2":"type-product","3":"status-publish","4":"has-post-thumbnail","6":"product_cat-single-ended-shear-beams","7":"product_tag-interchangeable","8":"pa_part-number-563ys30-10klb","9":"pa_part-number-563ys30-15klb","10":"pa_part-number-563ys30-1klb","11":"pa_part-number-563ys30-2-5klb","12":"pa_part-number-563ys30-20klb","13":"pa_part-number-563ys30-2klb","14":"pa_part-number-563ys30-4klb","15":"pa_part-number-563ys30-5klb","16":"pa_part-number-563ys30-se5klb","17":"pa_part-number-563ys30gs-500lb","18":"application_product-application-checkweighing-products","19":"application_product-application-low-capacity-hopper-products","20":"application_product-application-onboard-weighing-products","21":"application_product-application-platform-products","22":"application_product-application-tank-silo-products","23":"desktop-align-center","24":"tablet-align-left","25":"mobile-align-left","26":"ast-product-gallery-layout-horizontal-slider","27":"ast-product-gallery-with-no-image","28":"ast-magnify-disabled","29":"ast-product-single-variable","30":"ast-product-tabs-layout-horizontal","32":"first","33":"instock","34":"shipping-taxable","35":"purchasable","36":"product-type-variable"},"acf":[],"_links":{"self":[{"href":"https:\/\/www.anyload.com\/fr\/wp-json\/wp\/v2\/product\/1085","targetHints":{"allow":["GET"]}}],"collection":[{"href":"https:\/\/www.anyload.com\/fr\/wp-json\/wp\/v2\/product"}],"about":[{"href":"https:\/\/www.anyload.com\/fr\/wp-json\/wp\/v2\/types\/product"}],"wp:featuredmedia":[{"embeddable":true,"href":"https:\/\/www.anyload.com\/fr\/wp-json\/wp\/v2\/media\/34238"}],"wp:attachment":[{"href":"https:\/\/www.anyload.com\/fr\/wp-json\/wp\/v2\/media?parent=1085"}],"wp:term":[{"taxonomy":"product_brand","embeddable":true,"href":"https:\/\/www.anyload.com\/fr\/wp-json\/wp\/v2\/product_brand?post=1085"},{"taxonomy":"product_cat","embeddable":true,"href":"https:\/\/www.anyload.com\/fr\/wp-json\/wp\/v2\/product_cat?post=1085"},{"taxonomy":"product_tag","embeddable":true,"href":"https:\/\/www.anyload.com\/fr\/wp-json\/wp\/v2\/product_tag?post=1085"},{"taxonomy":"industries_product","embeddable":true,"href":"https:\/\/www.anyload.com\/fr\/wp-json\/wp\/v2\/industries_product?post=1085"},{"taxonomy":"application_product","embeddable":true,"href":"https:\/\/www.anyload.com\/fr\/wp-json\/wp\/v2\/application_product?post=1085"}],"curies":[{"name":"wp","href":"https:\/\/api.w.org\/{rel}","templated":true}]}}