{"id":1032,"date":"2017-02-14T14:48:28","date_gmt":"2017-02-14T22:48:28","guid":{"rendered":"http:\/\/anyloadgroup.com\/?post_type=product&#038;p=1032"},"modified":"2026-02-11T13:17:10","modified_gmt":"2026-02-11T21:17:10","slug":"563rs-single-ended-beam-load-cell","status":"publish","type":"product","link":"https:\/\/www.anyload.com\/fr\/product\/563rs-single-ended-beam-load-cell\/","title":{"rendered":"563RS Capteur de charge \u00e0 poutre simple extr\u00e9mit\u00e9"},"content":{"rendered":"<p>La conception \u00e9prouv\u00e9e de la 563RS offre un haut degr\u00e9 de fiabilit\u00e9 et de polyvalence. Populaire dans le monde entier dans de nombreuses applications, y compris le pesage de r\u00e9servoirs, les balances de dosage, les balances \u00e0 plate-forme, et plus encore, la construction en acier inoxydable IP68 r\u00e9sistante \u00e0 l'eau et \u00e0 la corrosion offre le plus haut degr\u00e9 de protection contre les intrusions dans la plupart des circonstances. Le 563RS est interchangeable avec le CG-Z6 de Coti Global, le RLHBB de Rice Lake, le Revere SHB de Vishay et d'autres (voir l'onglet INTERCHANGEABLE).\u00a0<\/p>","protected":false},"excerpt":{"rendered":"<div class=\"product-desc\">\n<p>La conception \u00e9prouv\u00e9e de la 563RS offre un haut degr\u00e9 de fiabilit\u00e9 et de polyvalence. Populaire dans le monde entier dans de nombreuses applications, y compris le pesage de r\u00e9servoirs, les balances de dosage, les balances \u00e0 plate-forme, et plus encore, la construction en acier inoxydable IP68 r\u00e9sistante \u00e0 l'eau et \u00e0 la corrosion offre le plus haut degr\u00e9 de protection contre les intrusions dans la plupart des circonstances. Le 563RS est interchangeable avec le CG-Z6 de Coti Global, le RLHBB de Rice Lake, le Revere SHB de Vishay et d'autres (voir l'onglet INTERCHANGEABLE).\u00a0<\/p>\n<div id=\"otter-more\" class=\"see-more-content\">\n<ul>\n<li>Mat\u00e9riau :  Acier inoxydable<\/li>\n<li>Capacit\u00e9s nominales : 5kg, 10kg, 20kg, 30kg, 50kg, 100kg, 200kg, 350kg, 500kg<\/li>\n<li>Sortie pleine \u00e9chelle : 2mV\/V \u00b1 0,25%<\/li>\n<li>Surcharge s\u00fbre : 150%<\/li>\n<li>Surcharge de rupture : 300%<\/li>\n<li>Indice de protection IP : IP68<\/li>\n<li>5kg-50kg : NTEP 1:6 000 Classe III, cellule unique ; NTEP 1:10 000 Classe III, cellule multiple<br \/>\n100kg-500kg : NTEP 1:4 500 Classe III, cellule unique ; NTEP 1:10 000 Classe III, cellule multiple<\/li>\n<li>10kg-50kg : OIML MAA C6, Y=30 000 ;<br \/>\n100kg-500kg : OIML MAA C4, Y=30 000<\/li>\n<li>Certifi\u00e9 CE, RoHS et Ex(NEPSI)<\/li>\n<li>ATEX, FM, IECEx disponibles sur demande<b><\/b><\/li>\n<\/ul><\/div>\n<p>  <a id=\"otter-toggle\" class=\"see-more-toggle\">See more<\/a><\/p>\n<\/div>\n<div class=\"ds-btn-row\">\n  <a class=\"ds-btn\" href=\"https:\/\/www.anyload.com\/wp-content\/uploads\/2024\/01\/563RS-load-cell-transducer.pdf\" target=\"_blank\" rel=\"noopener\">Fiche technique<\/a><br \/>\n  <a class=\"ds-btn\" href=\"https:\/\/www.anyload.com\/wp-content\/uploads\/2025\/03\/563RSM5-Module-Kit.pdf\" target=\"_blank\" rel=\"noopener\">Fiche technique<\/a>\n<\/div>","protected":false},"featured_media":34250,"template":"","meta":{"_acf_changed":false,"site-sidebar-layout":"default","site-content-layout":"default","ast-site-content-layout":"default","site-content-style":"default","site-sidebar-style":"default","ast-global-header-display":"","ast-banner-title-visibility":"","ast-main-header-display":"","ast-hfb-above-header-display":"","ast-hfb-below-header-display":"","ast-hfb-mobile-header-display":"","site-post-title":"","ast-breadcrumbs-content":"","ast-featured-img":"","footer-sml-layout":"","ast-disable-related-posts":"","theme-transparent-header-meta":"default","adv-header-id-meta":"","stick-header-meta":"default","header-above-stick-meta":"","header-main-stick-meta":"","header-below-stick-meta":"","astra-migrate-meta-layouts":"set","ast-page-background-enabled":"default","ast-page-background-meta":{"desktop":{"background-color":"var(--ast-global-color-4)","background-image":"","background-repeat":"repeat","background-position":"center center","background-size":"auto","background-attachment":"scroll","background-type":"","background-media":"","overlay-type":"","overlay-color":"","overlay-opacity":"","overlay-gradient":""},"tablet":{"background-color":"","background-image":"","background-repeat":"repeat","background-position":"center center","background-size":"auto","background-attachment":"scroll","background-type":"","background-media":"","overlay-type":"","overlay-color":"","overlay-opacity":"","overlay-gradient":""},"mobile":{"background-color":"","background-image":"","background-repeat":"repeat","background-position":"center center","background-size":"auto","background-attachment":"scroll","background-type":"","background-media":"","overlay-type":"","overlay-color":"","overlay-opacity":"","overlay-gradient":""}},"ast-content-background-meta":{"desktop":{"background-color":"var(--ast-global-color-5)","background-image":"","background-repeat":"repeat","background-position":"center center","background-size":"auto","background-attachment":"scroll","background-type":"","background-media":"","overlay-type":"","overlay-color":"","overlay-opacity":"","overlay-gradient":""},"tablet":{"background-color":"var(--ast-global-color-5)","background-image":"","background-repeat":"repeat","background-position":"center center","background-size":"auto","background-attachment":"scroll","background-type":"","background-media":"","overlay-type":"","overlay-color":"","overlay-opacity":"","overlay-gradient":""},"mobile":{"background-color":"var(--ast-global-color-5)","background-image":"","background-repeat":"repeat","background-position":"center center","background-size":"auto","background-attachment":"scroll","background-type":"","background-media":"","overlay-type":"","overlay-color":"","overlay-opacity":"","overlay-gradient":""}}},"product_brand":[],"product_cat":[19,20],"product_tag":[2852],"industries_product":[3319],"application_product":[3327,3323,3328],"class_list":{"0":"post-1032","1":"product","2":"type-product","3":"status-publish","4":"has-post-thumbnail","6":"product_cat-load-cells-categories","7":"product_cat-single-ended-shear-beams","8":"product_tag-interchangeable","9":"pa_part-number-563rs-100kg","10":"pa_part-number-563rs-10kg","11":"pa_part-number-563rs-200kg","12":"pa_part-number-563rs-20kg","13":"pa_part-number-563rs-30kg","14":"pa_part-number-563rs-350kg","15":"pa_part-number-563rs-500kg","16":"pa_part-number-563rs-50kg","17":"pa_part-number-563rs-5kg","18":"industries_product-industry-packaging-products","19":"application_product-application-checkweighing-products","20":"application_product-application-low-capacity-hopper-products","21":"application_product-application-onboard-weighing-products","22":"desktop-align-center","23":"tablet-align-left","24":"mobile-align-left","25":"ast-product-gallery-layout-horizontal-slider","26":"ast-product-gallery-with-no-image","27":"ast-magnify-disabled","28":"ast-product-single-variable","29":"ast-product-tabs-layout-horizontal","31":"first","32":"instock","33":"shipping-taxable","34":"purchasable","35":"product-type-variable"},"acf":[],"_links":{"self":[{"href":"https:\/\/www.anyload.com\/fr\/wp-json\/wp\/v2\/product\/1032","targetHints":{"allow":["GET"]}}],"collection":[{"href":"https:\/\/www.anyload.com\/fr\/wp-json\/wp\/v2\/product"}],"about":[{"href":"https:\/\/www.anyload.com\/fr\/wp-json\/wp\/v2\/types\/product"}],"wp:featuredmedia":[{"embeddable":true,"href":"https:\/\/www.anyload.com\/fr\/wp-json\/wp\/v2\/media\/34250"}],"wp:attachment":[{"href":"https:\/\/www.anyload.com\/fr\/wp-json\/wp\/v2\/media?parent=1032"}],"wp:term":[{"taxonomy":"product_brand","embeddable":true,"href":"https:\/\/www.anyload.com\/fr\/wp-json\/wp\/v2\/product_brand?post=1032"},{"taxonomy":"product_cat","embeddable":true,"href":"https:\/\/www.anyload.com\/fr\/wp-json\/wp\/v2\/product_cat?post=1032"},{"taxonomy":"product_tag","embeddable":true,"href":"https:\/\/www.anyload.com\/fr\/wp-json\/wp\/v2\/product_tag?post=1032"},{"taxonomy":"industries_product","embeddable":true,"href":"https:\/\/www.anyload.com\/fr\/wp-json\/wp\/v2\/industries_product?post=1032"},{"taxonomy":"application_product","embeddable":true,"href":"https:\/\/www.anyload.com\/fr\/wp-json\/wp\/v2\/application_product?post=1032"}],"curies":[{"name":"wp","href":"https:\/\/api.w.org\/{rel}","templated":true}]}}