{"id":10073,"date":"2015-08-14T10:58:34","date_gmt":"2015-08-14T17:58:34","guid":{"rendered":"http:\/\/anyloadgroup.com\/product\/563ysgs-single-ended-beam-load-cell-draft\/"},"modified":"2025-12-19T13:28:20","modified_gmt":"2025-12-19T21:28:20","slug":"563ysgs-single-ended-beam-load-cell","status":"publish","type":"product","link":"https:\/\/www.anyload.com\/fr\/product\/563ysgs-single-ended-beam-load-cell\/","title":{"rendered":"563YSGS Single Ended Beam Load Cell"},"content":{"rendered":"<p><span style=\"text-decoration: underline;\"><strong>Description :<\/strong><\/span><\/p>\n<p>The compact, low-profile design of this cost-effective single-ended beam load cell makes it suitable for lower and medium capacity applications, such as platform scales, hopper scales, etc. The IP67-class water-resistant stainless steel construction ensures excellent performance under rugged conditions.<\/p>\n<p><span style=\"text-decoration: underline;\"><strong>Caract\u00e9ristiques :\u00a0<\/strong><\/span><\/p>\n<ul>\n<li>Mat\u00e9riau : Acier inoxydable<\/li>\n<li>Rated Capacities: 1Klb, 2.5Klb, 4Klb, 5Klb, 10Klb, 15Klb, 20Klb, 500kg, 1t, 2t, 3t, 5t, 10t, 20t<\/li>\n<li>Sortie pleine \u00e9chelle : 3mV\/V \u00b1 0,25%<\/li>\n<li>Surcharge s\u00fbre : 150%<\/li>\n<li>Surcharge de rupture : 300%<\/li>\n<li>Indice de protection IP : IP67<\/li>\n<li>NTEP 1:5 000 Class III, Multiple Cell certified from 1Klb-10Klb<\/li>\n<li>Certifi\u00e9 CE, RoHS et Ex<\/li>\n<\/ul>\n<table>\n<tbody>\n<tr>\n<td width=\"319\">Fabricant<\/td>\n<td width=\"319\">Mod\u00e8le<\/td>\n<\/tr>\n<tr>\n<td width=\"319\">Lac Rice<\/td>\n<td width=\"319\">RL35023S<\/td>\n<\/tr>\n<tr>\n<td width=\"319\">Lac Rice<\/td>\n<td width=\"319\">RL39123<\/td>\n<\/tr>\n<tr>\n<td width=\"319\">Transducteurs Vishay Revere<\/td>\n<td width=\"319\">9123<\/td>\n<\/tr>\n<tr>\n<td width=\"319\">Vishay Sensortronics<\/td>\n<td width=\"319\">65023S<\/td>\n<\/tr>\n<\/tbody>\n<\/table>\n<table>\n<tbody>\n<tr>\n<td width=\"319\">Capacit\u00e9 nominale<\/td>\n<td width=\"319\">1Klb, 2.5Klb, 4Klb, SE5Klb, 5Klb, 10Klb, 15Klb, 20Klb, 500kg, 1t, 2t, 3t, 5t, 10t, 20t<\/td>\n<\/tr>\n<tr>\n<td width=\"319\">Sortie pleine \u00e9chelle<\/td>\n<td width=\"319\">3mV\/V \u00b1 0,25%<\/td>\n<\/tr>\n<tr>\n<td width=\"319\">Solde z\u00e9ro<\/td>\n<td width=\"319\">\u00b1 0,02mV\/V<\/td>\n<\/tr>\n<tr>\n<td width=\"319\">Non-lin\u00e9arit\u00e9<\/td>\n<td width=\"319\">&lt; \u00b1 0.017%<\/td>\n<\/tr>\n<tr>\n<td width=\"319\">R\u00e9p\u00e9tabilit\u00e9<\/td>\n<td width=\"319\">&lt; \u00b1 0.017%<\/td>\n<\/tr>\n<tr>\n<td width=\"319\">Erreur d'hyst\u00e9r\u00e9sis<\/td>\n<td width=\"319\">&lt; \u00b1 0.017%<\/td>\n<\/tr>\n<tr>\n<td width=\"319\">La reptation en 30 minutes<\/td>\n<td width=\"319\">&lt; \u00b1 0.023%<\/td>\n<\/tr>\n<tr>\n<td width=\"319\">R\u00e9sistance d'entr\u00e9e<\/td>\n<td width=\"319\">400\u03a9 \u00b1 20\u03a9 for kg; 350\u03a9 \u00b1 7\u03a9 for lb<\/td>\n<\/tr>\n<tr>\n<td width=\"319\">R\u00e9sistance de sortie<\/td>\n<td width=\"319\">350\u03a9 \u00b1 3\u03a9<\/td>\n<\/tr>\n<tr>\n<td width=\"319\">Excitation recommand\u00e9e<\/td>\n<td width=\"319\">10V (15V maximum)<\/td>\n<\/tr>\n<tr>\n<td width=\"319\">R\u00e9sistance de l'isolation<\/td>\n<td width=\"319\">&gt; 2G\u03a9 (50V DC)<\/td>\n<\/tr>\n<tr>\n<td width=\"319\">Plage de temp\u00e9rature compens\u00e9e<\/td>\n<td width=\"319\"><strong>-<\/strong>10\u00b0C \u00e0 50\u00b0C\/14\u00b0F \u00e0 122\u00b0F<\/td>\n<\/tr>\n<tr>\n<td width=\"319\">Surcharge s\u00fbre<\/td>\n<td width=\"319\">150% de la pleine \u00e9chelle<\/td>\n<\/tr>\n<tr>\n<td width=\"319\">Rompre la surcharge<\/td>\n<td width=\"319\">300% de la pleine \u00e9chelle<\/td>\n<\/tr>\n<tr>\n<td width=\"319\">Type de joint<\/td>\n<td width=\"319\">\u00c9tanch\u00e9it\u00e9 \u00e0 l'environnement<\/td>\n<\/tr>\n<tr>\n<td width=\"319\">Indice de protection IP<\/td>\n<td width=\"319\">IP67<\/td>\n<\/tr>\n<\/tbody>\n<\/table>\n<p style=\"text-align: justify;\"><img decoding=\"async\" class=\"alignnone size-full wp-image-3944\" src=\"\/wp-content\/uploads\/2014\/04\/pdf-.png\" alt=\"pdf-\" width=\"25\" height=\"25\" \/>\u00a0<a title=\"ANYLOAD | 563YSGS Single Ended Beam Load Cell\" href=\"https:\/\/www.anyload.com\/wp-content\/uploads\/2021\/12\/Anyload-563YSGS-load-cell-transducer.pdf\" target=\"_blank\" rel=\"noopener noreferrer\">Download data sheet<\/a><\/p>\n<p style=\"text-align: justify;\"><img decoding=\"async\" class=\"alignnone size-full wp-image-3944\" src=\"\/wp-content\/uploads\/2014\/04\/pdf-.png\" alt=\"pdf-\" width=\"25\" height=\"25\" \/> <a title=\"ANYLOAD | NTEP Certificate of Conformance\" href=\"http:\/\/www.anyload.com\/fr\/approbations\/conference-nationale-sur-les-poids-et-mesures\/\" target=\"_blank\" rel=\"noopener noreferrer\">Certificat de conformit\u00e9 NTEP<\/a><\/p>\n<p style=\"text-align: justify;\"><img decoding=\"async\" class=\"alignnone size-full wp-image-3944\" src=\"\/wp-content\/uploads\/2014\/04\/pdf-.png\" alt=\"pdf-\" width=\"25\" height=\"25\" \/> <a title=\"ANYLOAD | CE Certificate of Conformity\" href=\"http:\/\/www.anyload.com\/fr\/approbations\/conformite-europeenne\/\" target=\"_blank\" rel=\"noopener noreferrer\">Certificat de conformit\u00e9 CE<\/a><\/p>\n<p style=\"text-align: justify;\"><img decoding=\"async\" class=\"alignnone size-full wp-image-3944\" src=\"\/wp-content\/uploads\/2014\/04\/pdf-.png\" alt=\"pdf-\" width=\"25\" height=\"25\" \/> <a title=\"ANYLOAD | RoHS Certificate of Conformity\" href=\"http:\/\/www.anyload.com\/fr\/approbations\/directive-sur-la-limitation-des-substances-dangereuses\/\" target=\"_blank\" rel=\"noopener noreferrer\">Certificat de conformit\u00e9 RoHS<\/a><\/p>\n<p style=\"text-align: justify;\"><img decoding=\"async\" class=\"alignnone size-full wp-image-3944\" src=\"\/wp-content\/uploads\/2014\/04\/pdf-.png\" alt=\"pdf-\" width=\"25\" height=\"25\" \/> <a title=\"ANYLOAD | Explosion Protection Certificate of Conformity\" href=\"http:\/\/www.anyload.com\/fr\/approbations\/initiative-nationale-de-gestion-des-produits-electroniques\/\" target=\"_blank\" rel=\"noopener noreferrer\">Protection contre les explosions Certificat de conformit\u00e9<\/a><\/p>\n<p style=\"text-align: justify;\"><img decoding=\"async\" class=\"alignnone size-full wp-image-3944\" src=\"\/wp-content\/uploads\/2014\/04\/pdf-.png\" alt=\"pdf-\" width=\"25\" height=\"25\" \/> <a title=\"ANYLOAD | Measurement Ukraine Certificate\" href=\"http:\/\/www.anyload.com\/fr\/approbations\/measurement-ukraine\/\" target=\"_blank\" rel=\"noopener noreferrer\">Certificat de mesure de l'Ukraine<\/a><\/p>\n<p style=\"text-align: justify;\">","protected":false},"excerpt":{"rendered":"<p><span style=\"text-decoration: underline;\"><strong>Description :<\/strong><\/span><\/p>\n<p>The compact, low-profile design of this cost-effective single-ended beam load cell makes it suitable for lower and medium capacity applications, such as platform scales, hopper scales, etc. The IP67-class water-resistant stainless steel construction ensures excellent performance under rugged conditions.<\/p>\n<p><span style=\"text-decoration: underline;\"><strong>Caract\u00e9ristiques :\u00a0<\/strong><\/span><\/p>\n<ul>\n<li>Mat\u00e9riau : Acier inoxydable<\/li>\n<li>Rated Capacities: 1Klb, 2.5Klb, 4Klb, 5Klb, 10Klb, 15Klb, 20Klb, 500kg, 1t, 2t, 3t, 5t, 10t, 20t<\/li>\n<li>Sortie pleine \u00e9chelle : 3mV\/V \u00b1 0,25%<\/li>\n<li>Surcharge s\u00fbre : 150%<\/li>\n<li>Surcharge de rupture : 300%<\/li>\n<li>Indice de protection IP : IP67<\/li>\n<li>1Klb-10Klb: up to NTEP 1:5 000 Class III, Multiple Cell<\/li>\n<li>500kg-2t: up to OIML MAA C4, Y=15 000;<br \/>\n3t-10t: up to OIML MAA C6, Y=8 500<\/li>\n<li>Certifi\u00e9 CE, RoHS et Ex(NEPSI)<\/li>\n<li>ATEX, FM, IECEx disponibles sur demande<\/li>\n<\/ul>","protected":false},"featured_media":34241,"template":"","meta":{"_acf_changed":false,"site-sidebar-layout":"default","site-content-layout":"default","ast-site-content-layout":"default","site-content-style":"default","site-sidebar-style":"default","ast-global-header-display":"","ast-banner-title-visibility":"","ast-main-header-display":"","ast-hfb-above-header-display":"","ast-hfb-below-header-display":"","ast-hfb-mobile-header-display":"","site-post-title":"","ast-breadcrumbs-content":"","ast-featured-img":"","footer-sml-layout":"","ast-disable-related-posts":"","theme-transparent-header-meta":"default","adv-header-id-meta":"","stick-header-meta":"default","header-above-stick-meta":"","header-main-stick-meta":"","header-below-stick-meta":"","astra-migrate-meta-layouts":"set","ast-page-background-enabled":"default","ast-page-background-meta":{"desktop":{"background-color":"var(--ast-global-color-4)","background-image":"","background-repeat":"repeat","background-position":"center center","background-size":"auto","background-attachment":"scroll","background-type":"","background-media":"","overlay-type":"","overlay-color":"","overlay-opacity":"","overlay-gradient":""},"tablet":{"background-color":"","background-image":"","background-repeat":"repeat","background-position":"center center","background-size":"auto","background-attachment":"scroll","background-type":"","background-media":"","overlay-type":"","overlay-color":"","overlay-opacity":"","overlay-gradient":""},"mobile":{"background-color":"","background-image":"","background-repeat":"repeat","background-position":"center center","background-size":"auto","background-attachment":"scroll","background-type":"","background-media":"","overlay-type":"","overlay-color":"","overlay-opacity":"","overlay-gradient":""}},"ast-content-background-meta":{"desktop":{"background-color":"var(--ast-global-color-5)","background-image":"","background-repeat":"repeat","background-position":"center center","background-size":"auto","background-attachment":"scroll","background-type":"","background-media":"","overlay-type":"","overlay-color":"","overlay-opacity":"","overlay-gradient":""},"tablet":{"background-color":"var(--ast-global-color-5)","background-image":"","background-repeat":"repeat","background-position":"center center","background-size":"auto","background-attachment":"scroll","background-type":"","background-media":"","overlay-type":"","overlay-color":"","overlay-opacity":"","overlay-gradient":""},"mobile":{"background-color":"var(--ast-global-color-5)","background-image":"","background-repeat":"repeat","background-position":"center center","background-size":"auto","background-attachment":"scroll","background-type":"","background-media":"","overlay-type":"","overlay-color":"","overlay-opacity":"","overlay-gradient":""}}},"product_brand":[],"product_cat":[20],"product_tag":[2852],"industries_product":[3317],"application_product":[3327,3323,3328,3324,3322],"class_list":{"0":"post-10073","1":"product","2":"type-product","3":"status-publish","4":"has-post-thumbnail","6":"product_cat-single-ended-shear-beams","7":"product_tag-interchangeable","8":"pa_part-number-563ys-500lb","9":"pa_part-number-563ys-1klb","10":"pa_part-number-563ys-2-5klb","11":"pa_part-number-563ys-4klb","12":"pa_part-number-563ys-se5klb","13":"pa_part-number-563ys-5klb","14":"pa_part-number-563ys-10klb","15":"pa_part-number-563ys-15klb","16":"pa_part-number-563ys-20klb","17":"pa_part-number-563ys-250kg","18":"pa_part-number-563ys-500kg","19":"pa_part-number-563ys-1t","20":"pa_part-number-563ys-2t","21":"pa_part-number-563ys-3t","22":"pa_part-number-563ys-5t","23":"pa_part-number-563ys-10t","24":"industries_product-industry-concrete-products","25":"application_product-application-checkweighing-products","26":"application_product-application-low-capacity-hopper-products","27":"application_product-application-onboard-weighing-products","28":"application_product-application-platform-products","29":"application_product-application-tank-silo-products","30":"desktop-align-center","31":"tablet-align-left","32":"mobile-align-left","33":"ast-product-gallery-layout-horizontal-slider","34":"ast-magnify-disabled","35":"ast-product-single-variable","36":"ast-product-tabs-layout-horizontal","38":"first","39":"instock","40":"shipping-taxable","41":"purchasable","42":"product-type-variable"},"acf":[],"_links":{"self":[{"href":"https:\/\/www.anyload.com\/fr\/wp-json\/wp\/v2\/product\/10073","targetHints":{"allow":["GET"]}}],"collection":[{"href":"https:\/\/www.anyload.com\/fr\/wp-json\/wp\/v2\/product"}],"about":[{"href":"https:\/\/www.anyload.com\/fr\/wp-json\/wp\/v2\/types\/product"}],"wp:featuredmedia":[{"embeddable":true,"href":"https:\/\/www.anyload.com\/fr\/wp-json\/wp\/v2\/media\/34241"}],"wp:attachment":[{"href":"https:\/\/www.anyload.com\/fr\/wp-json\/wp\/v2\/media?parent=10073"}],"wp:term":[{"taxonomy":"product_brand","embeddable":true,"href":"https:\/\/www.anyload.com\/fr\/wp-json\/wp\/v2\/product_brand?post=10073"},{"taxonomy":"product_cat","embeddable":true,"href":"https:\/\/www.anyload.com\/fr\/wp-json\/wp\/v2\/product_cat?post=10073"},{"taxonomy":"product_tag","embeddable":true,"href":"https:\/\/www.anyload.com\/fr\/wp-json\/wp\/v2\/product_tag?post=10073"},{"taxonomy":"industries_product","embeddable":true,"href":"https:\/\/www.anyload.com\/fr\/wp-json\/wp\/v2\/industries_product?post=10073"},{"taxonomy":"application_product","embeddable":true,"href":"https:\/\/www.anyload.com\/fr\/wp-json\/wp\/v2\/application_product?post=10073"}],"curies":[{"name":"wp","href":"https:\/\/api.w.org\/{rel}","templated":true}]}}