{"id":10048,"date":"2015-08-07T11:41:12","date_gmt":"2015-08-07T18:41:12","guid":{"rendered":"http:\/\/anyloadgroup.com\/product\/651ps-single-point-load-cell\/"},"modified":"2025-12-19T13:33:23","modified_gmt":"2025-12-19T21:33:23","slug":"651ps-single-point-load-cell","status":"publish","type":"product","link":"https:\/\/www.anyload.com\/fr\/product\/651ps-single-point-load-cell\/","title":{"rendered":"651PS Capteur de pesage \u00e0 point unique"},"content":{"rendered":"<ul>\n<li>Mat\u00e9riau : Acier inoxydable<\/li>\n<li>Rated Capacities: 50lb<\/li>\n<li>Full Scale Output: 2.000 \u2013 2.002mV\/V<\/li>\n<li>Surcharge s\u00fbre : 150%<\/li>\n<li>Surcharge de rupture : 300%<\/li>\n<li>Indice de protection IP : IP66<\/li>\n<\/ul>\n<table>\n<tbody>\n<tr>\n<td width=\"319\">Capacit\u00e9 nominale<\/td>\n<td width=\"319\">50lb<\/td>\n<\/tr>\n<tr>\n<td width=\"319\">R\u00e9f\u00e9rence Max. Taille de la plate-forme<\/td>\n<td width=\"319\">400mm x 400mm<\/td>\n<\/tr>\n<tr>\n<td width=\"319\">Sortie pleine \u00e9chelle<\/td>\n<td width=\"319\">2.000 \u2013 2.002mV\/V<\/td>\n<\/tr>\n<tr>\n<td width=\"319\">Solde z\u00e9ro<\/td>\n<td width=\"319\">\u00b1 0,02mV\/V<\/td>\n<\/tr>\n<tr>\n<td width=\"319\">Non-lin\u00e9arit\u00e9<\/td>\n<td width=\"319\">&lt; \u00b1 0.02%<\/td>\n<\/tr>\n<tr>\n<td width=\"319\">R\u00e9p\u00e9tabilit\u00e9<\/td>\n<td width=\"319\">&lt; \u00b1 0.02%<\/td>\n<\/tr>\n<tr>\n<td width=\"319\">Erreur d'hyst\u00e9r\u00e9sis<\/td>\n<td width=\"319\">&lt; \u00b1 0.02%<\/td>\n<\/tr>\n<tr>\n<td width=\"319\">La reptation en 30 minutes<\/td>\n<td width=\"319\">&lt; \u00b1 0.03%<\/td>\n<\/tr>\n<tr>\n<td width=\"319\">R\u00e9sistance d'entr\u00e9e<\/td>\n<td width=\"319\">450\u03a9 \u00b1 100\u03a9<\/td>\n<\/tr>\n<tr>\n<td width=\"319\">R\u00e9sistance de sortie<\/td>\n<td width=\"319\">350\u03a9 \u00b1 3\u03a9<\/td>\n<\/tr>\n<tr>\n<td width=\"319\">Excitation recommand\u00e9e<\/td>\n<td width=\"319\">10V (15V maximum)<\/td>\n<\/tr>\n<tr>\n<td width=\"319\">R\u00e9sistance de l'isolation<\/td>\n<td width=\"319\">&gt; 2\u03a9 (50V DC) G \u03a9<\/td>\n<\/tr>\n<tr>\n<td width=\"319\">Plage de temp\u00e9rature compens\u00e9e<\/td>\n<td width=\"319\"><strong>-<\/strong>10\u00b0C \u00e0 50\u00b0C\/14\u00b0F \u00e0 122\u00b0F<\/td>\n<\/tr>\n<tr>\n<td width=\"319\">Surcharge s\u00fbre<\/td>\n<td width=\"319\">150% de la pleine \u00e9chelle<\/td>\n<\/tr>\n<tr>\n<td width=\"319\">Rompre la surcharge<\/td>\n<td width=\"319\">300% de la pleine \u00e9chelle<\/td>\n<\/tr>\n<tr>\n<td width=\"319\">Type de joint<\/td>\n<td width=\"319\">Environmentally Sealed<\/td>\n<\/tr>\n<tr>\n<td width=\"319\">Indice de protection IP<\/td>\n<td width=\"319\">IP66<\/td>\n<\/tr>\n<\/tbody>\n<\/table>\n<p style=\"text-align: justify;\"><img decoding=\"async\" class=\"alignnone size-full wp-image-3944\" src=\"\/wp-content\/uploads\/2014\/04\/pdf-.png\" alt=\"pdf-\" width=\"25\" height=\"25\" \/>\u00a0<a title=\"ANYLOAD | 651PS Single Point Load Cell\" href=\"http:\/\/www.anyload.com\/wp-content\/uploads\/2018\/01\/Anyload-651PS-load-cell-transducer.pdf\" target=\"_blank\" rel=\"noopener\">Download data sheet<\/a><\/p>","protected":false},"excerpt":{"rendered":"<ul>\n<li>Mat\u00e9riau : Acier inoxydable<\/li>\n<li>Rated Capacities: 50lb<\/li>\n<li>Full Scale Output: 2.000 \u2013 2.002mV\/V<\/li>\n<li>Surcharge s\u00fbre : 150%<\/li>\n<li>Surcharge de rupture : 300%<\/li>\n<li>Indice de protection IP : IP66<\/li>\n<\/ul>","protected":false},"featured_media":22292,"template":"","meta":{"_acf_changed":false,"site-sidebar-layout":"default","site-content-layout":"default","ast-site-content-layout":"default","site-content-style":"default","site-sidebar-style":"default","ast-global-header-display":"","ast-banner-title-visibility":"","ast-main-header-display":"","ast-hfb-above-header-display":"","ast-hfb-below-header-display":"","ast-hfb-mobile-header-display":"","site-post-title":"","ast-breadcrumbs-content":"","ast-featured-img":"","footer-sml-layout":"","ast-disable-related-posts":"","theme-transparent-header-meta":"default","adv-header-id-meta":"","stick-header-meta":"default","header-above-stick-meta":"","header-main-stick-meta":"","header-below-stick-meta":"","astra-migrate-meta-layouts":"set","ast-page-background-enabled":"default","ast-page-background-meta":{"desktop":{"background-color":"var(--ast-global-color-4)","background-image":"","background-repeat":"repeat","background-position":"center center","background-size":"auto","background-attachment":"scroll","background-type":"","background-media":"","overlay-type":"","overlay-color":"","overlay-opacity":"","overlay-gradient":""},"tablet":{"background-color":"","background-image":"","background-repeat":"repeat","background-position":"center center","background-size":"auto","background-attachment":"scroll","background-type":"","background-media":"","overlay-type":"","overlay-color":"","overlay-opacity":"","overlay-gradient":""},"mobile":{"background-color":"","background-image":"","background-repeat":"repeat","background-position":"center center","background-size":"auto","background-attachment":"scroll","background-type":"","background-media":"","overlay-type":"","overlay-color":"","overlay-opacity":"","overlay-gradient":""}},"ast-content-background-meta":{"desktop":{"background-color":"var(--ast-global-color-5)","background-image":"","background-repeat":"repeat","background-position":"center center","background-size":"auto","background-attachment":"scroll","background-type":"","background-media":"","overlay-type":"","overlay-color":"","overlay-opacity":"","overlay-gradient":""},"tablet":{"background-color":"var(--ast-global-color-5)","background-image":"","background-repeat":"repeat","background-position":"center center","background-size":"auto","background-attachment":"scroll","background-type":"","background-media":"","overlay-type":"","overlay-color":"","overlay-opacity":"","overlay-gradient":""},"mobile":{"background-color":"var(--ast-global-color-5)","background-image":"","background-repeat":"repeat","background-position":"center center","background-size":"auto","background-attachment":"scroll","background-type":"","background-media":"","overlay-type":"","overlay-color":"","overlay-opacity":"","overlay-gradient":""}}},"product_brand":[],"product_cat":[33],"product_tag":[],"industries_product":[],"application_product":[3326,3327],"class_list":{"0":"post-10048","1":"product","2":"type-product","3":"status-publish","4":"has-post-thumbnail","6":"product_cat-single-point","7":"pa_part-number-651ps-50lb","8":"application_product-application-bench-products","9":"application_product-application-checkweighing-products","10":"desktop-align-center","11":"tablet-align-left","12":"mobile-align-left","13":"ast-product-gallery-layout-horizontal-slider","14":"ast-product-gallery-with-no-image","15":"ast-magnify-disabled","16":"ast-product-single-variable","17":"ast-product-tabs-layout-horizontal","19":"first","20":"instock","21":"shipping-taxable","22":"purchasable","23":"product-type-variable"},"acf":[],"_links":{"self":[{"href":"https:\/\/www.anyload.com\/fr\/wp-json\/wp\/v2\/product\/10048","targetHints":{"allow":["GET"]}}],"collection":[{"href":"https:\/\/www.anyload.com\/fr\/wp-json\/wp\/v2\/product"}],"about":[{"href":"https:\/\/www.anyload.com\/fr\/wp-json\/wp\/v2\/types\/product"}],"wp:featuredmedia":[{"embeddable":true,"href":"https:\/\/www.anyload.com\/fr\/wp-json\/wp\/v2\/media\/22292"}],"wp:attachment":[{"href":"https:\/\/www.anyload.com\/fr\/wp-json\/wp\/v2\/media?parent=10048"}],"wp:term":[{"taxonomy":"product_brand","embeddable":true,"href":"https:\/\/www.anyload.com\/fr\/wp-json\/wp\/v2\/product_brand?post=10048"},{"taxonomy":"product_cat","embeddable":true,"href":"https:\/\/www.anyload.com\/fr\/wp-json\/wp\/v2\/product_cat?post=10048"},{"taxonomy":"product_tag","embeddable":true,"href":"https:\/\/www.anyload.com\/fr\/wp-json\/wp\/v2\/product_tag?post=10048"},{"taxonomy":"industries_product","embeddable":true,"href":"https:\/\/www.anyload.com\/fr\/wp-json\/wp\/v2\/industries_product?post=10048"},{"taxonomy":"application_product","embeddable":true,"href":"https:\/\/www.anyload.com\/fr\/wp-json\/wp\/v2\/application_product?post=10048"}],"curies":[{"name":"wp","href":"https:\/\/api.w.org\/{rel}","templated":true}]}}