{"id":9997,"date":"2015-07-15T16:51:36","date_gmt":"2015-07-15T23:51:36","guid":{"rendered":"http:\/\/anyloadgroup.com\/?page_id=9997"},"modified":"2024-10-08T11:13:10","modified_gmt":"2024-10-08T18:13:10","slug":"minerais-de-conflit","status":"publish","type":"page","link":"https:\/\/www.anyload.com\/fr\/minerais-de-conflit\/","title":{"rendered":"Min\u00e9raux de la guerre"},"content":{"rendered":"<div data-elementor-type=\"wp-page\" data-elementor-id=\"9997\" class=\"elementor elementor-9997\" data-elementor-post-type=\"page\">\n\t\t\t\t\t\t<section class=\"elementor-section elementor-top-section elementor-element elementor-element-815e7e6 elementor-section-boxed elementor-section-height-default elementor-section-height-default\" data-id=\"815e7e6\" data-element_type=\"section\" data-e-type=\"section\">\n\t\t\t\t\t\t<div class=\"elementor-container elementor-column-gap-default\">\n\t\t\t\t\t<div class=\"elementor-column elementor-col-100 elementor-top-column elementor-element elementor-element-13c3e9ec\" data-id=\"13c3e9ec\" data-element_type=\"column\" data-e-type=\"column\">\n\t\t\t<div class=\"elementor-widget-wrap elementor-element-populated\">\n\t\t\t\t\t\t<div class=\"elementor-element elementor-element-28ae3b6c elementor-widget elementor-widget-text-editor\" data-id=\"28ae3b6c\" data-element_type=\"widget\" data-e-type=\"widget\" data-widget_type=\"text-editor.default\">\n\t\t\t\t<div class=\"elementor-widget-container\">\n\t\t\t\t\t\t\t\t\t<p><span class=\"TextRun SCXO200258214 BCX0\" lang=\"EN-CA\" xml:lang=\"EN-CA\" data-contrast=\"auto\"><span class=\"NormalTextRun SCXO200258214 BCX0\">Anyload, en tant que fabricant leader dans l'industrie des cellules de charge et des syst\u00e8mes de pesage, reconna\u00eet l'importance de la loi Dodd-Frank Wall Street Reform and Consumer Protection Act, en particulier la section 1502 concernant les minerais de conflit. En conformit\u00e9 avec cette loi, nous nous engageons dans des pratiques qui s'alignent sur la loi am\u00e9ricaine sur les min\u00e9raux de conflit, garantissant un approvisionnement responsable pour nos capteurs de pesage, nos balances et nos produits de mesure de la force.<\/span><\/span><span class=\"EOP SCXO200258214 BCX0\">\u00a0<\/span><\/p>\t\t\t\t\t\t\t\t<\/div>\n\t\t\t\t<\/div>\n\t\t\t\t<div class=\"elementor-element elementor-element-8e45054 elementor-widget elementor-widget-image\" data-id=\"8e45054\" data-element_type=\"widget\" data-e-type=\"widget\" data-widget_type=\"image.default\">\n\t\t\t\t<div class=\"elementor-widget-container\">\n\t\t\t\t\t\t\t\t\t\t\t\t\t\t\t<img fetchpriority=\"high\" decoding=\"async\" width=\"2438\" height=\"487\" src=\"https:\/\/www.anyload.com\/wp-content\/uploads\/2024\/10\/AL-Conflict-Mineral.png\" class=\"attachment-full size-full wp-image-33472\" alt=\"\" srcset=\"https:\/\/www.anyload.com\/wp-content\/uploads\/2024\/10\/AL-Conflict-Mineral.png 2438w, https:\/\/www.anyload.com\/wp-content\/uploads\/2024\/10\/AL-Conflict-Mineral-450x90.png 450w, https:\/\/www.anyload.com\/wp-content\/uploads\/2024\/10\/AL-Conflict-Mineral-1024x205.png 1024w, https:\/\/www.anyload.com\/wp-content\/uploads\/2024\/10\/AL-Conflict-Mineral-768x153.png 768w, https:\/\/www.anyload.com\/wp-content\/uploads\/2024\/10\/AL-Conflict-Mineral-1536x307.png 1536w, https:\/\/www.anyload.com\/wp-content\/uploads\/2024\/10\/AL-Conflict-Mineral-2048x409.png 2048w, https:\/\/www.anyload.com\/wp-content\/uploads\/2024\/10\/AL-Conflict-Mineral-500x100.png 500w\" sizes=\"(max-width: 2438px) 100vw, 2438px\" \/>\t\t\t\t\t\t\t\t\t\t\t\t\t\t\t<\/div>\n\t\t\t\t<\/div>\n\t\t\t\t<div class=\"elementor-element elementor-element-63d132d elementor-widget elementor-widget-text-editor\" data-id=\"63d132d\" data-element_type=\"widget\" data-e-type=\"widget\" data-widget_type=\"text-editor.default\">\n\t\t\t\t<div class=\"elementor-widget-container\">\n\t\t\t\t\t\t\t\t\t<p><span data-contrast=\"auto\">Il est pertinent de noter que les mat\u00e9riaux de base utilis\u00e9s dans la fabrication de nos produits, y compris les cellules de charge et les syst\u00e8mes de pesage, n'int\u00e8grent pas de mani\u00e8re substantielle des min\u00e9raux de conflit - \u00e0 savoir l'\u00e9tain, le tungst\u00e8ne, le tantale et l'or - qui sont souvent li\u00e9s au financement de conflits arm\u00e9s en R\u00e9publique d\u00e9mocratique du Congo (RDC) et dans les r\u00e9gions avoisinantes. Les quantit\u00e9s infimes de ces min\u00e9raux (des tests effectu\u00e9s par des tiers ont permis de v\u00e9rifier qu'elles \u00e9taient inf\u00e9rieures \u00e0 0,1% du volume du produit) qui peuvent \u00eatre pr\u00e9sentes se trouvent g\u00e9n\u00e9ralement dans des composants secondaires tels que les micropuces, que nous nous procurons aupr\u00e8s de nos fournisseurs.<\/span>\u00a0<\/p><p><span data-contrast=\"auto\">Notre processus d'approvisionnement comprend des mesures de diligence raisonnable qui s'alignent sur les exigences de la loi Dodd-Frank. Cependant, \u00e9tant donn\u00e9 la complexit\u00e9 et la profondeur des cha\u00eenes d'approvisionnement mondiales, il est important de reconna\u00eetre les d\u00e9fis associ\u00e9s \u00e0 la tra\u00e7abilit\u00e9 pr\u00e9cise des origines de chaque composant secondaire. L'engagement d'Anyload \u00e0 cet \u00e9gard est ax\u00e9 sur la minimisation de l'utilisation des min\u00e9raux de conflit dans la mesure du possible et des contraintes des r\u00e9seaux d'approvisionnement mondiaux existants.<\/span>\u00a0<\/p><p><span data-contrast=\"auto\">Nous appliquons une politique de conformit\u00e9 et de transparence en ce qui concerne l'approvisionnement en mat\u00e9riaux. Nous sommes dispos\u00e9s \u00e0 r\u00e9pondre aux demandes sp\u00e9cifiques de nos clients actuels et potentiels concernant nos strat\u00e9gies d'achat et d'approvisionnement en ce qui concerne les minerais de la guerre.\u00a0<\/span>\u00a0<\/p><p><span data-contrast=\"auto\">Pour plus d'informations, veuillez soumettre un <span style=\"text-decoration: underline;\"><span style=\"color: #3366ff; text-decoration: underline;\"><a style=\"color: #3366ff; text-decoration: underline;\" href=\"https:\/\/www.anyload.com\/fr\/contact\/\">enqu\u00eate<\/a><\/span><\/span>.\u00a0<\/span>\u00a0<\/p>\t\t\t\t\t\t\t\t<\/div>\n\t\t\t\t<\/div>\n\t\t\t\t\t<\/div>\n\t\t<\/div>\n\t\t\t\t\t<\/div>\n\t\t<\/section>\n\t\t\t\t<\/div>","protected":false},"excerpt":{"rendered":"<p>Anyload, as a leading manufacturer in the load cell and weighing systems industry, acknowledges the significance of the Dodd-Frank Wall [&hellip;]<\/p>","protected":false},"author":56,"featured_media":0,"parent":0,"menu_order":0,"comment_status":"closed","ping_status":"open","template":"","meta":{"_acf_changed":false,"site-sidebar-layout":"left-sidebar","site-content-layout":"","ast-site-content-layout":"default","site-content-style":"default","site-sidebar-style":"default","ast-global-header-display":"","ast-banner-title-visibility":"","ast-main-header-display":"","ast-hfb-above-header-display":"","ast-hfb-below-header-display":"","ast-hfb-mobile-header-display":"","site-post-title":"","ast-breadcrumbs-content":"","ast-featured-img":"","footer-sml-layout":"","ast-disable-related-posts":"","theme-transparent-header-meta":"","adv-header-id-meta":"","stick-header-meta":"","header-above-stick-meta":"","header-main-stick-meta":"","header-below-stick-meta":"","astra-migrate-meta-layouts":"default","ast-page-background-enabled":"default","ast-page-background-meta":{"desktop":{"background-color":"var(--ast-global-color-4)","background-image":"","background-repeat":"repeat","background-position":"center center","background-size":"auto","background-attachment":"scroll","background-type":"","background-media":"","overlay-type":"","overlay-color":"","overlay-opacity":"","overlay-gradient":""},"tablet":{"background-color":"","background-image":"","background-repeat":"repeat","background-position":"center center","background-size":"auto","background-attachment":"scroll","background-type":"","background-media":"","overlay-type":"","overlay-color":"","overlay-opacity":"","overlay-gradient":""},"mobile":{"background-color":"","background-image":"","background-repeat":"repeat","background-position":"center center","background-size":"auto","background-attachment":"scroll","background-type":"","background-media":"","overlay-type":"","overlay-color":"","overlay-opacity":"","overlay-gradient":""}},"ast-content-background-meta":{"desktop":{"background-color":"var(--ast-global-color-5)","background-image":"","background-repeat":"repeat","background-position":"center center","background-size":"auto","background-attachment":"scroll","background-type":"","background-media":"","overlay-type":"","overlay-color":"","overlay-opacity":"","overlay-gradient":""},"tablet":{"background-color":"var(--ast-global-color-5)","background-image":"","background-repeat":"repeat","background-position":"center center","background-size":"auto","background-attachment":"scroll","background-type":"","background-media":"","overlay-type":"","overlay-color":"","overlay-opacity":"","overlay-gradient":""},"mobile":{"background-color":"var(--ast-global-color-5)","background-image":"","background-repeat":"repeat","background-position":"center center","background-size":"auto","background-attachment":"scroll","background-type":"","background-media":"","overlay-type":"","overlay-color":"","overlay-opacity":"","overlay-gradient":""}},"footnotes":""},"class_list":["post-9997","page","type-page","status-publish","hentry"],"acf":[],"_links":{"self":[{"href":"https:\/\/www.anyload.com\/fr\/wp-json\/wp\/v2\/pages\/9997","targetHints":{"allow":["GET"]}}],"collection":[{"href":"https:\/\/www.anyload.com\/fr\/wp-json\/wp\/v2\/pages"}],"about":[{"href":"https:\/\/www.anyload.com\/fr\/wp-json\/wp\/v2\/types\/page"}],"author":[{"embeddable":true,"href":"https:\/\/www.anyload.com\/fr\/wp-json\/wp\/v2\/users\/56"}],"replies":[{"embeddable":true,"href":"https:\/\/www.anyload.com\/fr\/wp-json\/wp\/v2\/comments?post=9997"}],"version-history":[{"count":0,"href":"https:\/\/www.anyload.com\/fr\/wp-json\/wp\/v2\/pages\/9997\/revisions"}],"wp:attachment":[{"href":"https:\/\/www.anyload.com\/fr\/wp-json\/wp\/v2\/media?parent=9997"}],"curies":[{"name":"wp","href":"https:\/\/api.w.org\/{rel}","templated":true}]}}